{"id":1111,"date":"2021-02-18T00:20:30","date_gmt":"2021-02-17T23:20:30","guid":{"rendered":"https:\/\/drsdhahak.com\/?page_id=1111"},"modified":"2021-02-20T22:23:01","modified_gmt":"2021-02-20T21:23:01","slug":"dr-henda-nasri-dhahak","status":"publish","type":"page","link":"https:\/\/drsdhahak.com\/index.php\/accueil\/a-propos-de-nous\/dr-henda-nasri-dhahak\/","title":{"rendered":"Docteur Henda NASRI DHAHAK"},"content":{"rendered":"<p>[vc_row css=&#8221;.vc_custom_1613604424795{padding-top: 90px !important;padding-bottom: 90px !important;}&#8221;][vc_column width=&#8221;2\/3&#8243;][vc_column_text]<\/p>\n<h1 style=\"text-align: left;\"><b>Docteur Henda NASRI DHAHAK<\/b><\/h1>\n<p>&nbsp;<\/p>\n<p><span style=\"font-weight: 400;\">M\u00e9decin sp\u00e9cialiste des maladies et chirurgie des yeux.<\/span><\/p>\n<p><span style=\"font-weight: 400;\">Dipl\u00f4m\u00e9e de la Facult\u00e9 de m\u00e9decine de Tunis en 2008.\u00a0<\/span><\/p>\n<p><span style=\"font-weight: 400;\">Ex Interne \u00e0\u00a0 l\u2019h\u00f4pital Brugmann \u00e0 Bruxelles et la Fondation Ophtalmologique Adolphe Rothschild \u00e0 Paris.\u00a0<\/span><\/p>\n<p><span style=\"font-weight: 400;\">Inscrite au conseil de l\u2019ordre de Tunisie sous le num\u00e9ro :15593.\u00a0<\/span><\/p>\n<p><span style=\"font-weight: 400;\">Install\u00e9e \u00e0 Tunis depuis 2009.<\/span><\/p>\n<p><span style=\"font-weight: 400;\">Dipl\u00f4m\u00e9e d\u2019un DIU de chirurgie r\u00e9fractive et chirurgie de la cataracte \u00e0 Toulouse. Membre de la soci\u00e9t\u00e9 Tunisienne d\u2019ophtalmologie STO. Membre de la soci\u00e9t\u00e9 Fran\u00e7aise d\u2019ophtalmologie SFO.\u00a0<\/span><\/p>\n<p><span style=\"font-weight: 400;\">Membre d\u2019une ONG, NADI AL BASSAR avec de multiples missions b\u00e9n\u00e9voles en Tunisie et en Afrique ( Burkina Faso, Niger,Guin\u00e9e, Cameroun,C\u00f4te d\u2019ivoire).<\/span>[\/vc_column_text][\/vc_column][vc_column width=&#8221;1\/3&#8243;][vc_single_image image=&#8221;858&#8243; img_size=&#8221;full&#8221;][\/vc_column][\/vc_row]<\/p>\n","protected":false},"excerpt":{"rendered":"<p>[vc_row css=&#8221;.vc_custom_1613604424795{padding-top: 90px !important;padding-bottom: 90px !important;}&#8221;][vc_column width=&#8221;2\/3&#8243;][vc_column_text] Docteur Henda NASRI DHAHAK &nbsp; M\u00e9decin sp\u00e9cialiste des maladies et chirurgie des yeux. Dipl\u00f4m\u00e9e de la Facult\u00e9 de m\u00e9decine de Tunis en 2008.\u00a0 Ex Interne \u00e0\u00a0 l\u2019h\u00f4pital Brugmann \u00e0 Bruxelles et la Fondation Ophtalmologique Adolphe Rothschild \u00e0 Paris.\u00a0 Inscrite au conseil de l\u2019ordre de Tunisie sous le num\u00e9ro [&hellip;]<\/p>\n","protected":false},"author":1,"featured_media":0,"parent":1101,"menu_order":0,"comment_status":"closed","ping_status":"closed","template":"page-templates\/template-fullwidth.php","meta":{"footnotes":""},"class_list":["post-1111","page","type-page","status-publish","hentry"],"yoast_head":"<!-- This site is optimized with the Yoast SEO plugin v27.1.1 - https:\/\/yoast.com\/product\/yoast-seo-wordpress\/ -->\n<title>Docteur Henda NASRI DHAHAK - Drs Dhahak<\/title>\n<meta name=\"robots\" content=\"index, follow, max-snippet:-1, max-image-preview:large, max-video-preview:-1\" \/>\n<link rel=\"canonical\" href=\"https:\/\/drsdhahak.com\/index.php\/accueil\/a-propos-de-nous\/dr-henda-nasri-dhahak\/\" \/>\n<meta property=\"og:locale\" content=\"fr_FR\" \/>\n<meta property=\"og:type\" content=\"article\" \/>\n<meta property=\"og:title\" content=\"Docteur Henda NASRI DHAHAK - Drs Dhahak\" \/>\n<meta property=\"og:description\" content=\"[vc_row css=&#8221;.vc_custom_1613604424795{padding-top: 90px !important;padding-bottom: 90px !important;}&#8221;][vc_column width=&#8221;2\/3&#8243;][vc_column_text] Docteur Henda NASRI DHAHAK &nbsp; M\u00e9decin sp\u00e9cialiste des maladies et chirurgie des yeux. Dipl\u00f4m\u00e9e de la Facult\u00e9 de m\u00e9decine de Tunis en 2008.\u00a0 Ex Interne \u00e0\u00a0 l\u2019h\u00f4pital Brugmann \u00e0 Bruxelles et la Fondation Ophtalmologique Adolphe Rothschild \u00e0 Paris.\u00a0 Inscrite au conseil de l\u2019ordre de Tunisie sous le num\u00e9ro [&hellip;]\" \/>\n<meta property=\"og:url\" content=\"https:\/\/drsdhahak.com\/index.php\/accueil\/a-propos-de-nous\/dr-henda-nasri-dhahak\/\" \/>\n<meta property=\"og:site_name\" content=\"Drs Dhahak\" \/>\n<meta property=\"article:modified_time\" content=\"2021-02-20T21:23:01+00:00\" \/>\n<meta name=\"twitter:card\" content=\"summary_large_image\" \/>\n<meta name=\"twitter:label1\" content=\"Dur\u00e9e de lecture estim\u00e9e\" \/>\n\t<meta name=\"twitter:data1\" content=\"1 minute\" \/>\n<script type=\"application\/ld+json\" class=\"yoast-schema-graph\">{\"@context\":\"https:\/\/schema.org\",\"@graph\":[{\"@type\":\"WebPage\",\"@id\":\"https:\/\/drsdhahak.com\/index.php\/accueil\/a-propos-de-nous\/dr-henda-nasri-dhahak\/\",\"url\":\"https:\/\/drsdhahak.com\/index.php\/accueil\/a-propos-de-nous\/dr-henda-nasri-dhahak\/\",\"name\":\"Docteur Henda NASRI DHAHAK - Drs Dhahak\",\"isPartOf\":{\"@id\":\"https:\/\/drsdhahak.com\/#website\"},\"datePublished\":\"2021-02-17T23:20:30+00:00\",\"dateModified\":\"2021-02-20T21:23:01+00:00\",\"breadcrumb\":{\"@id\":\"https:\/\/drsdhahak.com\/index.php\/accueil\/a-propos-de-nous\/dr-henda-nasri-dhahak\/#breadcrumb\"},\"inLanguage\":\"fr-FR\",\"potentialAction\":[{\"@type\":\"ReadAction\",\"target\":[\"https:\/\/drsdhahak.com\/index.php\/accueil\/a-propos-de-nous\/dr-henda-nasri-dhahak\/\"]}]},{\"@type\":\"BreadcrumbList\",\"@id\":\"https:\/\/drsdhahak.com\/index.php\/accueil\/a-propos-de-nous\/dr-henda-nasri-dhahak\/#breadcrumb\",\"itemListElement\":[{\"@type\":\"ListItem\",\"position\":1,\"name\":\"Accueil\",\"item\":\"https:\/\/drsdhahak.com\/\"},{\"@type\":\"ListItem\",\"position\":2,\"name\":\"Accueil\",\"item\":\"https:\/\/drsdhahak.com\/\"},{\"@type\":\"ListItem\",\"position\":3,\"name\":\"A Propos De Nous\",\"item\":\"https:\/\/drsdhahak.com\/index.php\/accueil\/a-propos-de-nous\/\"},{\"@type\":\"ListItem\",\"position\":4,\"name\":\"Docteur Henda NASRI DHAHAK\"}]},{\"@type\":\"WebSite\",\"@id\":\"https:\/\/drsdhahak.com\/#website\",\"url\":\"https:\/\/drsdhahak.com\/\",\"name\":\"Drs Dhahak\",\"description\":\"chirurgie plastique, r\u00e9paratrice et esth\u00e9tique et la chirurgie ophtalmologique\",\"potentialAction\":[{\"@type\":\"SearchAction\",\"target\":{\"@type\":\"EntryPoint\",\"urlTemplate\":\"https:\/\/drsdhahak.com\/?s={search_term_string}\"},\"query-input\":{\"@type\":\"PropertyValueSpecification\",\"valueRequired\":true,\"valueName\":\"search_term_string\"}}],\"inLanguage\":\"fr-FR\"}]}<\/script>\n<!-- \/ Yoast SEO plugin. -->","yoast_head_json":{"title":"Docteur Henda NASRI DHAHAK - Drs Dhahak","robots":{"index":"index","follow":"follow","max-snippet":"max-snippet:-1","max-image-preview":"max-image-preview:large","max-video-preview":"max-video-preview:-1"},"canonical":"https:\/\/drsdhahak.com\/index.php\/accueil\/a-propos-de-nous\/dr-henda-nasri-dhahak\/","og_locale":"fr_FR","og_type":"article","og_title":"Docteur Henda NASRI DHAHAK - Drs Dhahak","og_description":"[vc_row css=&#8221;.vc_custom_1613604424795{padding-top: 90px !important;padding-bottom: 90px !important;}&#8221;][vc_column width=&#8221;2\/3&#8243;][vc_column_text] Docteur Henda NASRI DHAHAK &nbsp; M\u00e9decin sp\u00e9cialiste des maladies et chirurgie des yeux. Dipl\u00f4m\u00e9e de la Facult\u00e9 de m\u00e9decine de Tunis en 2008.\u00a0 Ex Interne \u00e0\u00a0 l\u2019h\u00f4pital Brugmann \u00e0 Bruxelles et la Fondation Ophtalmologique Adolphe Rothschild \u00e0 Paris.\u00a0 Inscrite au conseil de l\u2019ordre de Tunisie sous le num\u00e9ro [&hellip;]","og_url":"https:\/\/drsdhahak.com\/index.php\/accueil\/a-propos-de-nous\/dr-henda-nasri-dhahak\/","og_site_name":"Drs Dhahak","article_modified_time":"2021-02-20T21:23:01+00:00","twitter_card":"summary_large_image","twitter_misc":{"Dur\u00e9e de lecture estim\u00e9e":"1 minute"},"schema":{"@context":"https:\/\/schema.org","@graph":[{"@type":"WebPage","@id":"https:\/\/drsdhahak.com\/index.php\/accueil\/a-propos-de-nous\/dr-henda-nasri-dhahak\/","url":"https:\/\/drsdhahak.com\/index.php\/accueil\/a-propos-de-nous\/dr-henda-nasri-dhahak\/","name":"Docteur Henda NASRI DHAHAK - Drs Dhahak","isPartOf":{"@id":"https:\/\/drsdhahak.com\/#website"},"datePublished":"2021-02-17T23:20:30+00:00","dateModified":"2021-02-20T21:23:01+00:00","breadcrumb":{"@id":"https:\/\/drsdhahak.com\/index.php\/accueil\/a-propos-de-nous\/dr-henda-nasri-dhahak\/#breadcrumb"},"inLanguage":"fr-FR","potentialAction":[{"@type":"ReadAction","target":["https:\/\/drsdhahak.com\/index.php\/accueil\/a-propos-de-nous\/dr-henda-nasri-dhahak\/"]}]},{"@type":"BreadcrumbList","@id":"https:\/\/drsdhahak.com\/index.php\/accueil\/a-propos-de-nous\/dr-henda-nasri-dhahak\/#breadcrumb","itemListElement":[{"@type":"ListItem","position":1,"name":"Accueil","item":"https:\/\/drsdhahak.com\/"},{"@type":"ListItem","position":2,"name":"Accueil","item":"https:\/\/drsdhahak.com\/"},{"@type":"ListItem","position":3,"name":"A Propos De Nous","item":"https:\/\/drsdhahak.com\/index.php\/accueil\/a-propos-de-nous\/"},{"@type":"ListItem","position":4,"name":"Docteur Henda NASRI DHAHAK"}]},{"@type":"WebSite","@id":"https:\/\/drsdhahak.com\/#website","url":"https:\/\/drsdhahak.com\/","name":"Drs Dhahak","description":"chirurgie plastique, r\u00e9paratrice et esth\u00e9tique et la chirurgie ophtalmologique","potentialAction":[{"@type":"SearchAction","target":{"@type":"EntryPoint","urlTemplate":"https:\/\/drsdhahak.com\/?s={search_term_string}"},"query-input":{"@type":"PropertyValueSpecification","valueRequired":true,"valueName":"search_term_string"}}],"inLanguage":"fr-FR"}]}},"_links":{"self":[{"href":"https:\/\/drsdhahak.com\/index.php\/wp-json\/wp\/v2\/pages\/1111","targetHints":{"allow":["GET"]}}],"collection":[{"href":"https:\/\/drsdhahak.com\/index.php\/wp-json\/wp\/v2\/pages"}],"about":[{"href":"https:\/\/drsdhahak.com\/index.php\/wp-json\/wp\/v2\/types\/page"}],"author":[{"embeddable":true,"href":"https:\/\/drsdhahak.com\/index.php\/wp-json\/wp\/v2\/users\/1"}],"replies":[{"embeddable":true,"href":"https:\/\/drsdhahak.com\/index.php\/wp-json\/wp\/v2\/comments?post=1111"}],"version-history":[{"count":4,"href":"https:\/\/drsdhahak.com\/index.php\/wp-json\/wp\/v2\/pages\/1111\/revisions"}],"predecessor-version":[{"id":1117,"href":"https:\/\/drsdhahak.com\/index.php\/wp-json\/wp\/v2\/pages\/1111\/revisions\/1117"}],"up":[{"embeddable":true,"href":"https:\/\/drsdhahak.com\/index.php\/wp-json\/wp\/v2\/pages\/1101"}],"wp:attachment":[{"href":"https:\/\/drsdhahak.com\/index.php\/wp-json\/wp\/v2\/media?parent=1111"}],"curies":[{"name":"wp","href":"https:\/\/api.w.org\/{rel}","templated":true}]}}