{"id":1107,"date":"2021-02-18T00:12:46","date_gmt":"2021-02-17T23:12:46","guid":{"rendered":"https:\/\/drsdhahak.com\/?page_id=1107"},"modified":"2021-02-20T22:36:55","modified_gmt":"2021-02-20T21:36:55","slug":"docteur-slim-dhahak","status":"publish","type":"page","link":"https:\/\/drsdhahak.com\/index.php\/accueil\/a-propos-de-nous\/docteur-slim-dhahak\/","title":{"rendered":"Docteur Slim DHAHAK"},"content":{"rendered":"<p>[vc_row css=&#8221;.vc_custom_1613604463534{padding-top: 90px !important;padding-bottom: 90px !important;}&#8221;][vc_column width=&#8221;2\/3&#8243;][vc_column_text]<\/p>\n<h1 style=\"text-align: left;\"><b>CV du Docteur Slim DHAHAK<\/b><\/h1>\n<p>&nbsp;<\/p>\n<p><span style=\"font-weight: 400;\">Chirurgien tunisien sp\u00e9cialiste dans la chirurgie plastique r\u00e9paratrice esth\u00e9tique, chirurgie de la main et la chirurgie nerveuse. Inscrit au conseil de l\u2019ordre de Tunisie sous le num\u00e9ro 15414. Dipl\u00f4m\u00e9 de la facult\u00e9 de m\u00e9decine de Tunis en 2008, il a perfectionn\u00e9 en Belgique dans le centre hospitalier Brugmann \u00e0 Bruxelles et l\u2019H\u00f4pital Saint-Joseph \u00e0 Paris.\u00a0<\/span><\/p>\n<p><span style=\"font-weight: 400;\">Assistant de chirurgiens esth\u00e9tiques dans diff\u00e9rentes cliniques priv\u00e9es \u00e0 Paris: Clinique du Louvre ,Clinique Elys\u00e9e Montaigne, Clinique Sainte Genevieve.<\/span><\/p>\n<p><span style=\"font-weight: 400;\">M\u00e9decin sp\u00e9cialiste dans le secteur de la sant\u00e9 publique en Tunisie pendant 8 ans \u00e0 l\u2019h\u00f4pital des FSI ,la Marsa. Inscrit dans la soci\u00e9t\u00e9 tunisienne de la chirurgie esth\u00e9tique STCE, soci\u00e9t\u00e9 tunisienne de la chirurgie plastique r\u00e9paratrice et esth\u00e9tique STCPRE et la soci\u00e9t\u00e9 tunisienne de la chirurgie de la main STCM.<\/span>[\/vc_column_text][\/vc_column][vc_column width=&#8221;1\/3&#8243;][vc_single_image image=&#8221;857&#8243; img_size=&#8221;full&#8221;][\/vc_column][\/vc_row]<\/p>\n","protected":false},"excerpt":{"rendered":"<p>[vc_row css=&#8221;.vc_custom_1613604463534{padding-top: 90px !important;padding-bottom: 90px !important;}&#8221;][vc_column width=&#8221;2\/3&#8243;][vc_column_text] CV du Docteur Slim DHAHAK &nbsp; Chirurgien tunisien sp\u00e9cialiste dans la chirurgie plastique r\u00e9paratrice esth\u00e9tique, chirurgie de la main et la chirurgie nerveuse. Inscrit au conseil de l\u2019ordre de Tunisie sous le num\u00e9ro 15414. Dipl\u00f4m\u00e9 de la facult\u00e9 de m\u00e9decine de Tunis en 2008, il a perfectionn\u00e9 en [&hellip;]<\/p>\n","protected":false},"author":1,"featured_media":0,"parent":1101,"menu_order":0,"comment_status":"closed","ping_status":"closed","template":"page-templates\/template-fullwidth.php","meta":{"footnotes":""},"class_list":["post-1107","page","type-page","status-publish","hentry"],"yoast_head":"<!-- This site is optimized with the Yoast SEO plugin v27.1.1 - https:\/\/yoast.com\/product\/yoast-seo-wordpress\/ -->\n<title>Docteur Slim DHAHAK - Drs Dhahak<\/title>\n<meta name=\"robots\" content=\"index, follow, max-snippet:-1, max-image-preview:large, max-video-preview:-1\" \/>\n<link rel=\"canonical\" href=\"https:\/\/drsdhahak.com\/index.php\/accueil\/a-propos-de-nous\/docteur-slim-dhahak\/\" \/>\n<meta property=\"og:locale\" content=\"fr_FR\" \/>\n<meta property=\"og:type\" content=\"article\" \/>\n<meta property=\"og:title\" content=\"Docteur Slim DHAHAK - Drs Dhahak\" \/>\n<meta property=\"og:description\" content=\"[vc_row css=&#8221;.vc_custom_1613604463534{padding-top: 90px !important;padding-bottom: 90px !important;}&#8221;][vc_column width=&#8221;2\/3&#8243;][vc_column_text] CV du Docteur Slim DHAHAK &nbsp; Chirurgien tunisien sp\u00e9cialiste dans la chirurgie plastique r\u00e9paratrice esth\u00e9tique, chirurgie de la main et la chirurgie nerveuse. Inscrit au conseil de l\u2019ordre de Tunisie sous le num\u00e9ro 15414. Dipl\u00f4m\u00e9 de la facult\u00e9 de m\u00e9decine de Tunis en 2008, il a perfectionn\u00e9 en [&hellip;]\" \/>\n<meta property=\"og:url\" content=\"https:\/\/drsdhahak.com\/index.php\/accueil\/a-propos-de-nous\/docteur-slim-dhahak\/\" \/>\n<meta property=\"og:site_name\" content=\"Drs Dhahak\" \/>\n<meta property=\"article:modified_time\" content=\"2021-02-20T21:36:55+00:00\" \/>\n<meta name=\"twitter:card\" content=\"summary_large_image\" \/>\n<meta name=\"twitter:label1\" content=\"Dur\u00e9e de lecture estim\u00e9e\" \/>\n\t<meta name=\"twitter:data1\" content=\"1 minute\" \/>\n<script type=\"application\/ld+json\" class=\"yoast-schema-graph\">{\"@context\":\"https:\/\/schema.org\",\"@graph\":[{\"@type\":\"WebPage\",\"@id\":\"https:\/\/drsdhahak.com\/index.php\/accueil\/a-propos-de-nous\/docteur-slim-dhahak\/\",\"url\":\"https:\/\/drsdhahak.com\/index.php\/accueil\/a-propos-de-nous\/docteur-slim-dhahak\/\",\"name\":\"Docteur Slim DHAHAK - Drs Dhahak\",\"isPartOf\":{\"@id\":\"https:\/\/drsdhahak.com\/#website\"},\"datePublished\":\"2021-02-17T23:12:46+00:00\",\"dateModified\":\"2021-02-20T21:36:55+00:00\",\"breadcrumb\":{\"@id\":\"https:\/\/drsdhahak.com\/index.php\/accueil\/a-propos-de-nous\/docteur-slim-dhahak\/#breadcrumb\"},\"inLanguage\":\"fr-FR\",\"potentialAction\":[{\"@type\":\"ReadAction\",\"target\":[\"https:\/\/drsdhahak.com\/index.php\/accueil\/a-propos-de-nous\/docteur-slim-dhahak\/\"]}]},{\"@type\":\"BreadcrumbList\",\"@id\":\"https:\/\/drsdhahak.com\/index.php\/accueil\/a-propos-de-nous\/docteur-slim-dhahak\/#breadcrumb\",\"itemListElement\":[{\"@type\":\"ListItem\",\"position\":1,\"name\":\"Accueil\",\"item\":\"https:\/\/drsdhahak.com\/\"},{\"@type\":\"ListItem\",\"position\":2,\"name\":\"Accueil\",\"item\":\"https:\/\/drsdhahak.com\/\"},{\"@type\":\"ListItem\",\"position\":3,\"name\":\"A Propos De Nous\",\"item\":\"https:\/\/drsdhahak.com\/index.php\/accueil\/a-propos-de-nous\/\"},{\"@type\":\"ListItem\",\"position\":4,\"name\":\"Docteur Slim DHAHAK\"}]},{\"@type\":\"WebSite\",\"@id\":\"https:\/\/drsdhahak.com\/#website\",\"url\":\"https:\/\/drsdhahak.com\/\",\"name\":\"Drs Dhahak\",\"description\":\"chirurgie plastique, r\u00e9paratrice et esth\u00e9tique et la chirurgie ophtalmologique\",\"potentialAction\":[{\"@type\":\"SearchAction\",\"target\":{\"@type\":\"EntryPoint\",\"urlTemplate\":\"https:\/\/drsdhahak.com\/?s={search_term_string}\"},\"query-input\":{\"@type\":\"PropertyValueSpecification\",\"valueRequired\":true,\"valueName\":\"search_term_string\"}}],\"inLanguage\":\"fr-FR\"}]}<\/script>\n<!-- \/ Yoast SEO plugin. -->","yoast_head_json":{"title":"Docteur Slim DHAHAK - Drs Dhahak","robots":{"index":"index","follow":"follow","max-snippet":"max-snippet:-1","max-image-preview":"max-image-preview:large","max-video-preview":"max-video-preview:-1"},"canonical":"https:\/\/drsdhahak.com\/index.php\/accueil\/a-propos-de-nous\/docteur-slim-dhahak\/","og_locale":"fr_FR","og_type":"article","og_title":"Docteur Slim DHAHAK - Drs Dhahak","og_description":"[vc_row css=&#8221;.vc_custom_1613604463534{padding-top: 90px !important;padding-bottom: 90px !important;}&#8221;][vc_column width=&#8221;2\/3&#8243;][vc_column_text] CV du Docteur Slim DHAHAK &nbsp; Chirurgien tunisien sp\u00e9cialiste dans la chirurgie plastique r\u00e9paratrice esth\u00e9tique, chirurgie de la main et la chirurgie nerveuse. Inscrit au conseil de l\u2019ordre de Tunisie sous le num\u00e9ro 15414. Dipl\u00f4m\u00e9 de la facult\u00e9 de m\u00e9decine de Tunis en 2008, il a perfectionn\u00e9 en [&hellip;]","og_url":"https:\/\/drsdhahak.com\/index.php\/accueil\/a-propos-de-nous\/docteur-slim-dhahak\/","og_site_name":"Drs Dhahak","article_modified_time":"2021-02-20T21:36:55+00:00","twitter_card":"summary_large_image","twitter_misc":{"Dur\u00e9e de lecture estim\u00e9e":"1 minute"},"schema":{"@context":"https:\/\/schema.org","@graph":[{"@type":"WebPage","@id":"https:\/\/drsdhahak.com\/index.php\/accueil\/a-propos-de-nous\/docteur-slim-dhahak\/","url":"https:\/\/drsdhahak.com\/index.php\/accueil\/a-propos-de-nous\/docteur-slim-dhahak\/","name":"Docteur Slim DHAHAK - Drs Dhahak","isPartOf":{"@id":"https:\/\/drsdhahak.com\/#website"},"datePublished":"2021-02-17T23:12:46+00:00","dateModified":"2021-02-20T21:36:55+00:00","breadcrumb":{"@id":"https:\/\/drsdhahak.com\/index.php\/accueil\/a-propos-de-nous\/docteur-slim-dhahak\/#breadcrumb"},"inLanguage":"fr-FR","potentialAction":[{"@type":"ReadAction","target":["https:\/\/drsdhahak.com\/index.php\/accueil\/a-propos-de-nous\/docteur-slim-dhahak\/"]}]},{"@type":"BreadcrumbList","@id":"https:\/\/drsdhahak.com\/index.php\/accueil\/a-propos-de-nous\/docteur-slim-dhahak\/#breadcrumb","itemListElement":[{"@type":"ListItem","position":1,"name":"Accueil","item":"https:\/\/drsdhahak.com\/"},{"@type":"ListItem","position":2,"name":"Accueil","item":"https:\/\/drsdhahak.com\/"},{"@type":"ListItem","position":3,"name":"A Propos De Nous","item":"https:\/\/drsdhahak.com\/index.php\/accueil\/a-propos-de-nous\/"},{"@type":"ListItem","position":4,"name":"Docteur Slim DHAHAK"}]},{"@type":"WebSite","@id":"https:\/\/drsdhahak.com\/#website","url":"https:\/\/drsdhahak.com\/","name":"Drs Dhahak","description":"chirurgie plastique, r\u00e9paratrice et esth\u00e9tique et la chirurgie ophtalmologique","potentialAction":[{"@type":"SearchAction","target":{"@type":"EntryPoint","urlTemplate":"https:\/\/drsdhahak.com\/?s={search_term_string}"},"query-input":{"@type":"PropertyValueSpecification","valueRequired":true,"valueName":"search_term_string"}}],"inLanguage":"fr-FR"}]}},"_links":{"self":[{"href":"https:\/\/drsdhahak.com\/index.php\/wp-json\/wp\/v2\/pages\/1107","targetHints":{"allow":["GET"]}}],"collection":[{"href":"https:\/\/drsdhahak.com\/index.php\/wp-json\/wp\/v2\/pages"}],"about":[{"href":"https:\/\/drsdhahak.com\/index.php\/wp-json\/wp\/v2\/types\/page"}],"author":[{"embeddable":true,"href":"https:\/\/drsdhahak.com\/index.php\/wp-json\/wp\/v2\/users\/1"}],"replies":[{"embeddable":true,"href":"https:\/\/drsdhahak.com\/index.php\/wp-json\/wp\/v2\/comments?post=1107"}],"version-history":[{"count":4,"href":"https:\/\/drsdhahak.com\/index.php\/wp-json\/wp\/v2\/pages\/1107\/revisions"}],"predecessor-version":[{"id":1109,"href":"https:\/\/drsdhahak.com\/index.php\/wp-json\/wp\/v2\/pages\/1107\/revisions\/1109"}],"up":[{"embeddable":true,"href":"https:\/\/drsdhahak.com\/index.php\/wp-json\/wp\/v2\/pages\/1101"}],"wp:attachment":[{"href":"https:\/\/drsdhahak.com\/index.php\/wp-json\/wp\/v2\/media?parent=1107"}],"curies":[{"name":"wp","href":"https:\/\/api.w.org\/{rel}","templated":true}]}}