{"id":1101,"date":"2021-02-18T00:04:49","date_gmt":"2021-02-17T23:04:49","guid":{"rendered":"https:\/\/drsdhahak.com\/?page_id=1101"},"modified":"2021-03-17T20:32:30","modified_gmt":"2021-03-17T19:32:30","slug":"a-propos-de-nous","status":"publish","type":"page","link":"https:\/\/drsdhahak.com\/index.php\/accueil\/a-propos-de-nous\/","title":{"rendered":"A Propos De Nous"},"content":{"rendered":"<p>[vc_row css=&#8221;.vc_custom_1613087868282{padding-top: 90px !important;}&#8221;][vc_column][vc_column_text]<\/p>\n<h3 style=\"text-align: left;\"><span style=\"font-weight: 400;\">Le cabinet Drs Dhahak, Dr Slim DHAHAK et Dr Henda Nasri Dhahak, est un cabinet de m\u00e9decine sp\u00e9cialis\u00e9 dans la chirurgie et m\u00e9decine esth\u00e9tique, chirurgie de la main et la chirurgie ophtalmologique.<\/span><\/h3>\n<p>[\/vc_column_text][\/vc_column][\/vc_row][vc_row css=&#8221;.vc_custom_1616009327129{padding-top: 90px !important;padding-bottom: 90px !important;}&#8221;][vc_column width=&#8221;1\/2&#8243;][vc_single_image image=&#8221;857&#8243; img_size=&#8221;full&#8221; alignment=&#8221;center&#8221; onclick=&#8221;custom_link&#8221; link=&#8221;https:\/\/drsdhahak.com\/index.php\/accueil\/a-propos-de-nous\/docteur-slim-dhahak\/&#8221;]\n\t<!-- Element: OT Heading --> \t \n\t<h1 class=\"ot_custom_heading  \" style=\"text-align: center;\" ><a href=\"https:\/\/drsdhahak.com\/index.php\/accueil\/a-propos-de-nous\/docteur-slim-dhahak\/\" title=\"\" target=\"_self\">Docteur Slim DHAHAK<\/a><\/h1>\t\n[\/vc_column][vc_column width=&#8221;1\/2&#8243;][vc_single_image image=&#8221;858&#8243; img_size=&#8221;full&#8221; alignment=&#8221;center&#8221; onclick=&#8221;custom_link&#8221; link=&#8221;https:\/\/drsdhahak.com\/index.php\/accueil\/a-propos-de-nous\/dr-henda-nasri-dhahak\/&#8221;]\n\t<!-- Element: OT Heading --> \t \n\t<h1 class=\"ot_custom_heading  \" style=\"text-align: center;\" ><a href=\"https:\/\/drsdhahak.com\/index.php\/accueil\/a-propos-de-nous\/dr-henda-nasri-dhahak\/\" title=\"\" target=\"_self\">Docteur Henda NASRI DHAHAK<\/a><\/h1>\t\n[\/vc_column][\/vc_row]<\/p>\n","protected":false},"excerpt":{"rendered":"<p>[vc_row css=&#8221;.vc_custom_1613087868282{padding-top: 90px !important;}&#8221;][vc_column][vc_column_text] Le cabinet Drs Dhahak, Dr Slim DHAHAK et Dr Henda Nasri Dhahak, est un cabinet de m\u00e9decine sp\u00e9cialis\u00e9 dans la chirurgie et m\u00e9decine esth\u00e9tique, chirurgie de la main et la chirurgie ophtalmologique. [\/vc_column_text][\/vc_column][\/vc_row][vc_row css=&#8221;.vc_custom_1616009327129{padding-top: 90px !important;padding-bottom: 90px !important;}&#8221;][vc_column width=&#8221;1\/2&#8243;][vc_single_image image=&#8221;857&#8243; img_size=&#8221;full&#8221; alignment=&#8221;center&#8221; onclick=&#8221;custom_link&#8221; link=&#8221;https:\/\/drsdhahak.com\/index.php\/accueil\/a-propos-de-nous\/docteur-slim-dhahak\/&#8221;][\/vc_column][vc_column width=&#8221;1\/2&#8243;][vc_single_image image=&#8221;858&#8243; img_size=&#8221;full&#8221; alignment=&#8221;center&#8221; onclick=&#8221;custom_link&#8221; link=&#8221;https:\/\/drsdhahak.com\/index.php\/accueil\/a-propos-de-nous\/dr-henda-nasri-dhahak\/&#8221;][\/vc_column][\/vc_row]<\/p>\n","protected":false},"author":1,"featured_media":0,"parent":803,"menu_order":0,"comment_status":"closed","ping_status":"closed","template":"page-templates\/template-fullwidth.php","meta":{"footnotes":""},"class_list":["post-1101","page","type-page","status-publish","hentry"],"yoast_head":"<!-- This site is optimized with the Yoast SEO plugin v27.1.1 - https:\/\/yoast.com\/product\/yoast-seo-wordpress\/ -->\n<title>A Propos De Nous - Drs Dhahak<\/title>\n<meta name=\"robots\" content=\"index, follow, max-snippet:-1, max-image-preview:large, max-video-preview:-1\" \/>\n<link rel=\"canonical\" href=\"https:\/\/drsdhahak.com\/index.php\/accueil\/a-propos-de-nous\/\" \/>\n<meta property=\"og:locale\" content=\"fr_FR\" \/>\n<meta property=\"og:type\" content=\"article\" \/>\n<meta property=\"og:title\" content=\"A Propos De Nous - Drs Dhahak\" \/>\n<meta property=\"og:description\" content=\"[vc_row css=&#8221;.vc_custom_1613087868282{padding-top: 90px !important;}&#8221;][vc_column][vc_column_text] Le cabinet Drs Dhahak, Dr Slim DHAHAK et Dr Henda Nasri Dhahak, est un cabinet de m\u00e9decine sp\u00e9cialis\u00e9 dans la chirurgie et m\u00e9decine esth\u00e9tique, chirurgie de la main et la chirurgie ophtalmologique. [\/vc_column_text][\/vc_column][\/vc_row][vc_row css=&#8221;.vc_custom_1616009327129{padding-top: 90px !important;padding-bottom: 90px !important;}&#8221;][vc_column width=&#8221;1\/2&#8243;][vc_single_image image=&#8221;857&#8243; img_size=&#8221;full&#8221; alignment=&#8221;center&#8221; onclick=&#8221;custom_link&#8221; link=&#8221;https:\/\/drsdhahak.com\/index.php\/accueil\/a-propos-de-nous\/docteur-slim-dhahak\/&#8221;][\/vc_column][vc_column width=&#8221;1\/2&#8243;][vc_single_image image=&#8221;858&#8243; img_size=&#8221;full&#8221; alignment=&#8221;center&#8221; onclick=&#8221;custom_link&#8221; link=&#8221;https:\/\/drsdhahak.com\/index.php\/accueil\/a-propos-de-nous\/dr-henda-nasri-dhahak\/&#8221;][\/vc_column][\/vc_row]\" \/>\n<meta property=\"og:url\" content=\"https:\/\/drsdhahak.com\/index.php\/accueil\/a-propos-de-nous\/\" \/>\n<meta property=\"og:site_name\" content=\"Drs Dhahak\" \/>\n<meta property=\"article:modified_time\" content=\"2021-03-17T19:32:30+00:00\" \/>\n<meta name=\"twitter:card\" content=\"summary_large_image\" \/>\n<meta name=\"twitter:label1\" content=\"Dur\u00e9e de lecture estim\u00e9e\" \/>\n\t<meta name=\"twitter:data1\" content=\"1 minute\" \/>\n<script type=\"application\/ld+json\" class=\"yoast-schema-graph\">{\"@context\":\"https:\/\/schema.org\",\"@graph\":[{\"@type\":\"WebPage\",\"@id\":\"https:\/\/drsdhahak.com\/index.php\/accueil\/a-propos-de-nous\/\",\"url\":\"https:\/\/drsdhahak.com\/index.php\/accueil\/a-propos-de-nous\/\",\"name\":\"A Propos De Nous - Drs Dhahak\",\"isPartOf\":{\"@id\":\"https:\/\/drsdhahak.com\/#website\"},\"datePublished\":\"2021-02-17T23:04:49+00:00\",\"dateModified\":\"2021-03-17T19:32:30+00:00\",\"breadcrumb\":{\"@id\":\"https:\/\/drsdhahak.com\/index.php\/accueil\/a-propos-de-nous\/#breadcrumb\"},\"inLanguage\":\"fr-FR\",\"potentialAction\":[{\"@type\":\"ReadAction\",\"target\":[\"https:\/\/drsdhahak.com\/index.php\/accueil\/a-propos-de-nous\/\"]}]},{\"@type\":\"BreadcrumbList\",\"@id\":\"https:\/\/drsdhahak.com\/index.php\/accueil\/a-propos-de-nous\/#breadcrumb\",\"itemListElement\":[{\"@type\":\"ListItem\",\"position\":1,\"name\":\"Accueil\",\"item\":\"https:\/\/drsdhahak.com\/\"},{\"@type\":\"ListItem\",\"position\":2,\"name\":\"Accueil\",\"item\":\"https:\/\/drsdhahak.com\/\"},{\"@type\":\"ListItem\",\"position\":3,\"name\":\"A Propos De Nous\"}]},{\"@type\":\"WebSite\",\"@id\":\"https:\/\/drsdhahak.com\/#website\",\"url\":\"https:\/\/drsdhahak.com\/\",\"name\":\"Drs Dhahak\",\"description\":\"chirurgie plastique, r\u00e9paratrice et esth\u00e9tique et la chirurgie ophtalmologique\",\"potentialAction\":[{\"@type\":\"SearchAction\",\"target\":{\"@type\":\"EntryPoint\",\"urlTemplate\":\"https:\/\/drsdhahak.com\/?s={search_term_string}\"},\"query-input\":{\"@type\":\"PropertyValueSpecification\",\"valueRequired\":true,\"valueName\":\"search_term_string\"}}],\"inLanguage\":\"fr-FR\"}]}<\/script>\n<!-- \/ Yoast SEO plugin. -->","yoast_head_json":{"title":"A Propos De Nous - Drs Dhahak","robots":{"index":"index","follow":"follow","max-snippet":"max-snippet:-1","max-image-preview":"max-image-preview:large","max-video-preview":"max-video-preview:-1"},"canonical":"https:\/\/drsdhahak.com\/index.php\/accueil\/a-propos-de-nous\/","og_locale":"fr_FR","og_type":"article","og_title":"A Propos De Nous - Drs Dhahak","og_description":"[vc_row css=&#8221;.vc_custom_1613087868282{padding-top: 90px !important;}&#8221;][vc_column][vc_column_text] Le cabinet Drs Dhahak, Dr Slim DHAHAK et Dr Henda Nasri Dhahak, est un cabinet de m\u00e9decine sp\u00e9cialis\u00e9 dans la chirurgie et m\u00e9decine esth\u00e9tique, chirurgie de la main et la chirurgie ophtalmologique. [\/vc_column_text][\/vc_column][\/vc_row][vc_row css=&#8221;.vc_custom_1616009327129{padding-top: 90px !important;padding-bottom: 90px !important;}&#8221;][vc_column width=&#8221;1\/2&#8243;][vc_single_image image=&#8221;857&#8243; img_size=&#8221;full&#8221; alignment=&#8221;center&#8221; onclick=&#8221;custom_link&#8221; link=&#8221;https:\/\/drsdhahak.com\/index.php\/accueil\/a-propos-de-nous\/docteur-slim-dhahak\/&#8221;][\/vc_column][vc_column width=&#8221;1\/2&#8243;][vc_single_image image=&#8221;858&#8243; img_size=&#8221;full&#8221; alignment=&#8221;center&#8221; onclick=&#8221;custom_link&#8221; link=&#8221;https:\/\/drsdhahak.com\/index.php\/accueil\/a-propos-de-nous\/dr-henda-nasri-dhahak\/&#8221;][\/vc_column][\/vc_row]","og_url":"https:\/\/drsdhahak.com\/index.php\/accueil\/a-propos-de-nous\/","og_site_name":"Drs Dhahak","article_modified_time":"2021-03-17T19:32:30+00:00","twitter_card":"summary_large_image","twitter_misc":{"Dur\u00e9e de lecture estim\u00e9e":"1 minute"},"schema":{"@context":"https:\/\/schema.org","@graph":[{"@type":"WebPage","@id":"https:\/\/drsdhahak.com\/index.php\/accueil\/a-propos-de-nous\/","url":"https:\/\/drsdhahak.com\/index.php\/accueil\/a-propos-de-nous\/","name":"A Propos De Nous - Drs Dhahak","isPartOf":{"@id":"https:\/\/drsdhahak.com\/#website"},"datePublished":"2021-02-17T23:04:49+00:00","dateModified":"2021-03-17T19:32:30+00:00","breadcrumb":{"@id":"https:\/\/drsdhahak.com\/index.php\/accueil\/a-propos-de-nous\/#breadcrumb"},"inLanguage":"fr-FR","potentialAction":[{"@type":"ReadAction","target":["https:\/\/drsdhahak.com\/index.php\/accueil\/a-propos-de-nous\/"]}]},{"@type":"BreadcrumbList","@id":"https:\/\/drsdhahak.com\/index.php\/accueil\/a-propos-de-nous\/#breadcrumb","itemListElement":[{"@type":"ListItem","position":1,"name":"Accueil","item":"https:\/\/drsdhahak.com\/"},{"@type":"ListItem","position":2,"name":"Accueil","item":"https:\/\/drsdhahak.com\/"},{"@type":"ListItem","position":3,"name":"A Propos De Nous"}]},{"@type":"WebSite","@id":"https:\/\/drsdhahak.com\/#website","url":"https:\/\/drsdhahak.com\/","name":"Drs Dhahak","description":"chirurgie plastique, r\u00e9paratrice et esth\u00e9tique et la chirurgie ophtalmologique","potentialAction":[{"@type":"SearchAction","target":{"@type":"EntryPoint","urlTemplate":"https:\/\/drsdhahak.com\/?s={search_term_string}"},"query-input":{"@type":"PropertyValueSpecification","valueRequired":true,"valueName":"search_term_string"}}],"inLanguage":"fr-FR"}]}},"_links":{"self":[{"href":"https:\/\/drsdhahak.com\/index.php\/wp-json\/wp\/v2\/pages\/1101","targetHints":{"allow":["GET"]}}],"collection":[{"href":"https:\/\/drsdhahak.com\/index.php\/wp-json\/wp\/v2\/pages"}],"about":[{"href":"https:\/\/drsdhahak.com\/index.php\/wp-json\/wp\/v2\/types\/page"}],"author":[{"embeddable":true,"href":"https:\/\/drsdhahak.com\/index.php\/wp-json\/wp\/v2\/users\/1"}],"replies":[{"embeddable":true,"href":"https:\/\/drsdhahak.com\/index.php\/wp-json\/wp\/v2\/comments?post=1101"}],"version-history":[{"count":4,"href":"https:\/\/drsdhahak.com\/index.php\/wp-json\/wp\/v2\/pages\/1101\/revisions"}],"predecessor-version":[{"id":1783,"href":"https:\/\/drsdhahak.com\/index.php\/wp-json\/wp\/v2\/pages\/1101\/revisions\/1783"}],"up":[{"embeddable":true,"href":"https:\/\/drsdhahak.com\/index.php\/wp-json\/wp\/v2\/pages\/803"}],"wp:attachment":[{"href":"https:\/\/drsdhahak.com\/index.php\/wp-json\/wp\/v2\/media?parent=1101"}],"curies":[{"name":"wp","href":"https:\/\/api.w.org\/{rel}","templated":true}]}}