{"id":1093,"date":"2021-02-17T23:57:31","date_gmt":"2021-02-17T22:57:31","guid":{"rendered":"https:\/\/drsdhahak.com\/?page_id=1093"},"modified":"2021-03-17T22:50:54","modified_gmt":"2021-03-17T21:50:54","slug":"augmentation-mammaire","status":"publish","type":"page","link":"https:\/\/drsdhahak.com\/index.php\/accueil\/chirurgie-de-la-poitrine\/augmentation-mammaire\/","title":{"rendered":"Augmentation mammaire"},"content":{"rendered":"<p>[vc_row css=&#8221;.vc_custom_1616017853650{padding-top: 90px !important;padding-bottom: 90px !important;}&#8221;][vc_column width=&#8221;2\/3&#8243;][vc_column_text]<\/p>\n<h1 style=\"text-align: left;\">Augmentation Mammaire<\/h1>\n<p>&nbsp;<\/p>\n<p><span style=\"font-weight: 400;\">L\u2019augmentation mammaire est une intervention chirurgicale qui consiste \u00e0 augmenter le volume des seins.<\/span><\/p>\n<p><span style=\"font-weight: 400;\">Pour cela, et pour un r\u00e9sultat le plus naturel , nous avons recours \u00e0 diff\u00e9rents proc\u00e9d\u00e9s , avec ou sans implants mammaires.<\/span><\/p>\n<h2>Augmentation mammaire par proth\u00e8se<\/h2>\n<p><span style=\"font-weight: 400;\">Apr\u00e8s une premi\u00e8re consultation avec votre chirurgien, vous aurez toutes les informations n\u00e9cessaires et sp\u00e9cifiques \u00e0 votre cas.<\/span><\/p>\n<p><span style=\"font-weight: 400;\">Cette \u00e9tape vous permettra de choisir apr\u00e8s avoir essay\u00e9 diff\u00e9rents types de proth\u00e8ses au cabinet:<\/span><\/p>\n<ul>\n<li><span style=\"font-weight: 400;\">La taille et la forme qui vous convient : proth\u00e8se mammaire anatomique ou ronde ( profil bas,haut et extra haut)<\/span><\/li>\n<li><span style=\"font-weight: 400;\">La cicatrice souhait\u00e9e: Axillaire, Sous mammaire, P\u00e9ri ar\u00e9olaire. (Image N\u00b01)<\/span><\/li>\n<li><span style=\"font-weight: 400;\">L\u2019emplacement de la proth\u00e8se: Sous musculaire ( derri\u00e8re le muscle grand pectoral), R\u00e9tro-glandulaire. (Image N\u00b02)<\/span><\/li>\n<\/ul>\n<p><span style=\"font-weight: 400;\">Dans le cas ou les seins tombent , une cicatrice p\u00e9riar\u00e9olaire compl\u00e8te ( Round block) ou une cicatrice en T peut \u00eatre n\u00e9cessaire.<\/span><\/p>\n<p><span style=\"font-weight: 400;\">Au terme de la premi\u00e8re consultation , un bilan pr\u00e9op\u00e9ratoire sera prescrit \u00e0 la patiente, il est compos\u00e9 d\u2019une prise de sang , \u00e9chographie mammaire et une mammographie.<\/span><\/p>\n<h2>Augmentation mammaire par lipofilling<\/h2>\n<p><span style=\"font-weight: 400;\">Le lipofilling mammaire ou injection de graisse dans les seins , peut constituer une alternative ou un compl\u00e9ment \u00e0 la mise en place de proth\u00e8ses mammaires.<\/span><\/p>\n<p><span style=\"font-weight: 400;\">Il faut tout d\u2019abord que la patiente pr\u00e9sente un site donneur de graisse suffisant, ceci dit, une patiente trop mince ne sera pas une bonne candidate pour cette technique. (Image N\u00b03)<\/span><\/p>\n<p><span style=\"font-weight: 400;\">Les indications :<\/span><\/p>\n<p><span style=\"font-weight: 400;\">Augmentation de volumes du sein: Pour une demande d\u2019augmentation mod\u00e9r\u00e9e ( \u00bd \u00e0 1 bonnet) en ayant d\u00e9j\u00e0 une poitrine de volume moyen.<\/span><\/p>\n<p><span style=\"font-weight: 400;\">Correction des malformations mammaires: Le lipofilling est aussi indiqu\u00e9 dans la correction des malformations mammaires notamment en cas d\u2019asym\u00e9tries ou des seins tub\u00e9reux par exemple.<\/span>[\/vc_column_text][\/vc_column][vc_column width=&#8221;1\/3&#8243;][vc_single_image image=&#8221;875&#8243; img_size=&#8221;full&#8221; alignment=&#8221;center&#8221;][vc_column_text]<\/p>\n<h6 style=\"text-align: center;\"><em>Image N\u00b01<\/em><\/h6>\n<p>[\/vc_column_text][vc_single_image image=&#8221;876&#8243; img_size=&#8221;full&#8221; alignment=&#8221;center&#8221;][vc_column_text]<\/p>\n<h6 style=\"text-align: center;\"><em>Image N\u00b02<\/em><\/h6>\n<p>[\/vc_column_text][vc_single_image image=&#8221;877&#8243; img_size=&#8221;full&#8221; alignment=&#8221;center&#8221;][vc_column_text]<\/p>\n<h6 style=\"text-align: center;\"><em>Image N\u00b03<\/em><\/h6>\n<p>[\/vc_column_text][\/vc_column][\/vc_row]<\/p>\n","protected":false},"excerpt":{"rendered":"<p>[vc_row css=&#8221;.vc_custom_1616017853650{padding-top: 90px !important;padding-bottom: 90px !important;}&#8221;][vc_column width=&#8221;2\/3&#8243;][vc_column_text] Augmentation Mammaire &nbsp; L\u2019augmentation mammaire est une intervention chirurgicale qui consiste \u00e0 augmenter le volume des seins. Pour cela, et pour un r\u00e9sultat le plus naturel , nous avons recours \u00e0 diff\u00e9rents proc\u00e9d\u00e9s , avec ou sans implants mammaires. Augmentation mammaire par proth\u00e8se Apr\u00e8s une premi\u00e8re consultation avec [&hellip;]<\/p>\n","protected":false},"author":1,"featured_media":846,"parent":1086,"menu_order":0,"comment_status":"closed","ping_status":"closed","template":"page-templates\/template-fullwidth.php","meta":{"footnotes":""},"class_list":["post-1093","page","type-page","status-publish","has-post-thumbnail","hentry"],"yoast_head":"<!-- This site is optimized with the Yoast SEO plugin v27.1.1 - https:\/\/yoast.com\/product\/yoast-seo-wordpress\/ -->\n<title>Augmentation mammaire - Drs Dhahak<\/title>\n<meta name=\"robots\" content=\"index, follow, max-snippet:-1, max-image-preview:large, max-video-preview:-1\" \/>\n<link rel=\"canonical\" href=\"https:\/\/drsdhahak.com\/index.php\/accueil\/chirurgie-de-la-poitrine\/augmentation-mammaire\/\" \/>\n<meta property=\"og:locale\" content=\"fr_FR\" \/>\n<meta property=\"og:type\" content=\"article\" \/>\n<meta property=\"og:title\" content=\"Augmentation mammaire - Drs Dhahak\" \/>\n<meta property=\"og:description\" content=\"[vc_row css=&#8221;.vc_custom_1616017853650{padding-top: 90px !important;padding-bottom: 90px !important;}&#8221;][vc_column width=&#8221;2\/3&#8243;][vc_column_text] Augmentation Mammaire &nbsp; L\u2019augmentation mammaire est une intervention chirurgicale qui consiste \u00e0 augmenter le volume des seins. Pour cela, et pour un r\u00e9sultat le plus naturel , nous avons recours \u00e0 diff\u00e9rents proc\u00e9d\u00e9s , avec ou sans implants mammaires. Augmentation mammaire par proth\u00e8se Apr\u00e8s une premi\u00e8re consultation avec [&hellip;]\" \/>\n<meta property=\"og:url\" content=\"https:\/\/drsdhahak.com\/index.php\/accueil\/chirurgie-de-la-poitrine\/augmentation-mammaire\/\" \/>\n<meta property=\"og:site_name\" content=\"Drs Dhahak\" \/>\n<meta property=\"article:modified_time\" content=\"2021-03-17T21:50:54+00:00\" \/>\n<meta property=\"og:image\" content=\"https:\/\/drsdhahak.com\/wp-content\/uploads\/2021\/02\/3.png\" \/>\n\t<meta property=\"og:image:width\" content=\"1920\" \/>\n\t<meta property=\"og:image:height\" content=\"680\" \/>\n\t<meta property=\"og:image:type\" content=\"image\/png\" \/>\n<meta name=\"twitter:card\" content=\"summary_large_image\" \/>\n<meta name=\"twitter:label1\" content=\"Dur\u00e9e de lecture estim\u00e9e\" \/>\n\t<meta name=\"twitter:data1\" content=\"2 minutes\" \/>\n<script type=\"application\/ld+json\" class=\"yoast-schema-graph\">{\"@context\":\"https:\/\/schema.org\",\"@graph\":[{\"@type\":\"WebPage\",\"@id\":\"https:\/\/drsdhahak.com\/index.php\/accueil\/chirurgie-de-la-poitrine\/augmentation-mammaire\/\",\"url\":\"https:\/\/drsdhahak.com\/index.php\/accueil\/chirurgie-de-la-poitrine\/augmentation-mammaire\/\",\"name\":\"Augmentation mammaire - Drs Dhahak\",\"isPartOf\":{\"@id\":\"https:\/\/drsdhahak.com\/#website\"},\"primaryImageOfPage\":{\"@id\":\"https:\/\/drsdhahak.com\/index.php\/accueil\/chirurgie-de-la-poitrine\/augmentation-mammaire\/#primaryimage\"},\"image\":{\"@id\":\"https:\/\/drsdhahak.com\/index.php\/accueil\/chirurgie-de-la-poitrine\/augmentation-mammaire\/#primaryimage\"},\"thumbnailUrl\":\"https:\/\/drsdhahak.com\/wp-content\/uploads\/2021\/02\/3.png\",\"datePublished\":\"2021-02-17T22:57:31+00:00\",\"dateModified\":\"2021-03-17T21:50:54+00:00\",\"breadcrumb\":{\"@id\":\"https:\/\/drsdhahak.com\/index.php\/accueil\/chirurgie-de-la-poitrine\/augmentation-mammaire\/#breadcrumb\"},\"inLanguage\":\"fr-FR\",\"potentialAction\":[{\"@type\":\"ReadAction\",\"target\":[\"https:\/\/drsdhahak.com\/index.php\/accueil\/chirurgie-de-la-poitrine\/augmentation-mammaire\/\"]}]},{\"@type\":\"ImageObject\",\"inLanguage\":\"fr-FR\",\"@id\":\"https:\/\/drsdhahak.com\/index.php\/accueil\/chirurgie-de-la-poitrine\/augmentation-mammaire\/#primaryimage\",\"url\":\"https:\/\/drsdhahak.com\/wp-content\/uploads\/2021\/02\/3.png\",\"contentUrl\":\"https:\/\/drsdhahak.com\/wp-content\/uploads\/2021\/02\/3.png\",\"width\":1920,\"height\":680},{\"@type\":\"BreadcrumbList\",\"@id\":\"https:\/\/drsdhahak.com\/index.php\/accueil\/chirurgie-de-la-poitrine\/augmentation-mammaire\/#breadcrumb\",\"itemListElement\":[{\"@type\":\"ListItem\",\"position\":1,\"name\":\"Accueil\",\"item\":\"https:\/\/drsdhahak.com\/\"},{\"@type\":\"ListItem\",\"position\":2,\"name\":\"Accueil\",\"item\":\"https:\/\/drsdhahak.com\/\"},{\"@type\":\"ListItem\",\"position\":3,\"name\":\"Chirurgie de la poitrine\",\"item\":\"https:\/\/drsdhahak.com\/index.php\/accueil\/chirurgie-de-la-poitrine\/\"},{\"@type\":\"ListItem\",\"position\":4,\"name\":\"Augmentation mammaire\"}]},{\"@type\":\"WebSite\",\"@id\":\"https:\/\/drsdhahak.com\/#website\",\"url\":\"https:\/\/drsdhahak.com\/\",\"name\":\"Drs Dhahak\",\"description\":\"chirurgie plastique, r\u00e9paratrice et esth\u00e9tique et la chirurgie ophtalmologique\",\"potentialAction\":[{\"@type\":\"SearchAction\",\"target\":{\"@type\":\"EntryPoint\",\"urlTemplate\":\"https:\/\/drsdhahak.com\/?s={search_term_string}\"},\"query-input\":{\"@type\":\"PropertyValueSpecification\",\"valueRequired\":true,\"valueName\":\"search_term_string\"}}],\"inLanguage\":\"fr-FR\"}]}<\/script>\n<!-- \/ Yoast SEO plugin. -->","yoast_head_json":{"title":"Augmentation mammaire - Drs Dhahak","robots":{"index":"index","follow":"follow","max-snippet":"max-snippet:-1","max-image-preview":"max-image-preview:large","max-video-preview":"max-video-preview:-1"},"canonical":"https:\/\/drsdhahak.com\/index.php\/accueil\/chirurgie-de-la-poitrine\/augmentation-mammaire\/","og_locale":"fr_FR","og_type":"article","og_title":"Augmentation mammaire - Drs Dhahak","og_description":"[vc_row css=&#8221;.vc_custom_1616017853650{padding-top: 90px !important;padding-bottom: 90px !important;}&#8221;][vc_column width=&#8221;2\/3&#8243;][vc_column_text] Augmentation Mammaire &nbsp; L\u2019augmentation mammaire est une intervention chirurgicale qui consiste \u00e0 augmenter le volume des seins. Pour cela, et pour un r\u00e9sultat le plus naturel , nous avons recours \u00e0 diff\u00e9rents proc\u00e9d\u00e9s , avec ou sans implants mammaires. Augmentation mammaire par proth\u00e8se Apr\u00e8s une premi\u00e8re consultation avec [&hellip;]","og_url":"https:\/\/drsdhahak.com\/index.php\/accueil\/chirurgie-de-la-poitrine\/augmentation-mammaire\/","og_site_name":"Drs Dhahak","article_modified_time":"2021-03-17T21:50:54+00:00","og_image":[{"width":1920,"height":680,"url":"https:\/\/drsdhahak.com\/wp-content\/uploads\/2021\/02\/3.png","type":"image\/png"}],"twitter_card":"summary_large_image","twitter_misc":{"Dur\u00e9e de lecture estim\u00e9e":"2 minutes"},"schema":{"@context":"https:\/\/schema.org","@graph":[{"@type":"WebPage","@id":"https:\/\/drsdhahak.com\/index.php\/accueil\/chirurgie-de-la-poitrine\/augmentation-mammaire\/","url":"https:\/\/drsdhahak.com\/index.php\/accueil\/chirurgie-de-la-poitrine\/augmentation-mammaire\/","name":"Augmentation mammaire - Drs Dhahak","isPartOf":{"@id":"https:\/\/drsdhahak.com\/#website"},"primaryImageOfPage":{"@id":"https:\/\/drsdhahak.com\/index.php\/accueil\/chirurgie-de-la-poitrine\/augmentation-mammaire\/#primaryimage"},"image":{"@id":"https:\/\/drsdhahak.com\/index.php\/accueil\/chirurgie-de-la-poitrine\/augmentation-mammaire\/#primaryimage"},"thumbnailUrl":"https:\/\/drsdhahak.com\/wp-content\/uploads\/2021\/02\/3.png","datePublished":"2021-02-17T22:57:31+00:00","dateModified":"2021-03-17T21:50:54+00:00","breadcrumb":{"@id":"https:\/\/drsdhahak.com\/index.php\/accueil\/chirurgie-de-la-poitrine\/augmentation-mammaire\/#breadcrumb"},"inLanguage":"fr-FR","potentialAction":[{"@type":"ReadAction","target":["https:\/\/drsdhahak.com\/index.php\/accueil\/chirurgie-de-la-poitrine\/augmentation-mammaire\/"]}]},{"@type":"ImageObject","inLanguage":"fr-FR","@id":"https:\/\/drsdhahak.com\/index.php\/accueil\/chirurgie-de-la-poitrine\/augmentation-mammaire\/#primaryimage","url":"https:\/\/drsdhahak.com\/wp-content\/uploads\/2021\/02\/3.png","contentUrl":"https:\/\/drsdhahak.com\/wp-content\/uploads\/2021\/02\/3.png","width":1920,"height":680},{"@type":"BreadcrumbList","@id":"https:\/\/drsdhahak.com\/index.php\/accueil\/chirurgie-de-la-poitrine\/augmentation-mammaire\/#breadcrumb","itemListElement":[{"@type":"ListItem","position":1,"name":"Accueil","item":"https:\/\/drsdhahak.com\/"},{"@type":"ListItem","position":2,"name":"Accueil","item":"https:\/\/drsdhahak.com\/"},{"@type":"ListItem","position":3,"name":"Chirurgie de la poitrine","item":"https:\/\/drsdhahak.com\/index.php\/accueil\/chirurgie-de-la-poitrine\/"},{"@type":"ListItem","position":4,"name":"Augmentation mammaire"}]},{"@type":"WebSite","@id":"https:\/\/drsdhahak.com\/#website","url":"https:\/\/drsdhahak.com\/","name":"Drs Dhahak","description":"chirurgie plastique, r\u00e9paratrice et esth\u00e9tique et la chirurgie ophtalmologique","potentialAction":[{"@type":"SearchAction","target":{"@type":"EntryPoint","urlTemplate":"https:\/\/drsdhahak.com\/?s={search_term_string}"},"query-input":{"@type":"PropertyValueSpecification","valueRequired":true,"valueName":"search_term_string"}}],"inLanguage":"fr-FR"}]}},"_links":{"self":[{"href":"https:\/\/drsdhahak.com\/index.php\/wp-json\/wp\/v2\/pages\/1093","targetHints":{"allow":["GET"]}}],"collection":[{"href":"https:\/\/drsdhahak.com\/index.php\/wp-json\/wp\/v2\/pages"}],"about":[{"href":"https:\/\/drsdhahak.com\/index.php\/wp-json\/wp\/v2\/types\/page"}],"author":[{"embeddable":true,"href":"https:\/\/drsdhahak.com\/index.php\/wp-json\/wp\/v2\/users\/1"}],"replies":[{"embeddable":true,"href":"https:\/\/drsdhahak.com\/index.php\/wp-json\/wp\/v2\/comments?post=1093"}],"version-history":[{"count":2,"href":"https:\/\/drsdhahak.com\/index.php\/wp-json\/wp\/v2\/pages\/1093\/revisions"}],"predecessor-version":[{"id":1797,"href":"https:\/\/drsdhahak.com\/index.php\/wp-json\/wp\/v2\/pages\/1093\/revisions\/1797"}],"up":[{"embeddable":true,"href":"https:\/\/drsdhahak.com\/index.php\/wp-json\/wp\/v2\/pages\/1086"}],"wp:featuredmedia":[{"embeddable":true,"href":"https:\/\/drsdhahak.com\/index.php\/wp-json\/wp\/v2\/media\/846"}],"wp:attachment":[{"href":"https:\/\/drsdhahak.com\/index.php\/wp-json\/wp\/v2\/media?parent=1093"}],"curies":[{"name":"wp","href":"https:\/\/api.w.org\/{rel}","templated":true}]}}