{"id":1091,"date":"2021-02-17T23:56:01","date_gmt":"2021-02-17T22:56:01","guid":{"rendered":"https:\/\/drsdhahak.com\/?page_id=1091"},"modified":"2021-03-17T22:51:18","modified_gmt":"2021-03-17T21:51:18","slug":"cure-de-ptose","status":"publish","type":"page","link":"https:\/\/drsdhahak.com\/index.php\/accueil\/chirurgie-de-la-poitrine\/cure-de-ptose\/","title":{"rendered":"Cure de Pt\u00f4se"},"content":{"rendered":"<p>[vc_row css=&#8221;.vc_custom_1616017874020{padding-top: 90px !important;padding-bottom: 90px !important;}&#8221;][vc_column width=&#8221;2\/3&#8243;][vc_column_text]<\/p>\n<h1 style=\"text-align: left;\">Cure de Pt\u00f4se<\/h1>\n<p>&nbsp;<\/p>\n<p><span style=\"font-weight: 400;\">Les femmes peuvent pr\u00e9senter une chute de leurs seins suite \u00e0 une grossesse, perte de poids, vieillissement..<\/span><\/p>\n<p><span style=\"font-weight: 400;\">La cure de la pt\u00f4se appel\u00e9e \u00e9galement lifting mammaire, permet de corriger ce probl\u00e8me en enlevant l\u2019exc\u00e9dent de peau tout en recentrant le mamelon et l\u2019ar\u00e9ole et redonner ainsi un galbe au sein ( elle peut \u00eatre combin\u00e9e \u00e0 une augmentation mammaire par proth\u00e8ses si manque de volume)<\/span><\/p>\n<p><span style=\"font-weight: 400;\">Il existe plusieurs technique op\u00e9ratoire, votre chirurgien vous donnera en consultation tous les renseignements m\u00e9dicaux sur l\u2019intervention , qui sera adapt\u00e9e \u00e0 votre cas.<\/span>[\/vc_column_text][\/vc_column][vc_column width=&#8221;1\/3&#8243;][vc_single_image image=&#8221;878&#8243; img_size=&#8221;full&#8221; alignment=&#8221;center&#8221;][vc_column_text]<\/p>\n<h6 style=\"text-align: center;\">Image N\u00b01<\/h6>\n<p>[\/vc_column_text][\/vc_column][\/vc_row]<\/p>\n","protected":false},"excerpt":{"rendered":"<p>[vc_row css=&#8221;.vc_custom_1616017874020{padding-top: 90px !important;padding-bottom: 90px !important;}&#8221;][vc_column width=&#8221;2\/3&#8243;][vc_column_text] Cure de Pt\u00f4se &nbsp; Les femmes peuvent pr\u00e9senter une chute de leurs seins suite \u00e0 une grossesse, perte de poids, vieillissement.. La cure de la pt\u00f4se appel\u00e9e \u00e9galement lifting mammaire, permet de corriger ce probl\u00e8me en enlevant l\u2019exc\u00e9dent de peau tout en recentrant le mamelon et l\u2019ar\u00e9ole et [&hellip;]<\/p>\n","protected":false},"author":1,"featured_media":846,"parent":1086,"menu_order":0,"comment_status":"closed","ping_status":"closed","template":"page-templates\/template-fullwidth.php","meta":{"footnotes":""},"class_list":["post-1091","page","type-page","status-publish","has-post-thumbnail","hentry"],"yoast_head":"<!-- This site is optimized with the Yoast SEO plugin v27.1.1 - https:\/\/yoast.com\/product\/yoast-seo-wordpress\/ -->\n<title>Cure de Pt\u00f4se - Drs Dhahak<\/title>\n<meta name=\"robots\" content=\"index, follow, max-snippet:-1, max-image-preview:large, max-video-preview:-1\" \/>\n<link rel=\"canonical\" href=\"https:\/\/drsdhahak.com\/index.php\/accueil\/chirurgie-de-la-poitrine\/cure-de-ptose\/\" \/>\n<meta property=\"og:locale\" content=\"fr_FR\" \/>\n<meta property=\"og:type\" content=\"article\" \/>\n<meta property=\"og:title\" content=\"Cure de Pt\u00f4se - Drs Dhahak\" \/>\n<meta property=\"og:description\" content=\"[vc_row css=&#8221;.vc_custom_1616017874020{padding-top: 90px !important;padding-bottom: 90px !important;}&#8221;][vc_column width=&#8221;2\/3&#8243;][vc_column_text] Cure de Pt\u00f4se &nbsp; Les femmes peuvent pr\u00e9senter une chute de leurs seins suite \u00e0 une grossesse, perte de poids, vieillissement.. La cure de la pt\u00f4se appel\u00e9e \u00e9galement lifting mammaire, permet de corriger ce probl\u00e8me en enlevant l\u2019exc\u00e9dent de peau tout en recentrant le mamelon et l\u2019ar\u00e9ole et [&hellip;]\" \/>\n<meta property=\"og:url\" content=\"https:\/\/drsdhahak.com\/index.php\/accueil\/chirurgie-de-la-poitrine\/cure-de-ptose\/\" \/>\n<meta property=\"og:site_name\" content=\"Drs Dhahak\" \/>\n<meta property=\"article:modified_time\" content=\"2021-03-17T21:51:18+00:00\" \/>\n<meta property=\"og:image\" content=\"https:\/\/drsdhahak.com\/wp-content\/uploads\/2021\/02\/3.png\" \/>\n\t<meta property=\"og:image:width\" content=\"1920\" \/>\n\t<meta property=\"og:image:height\" content=\"680\" \/>\n\t<meta property=\"og:image:type\" content=\"image\/png\" \/>\n<meta name=\"twitter:card\" content=\"summary_large_image\" \/>\n<meta name=\"twitter:label1\" content=\"Dur\u00e9e de lecture estim\u00e9e\" \/>\n\t<meta name=\"twitter:data1\" content=\"1 minute\" \/>\n<script type=\"application\/ld+json\" class=\"yoast-schema-graph\">{\"@context\":\"https:\/\/schema.org\",\"@graph\":[{\"@type\":\"WebPage\",\"@id\":\"https:\/\/drsdhahak.com\/index.php\/accueil\/chirurgie-de-la-poitrine\/cure-de-ptose\/\",\"url\":\"https:\/\/drsdhahak.com\/index.php\/accueil\/chirurgie-de-la-poitrine\/cure-de-ptose\/\",\"name\":\"Cure de Pt\u00f4se - Drs Dhahak\",\"isPartOf\":{\"@id\":\"https:\/\/drsdhahak.com\/#website\"},\"primaryImageOfPage\":{\"@id\":\"https:\/\/drsdhahak.com\/index.php\/accueil\/chirurgie-de-la-poitrine\/cure-de-ptose\/#primaryimage\"},\"image\":{\"@id\":\"https:\/\/drsdhahak.com\/index.php\/accueil\/chirurgie-de-la-poitrine\/cure-de-ptose\/#primaryimage\"},\"thumbnailUrl\":\"https:\/\/drsdhahak.com\/wp-content\/uploads\/2021\/02\/3.png\",\"datePublished\":\"2021-02-17T22:56:01+00:00\",\"dateModified\":\"2021-03-17T21:51:18+00:00\",\"breadcrumb\":{\"@id\":\"https:\/\/drsdhahak.com\/index.php\/accueil\/chirurgie-de-la-poitrine\/cure-de-ptose\/#breadcrumb\"},\"inLanguage\":\"fr-FR\",\"potentialAction\":[{\"@type\":\"ReadAction\",\"target\":[\"https:\/\/drsdhahak.com\/index.php\/accueil\/chirurgie-de-la-poitrine\/cure-de-ptose\/\"]}]},{\"@type\":\"ImageObject\",\"inLanguage\":\"fr-FR\",\"@id\":\"https:\/\/drsdhahak.com\/index.php\/accueil\/chirurgie-de-la-poitrine\/cure-de-ptose\/#primaryimage\",\"url\":\"https:\/\/drsdhahak.com\/wp-content\/uploads\/2021\/02\/3.png\",\"contentUrl\":\"https:\/\/drsdhahak.com\/wp-content\/uploads\/2021\/02\/3.png\",\"width\":1920,\"height\":680},{\"@type\":\"BreadcrumbList\",\"@id\":\"https:\/\/drsdhahak.com\/index.php\/accueil\/chirurgie-de-la-poitrine\/cure-de-ptose\/#breadcrumb\",\"itemListElement\":[{\"@type\":\"ListItem\",\"position\":1,\"name\":\"Accueil\",\"item\":\"https:\/\/drsdhahak.com\/\"},{\"@type\":\"ListItem\",\"position\":2,\"name\":\"Accueil\",\"item\":\"https:\/\/drsdhahak.com\/\"},{\"@type\":\"ListItem\",\"position\":3,\"name\":\"Chirurgie de la poitrine\",\"item\":\"https:\/\/drsdhahak.com\/index.php\/accueil\/chirurgie-de-la-poitrine\/\"},{\"@type\":\"ListItem\",\"position\":4,\"name\":\"Cure de Pt\u00f4se\"}]},{\"@type\":\"WebSite\",\"@id\":\"https:\/\/drsdhahak.com\/#website\",\"url\":\"https:\/\/drsdhahak.com\/\",\"name\":\"Drs Dhahak\",\"description\":\"chirurgie plastique, r\u00e9paratrice et esth\u00e9tique et la chirurgie ophtalmologique\",\"potentialAction\":[{\"@type\":\"SearchAction\",\"target\":{\"@type\":\"EntryPoint\",\"urlTemplate\":\"https:\/\/drsdhahak.com\/?s={search_term_string}\"},\"query-input\":{\"@type\":\"PropertyValueSpecification\",\"valueRequired\":true,\"valueName\":\"search_term_string\"}}],\"inLanguage\":\"fr-FR\"}]}<\/script>\n<!-- \/ Yoast SEO plugin. -->","yoast_head_json":{"title":"Cure de Pt\u00f4se - Drs Dhahak","robots":{"index":"index","follow":"follow","max-snippet":"max-snippet:-1","max-image-preview":"max-image-preview:large","max-video-preview":"max-video-preview:-1"},"canonical":"https:\/\/drsdhahak.com\/index.php\/accueil\/chirurgie-de-la-poitrine\/cure-de-ptose\/","og_locale":"fr_FR","og_type":"article","og_title":"Cure de Pt\u00f4se - Drs Dhahak","og_description":"[vc_row css=&#8221;.vc_custom_1616017874020{padding-top: 90px !important;padding-bottom: 90px !important;}&#8221;][vc_column width=&#8221;2\/3&#8243;][vc_column_text] Cure de Pt\u00f4se &nbsp; Les femmes peuvent pr\u00e9senter une chute de leurs seins suite \u00e0 une grossesse, perte de poids, vieillissement.. La cure de la pt\u00f4se appel\u00e9e \u00e9galement lifting mammaire, permet de corriger ce probl\u00e8me en enlevant l\u2019exc\u00e9dent de peau tout en recentrant le mamelon et l\u2019ar\u00e9ole et [&hellip;]","og_url":"https:\/\/drsdhahak.com\/index.php\/accueil\/chirurgie-de-la-poitrine\/cure-de-ptose\/","og_site_name":"Drs Dhahak","article_modified_time":"2021-03-17T21:51:18+00:00","og_image":[{"width":1920,"height":680,"url":"https:\/\/drsdhahak.com\/wp-content\/uploads\/2021\/02\/3.png","type":"image\/png"}],"twitter_card":"summary_large_image","twitter_misc":{"Dur\u00e9e de lecture estim\u00e9e":"1 minute"},"schema":{"@context":"https:\/\/schema.org","@graph":[{"@type":"WebPage","@id":"https:\/\/drsdhahak.com\/index.php\/accueil\/chirurgie-de-la-poitrine\/cure-de-ptose\/","url":"https:\/\/drsdhahak.com\/index.php\/accueil\/chirurgie-de-la-poitrine\/cure-de-ptose\/","name":"Cure de Pt\u00f4se - Drs Dhahak","isPartOf":{"@id":"https:\/\/drsdhahak.com\/#website"},"primaryImageOfPage":{"@id":"https:\/\/drsdhahak.com\/index.php\/accueil\/chirurgie-de-la-poitrine\/cure-de-ptose\/#primaryimage"},"image":{"@id":"https:\/\/drsdhahak.com\/index.php\/accueil\/chirurgie-de-la-poitrine\/cure-de-ptose\/#primaryimage"},"thumbnailUrl":"https:\/\/drsdhahak.com\/wp-content\/uploads\/2021\/02\/3.png","datePublished":"2021-02-17T22:56:01+00:00","dateModified":"2021-03-17T21:51:18+00:00","breadcrumb":{"@id":"https:\/\/drsdhahak.com\/index.php\/accueil\/chirurgie-de-la-poitrine\/cure-de-ptose\/#breadcrumb"},"inLanguage":"fr-FR","potentialAction":[{"@type":"ReadAction","target":["https:\/\/drsdhahak.com\/index.php\/accueil\/chirurgie-de-la-poitrine\/cure-de-ptose\/"]}]},{"@type":"ImageObject","inLanguage":"fr-FR","@id":"https:\/\/drsdhahak.com\/index.php\/accueil\/chirurgie-de-la-poitrine\/cure-de-ptose\/#primaryimage","url":"https:\/\/drsdhahak.com\/wp-content\/uploads\/2021\/02\/3.png","contentUrl":"https:\/\/drsdhahak.com\/wp-content\/uploads\/2021\/02\/3.png","width":1920,"height":680},{"@type":"BreadcrumbList","@id":"https:\/\/drsdhahak.com\/index.php\/accueil\/chirurgie-de-la-poitrine\/cure-de-ptose\/#breadcrumb","itemListElement":[{"@type":"ListItem","position":1,"name":"Accueil","item":"https:\/\/drsdhahak.com\/"},{"@type":"ListItem","position":2,"name":"Accueil","item":"https:\/\/drsdhahak.com\/"},{"@type":"ListItem","position":3,"name":"Chirurgie de la poitrine","item":"https:\/\/drsdhahak.com\/index.php\/accueil\/chirurgie-de-la-poitrine\/"},{"@type":"ListItem","position":4,"name":"Cure de Pt\u00f4se"}]},{"@type":"WebSite","@id":"https:\/\/drsdhahak.com\/#website","url":"https:\/\/drsdhahak.com\/","name":"Drs Dhahak","description":"chirurgie plastique, r\u00e9paratrice et esth\u00e9tique et la chirurgie ophtalmologique","potentialAction":[{"@type":"SearchAction","target":{"@type":"EntryPoint","urlTemplate":"https:\/\/drsdhahak.com\/?s={search_term_string}"},"query-input":{"@type":"PropertyValueSpecification","valueRequired":true,"valueName":"search_term_string"}}],"inLanguage":"fr-FR"}]}},"_links":{"self":[{"href":"https:\/\/drsdhahak.com\/index.php\/wp-json\/wp\/v2\/pages\/1091","targetHints":{"allow":["GET"]}}],"collection":[{"href":"https:\/\/drsdhahak.com\/index.php\/wp-json\/wp\/v2\/pages"}],"about":[{"href":"https:\/\/drsdhahak.com\/index.php\/wp-json\/wp\/v2\/types\/page"}],"author":[{"embeddable":true,"href":"https:\/\/drsdhahak.com\/index.php\/wp-json\/wp\/v2\/users\/1"}],"replies":[{"embeddable":true,"href":"https:\/\/drsdhahak.com\/index.php\/wp-json\/wp\/v2\/comments?post=1091"}],"version-history":[{"count":3,"href":"https:\/\/drsdhahak.com\/index.php\/wp-json\/wp\/v2\/pages\/1091\/revisions"}],"predecessor-version":[{"id":1798,"href":"https:\/\/drsdhahak.com\/index.php\/wp-json\/wp\/v2\/pages\/1091\/revisions\/1798"}],"up":[{"embeddable":true,"href":"https:\/\/drsdhahak.com\/index.php\/wp-json\/wp\/v2\/pages\/1086"}],"wp:featuredmedia":[{"embeddable":true,"href":"https:\/\/drsdhahak.com\/index.php\/wp-json\/wp\/v2\/media\/846"}],"wp:attachment":[{"href":"https:\/\/drsdhahak.com\/index.php\/wp-json\/wp\/v2\/media?parent=1091"}],"curies":[{"name":"wp","href":"https:\/\/api.w.org\/{rel}","templated":true}]}}