{"id":1084,"date":"2021-02-17T23:48:49","date_gmt":"2021-02-17T22:48:49","guid":{"rendered":"https:\/\/drsdhahak.com\/?page_id=1084"},"modified":"2021-03-17T22:54:22","modified_gmt":"2021-03-17T21:54:22","slug":"le-lifting-du-visage-et-du-cou","status":"publish","type":"page","link":"https:\/\/drsdhahak.com\/index.php\/accueil\/chirurgie-du-visage\/le-lifting-du-visage-et-du-cou\/","title":{"rendered":"Le Lifting du Visage et du Cou"},"content":{"rendered":"<p>[vc_row css=&#8221;.vc_custom_1616018061771{padding-top: 90px !important;padding-bottom: 90px !important;}&#8221;][vc_column width=&#8221;2\/3&#8243;][vc_column_text]<\/p>\n<h1 style=\"text-align: left;\">Le Lifting du Visage et du Cou<\/h1>\n<p>&nbsp;<\/p>\n<p><span style=\"font-weight: 400;\">le temps qui passe marque votre peau, celle-ci perd de son \u00e9lasticit\u00e9, sa texture et de sa brillance.<\/span><\/p>\n<p><span style=\"font-weight: 400;\">La chirurgie plastique offre plusieurs solution pour compenser la perte de volume, corriger les rides ou le rel\u00e2chement cutan\u00e9.<\/span><\/p>\n<p><span style=\"font-weight: 400;\">Le lifting naturel, permet de retendre la peau et de redonner de la fra\u00eecheur et de la jeunesse \u00e0 votre visage et\/ou cou.<\/span><\/p>\n<p><span style=\"font-weight: 400;\">Le visage ne pr\u00e9sente ainsi, aucun effet fig\u00e9 avec des cicatrices bien dissimuler.<\/span><\/p>\n<p><span style=\"font-weight: 400;\">En vous accueillant dans son cabinet, votre chirurgien \u00e9coutera vos souhaits et vos attentes par rapports aux soins et vous expliquera les diff\u00e9rentes techniques ainsi que les limites m\u00e9dicales, vous concernants.<\/span><\/p>\n<p>[\/vc_column_text][\/vc_column][vc_column width=&#8221;1\/3&#8243;][\/vc_column][\/vc_row]<\/p>\n","protected":false},"excerpt":{"rendered":"<p>[vc_row css=&#8221;.vc_custom_1616018061771{padding-top: 90px !important;padding-bottom: 90px !important;}&#8221;][vc_column width=&#8221;2\/3&#8243;][vc_column_text] Le Lifting du Visage et du Cou &nbsp; le temps qui passe marque votre peau, celle-ci perd de son \u00e9lasticit\u00e9, sa texture et de sa brillance. La chirurgie plastique offre plusieurs solution pour compenser la perte de volume, corriger les rides ou le rel\u00e2chement cutan\u00e9. Le lifting naturel, [&hellip;]<\/p>\n","protected":false},"author":1,"featured_media":850,"parent":1074,"menu_order":0,"comment_status":"closed","ping_status":"closed","template":"page-templates\/template-fullwidth.php","meta":{"footnotes":""},"class_list":["post-1084","page","type-page","status-publish","has-post-thumbnail","hentry"],"yoast_head":"<!-- This site is optimized with the Yoast SEO plugin v27.1.1 - https:\/\/yoast.com\/product\/yoast-seo-wordpress\/ -->\n<title>Le Lifting du Visage et du Cou - Drs Dhahak<\/title>\n<meta name=\"robots\" content=\"index, follow, max-snippet:-1, max-image-preview:large, max-video-preview:-1\" \/>\n<link rel=\"canonical\" href=\"https:\/\/drsdhahak.com\/index.php\/accueil\/chirurgie-du-visage\/le-lifting-du-visage-et-du-cou\/\" \/>\n<meta property=\"og:locale\" content=\"fr_FR\" \/>\n<meta property=\"og:type\" content=\"article\" \/>\n<meta property=\"og:title\" content=\"Le Lifting du Visage et du Cou - Drs Dhahak\" \/>\n<meta property=\"og:description\" content=\"[vc_row css=&#8221;.vc_custom_1616018061771{padding-top: 90px !important;padding-bottom: 90px !important;}&#8221;][vc_column width=&#8221;2\/3&#8243;][vc_column_text] Le Lifting du Visage et du Cou &nbsp; le temps qui passe marque votre peau, celle-ci perd de son \u00e9lasticit\u00e9, sa texture et de sa brillance. La chirurgie plastique offre plusieurs solution pour compenser la perte de volume, corriger les rides ou le rel\u00e2chement cutan\u00e9. Le lifting naturel, [&hellip;]\" \/>\n<meta property=\"og:url\" content=\"https:\/\/drsdhahak.com\/index.php\/accueil\/chirurgie-du-visage\/le-lifting-du-visage-et-du-cou\/\" \/>\n<meta property=\"og:site_name\" content=\"Drs Dhahak\" \/>\n<meta property=\"article:modified_time\" content=\"2021-03-17T21:54:22+00:00\" \/>\n<meta property=\"og:image\" content=\"https:\/\/drsdhahak.com\/wp-content\/uploads\/2021\/02\/7.png\" \/>\n\t<meta property=\"og:image:width\" content=\"1920\" \/>\n\t<meta property=\"og:image:height\" content=\"680\" \/>\n\t<meta property=\"og:image:type\" content=\"image\/png\" \/>\n<meta name=\"twitter:card\" content=\"summary_large_image\" \/>\n<meta name=\"twitter:label1\" content=\"Dur\u00e9e de lecture estim\u00e9e\" \/>\n\t<meta name=\"twitter:data1\" content=\"1 minute\" \/>\n<script type=\"application\/ld+json\" class=\"yoast-schema-graph\">{\"@context\":\"https:\/\/schema.org\",\"@graph\":[{\"@type\":\"WebPage\",\"@id\":\"https:\/\/drsdhahak.com\/index.php\/accueil\/chirurgie-du-visage\/le-lifting-du-visage-et-du-cou\/\",\"url\":\"https:\/\/drsdhahak.com\/index.php\/accueil\/chirurgie-du-visage\/le-lifting-du-visage-et-du-cou\/\",\"name\":\"Le Lifting du Visage et du Cou - Drs Dhahak\",\"isPartOf\":{\"@id\":\"https:\/\/drsdhahak.com\/#website\"},\"primaryImageOfPage\":{\"@id\":\"https:\/\/drsdhahak.com\/index.php\/accueil\/chirurgie-du-visage\/le-lifting-du-visage-et-du-cou\/#primaryimage\"},\"image\":{\"@id\":\"https:\/\/drsdhahak.com\/index.php\/accueil\/chirurgie-du-visage\/le-lifting-du-visage-et-du-cou\/#primaryimage\"},\"thumbnailUrl\":\"https:\/\/drsdhahak.com\/wp-content\/uploads\/2021\/02\/7.png\",\"datePublished\":\"2021-02-17T22:48:49+00:00\",\"dateModified\":\"2021-03-17T21:54:22+00:00\",\"breadcrumb\":{\"@id\":\"https:\/\/drsdhahak.com\/index.php\/accueil\/chirurgie-du-visage\/le-lifting-du-visage-et-du-cou\/#breadcrumb\"},\"inLanguage\":\"fr-FR\",\"potentialAction\":[{\"@type\":\"ReadAction\",\"target\":[\"https:\/\/drsdhahak.com\/index.php\/accueil\/chirurgie-du-visage\/le-lifting-du-visage-et-du-cou\/\"]}]},{\"@type\":\"ImageObject\",\"inLanguage\":\"fr-FR\",\"@id\":\"https:\/\/drsdhahak.com\/index.php\/accueil\/chirurgie-du-visage\/le-lifting-du-visage-et-du-cou\/#primaryimage\",\"url\":\"https:\/\/drsdhahak.com\/wp-content\/uploads\/2021\/02\/7.png\",\"contentUrl\":\"https:\/\/drsdhahak.com\/wp-content\/uploads\/2021\/02\/7.png\",\"width\":1920,\"height\":680},{\"@type\":\"BreadcrumbList\",\"@id\":\"https:\/\/drsdhahak.com\/index.php\/accueil\/chirurgie-du-visage\/le-lifting-du-visage-et-du-cou\/#breadcrumb\",\"itemListElement\":[{\"@type\":\"ListItem\",\"position\":1,\"name\":\"Accueil\",\"item\":\"https:\/\/drsdhahak.com\/\"},{\"@type\":\"ListItem\",\"position\":2,\"name\":\"Accueil\",\"item\":\"https:\/\/drsdhahak.com\/\"},{\"@type\":\"ListItem\",\"position\":3,\"name\":\"Chirurgie du visage\",\"item\":\"https:\/\/drsdhahak.com\/index.php\/accueil\/chirurgie-du-visage\/\"},{\"@type\":\"ListItem\",\"position\":4,\"name\":\"Le Lifting du Visage et du Cou\"}]},{\"@type\":\"WebSite\",\"@id\":\"https:\/\/drsdhahak.com\/#website\",\"url\":\"https:\/\/drsdhahak.com\/\",\"name\":\"Drs Dhahak\",\"description\":\"chirurgie plastique, r\u00e9paratrice et esth\u00e9tique et la chirurgie ophtalmologique\",\"potentialAction\":[{\"@type\":\"SearchAction\",\"target\":{\"@type\":\"EntryPoint\",\"urlTemplate\":\"https:\/\/drsdhahak.com\/?s={search_term_string}\"},\"query-input\":{\"@type\":\"PropertyValueSpecification\",\"valueRequired\":true,\"valueName\":\"search_term_string\"}}],\"inLanguage\":\"fr-FR\"}]}<\/script>\n<!-- \/ Yoast SEO plugin. -->","yoast_head_json":{"title":"Le Lifting du Visage et du Cou - Drs Dhahak","robots":{"index":"index","follow":"follow","max-snippet":"max-snippet:-1","max-image-preview":"max-image-preview:large","max-video-preview":"max-video-preview:-1"},"canonical":"https:\/\/drsdhahak.com\/index.php\/accueil\/chirurgie-du-visage\/le-lifting-du-visage-et-du-cou\/","og_locale":"fr_FR","og_type":"article","og_title":"Le Lifting du Visage et du Cou - Drs Dhahak","og_description":"[vc_row css=&#8221;.vc_custom_1616018061771{padding-top: 90px !important;padding-bottom: 90px !important;}&#8221;][vc_column width=&#8221;2\/3&#8243;][vc_column_text] Le Lifting du Visage et du Cou &nbsp; le temps qui passe marque votre peau, celle-ci perd de son \u00e9lasticit\u00e9, sa texture et de sa brillance. La chirurgie plastique offre plusieurs solution pour compenser la perte de volume, corriger les rides ou le rel\u00e2chement cutan\u00e9. Le lifting naturel, [&hellip;]","og_url":"https:\/\/drsdhahak.com\/index.php\/accueil\/chirurgie-du-visage\/le-lifting-du-visage-et-du-cou\/","og_site_name":"Drs Dhahak","article_modified_time":"2021-03-17T21:54:22+00:00","og_image":[{"width":1920,"height":680,"url":"https:\/\/drsdhahak.com\/wp-content\/uploads\/2021\/02\/7.png","type":"image\/png"}],"twitter_card":"summary_large_image","twitter_misc":{"Dur\u00e9e de lecture estim\u00e9e":"1 minute"},"schema":{"@context":"https:\/\/schema.org","@graph":[{"@type":"WebPage","@id":"https:\/\/drsdhahak.com\/index.php\/accueil\/chirurgie-du-visage\/le-lifting-du-visage-et-du-cou\/","url":"https:\/\/drsdhahak.com\/index.php\/accueil\/chirurgie-du-visage\/le-lifting-du-visage-et-du-cou\/","name":"Le Lifting du Visage et du Cou - Drs Dhahak","isPartOf":{"@id":"https:\/\/drsdhahak.com\/#website"},"primaryImageOfPage":{"@id":"https:\/\/drsdhahak.com\/index.php\/accueil\/chirurgie-du-visage\/le-lifting-du-visage-et-du-cou\/#primaryimage"},"image":{"@id":"https:\/\/drsdhahak.com\/index.php\/accueil\/chirurgie-du-visage\/le-lifting-du-visage-et-du-cou\/#primaryimage"},"thumbnailUrl":"https:\/\/drsdhahak.com\/wp-content\/uploads\/2021\/02\/7.png","datePublished":"2021-02-17T22:48:49+00:00","dateModified":"2021-03-17T21:54:22+00:00","breadcrumb":{"@id":"https:\/\/drsdhahak.com\/index.php\/accueil\/chirurgie-du-visage\/le-lifting-du-visage-et-du-cou\/#breadcrumb"},"inLanguage":"fr-FR","potentialAction":[{"@type":"ReadAction","target":["https:\/\/drsdhahak.com\/index.php\/accueil\/chirurgie-du-visage\/le-lifting-du-visage-et-du-cou\/"]}]},{"@type":"ImageObject","inLanguage":"fr-FR","@id":"https:\/\/drsdhahak.com\/index.php\/accueil\/chirurgie-du-visage\/le-lifting-du-visage-et-du-cou\/#primaryimage","url":"https:\/\/drsdhahak.com\/wp-content\/uploads\/2021\/02\/7.png","contentUrl":"https:\/\/drsdhahak.com\/wp-content\/uploads\/2021\/02\/7.png","width":1920,"height":680},{"@type":"BreadcrumbList","@id":"https:\/\/drsdhahak.com\/index.php\/accueil\/chirurgie-du-visage\/le-lifting-du-visage-et-du-cou\/#breadcrumb","itemListElement":[{"@type":"ListItem","position":1,"name":"Accueil","item":"https:\/\/drsdhahak.com\/"},{"@type":"ListItem","position":2,"name":"Accueil","item":"https:\/\/drsdhahak.com\/"},{"@type":"ListItem","position":3,"name":"Chirurgie du visage","item":"https:\/\/drsdhahak.com\/index.php\/accueil\/chirurgie-du-visage\/"},{"@type":"ListItem","position":4,"name":"Le Lifting du Visage et du Cou"}]},{"@type":"WebSite","@id":"https:\/\/drsdhahak.com\/#website","url":"https:\/\/drsdhahak.com\/","name":"Drs Dhahak","description":"chirurgie plastique, r\u00e9paratrice et esth\u00e9tique et la chirurgie ophtalmologique","potentialAction":[{"@type":"SearchAction","target":{"@type":"EntryPoint","urlTemplate":"https:\/\/drsdhahak.com\/?s={search_term_string}"},"query-input":{"@type":"PropertyValueSpecification","valueRequired":true,"valueName":"search_term_string"}}],"inLanguage":"fr-FR"}]}},"_links":{"self":[{"href":"https:\/\/drsdhahak.com\/index.php\/wp-json\/wp\/v2\/pages\/1084","targetHints":{"allow":["GET"]}}],"collection":[{"href":"https:\/\/drsdhahak.com\/index.php\/wp-json\/wp\/v2\/pages"}],"about":[{"href":"https:\/\/drsdhahak.com\/index.php\/wp-json\/wp\/v2\/types\/page"}],"author":[{"embeddable":true,"href":"https:\/\/drsdhahak.com\/index.php\/wp-json\/wp\/v2\/users\/1"}],"replies":[{"embeddable":true,"href":"https:\/\/drsdhahak.com\/index.php\/wp-json\/wp\/v2\/comments?post=1084"}],"version-history":[{"count":3,"href":"https:\/\/drsdhahak.com\/index.php\/wp-json\/wp\/v2\/pages\/1084\/revisions"}],"predecessor-version":[{"id":1805,"href":"https:\/\/drsdhahak.com\/index.php\/wp-json\/wp\/v2\/pages\/1084\/revisions\/1805"}],"up":[{"embeddable":true,"href":"https:\/\/drsdhahak.com\/index.php\/wp-json\/wp\/v2\/pages\/1074"}],"wp:featuredmedia":[{"embeddable":true,"href":"https:\/\/drsdhahak.com\/index.php\/wp-json\/wp\/v2\/media\/850"}],"wp:attachment":[{"href":"https:\/\/drsdhahak.com\/index.php\/wp-json\/wp\/v2\/media?parent=1084"}],"curies":[{"name":"wp","href":"https:\/\/api.w.org\/{rel}","templated":true}]}}