{"id":1082,"date":"2021-02-17T23:47:04","date_gmt":"2021-02-17T22:47:04","guid":{"rendered":"https:\/\/drsdhahak.com\/?page_id=1082"},"modified":"2021-03-17T22:54:37","modified_gmt":"2021-03-17T21:54:37","slug":"le-lifting-temporal","status":"publish","type":"page","link":"https:\/\/drsdhahak.com\/index.php\/accueil\/chirurgie-du-visage\/le-lifting-temporal\/","title":{"rendered":"Le Lifting Temporal"},"content":{"rendered":"<p>[vc_row css=&#8221;.vc_custom_1616018076582{padding-top: 90px !important;padding-bottom: 90px !important;}&#8221;][vc_column width=&#8221;2\/3&#8243;][vc_column_text]<\/p>\n<h1 style=\"text-align: left;\">Le Lifting Temporal<\/h1>\n<p>&nbsp;<\/p>\n<p><span style=\"font-weight: 400;\">il s\u2019agit d\u2019un lifting localis\u00e9, indiqu\u00e9 dans le traitement de la chute des sourcils, il permet \u00e9galement de d\u00e9plisser la patte d\u2019oie.<\/span>[\/vc_column_text][\/vc_column][vc_column width=&#8221;1\/3&#8243;][vc_single_image image=&#8221;881&#8243; img_size=&#8221;full&#8221; alignment=&#8221;center&#8221;][vc_column_text]<\/p>\n<h6 style=\"text-align: center;\"><em>Image N\u00b01<\/em><\/h6>\n<p>[\/vc_column_text][\/vc_column][\/vc_row]<\/p>\n","protected":false},"excerpt":{"rendered":"<p>[vc_row css=&#8221;.vc_custom_1616018076582{padding-top: 90px !important;padding-bottom: 90px !important;}&#8221;][vc_column width=&#8221;2\/3&#8243;][vc_column_text] Le Lifting Temporal &nbsp; il s\u2019agit d\u2019un lifting localis\u00e9, indiqu\u00e9 dans le traitement de la chute des sourcils, il permet \u00e9galement de d\u00e9plisser la patte d\u2019oie.[\/vc_column_text][\/vc_column][vc_column width=&#8221;1\/3&#8243;][vc_single_image image=&#8221;881&#8243; img_size=&#8221;full&#8221; alignment=&#8221;center&#8221;][vc_column_text] Image N\u00b01 [\/vc_column_text][\/vc_column][\/vc_row]<\/p>\n","protected":false},"author":1,"featured_media":850,"parent":1074,"menu_order":0,"comment_status":"closed","ping_status":"closed","template":"page-templates\/template-fullwidth.php","meta":{"footnotes":""},"class_list":["post-1082","page","type-page","status-publish","has-post-thumbnail","hentry"],"yoast_head":"<!-- This site is optimized with the Yoast SEO plugin v27.1.1 - https:\/\/yoast.com\/product\/yoast-seo-wordpress\/ -->\n<title>Le Lifting Temporal - Drs Dhahak<\/title>\n<meta name=\"robots\" content=\"index, follow, max-snippet:-1, max-image-preview:large, max-video-preview:-1\" \/>\n<link rel=\"canonical\" href=\"https:\/\/drsdhahak.com\/index.php\/accueil\/chirurgie-du-visage\/le-lifting-temporal\/\" \/>\n<meta property=\"og:locale\" content=\"fr_FR\" \/>\n<meta property=\"og:type\" content=\"article\" \/>\n<meta property=\"og:title\" content=\"Le Lifting Temporal - Drs Dhahak\" \/>\n<meta property=\"og:description\" content=\"[vc_row css=&#8221;.vc_custom_1616018076582{padding-top: 90px !important;padding-bottom: 90px !important;}&#8221;][vc_column width=&#8221;2\/3&#8243;][vc_column_text] Le Lifting Temporal &nbsp; il s\u2019agit d\u2019un lifting localis\u00e9, indiqu\u00e9 dans le traitement de la chute des sourcils, il permet \u00e9galement de d\u00e9plisser la patte d\u2019oie.[\/vc_column_text][\/vc_column][vc_column width=&#8221;1\/3&#8243;][vc_single_image image=&#8221;881&#8243; img_size=&#8221;full&#8221; alignment=&#8221;center&#8221;][vc_column_text] Image N\u00b01 [\/vc_column_text][\/vc_column][\/vc_row]\" \/>\n<meta property=\"og:url\" content=\"https:\/\/drsdhahak.com\/index.php\/accueil\/chirurgie-du-visage\/le-lifting-temporal\/\" \/>\n<meta property=\"og:site_name\" content=\"Drs Dhahak\" \/>\n<meta property=\"article:modified_time\" content=\"2021-03-17T21:54:37+00:00\" \/>\n<meta property=\"og:image\" content=\"https:\/\/drsdhahak.com\/wp-content\/uploads\/2021\/02\/7.png\" \/>\n\t<meta property=\"og:image:width\" content=\"1920\" \/>\n\t<meta property=\"og:image:height\" content=\"680\" \/>\n\t<meta property=\"og:image:type\" content=\"image\/png\" \/>\n<meta name=\"twitter:card\" content=\"summary_large_image\" \/>\n<meta name=\"twitter:label1\" content=\"Dur\u00e9e de lecture estim\u00e9e\" \/>\n\t<meta name=\"twitter:data1\" content=\"1 minute\" \/>\n<script type=\"application\/ld+json\" class=\"yoast-schema-graph\">{\"@context\":\"https:\/\/schema.org\",\"@graph\":[{\"@type\":\"WebPage\",\"@id\":\"https:\/\/drsdhahak.com\/index.php\/accueil\/chirurgie-du-visage\/le-lifting-temporal\/\",\"url\":\"https:\/\/drsdhahak.com\/index.php\/accueil\/chirurgie-du-visage\/le-lifting-temporal\/\",\"name\":\"Le Lifting Temporal - Drs Dhahak\",\"isPartOf\":{\"@id\":\"https:\/\/drsdhahak.com\/#website\"},\"primaryImageOfPage\":{\"@id\":\"https:\/\/drsdhahak.com\/index.php\/accueil\/chirurgie-du-visage\/le-lifting-temporal\/#primaryimage\"},\"image\":{\"@id\":\"https:\/\/drsdhahak.com\/index.php\/accueil\/chirurgie-du-visage\/le-lifting-temporal\/#primaryimage\"},\"thumbnailUrl\":\"https:\/\/drsdhahak.com\/wp-content\/uploads\/2021\/02\/7.png\",\"datePublished\":\"2021-02-17T22:47:04+00:00\",\"dateModified\":\"2021-03-17T21:54:37+00:00\",\"breadcrumb\":{\"@id\":\"https:\/\/drsdhahak.com\/index.php\/accueil\/chirurgie-du-visage\/le-lifting-temporal\/#breadcrumb\"},\"inLanguage\":\"fr-FR\",\"potentialAction\":[{\"@type\":\"ReadAction\",\"target\":[\"https:\/\/drsdhahak.com\/index.php\/accueil\/chirurgie-du-visage\/le-lifting-temporal\/\"]}]},{\"@type\":\"ImageObject\",\"inLanguage\":\"fr-FR\",\"@id\":\"https:\/\/drsdhahak.com\/index.php\/accueil\/chirurgie-du-visage\/le-lifting-temporal\/#primaryimage\",\"url\":\"https:\/\/drsdhahak.com\/wp-content\/uploads\/2021\/02\/7.png\",\"contentUrl\":\"https:\/\/drsdhahak.com\/wp-content\/uploads\/2021\/02\/7.png\",\"width\":1920,\"height\":680},{\"@type\":\"BreadcrumbList\",\"@id\":\"https:\/\/drsdhahak.com\/index.php\/accueil\/chirurgie-du-visage\/le-lifting-temporal\/#breadcrumb\",\"itemListElement\":[{\"@type\":\"ListItem\",\"position\":1,\"name\":\"Accueil\",\"item\":\"https:\/\/drsdhahak.com\/\"},{\"@type\":\"ListItem\",\"position\":2,\"name\":\"Accueil\",\"item\":\"https:\/\/drsdhahak.com\/\"},{\"@type\":\"ListItem\",\"position\":3,\"name\":\"Chirurgie du visage\",\"item\":\"https:\/\/drsdhahak.com\/index.php\/accueil\/chirurgie-du-visage\/\"},{\"@type\":\"ListItem\",\"position\":4,\"name\":\"Le Lifting Temporal\"}]},{\"@type\":\"WebSite\",\"@id\":\"https:\/\/drsdhahak.com\/#website\",\"url\":\"https:\/\/drsdhahak.com\/\",\"name\":\"Drs Dhahak\",\"description\":\"chirurgie plastique, r\u00e9paratrice et esth\u00e9tique et la chirurgie ophtalmologique\",\"potentialAction\":[{\"@type\":\"SearchAction\",\"target\":{\"@type\":\"EntryPoint\",\"urlTemplate\":\"https:\/\/drsdhahak.com\/?s={search_term_string}\"},\"query-input\":{\"@type\":\"PropertyValueSpecification\",\"valueRequired\":true,\"valueName\":\"search_term_string\"}}],\"inLanguage\":\"fr-FR\"}]}<\/script>\n<!-- \/ Yoast SEO plugin. -->","yoast_head_json":{"title":"Le Lifting Temporal - Drs Dhahak","robots":{"index":"index","follow":"follow","max-snippet":"max-snippet:-1","max-image-preview":"max-image-preview:large","max-video-preview":"max-video-preview:-1"},"canonical":"https:\/\/drsdhahak.com\/index.php\/accueil\/chirurgie-du-visage\/le-lifting-temporal\/","og_locale":"fr_FR","og_type":"article","og_title":"Le Lifting Temporal - Drs Dhahak","og_description":"[vc_row css=&#8221;.vc_custom_1616018076582{padding-top: 90px !important;padding-bottom: 90px !important;}&#8221;][vc_column width=&#8221;2\/3&#8243;][vc_column_text] Le Lifting Temporal &nbsp; il s\u2019agit d\u2019un lifting localis\u00e9, indiqu\u00e9 dans le traitement de la chute des sourcils, il permet \u00e9galement de d\u00e9plisser la patte d\u2019oie.[\/vc_column_text][\/vc_column][vc_column width=&#8221;1\/3&#8243;][vc_single_image image=&#8221;881&#8243; img_size=&#8221;full&#8221; alignment=&#8221;center&#8221;][vc_column_text] Image N\u00b01 [\/vc_column_text][\/vc_column][\/vc_row]","og_url":"https:\/\/drsdhahak.com\/index.php\/accueil\/chirurgie-du-visage\/le-lifting-temporal\/","og_site_name":"Drs Dhahak","article_modified_time":"2021-03-17T21:54:37+00:00","og_image":[{"width":1920,"height":680,"url":"https:\/\/drsdhahak.com\/wp-content\/uploads\/2021\/02\/7.png","type":"image\/png"}],"twitter_card":"summary_large_image","twitter_misc":{"Dur\u00e9e de lecture estim\u00e9e":"1 minute"},"schema":{"@context":"https:\/\/schema.org","@graph":[{"@type":"WebPage","@id":"https:\/\/drsdhahak.com\/index.php\/accueil\/chirurgie-du-visage\/le-lifting-temporal\/","url":"https:\/\/drsdhahak.com\/index.php\/accueil\/chirurgie-du-visage\/le-lifting-temporal\/","name":"Le Lifting Temporal - Drs Dhahak","isPartOf":{"@id":"https:\/\/drsdhahak.com\/#website"},"primaryImageOfPage":{"@id":"https:\/\/drsdhahak.com\/index.php\/accueil\/chirurgie-du-visage\/le-lifting-temporal\/#primaryimage"},"image":{"@id":"https:\/\/drsdhahak.com\/index.php\/accueil\/chirurgie-du-visage\/le-lifting-temporal\/#primaryimage"},"thumbnailUrl":"https:\/\/drsdhahak.com\/wp-content\/uploads\/2021\/02\/7.png","datePublished":"2021-02-17T22:47:04+00:00","dateModified":"2021-03-17T21:54:37+00:00","breadcrumb":{"@id":"https:\/\/drsdhahak.com\/index.php\/accueil\/chirurgie-du-visage\/le-lifting-temporal\/#breadcrumb"},"inLanguage":"fr-FR","potentialAction":[{"@type":"ReadAction","target":["https:\/\/drsdhahak.com\/index.php\/accueil\/chirurgie-du-visage\/le-lifting-temporal\/"]}]},{"@type":"ImageObject","inLanguage":"fr-FR","@id":"https:\/\/drsdhahak.com\/index.php\/accueil\/chirurgie-du-visage\/le-lifting-temporal\/#primaryimage","url":"https:\/\/drsdhahak.com\/wp-content\/uploads\/2021\/02\/7.png","contentUrl":"https:\/\/drsdhahak.com\/wp-content\/uploads\/2021\/02\/7.png","width":1920,"height":680},{"@type":"BreadcrumbList","@id":"https:\/\/drsdhahak.com\/index.php\/accueil\/chirurgie-du-visage\/le-lifting-temporal\/#breadcrumb","itemListElement":[{"@type":"ListItem","position":1,"name":"Accueil","item":"https:\/\/drsdhahak.com\/"},{"@type":"ListItem","position":2,"name":"Accueil","item":"https:\/\/drsdhahak.com\/"},{"@type":"ListItem","position":3,"name":"Chirurgie du visage","item":"https:\/\/drsdhahak.com\/index.php\/accueil\/chirurgie-du-visage\/"},{"@type":"ListItem","position":4,"name":"Le Lifting Temporal"}]},{"@type":"WebSite","@id":"https:\/\/drsdhahak.com\/#website","url":"https:\/\/drsdhahak.com\/","name":"Drs Dhahak","description":"chirurgie plastique, r\u00e9paratrice et esth\u00e9tique et la chirurgie ophtalmologique","potentialAction":[{"@type":"SearchAction","target":{"@type":"EntryPoint","urlTemplate":"https:\/\/drsdhahak.com\/?s={search_term_string}"},"query-input":{"@type":"PropertyValueSpecification","valueRequired":true,"valueName":"search_term_string"}}],"inLanguage":"fr-FR"}]}},"_links":{"self":[{"href":"https:\/\/drsdhahak.com\/index.php\/wp-json\/wp\/v2\/pages\/1082","targetHints":{"allow":["GET"]}}],"collection":[{"href":"https:\/\/drsdhahak.com\/index.php\/wp-json\/wp\/v2\/pages"}],"about":[{"href":"https:\/\/drsdhahak.com\/index.php\/wp-json\/wp\/v2\/types\/page"}],"author":[{"embeddable":true,"href":"https:\/\/drsdhahak.com\/index.php\/wp-json\/wp\/v2\/users\/1"}],"replies":[{"embeddable":true,"href":"https:\/\/drsdhahak.com\/index.php\/wp-json\/wp\/v2\/comments?post=1082"}],"version-history":[{"count":2,"href":"https:\/\/drsdhahak.com\/index.php\/wp-json\/wp\/v2\/pages\/1082\/revisions"}],"predecessor-version":[{"id":1806,"href":"https:\/\/drsdhahak.com\/index.php\/wp-json\/wp\/v2\/pages\/1082\/revisions\/1806"}],"up":[{"embeddable":true,"href":"https:\/\/drsdhahak.com\/index.php\/wp-json\/wp\/v2\/pages\/1074"}],"wp:featuredmedia":[{"embeddable":true,"href":"https:\/\/drsdhahak.com\/index.php\/wp-json\/wp\/v2\/media\/850"}],"wp:attachment":[{"href":"https:\/\/drsdhahak.com\/index.php\/wp-json\/wp\/v2\/media?parent=1082"}],"curies":[{"name":"wp","href":"https:\/\/api.w.org\/{rel}","templated":true}]}}