{"id":1080,"date":"2021-02-17T23:45:25","date_gmt":"2021-02-17T22:45:25","guid":{"rendered":"https:\/\/drsdhahak.com\/?page_id=1080"},"modified":"2021-03-17T22:54:09","modified_gmt":"2021-03-17T21:54:09","slug":"injection-de-graisse-visage","status":"publish","type":"page","link":"https:\/\/drsdhahak.com\/index.php\/accueil\/chirurgie-du-visage\/injection-de-graisse-visage\/","title":{"rendered":"Injection de Graisse Visage"},"content":{"rendered":"<p>[vc_row css=&#8221;.vc_custom_1616018048667{padding-top: 90px !important;padding-bottom: 90px !important;}&#8221;][vc_column width=&#8221;2\/3&#8243;][vc_column_text]<\/p>\n<h1 style=\"text-align: left;\">Injection de Graisse Visage<\/h1>\n<p>&nbsp;<\/p>\n<p><span style=\"font-weight: 400;\">Cette technique est utilis\u00e9e pour restaurer les volumes et les formes du visage.<\/span><\/p>\n<p><span style=\"font-weight: 400;\">En pratique, on r\u00e9alise une autogreffe de cellules graisseuses par r\u00e9injection de graisse pr\u00e9lev\u00e9e sur le patient lui-m\u00eame et purifi\u00e9, par des canules tr\u00e8s fines, \u00e0 travers des incisions de 1 mm , \u00e0 l\u2019aide de micro-canules.<\/span><\/p>\n<p><span style=\"font-weight: 400;\">le plus souvent ,les tempes,les pommettes, les l\u00e8vres sont les sites les plus inject\u00e9s.<\/span>[\/vc_column_text][\/vc_column][vc_column width=&#8221;1\/3&#8243;][\/vc_column][\/vc_row]<\/p>\n","protected":false},"excerpt":{"rendered":"<p>[vc_row css=&#8221;.vc_custom_1616018048667{padding-top: 90px !important;padding-bottom: 90px !important;}&#8221;][vc_column width=&#8221;2\/3&#8243;][vc_column_text] Injection de Graisse Visage &nbsp; Cette technique est utilis\u00e9e pour restaurer les volumes et les formes du visage. En pratique, on r\u00e9alise une autogreffe de cellules graisseuses par r\u00e9injection de graisse pr\u00e9lev\u00e9e sur le patient lui-m\u00eame et purifi\u00e9, par des canules tr\u00e8s fines, \u00e0 travers des incisions de [&hellip;]<\/p>\n","protected":false},"author":1,"featured_media":850,"parent":1074,"menu_order":0,"comment_status":"closed","ping_status":"closed","template":"page-templates\/template-fullwidth.php","meta":{"footnotes":""},"class_list":["post-1080","page","type-page","status-publish","has-post-thumbnail","hentry"],"yoast_head":"<!-- This site is optimized with the Yoast SEO plugin v27.1.1 - https:\/\/yoast.com\/product\/yoast-seo-wordpress\/ -->\n<title>Injection de Graisse Visage - Drs Dhahak<\/title>\n<meta name=\"robots\" content=\"index, follow, max-snippet:-1, max-image-preview:large, max-video-preview:-1\" \/>\n<link rel=\"canonical\" href=\"https:\/\/drsdhahak.com\/index.php\/accueil\/chirurgie-du-visage\/injection-de-graisse-visage\/\" \/>\n<meta property=\"og:locale\" content=\"fr_FR\" \/>\n<meta property=\"og:type\" content=\"article\" \/>\n<meta property=\"og:title\" content=\"Injection de Graisse Visage - Drs Dhahak\" \/>\n<meta property=\"og:description\" content=\"[vc_row css=&#8221;.vc_custom_1616018048667{padding-top: 90px !important;padding-bottom: 90px !important;}&#8221;][vc_column width=&#8221;2\/3&#8243;][vc_column_text] Injection de Graisse Visage &nbsp; Cette technique est utilis\u00e9e pour restaurer les volumes et les formes du visage. En pratique, on r\u00e9alise une autogreffe de cellules graisseuses par r\u00e9injection de graisse pr\u00e9lev\u00e9e sur le patient lui-m\u00eame et purifi\u00e9, par des canules tr\u00e8s fines, \u00e0 travers des incisions de [&hellip;]\" \/>\n<meta property=\"og:url\" content=\"https:\/\/drsdhahak.com\/index.php\/accueil\/chirurgie-du-visage\/injection-de-graisse-visage\/\" \/>\n<meta property=\"og:site_name\" content=\"Drs Dhahak\" \/>\n<meta property=\"article:modified_time\" content=\"2021-03-17T21:54:09+00:00\" \/>\n<meta property=\"og:image\" content=\"https:\/\/drsdhahak.com\/wp-content\/uploads\/2021\/02\/7.png\" \/>\n\t<meta property=\"og:image:width\" content=\"1920\" \/>\n\t<meta property=\"og:image:height\" content=\"680\" \/>\n\t<meta property=\"og:image:type\" content=\"image\/png\" \/>\n<meta name=\"twitter:card\" content=\"summary_large_image\" \/>\n<meta name=\"twitter:label1\" content=\"Dur\u00e9e de lecture estim\u00e9e\" \/>\n\t<meta name=\"twitter:data1\" content=\"1 minute\" \/>\n<script type=\"application\/ld+json\" class=\"yoast-schema-graph\">{\"@context\":\"https:\/\/schema.org\",\"@graph\":[{\"@type\":\"WebPage\",\"@id\":\"https:\/\/drsdhahak.com\/index.php\/accueil\/chirurgie-du-visage\/injection-de-graisse-visage\/\",\"url\":\"https:\/\/drsdhahak.com\/index.php\/accueil\/chirurgie-du-visage\/injection-de-graisse-visage\/\",\"name\":\"Injection de Graisse Visage - Drs Dhahak\",\"isPartOf\":{\"@id\":\"https:\/\/drsdhahak.com\/#website\"},\"primaryImageOfPage\":{\"@id\":\"https:\/\/drsdhahak.com\/index.php\/accueil\/chirurgie-du-visage\/injection-de-graisse-visage\/#primaryimage\"},\"image\":{\"@id\":\"https:\/\/drsdhahak.com\/index.php\/accueil\/chirurgie-du-visage\/injection-de-graisse-visage\/#primaryimage\"},\"thumbnailUrl\":\"https:\/\/drsdhahak.com\/wp-content\/uploads\/2021\/02\/7.png\",\"datePublished\":\"2021-02-17T22:45:25+00:00\",\"dateModified\":\"2021-03-17T21:54:09+00:00\",\"breadcrumb\":{\"@id\":\"https:\/\/drsdhahak.com\/index.php\/accueil\/chirurgie-du-visage\/injection-de-graisse-visage\/#breadcrumb\"},\"inLanguage\":\"fr-FR\",\"potentialAction\":[{\"@type\":\"ReadAction\",\"target\":[\"https:\/\/drsdhahak.com\/index.php\/accueil\/chirurgie-du-visage\/injection-de-graisse-visage\/\"]}]},{\"@type\":\"ImageObject\",\"inLanguage\":\"fr-FR\",\"@id\":\"https:\/\/drsdhahak.com\/index.php\/accueil\/chirurgie-du-visage\/injection-de-graisse-visage\/#primaryimage\",\"url\":\"https:\/\/drsdhahak.com\/wp-content\/uploads\/2021\/02\/7.png\",\"contentUrl\":\"https:\/\/drsdhahak.com\/wp-content\/uploads\/2021\/02\/7.png\",\"width\":1920,\"height\":680},{\"@type\":\"BreadcrumbList\",\"@id\":\"https:\/\/drsdhahak.com\/index.php\/accueil\/chirurgie-du-visage\/injection-de-graisse-visage\/#breadcrumb\",\"itemListElement\":[{\"@type\":\"ListItem\",\"position\":1,\"name\":\"Accueil\",\"item\":\"https:\/\/drsdhahak.com\/\"},{\"@type\":\"ListItem\",\"position\":2,\"name\":\"Accueil\",\"item\":\"https:\/\/drsdhahak.com\/\"},{\"@type\":\"ListItem\",\"position\":3,\"name\":\"Chirurgie du visage\",\"item\":\"https:\/\/drsdhahak.com\/index.php\/accueil\/chirurgie-du-visage\/\"},{\"@type\":\"ListItem\",\"position\":4,\"name\":\"Injection de Graisse Visage\"}]},{\"@type\":\"WebSite\",\"@id\":\"https:\/\/drsdhahak.com\/#website\",\"url\":\"https:\/\/drsdhahak.com\/\",\"name\":\"Drs Dhahak\",\"description\":\"chirurgie plastique, r\u00e9paratrice et esth\u00e9tique et la chirurgie ophtalmologique\",\"potentialAction\":[{\"@type\":\"SearchAction\",\"target\":{\"@type\":\"EntryPoint\",\"urlTemplate\":\"https:\/\/drsdhahak.com\/?s={search_term_string}\"},\"query-input\":{\"@type\":\"PropertyValueSpecification\",\"valueRequired\":true,\"valueName\":\"search_term_string\"}}],\"inLanguage\":\"fr-FR\"}]}<\/script>\n<!-- \/ Yoast SEO plugin. -->","yoast_head_json":{"title":"Injection de Graisse Visage - Drs Dhahak","robots":{"index":"index","follow":"follow","max-snippet":"max-snippet:-1","max-image-preview":"max-image-preview:large","max-video-preview":"max-video-preview:-1"},"canonical":"https:\/\/drsdhahak.com\/index.php\/accueil\/chirurgie-du-visage\/injection-de-graisse-visage\/","og_locale":"fr_FR","og_type":"article","og_title":"Injection de Graisse Visage - Drs Dhahak","og_description":"[vc_row css=&#8221;.vc_custom_1616018048667{padding-top: 90px !important;padding-bottom: 90px !important;}&#8221;][vc_column width=&#8221;2\/3&#8243;][vc_column_text] Injection de Graisse Visage &nbsp; Cette technique est utilis\u00e9e pour restaurer les volumes et les formes du visage. En pratique, on r\u00e9alise une autogreffe de cellules graisseuses par r\u00e9injection de graisse pr\u00e9lev\u00e9e sur le patient lui-m\u00eame et purifi\u00e9, par des canules tr\u00e8s fines, \u00e0 travers des incisions de [&hellip;]","og_url":"https:\/\/drsdhahak.com\/index.php\/accueil\/chirurgie-du-visage\/injection-de-graisse-visage\/","og_site_name":"Drs Dhahak","article_modified_time":"2021-03-17T21:54:09+00:00","og_image":[{"width":1920,"height":680,"url":"https:\/\/drsdhahak.com\/wp-content\/uploads\/2021\/02\/7.png","type":"image\/png"}],"twitter_card":"summary_large_image","twitter_misc":{"Dur\u00e9e de lecture estim\u00e9e":"1 minute"},"schema":{"@context":"https:\/\/schema.org","@graph":[{"@type":"WebPage","@id":"https:\/\/drsdhahak.com\/index.php\/accueil\/chirurgie-du-visage\/injection-de-graisse-visage\/","url":"https:\/\/drsdhahak.com\/index.php\/accueil\/chirurgie-du-visage\/injection-de-graisse-visage\/","name":"Injection de Graisse Visage - Drs Dhahak","isPartOf":{"@id":"https:\/\/drsdhahak.com\/#website"},"primaryImageOfPage":{"@id":"https:\/\/drsdhahak.com\/index.php\/accueil\/chirurgie-du-visage\/injection-de-graisse-visage\/#primaryimage"},"image":{"@id":"https:\/\/drsdhahak.com\/index.php\/accueil\/chirurgie-du-visage\/injection-de-graisse-visage\/#primaryimage"},"thumbnailUrl":"https:\/\/drsdhahak.com\/wp-content\/uploads\/2021\/02\/7.png","datePublished":"2021-02-17T22:45:25+00:00","dateModified":"2021-03-17T21:54:09+00:00","breadcrumb":{"@id":"https:\/\/drsdhahak.com\/index.php\/accueil\/chirurgie-du-visage\/injection-de-graisse-visage\/#breadcrumb"},"inLanguage":"fr-FR","potentialAction":[{"@type":"ReadAction","target":["https:\/\/drsdhahak.com\/index.php\/accueil\/chirurgie-du-visage\/injection-de-graisse-visage\/"]}]},{"@type":"ImageObject","inLanguage":"fr-FR","@id":"https:\/\/drsdhahak.com\/index.php\/accueil\/chirurgie-du-visage\/injection-de-graisse-visage\/#primaryimage","url":"https:\/\/drsdhahak.com\/wp-content\/uploads\/2021\/02\/7.png","contentUrl":"https:\/\/drsdhahak.com\/wp-content\/uploads\/2021\/02\/7.png","width":1920,"height":680},{"@type":"BreadcrumbList","@id":"https:\/\/drsdhahak.com\/index.php\/accueil\/chirurgie-du-visage\/injection-de-graisse-visage\/#breadcrumb","itemListElement":[{"@type":"ListItem","position":1,"name":"Accueil","item":"https:\/\/drsdhahak.com\/"},{"@type":"ListItem","position":2,"name":"Accueil","item":"https:\/\/drsdhahak.com\/"},{"@type":"ListItem","position":3,"name":"Chirurgie du visage","item":"https:\/\/drsdhahak.com\/index.php\/accueil\/chirurgie-du-visage\/"},{"@type":"ListItem","position":4,"name":"Injection de Graisse Visage"}]},{"@type":"WebSite","@id":"https:\/\/drsdhahak.com\/#website","url":"https:\/\/drsdhahak.com\/","name":"Drs Dhahak","description":"chirurgie plastique, r\u00e9paratrice et esth\u00e9tique et la chirurgie ophtalmologique","potentialAction":[{"@type":"SearchAction","target":{"@type":"EntryPoint","urlTemplate":"https:\/\/drsdhahak.com\/?s={search_term_string}"},"query-input":{"@type":"PropertyValueSpecification","valueRequired":true,"valueName":"search_term_string"}}],"inLanguage":"fr-FR"}]}},"_links":{"self":[{"href":"https:\/\/drsdhahak.com\/index.php\/wp-json\/wp\/v2\/pages\/1080","targetHints":{"allow":["GET"]}}],"collection":[{"href":"https:\/\/drsdhahak.com\/index.php\/wp-json\/wp\/v2\/pages"}],"about":[{"href":"https:\/\/drsdhahak.com\/index.php\/wp-json\/wp\/v2\/types\/page"}],"author":[{"embeddable":true,"href":"https:\/\/drsdhahak.com\/index.php\/wp-json\/wp\/v2\/users\/1"}],"replies":[{"embeddable":true,"href":"https:\/\/drsdhahak.com\/index.php\/wp-json\/wp\/v2\/comments?post=1080"}],"version-history":[{"count":2,"href":"https:\/\/drsdhahak.com\/index.php\/wp-json\/wp\/v2\/pages\/1080\/revisions"}],"predecessor-version":[{"id":1804,"href":"https:\/\/drsdhahak.com\/index.php\/wp-json\/wp\/v2\/pages\/1080\/revisions\/1804"}],"up":[{"embeddable":true,"href":"https:\/\/drsdhahak.com\/index.php\/wp-json\/wp\/v2\/pages\/1074"}],"wp:featuredmedia":[{"embeddable":true,"href":"https:\/\/drsdhahak.com\/index.php\/wp-json\/wp\/v2\/media\/850"}],"wp:attachment":[{"href":"https:\/\/drsdhahak.com\/index.php\/wp-json\/wp\/v2\/media?parent=1080"}],"curies":[{"name":"wp","href":"https:\/\/api.w.org\/{rel}","templated":true}]}}