{"id":1078,"date":"2021-02-17T23:43:58","date_gmt":"2021-02-17T22:43:58","guid":{"rendered":"https:\/\/drsdhahak.com\/?page_id=1078"},"modified":"2021-03-17T22:53:56","modified_gmt":"2021-03-17T21:53:56","slug":"chirurgie-des-paupieres-ou-blepharoplastie","status":"publish","type":"page","link":"https:\/\/drsdhahak.com\/index.php\/accueil\/chirurgie-du-visage\/chirurgie-des-paupieres-ou-blepharoplastie\/","title":{"rendered":"Chirurgie des Paupi\u00e8res ou Bl\u00e9pharoplastie"},"content":{"rendered":"<p>[vc_row css=&#8221;.vc_custom_1616018033857{padding-top: 90px !important;padding-bottom: 90px !important;}&#8221;][vc_column width=&#8221;2\/3&#8243;][vc_column_text]<\/p>\n<h1 style=\"text-align: left;\"><span style=\"font-weight: 400;\">Chirurgie des Paupi\u00e8res ou Bl\u00e9pharoplastie.<\/span><\/h1>\n<p>&nbsp;<\/p>\n<p><span style=\"font-weight: 400;\">La bl\u00e9pharoplastie d\u00e9signe les interventions de chirurgie esth\u00e9tique des paupi\u00e8res, qui visent \u00e0 supprimer les disgr\u00e2ces pr\u00e9sentes, qu\u2019elles soient h\u00e9r\u00e9ditaires ou dues \u00e0 l\u2019\u00e2ge.<\/span><\/p>\n<p><span style=\"font-weight: 400;\">elle a pour objectif de :<\/span><\/p>\n<p><span style=\"font-weight: 400;\">Supprimer la peau exc\u00e9dentaire d\u2019une paupi\u00e8re tombante.<\/span><\/p>\n<p><span style=\"font-weight: 400;\">Supprimer les poches sous les yeux et les cernes.<\/span><\/p>\n<p><span style=\"font-weight: 400;\">\u00c9clairer le regard et le rajeunir.<\/span><\/p>\n<p><span style=\"font-weight: 400;\">Ouvrir le regard.<\/span><\/p>\n<p><span style=\"font-weight: 400;\">Lors de votre consultation, votre chirurgien \u00e9tablira\u00a0 un plan de traitement afin de respecter l\u2019aspect\u00a0 \u201c \u00e9quilibr\u00e9 et naturel\u201d de votre visage. le ttt peut associer un lifting du visage et du cou, un lipofilling et des injections de botox ou d\u2019acide hyaluronique. <\/span>[\/vc_column_text][\/vc_column][vc_column width=&#8221;1\/3&#8243;][vc_single_image image=&#8221;882&#8243; img_size=&#8221;full&#8221; alignment=&#8221;center&#8221;][vc_column_text]<\/p>\n<h6 style=\"text-align: center;\"><em>Image N\u00b01<\/em><\/h6>\n<p>[\/vc_column_text][vc_single_image image=&#8221;883&#8243; img_size=&#8221;full&#8221; alignment=&#8221;center&#8221;][vc_column_text]<\/p>\n<h6 style=\"text-align: center;\"><em>Image N\u00b02<\/em><\/h6>\n<p>[\/vc_column_text][\/vc_column][\/vc_row]<\/p>\n","protected":false},"excerpt":{"rendered":"<p>[vc_row css=&#8221;.vc_custom_1616018033857{padding-top: 90px !important;padding-bottom: 90px !important;}&#8221;][vc_column width=&#8221;2\/3&#8243;][vc_column_text] Chirurgie des Paupi\u00e8res ou Bl\u00e9pharoplastie. &nbsp; La bl\u00e9pharoplastie d\u00e9signe les interventions de chirurgie esth\u00e9tique des paupi\u00e8res, qui visent \u00e0 supprimer les disgr\u00e2ces pr\u00e9sentes, qu\u2019elles soient h\u00e9r\u00e9ditaires ou dues \u00e0 l\u2019\u00e2ge. elle a pour objectif de : Supprimer la peau exc\u00e9dentaire d\u2019une paupi\u00e8re tombante. Supprimer les poches sous les [&hellip;]<\/p>\n","protected":false},"author":1,"featured_media":850,"parent":1074,"menu_order":0,"comment_status":"closed","ping_status":"closed","template":"page-templates\/template-fullwidth.php","meta":{"footnotes":""},"class_list":["post-1078","page","type-page","status-publish","has-post-thumbnail","hentry"],"yoast_head":"<!-- This site is optimized with the Yoast SEO plugin v27.1.1 - https:\/\/yoast.com\/product\/yoast-seo-wordpress\/ -->\n<title>Chirurgie des Paupi\u00e8res ou Bl\u00e9pharoplastie - Drs Dhahak<\/title>\n<meta name=\"robots\" content=\"index, follow, max-snippet:-1, max-image-preview:large, max-video-preview:-1\" \/>\n<link rel=\"canonical\" href=\"https:\/\/drsdhahak.com\/index.php\/accueil\/chirurgie-du-visage\/chirurgie-des-paupieres-ou-blepharoplastie\/\" \/>\n<meta property=\"og:locale\" content=\"fr_FR\" \/>\n<meta property=\"og:type\" content=\"article\" \/>\n<meta property=\"og:title\" content=\"Chirurgie des Paupi\u00e8res ou Bl\u00e9pharoplastie - Drs Dhahak\" \/>\n<meta property=\"og:description\" content=\"[vc_row css=&#8221;.vc_custom_1616018033857{padding-top: 90px !important;padding-bottom: 90px !important;}&#8221;][vc_column width=&#8221;2\/3&#8243;][vc_column_text] Chirurgie des Paupi\u00e8res ou Bl\u00e9pharoplastie. &nbsp; La bl\u00e9pharoplastie d\u00e9signe les interventions de chirurgie esth\u00e9tique des paupi\u00e8res, qui visent \u00e0 supprimer les disgr\u00e2ces pr\u00e9sentes, qu\u2019elles soient h\u00e9r\u00e9ditaires ou dues \u00e0 l\u2019\u00e2ge. elle a pour objectif de : Supprimer la peau exc\u00e9dentaire d\u2019une paupi\u00e8re tombante. Supprimer les poches sous les [&hellip;]\" \/>\n<meta property=\"og:url\" content=\"https:\/\/drsdhahak.com\/index.php\/accueil\/chirurgie-du-visage\/chirurgie-des-paupieres-ou-blepharoplastie\/\" \/>\n<meta property=\"og:site_name\" content=\"Drs Dhahak\" \/>\n<meta property=\"article:modified_time\" content=\"2021-03-17T21:53:56+00:00\" \/>\n<meta property=\"og:image\" content=\"https:\/\/drsdhahak.com\/wp-content\/uploads\/2021\/02\/7.png\" \/>\n\t<meta property=\"og:image:width\" content=\"1920\" \/>\n\t<meta property=\"og:image:height\" content=\"680\" \/>\n\t<meta property=\"og:image:type\" content=\"image\/png\" \/>\n<meta name=\"twitter:card\" content=\"summary_large_image\" \/>\n<meta name=\"twitter:label1\" content=\"Dur\u00e9e de lecture estim\u00e9e\" \/>\n\t<meta name=\"twitter:data1\" content=\"1 minute\" \/>\n<script type=\"application\/ld+json\" class=\"yoast-schema-graph\">{\"@context\":\"https:\/\/schema.org\",\"@graph\":[{\"@type\":\"WebPage\",\"@id\":\"https:\/\/drsdhahak.com\/index.php\/accueil\/chirurgie-du-visage\/chirurgie-des-paupieres-ou-blepharoplastie\/\",\"url\":\"https:\/\/drsdhahak.com\/index.php\/accueil\/chirurgie-du-visage\/chirurgie-des-paupieres-ou-blepharoplastie\/\",\"name\":\"Chirurgie des Paupi\u00e8res ou Bl\u00e9pharoplastie - Drs Dhahak\",\"isPartOf\":{\"@id\":\"https:\/\/drsdhahak.com\/#website\"},\"primaryImageOfPage\":{\"@id\":\"https:\/\/drsdhahak.com\/index.php\/accueil\/chirurgie-du-visage\/chirurgie-des-paupieres-ou-blepharoplastie\/#primaryimage\"},\"image\":{\"@id\":\"https:\/\/drsdhahak.com\/index.php\/accueil\/chirurgie-du-visage\/chirurgie-des-paupieres-ou-blepharoplastie\/#primaryimage\"},\"thumbnailUrl\":\"https:\/\/drsdhahak.com\/wp-content\/uploads\/2021\/02\/7.png\",\"datePublished\":\"2021-02-17T22:43:58+00:00\",\"dateModified\":\"2021-03-17T21:53:56+00:00\",\"breadcrumb\":{\"@id\":\"https:\/\/drsdhahak.com\/index.php\/accueil\/chirurgie-du-visage\/chirurgie-des-paupieres-ou-blepharoplastie\/#breadcrumb\"},\"inLanguage\":\"fr-FR\",\"potentialAction\":[{\"@type\":\"ReadAction\",\"target\":[\"https:\/\/drsdhahak.com\/index.php\/accueil\/chirurgie-du-visage\/chirurgie-des-paupieres-ou-blepharoplastie\/\"]}]},{\"@type\":\"ImageObject\",\"inLanguage\":\"fr-FR\",\"@id\":\"https:\/\/drsdhahak.com\/index.php\/accueil\/chirurgie-du-visage\/chirurgie-des-paupieres-ou-blepharoplastie\/#primaryimage\",\"url\":\"https:\/\/drsdhahak.com\/wp-content\/uploads\/2021\/02\/7.png\",\"contentUrl\":\"https:\/\/drsdhahak.com\/wp-content\/uploads\/2021\/02\/7.png\",\"width\":1920,\"height\":680},{\"@type\":\"BreadcrumbList\",\"@id\":\"https:\/\/drsdhahak.com\/index.php\/accueil\/chirurgie-du-visage\/chirurgie-des-paupieres-ou-blepharoplastie\/#breadcrumb\",\"itemListElement\":[{\"@type\":\"ListItem\",\"position\":1,\"name\":\"Accueil\",\"item\":\"https:\/\/drsdhahak.com\/\"},{\"@type\":\"ListItem\",\"position\":2,\"name\":\"Accueil\",\"item\":\"https:\/\/drsdhahak.com\/\"},{\"@type\":\"ListItem\",\"position\":3,\"name\":\"Chirurgie du visage\",\"item\":\"https:\/\/drsdhahak.com\/index.php\/accueil\/chirurgie-du-visage\/\"},{\"@type\":\"ListItem\",\"position\":4,\"name\":\"Chirurgie des Paupi\u00e8res ou Bl\u00e9pharoplastie\"}]},{\"@type\":\"WebSite\",\"@id\":\"https:\/\/drsdhahak.com\/#website\",\"url\":\"https:\/\/drsdhahak.com\/\",\"name\":\"Drs Dhahak\",\"description\":\"chirurgie plastique, r\u00e9paratrice et esth\u00e9tique et la chirurgie ophtalmologique\",\"potentialAction\":[{\"@type\":\"SearchAction\",\"target\":{\"@type\":\"EntryPoint\",\"urlTemplate\":\"https:\/\/drsdhahak.com\/?s={search_term_string}\"},\"query-input\":{\"@type\":\"PropertyValueSpecification\",\"valueRequired\":true,\"valueName\":\"search_term_string\"}}],\"inLanguage\":\"fr-FR\"}]}<\/script>\n<!-- \/ Yoast SEO plugin. -->","yoast_head_json":{"title":"Chirurgie des Paupi\u00e8res ou Bl\u00e9pharoplastie - Drs Dhahak","robots":{"index":"index","follow":"follow","max-snippet":"max-snippet:-1","max-image-preview":"max-image-preview:large","max-video-preview":"max-video-preview:-1"},"canonical":"https:\/\/drsdhahak.com\/index.php\/accueil\/chirurgie-du-visage\/chirurgie-des-paupieres-ou-blepharoplastie\/","og_locale":"fr_FR","og_type":"article","og_title":"Chirurgie des Paupi\u00e8res ou Bl\u00e9pharoplastie - Drs Dhahak","og_description":"[vc_row css=&#8221;.vc_custom_1616018033857{padding-top: 90px !important;padding-bottom: 90px !important;}&#8221;][vc_column width=&#8221;2\/3&#8243;][vc_column_text] Chirurgie des Paupi\u00e8res ou Bl\u00e9pharoplastie. &nbsp; La bl\u00e9pharoplastie d\u00e9signe les interventions de chirurgie esth\u00e9tique des paupi\u00e8res, qui visent \u00e0 supprimer les disgr\u00e2ces pr\u00e9sentes, qu\u2019elles soient h\u00e9r\u00e9ditaires ou dues \u00e0 l\u2019\u00e2ge. elle a pour objectif de : Supprimer la peau exc\u00e9dentaire d\u2019une paupi\u00e8re tombante. Supprimer les poches sous les [&hellip;]","og_url":"https:\/\/drsdhahak.com\/index.php\/accueil\/chirurgie-du-visage\/chirurgie-des-paupieres-ou-blepharoplastie\/","og_site_name":"Drs Dhahak","article_modified_time":"2021-03-17T21:53:56+00:00","og_image":[{"width":1920,"height":680,"url":"https:\/\/drsdhahak.com\/wp-content\/uploads\/2021\/02\/7.png","type":"image\/png"}],"twitter_card":"summary_large_image","twitter_misc":{"Dur\u00e9e de lecture estim\u00e9e":"1 minute"},"schema":{"@context":"https:\/\/schema.org","@graph":[{"@type":"WebPage","@id":"https:\/\/drsdhahak.com\/index.php\/accueil\/chirurgie-du-visage\/chirurgie-des-paupieres-ou-blepharoplastie\/","url":"https:\/\/drsdhahak.com\/index.php\/accueil\/chirurgie-du-visage\/chirurgie-des-paupieres-ou-blepharoplastie\/","name":"Chirurgie des Paupi\u00e8res ou Bl\u00e9pharoplastie - Drs Dhahak","isPartOf":{"@id":"https:\/\/drsdhahak.com\/#website"},"primaryImageOfPage":{"@id":"https:\/\/drsdhahak.com\/index.php\/accueil\/chirurgie-du-visage\/chirurgie-des-paupieres-ou-blepharoplastie\/#primaryimage"},"image":{"@id":"https:\/\/drsdhahak.com\/index.php\/accueil\/chirurgie-du-visage\/chirurgie-des-paupieres-ou-blepharoplastie\/#primaryimage"},"thumbnailUrl":"https:\/\/drsdhahak.com\/wp-content\/uploads\/2021\/02\/7.png","datePublished":"2021-02-17T22:43:58+00:00","dateModified":"2021-03-17T21:53:56+00:00","breadcrumb":{"@id":"https:\/\/drsdhahak.com\/index.php\/accueil\/chirurgie-du-visage\/chirurgie-des-paupieres-ou-blepharoplastie\/#breadcrumb"},"inLanguage":"fr-FR","potentialAction":[{"@type":"ReadAction","target":["https:\/\/drsdhahak.com\/index.php\/accueil\/chirurgie-du-visage\/chirurgie-des-paupieres-ou-blepharoplastie\/"]}]},{"@type":"ImageObject","inLanguage":"fr-FR","@id":"https:\/\/drsdhahak.com\/index.php\/accueil\/chirurgie-du-visage\/chirurgie-des-paupieres-ou-blepharoplastie\/#primaryimage","url":"https:\/\/drsdhahak.com\/wp-content\/uploads\/2021\/02\/7.png","contentUrl":"https:\/\/drsdhahak.com\/wp-content\/uploads\/2021\/02\/7.png","width":1920,"height":680},{"@type":"BreadcrumbList","@id":"https:\/\/drsdhahak.com\/index.php\/accueil\/chirurgie-du-visage\/chirurgie-des-paupieres-ou-blepharoplastie\/#breadcrumb","itemListElement":[{"@type":"ListItem","position":1,"name":"Accueil","item":"https:\/\/drsdhahak.com\/"},{"@type":"ListItem","position":2,"name":"Accueil","item":"https:\/\/drsdhahak.com\/"},{"@type":"ListItem","position":3,"name":"Chirurgie du visage","item":"https:\/\/drsdhahak.com\/index.php\/accueil\/chirurgie-du-visage\/"},{"@type":"ListItem","position":4,"name":"Chirurgie des Paupi\u00e8res ou Bl\u00e9pharoplastie"}]},{"@type":"WebSite","@id":"https:\/\/drsdhahak.com\/#website","url":"https:\/\/drsdhahak.com\/","name":"Drs Dhahak","description":"chirurgie plastique, r\u00e9paratrice et esth\u00e9tique et la chirurgie ophtalmologique","potentialAction":[{"@type":"SearchAction","target":{"@type":"EntryPoint","urlTemplate":"https:\/\/drsdhahak.com\/?s={search_term_string}"},"query-input":{"@type":"PropertyValueSpecification","valueRequired":true,"valueName":"search_term_string"}}],"inLanguage":"fr-FR"}]}},"_links":{"self":[{"href":"https:\/\/drsdhahak.com\/index.php\/wp-json\/wp\/v2\/pages\/1078","targetHints":{"allow":["GET"]}}],"collection":[{"href":"https:\/\/drsdhahak.com\/index.php\/wp-json\/wp\/v2\/pages"}],"about":[{"href":"https:\/\/drsdhahak.com\/index.php\/wp-json\/wp\/v2\/types\/page"}],"author":[{"embeddable":true,"href":"https:\/\/drsdhahak.com\/index.php\/wp-json\/wp\/v2\/users\/1"}],"replies":[{"embeddable":true,"href":"https:\/\/drsdhahak.com\/index.php\/wp-json\/wp\/v2\/comments?post=1078"}],"version-history":[{"count":2,"href":"https:\/\/drsdhahak.com\/index.php\/wp-json\/wp\/v2\/pages\/1078\/revisions"}],"predecessor-version":[{"id":1803,"href":"https:\/\/drsdhahak.com\/index.php\/wp-json\/wp\/v2\/pages\/1078\/revisions\/1803"}],"up":[{"embeddable":true,"href":"https:\/\/drsdhahak.com\/index.php\/wp-json\/wp\/v2\/pages\/1074"}],"wp:featuredmedia":[{"embeddable":true,"href":"https:\/\/drsdhahak.com\/index.php\/wp-json\/wp\/v2\/media\/850"}],"wp:attachment":[{"href":"https:\/\/drsdhahak.com\/index.php\/wp-json\/wp\/v2\/media?parent=1078"}],"curies":[{"name":"wp","href":"https:\/\/api.w.org\/{rel}","templated":true}]}}