{"id":1074,"date":"2021-02-17T23:40:24","date_gmt":"2021-02-17T22:40:24","guid":{"rendered":"https:\/\/drsdhahak.com\/?page_id=1074"},"modified":"2021-03-17T23:48:20","modified_gmt":"2021-03-17T22:48:20","slug":"chirurgie-du-visage","status":"publish","type":"page","link":"https:\/\/drsdhahak.com\/index.php\/accueil\/chirurgie-du-visage\/","title":{"rendered":"Chirurgie du visage"},"content":{"rendered":"<p>[vc_row css=&#8221;.vc_custom_1616018005715{padding-top: 90px !important;padding-bottom: 90px !important;}&#8221;][vc_column width=&#8221;1\/3&#8243;][vc_single_image image=&#8221;993&#8243; img_size=&#8221;full&#8221; onclick=&#8221;custom_link&#8221;]\n\t<!-- Element: OT Heading --> \t \n\t<h2 class=\"ot_custom_heading  \" style=\"\" ><a href=\"https:\/\/drsdhahak.com\/index.php\/home\/chirurgie-du-visage\/chirurgie-des-oreilles-decollees\/\" title=\"Chirurgie des Oreilles D\u00e9coll\u00e9es\" target=\"_self\">Chirurgie des Oreilles D\u00e9coll\u00e9es<\/a><\/h2>\t\n[vc_column_text]L\u2019objectif de l\u2019otoplastie est de corriger les d\u00e9fauts esth\u00e9tiques des oreilles en minimisant les cicatrices&#8230;.Lire Plus[\/vc_column_text][\/vc_column][vc_column width=&#8221;1\/3&#8243;][vc_single_image image=&#8221;990&#8243; img_size=&#8221;full&#8221; onclick=&#8221;custom_link&#8221;]\n\t<!-- Element: OT Heading --> \t \n\t<h2 class=\"ot_custom_heading  \" style=\"\" ><a href=\"https:\/\/drsdhahak.com\/index.php\/home\/chirurgie-du-visage\/chirurgie-des-paupieres-ou-blepharoplastie\/\" title=\"Chirurgie des Paupi\u00e8res ou Bl\u00e9pharoplastie\" target=\"_self\">Chirurgie des Paupi\u00e8res ou Bl\u00e9pharoplastie<\/a><\/h2>\t\n[vc_column_text]La bl\u00e9pharoplastie d\u00e9signe les interventions de chirurgie esth\u00e9tique des paupi\u00e8res, qui visent \u00e0 supprimer le&#8230;Lire Plus[\/vc_column_text][\/vc_column][vc_column width=&#8221;1\/3&#8243;][vc_single_image image=&#8221;992&#8243; img_size=&#8221;full&#8221; onclick=&#8221;custom_link&#8221;]\n\t<!-- Element: OT Heading --> \t \n\t<h2 class=\"ot_custom_heading  \" style=\"\" ><a href=\"https:\/\/drsdhahak.com\/index.php\/home\/chirurgie-du-visage\/injection-de-graisse-visage\/\" title=\"Injection de Graisse Visage\" target=\"_self\">Injection de Graisse Visage<\/a><\/h2>\t\n[vc_column_text]Cette technique est utilis\u00e9e pour restaurer les volumes et les formes du visage.En pratique, on r\u00e9alise une a&#8230;Lire Plus[\/vc_column_text][\/vc_column][\/vc_row][vc_row css=&#8221;.vc_custom_1616021255449{padding-bottom: 90px !important;}&#8221;][vc_column width=&#8221;1\/3&#8243;][vc_single_image image=&#8221;989&#8243; img_size=&#8221;full&#8221; onclick=&#8221;custom_link&#8221;]\n\t<!-- Element: OT Heading --> \t \n\t<h2 class=\"ot_custom_heading  \" style=\"\" ><a href=\"https:\/\/drsdhahak.com\/index.php\/home\/chirurgie-du-visage\/le-lifting-temporal\/\" title=\"Le Lifting Temporal\" target=\"_self\">Le Lifting Temporal<\/a><\/h2>\t\n[vc_column_text]il s\u2019agit d\u2019un lifting localis\u00e9, indiqu\u00e9 dans le traitement de la chute des sourcils, il permet \u00e9galement de &#8230;Lire Plus[\/vc_column_text][\/vc_column][vc_column width=&#8221;1\/3&#8243;][vc_single_image image=&#8221;991&#8243; img_size=&#8221;full&#8221; onclick=&#8221;custom_link&#8221;]\n\t<!-- Element: OT Heading --> \t \n\t<h2 class=\"ot_custom_heading  \" style=\"\" ><a href=\"https:\/\/drsdhahak.com\/index.php\/home\/chirurgie-du-visage\/le-lifting-du-visage-et-du-cou\/\" title=\"Le Lifting du Visage et du Cou\" target=\"_self\">Le Lifting du Visage et du Cou<\/a><\/h2>\t\n[vc_column_text]le temps qui passe marque votre peau, celle-ci perd de son \u00e9lasticit\u00e9, sa texture et de sa brillance.La chiru&#8230;Lire Plus[\/vc_column_text][\/vc_column][\/vc_row]<\/p>\n","protected":false},"excerpt":{"rendered":"<p>[vc_row css=&#8221;.vc_custom_1616018005715{padding-top: 90px !important;padding-bottom: 90px !important;}&#8221;][vc_column width=&#8221;1\/3&#8243;][vc_single_image image=&#8221;993&#8243; img_size=&#8221;full&#8221; onclick=&#8221;custom_link&#8221;][vc_column_text]L\u2019objectif de l\u2019otoplastie est de corriger les d\u00e9fauts esth\u00e9tiques des oreilles en minimisant les cicatrices&#8230;.Lire Plus[\/vc_column_text][\/vc_column][vc_column width=&#8221;1\/3&#8243;][vc_single_image image=&#8221;990&#8243; img_size=&#8221;full&#8221; onclick=&#8221;custom_link&#8221;][vc_column_text]La bl\u00e9pharoplastie d\u00e9signe les interventions de chirurgie esth\u00e9tique des paupi\u00e8res, qui visent \u00e0 supprimer le&#8230;Lire Plus[\/vc_column_text][\/vc_column][vc_column width=&#8221;1\/3&#8243;][vc_single_image image=&#8221;992&#8243; img_size=&#8221;full&#8221; onclick=&#8221;custom_link&#8221;][vc_column_text]Cette technique est utilis\u00e9e pour restaurer les volumes [&hellip;]<\/p>\n","protected":false},"author":1,"featured_media":850,"parent":803,"menu_order":0,"comment_status":"closed","ping_status":"closed","template":"page-templates\/template-fullwidth.php","meta":{"footnotes":""},"class_list":["post-1074","page","type-page","status-publish","has-post-thumbnail","hentry"],"yoast_head":"<!-- This site is optimized with the Yoast SEO plugin v27.1.1 - https:\/\/yoast.com\/product\/yoast-seo-wordpress\/ -->\n<title>Chirurgie du visage - Drs Dhahak<\/title>\n<meta name=\"robots\" content=\"index, follow, max-snippet:-1, max-image-preview:large, max-video-preview:-1\" \/>\n<link rel=\"canonical\" href=\"https:\/\/drsdhahak.com\/index.php\/accueil\/chirurgie-du-visage\/\" \/>\n<meta property=\"og:locale\" content=\"fr_FR\" \/>\n<meta property=\"og:type\" content=\"article\" \/>\n<meta property=\"og:title\" content=\"Chirurgie du visage - Drs Dhahak\" \/>\n<meta property=\"og:description\" content=\"[vc_row css=&#8221;.vc_custom_1616018005715{padding-top: 90px !important;padding-bottom: 90px !important;}&#8221;][vc_column width=&#8221;1\/3&#8243;][vc_single_image image=&#8221;993&#8243; img_size=&#8221;full&#8221; onclick=&#8221;custom_link&#8221;][vc_column_text]L\u2019objectif de l\u2019otoplastie est de corriger les d\u00e9fauts esth\u00e9tiques des oreilles en minimisant les cicatrices&#8230;.Lire Plus[\/vc_column_text][\/vc_column][vc_column width=&#8221;1\/3&#8243;][vc_single_image image=&#8221;990&#8243; img_size=&#8221;full&#8221; onclick=&#8221;custom_link&#8221;][vc_column_text]La bl\u00e9pharoplastie d\u00e9signe les interventions de chirurgie esth\u00e9tique des paupi\u00e8res, qui visent \u00e0 supprimer le&#8230;Lire Plus[\/vc_column_text][\/vc_column][vc_column width=&#8221;1\/3&#8243;][vc_single_image image=&#8221;992&#8243; img_size=&#8221;full&#8221; onclick=&#8221;custom_link&#8221;][vc_column_text]Cette technique est utilis\u00e9e pour restaurer les volumes [&hellip;]\" \/>\n<meta property=\"og:url\" content=\"https:\/\/drsdhahak.com\/index.php\/accueil\/chirurgie-du-visage\/\" \/>\n<meta property=\"og:site_name\" content=\"Drs Dhahak\" \/>\n<meta property=\"article:modified_time\" content=\"2021-03-17T22:48:20+00:00\" \/>\n<meta property=\"og:image\" content=\"https:\/\/drsdhahak.com\/wp-content\/uploads\/2021\/02\/7.png\" \/>\n\t<meta property=\"og:image:width\" content=\"1920\" \/>\n\t<meta property=\"og:image:height\" content=\"680\" \/>\n\t<meta property=\"og:image:type\" content=\"image\/png\" \/>\n<meta name=\"twitter:card\" content=\"summary_large_image\" \/>\n<meta name=\"twitter:label1\" content=\"Dur\u00e9e de lecture estim\u00e9e\" \/>\n\t<meta name=\"twitter:data1\" content=\"1 minute\" \/>\n<script type=\"application\/ld+json\" class=\"yoast-schema-graph\">{\"@context\":\"https:\/\/schema.org\",\"@graph\":[{\"@type\":\"WebPage\",\"@id\":\"https:\/\/drsdhahak.com\/index.php\/accueil\/chirurgie-du-visage\/\",\"url\":\"https:\/\/drsdhahak.com\/index.php\/accueil\/chirurgie-du-visage\/\",\"name\":\"Chirurgie du visage - Drs Dhahak\",\"isPartOf\":{\"@id\":\"https:\/\/drsdhahak.com\/#website\"},\"primaryImageOfPage\":{\"@id\":\"https:\/\/drsdhahak.com\/index.php\/accueil\/chirurgie-du-visage\/#primaryimage\"},\"image\":{\"@id\":\"https:\/\/drsdhahak.com\/index.php\/accueil\/chirurgie-du-visage\/#primaryimage\"},\"thumbnailUrl\":\"https:\/\/drsdhahak.com\/wp-content\/uploads\/2021\/02\/7.png\",\"datePublished\":\"2021-02-17T22:40:24+00:00\",\"dateModified\":\"2021-03-17T22:48:20+00:00\",\"breadcrumb\":{\"@id\":\"https:\/\/drsdhahak.com\/index.php\/accueil\/chirurgie-du-visage\/#breadcrumb\"},\"inLanguage\":\"fr-FR\",\"potentialAction\":[{\"@type\":\"ReadAction\",\"target\":[\"https:\/\/drsdhahak.com\/index.php\/accueil\/chirurgie-du-visage\/\"]}]},{\"@type\":\"ImageObject\",\"inLanguage\":\"fr-FR\",\"@id\":\"https:\/\/drsdhahak.com\/index.php\/accueil\/chirurgie-du-visage\/#primaryimage\",\"url\":\"https:\/\/drsdhahak.com\/wp-content\/uploads\/2021\/02\/7.png\",\"contentUrl\":\"https:\/\/drsdhahak.com\/wp-content\/uploads\/2021\/02\/7.png\",\"width\":1920,\"height\":680},{\"@type\":\"BreadcrumbList\",\"@id\":\"https:\/\/drsdhahak.com\/index.php\/accueil\/chirurgie-du-visage\/#breadcrumb\",\"itemListElement\":[{\"@type\":\"ListItem\",\"position\":1,\"name\":\"Accueil\",\"item\":\"https:\/\/drsdhahak.com\/\"},{\"@type\":\"ListItem\",\"position\":2,\"name\":\"Accueil\",\"item\":\"https:\/\/drsdhahak.com\/\"},{\"@type\":\"ListItem\",\"position\":3,\"name\":\"Chirurgie du visage\"}]},{\"@type\":\"WebSite\",\"@id\":\"https:\/\/drsdhahak.com\/#website\",\"url\":\"https:\/\/drsdhahak.com\/\",\"name\":\"Drs Dhahak\",\"description\":\"chirurgie plastique, r\u00e9paratrice et esth\u00e9tique et la chirurgie ophtalmologique\",\"potentialAction\":[{\"@type\":\"SearchAction\",\"target\":{\"@type\":\"EntryPoint\",\"urlTemplate\":\"https:\/\/drsdhahak.com\/?s={search_term_string}\"},\"query-input\":{\"@type\":\"PropertyValueSpecification\",\"valueRequired\":true,\"valueName\":\"search_term_string\"}}],\"inLanguage\":\"fr-FR\"}]}<\/script>\n<!-- \/ Yoast SEO plugin. -->","yoast_head_json":{"title":"Chirurgie du visage - Drs Dhahak","robots":{"index":"index","follow":"follow","max-snippet":"max-snippet:-1","max-image-preview":"max-image-preview:large","max-video-preview":"max-video-preview:-1"},"canonical":"https:\/\/drsdhahak.com\/index.php\/accueil\/chirurgie-du-visage\/","og_locale":"fr_FR","og_type":"article","og_title":"Chirurgie du visage - Drs Dhahak","og_description":"[vc_row css=&#8221;.vc_custom_1616018005715{padding-top: 90px !important;padding-bottom: 90px !important;}&#8221;][vc_column width=&#8221;1\/3&#8243;][vc_single_image image=&#8221;993&#8243; img_size=&#8221;full&#8221; onclick=&#8221;custom_link&#8221;][vc_column_text]L\u2019objectif de l\u2019otoplastie est de corriger les d\u00e9fauts esth\u00e9tiques des oreilles en minimisant les cicatrices&#8230;.Lire Plus[\/vc_column_text][\/vc_column][vc_column width=&#8221;1\/3&#8243;][vc_single_image image=&#8221;990&#8243; img_size=&#8221;full&#8221; onclick=&#8221;custom_link&#8221;][vc_column_text]La bl\u00e9pharoplastie d\u00e9signe les interventions de chirurgie esth\u00e9tique des paupi\u00e8res, qui visent \u00e0 supprimer le&#8230;Lire Plus[\/vc_column_text][\/vc_column][vc_column width=&#8221;1\/3&#8243;][vc_single_image image=&#8221;992&#8243; img_size=&#8221;full&#8221; onclick=&#8221;custom_link&#8221;][vc_column_text]Cette technique est utilis\u00e9e pour restaurer les volumes [&hellip;]","og_url":"https:\/\/drsdhahak.com\/index.php\/accueil\/chirurgie-du-visage\/","og_site_name":"Drs Dhahak","article_modified_time":"2021-03-17T22:48:20+00:00","og_image":[{"width":1920,"height":680,"url":"https:\/\/drsdhahak.com\/wp-content\/uploads\/2021\/02\/7.png","type":"image\/png"}],"twitter_card":"summary_large_image","twitter_misc":{"Dur\u00e9e de lecture estim\u00e9e":"1 minute"},"schema":{"@context":"https:\/\/schema.org","@graph":[{"@type":"WebPage","@id":"https:\/\/drsdhahak.com\/index.php\/accueil\/chirurgie-du-visage\/","url":"https:\/\/drsdhahak.com\/index.php\/accueil\/chirurgie-du-visage\/","name":"Chirurgie du visage - Drs Dhahak","isPartOf":{"@id":"https:\/\/drsdhahak.com\/#website"},"primaryImageOfPage":{"@id":"https:\/\/drsdhahak.com\/index.php\/accueil\/chirurgie-du-visage\/#primaryimage"},"image":{"@id":"https:\/\/drsdhahak.com\/index.php\/accueil\/chirurgie-du-visage\/#primaryimage"},"thumbnailUrl":"https:\/\/drsdhahak.com\/wp-content\/uploads\/2021\/02\/7.png","datePublished":"2021-02-17T22:40:24+00:00","dateModified":"2021-03-17T22:48:20+00:00","breadcrumb":{"@id":"https:\/\/drsdhahak.com\/index.php\/accueil\/chirurgie-du-visage\/#breadcrumb"},"inLanguage":"fr-FR","potentialAction":[{"@type":"ReadAction","target":["https:\/\/drsdhahak.com\/index.php\/accueil\/chirurgie-du-visage\/"]}]},{"@type":"ImageObject","inLanguage":"fr-FR","@id":"https:\/\/drsdhahak.com\/index.php\/accueil\/chirurgie-du-visage\/#primaryimage","url":"https:\/\/drsdhahak.com\/wp-content\/uploads\/2021\/02\/7.png","contentUrl":"https:\/\/drsdhahak.com\/wp-content\/uploads\/2021\/02\/7.png","width":1920,"height":680},{"@type":"BreadcrumbList","@id":"https:\/\/drsdhahak.com\/index.php\/accueil\/chirurgie-du-visage\/#breadcrumb","itemListElement":[{"@type":"ListItem","position":1,"name":"Accueil","item":"https:\/\/drsdhahak.com\/"},{"@type":"ListItem","position":2,"name":"Accueil","item":"https:\/\/drsdhahak.com\/"},{"@type":"ListItem","position":3,"name":"Chirurgie du visage"}]},{"@type":"WebSite","@id":"https:\/\/drsdhahak.com\/#website","url":"https:\/\/drsdhahak.com\/","name":"Drs Dhahak","description":"chirurgie plastique, r\u00e9paratrice et esth\u00e9tique et la chirurgie ophtalmologique","potentialAction":[{"@type":"SearchAction","target":{"@type":"EntryPoint","urlTemplate":"https:\/\/drsdhahak.com\/?s={search_term_string}"},"query-input":{"@type":"PropertyValueSpecification","valueRequired":true,"valueName":"search_term_string"}}],"inLanguage":"fr-FR"}]}},"_links":{"self":[{"href":"https:\/\/drsdhahak.com\/index.php\/wp-json\/wp\/v2\/pages\/1074","targetHints":{"allow":["GET"]}}],"collection":[{"href":"https:\/\/drsdhahak.com\/index.php\/wp-json\/wp\/v2\/pages"}],"about":[{"href":"https:\/\/drsdhahak.com\/index.php\/wp-json\/wp\/v2\/types\/page"}],"author":[{"embeddable":true,"href":"https:\/\/drsdhahak.com\/index.php\/wp-json\/wp\/v2\/users\/1"}],"replies":[{"embeddable":true,"href":"https:\/\/drsdhahak.com\/index.php\/wp-json\/wp\/v2\/comments?post=1074"}],"version-history":[{"count":6,"href":"https:\/\/drsdhahak.com\/index.php\/wp-json\/wp\/v2\/pages\/1074\/revisions"}],"predecessor-version":[{"id":1104,"href":"https:\/\/drsdhahak.com\/index.php\/wp-json\/wp\/v2\/pages\/1074\/revisions\/1104"}],"up":[{"embeddable":true,"href":"https:\/\/drsdhahak.com\/index.php\/wp-json\/wp\/v2\/pages\/803"}],"wp:featuredmedia":[{"embeddable":true,"href":"https:\/\/drsdhahak.com\/index.php\/wp-json\/wp\/v2\/media\/850"}],"wp:attachment":[{"href":"https:\/\/drsdhahak.com\/index.php\/wp-json\/wp\/v2\/media?parent=1074"}],"curies":[{"name":"wp","href":"https:\/\/api.w.org\/{rel}","templated":true}]}}