{"id":1072,"date":"2021-02-17T23:28:45","date_gmt":"2021-02-17T22:28:45","guid":{"rendered":"https:\/\/drsdhahak.com\/?page_id=1072"},"modified":"2021-03-17T22:58:22","modified_gmt":"2021-03-17T21:58:22","slug":"liposuccion","status":"publish","type":"page","link":"https:\/\/drsdhahak.com\/index.php\/accueil\/liposuccion-et-chirurgie-de-la-silhouette\/liposuccion\/","title":{"rendered":"Liposuccion"},"content":{"rendered":"<p>[vc_row css=&#8221;.vc_custom_1616018300598{padding-top: 90px !important;padding-bottom: 90px !important;}&#8221;][vc_column width=&#8221;2\/3&#8243;][vc_column_text]<\/p>\n<h1 style=\"text-align: left;\"><span style=\"font-weight: 400;\">Liposuccion<\/span><\/h1>\n<p>&nbsp;<\/p>\n<p><span style=\"font-weight: 400;\">les d\u00e9p\u00f4ts graisseux localis\u00e9s sont difficiles \u00e0 enlever malgr\u00e9 un r\u00e9gime alimentaire bien suivi ou des exercices physiques.<\/span><\/p>\n<p><span style=\"font-weight: 400;\">la liposuccion pr\u00e9sente une solution fiable \u00e0 ce probl\u00e8me , elle permet d\u2019\u00e9liminer d\u00e9finitivement ce surplus graisseux.<\/span><\/p>\n<p><span style=\"font-weight: 400;\">cette technique ne s\u2019applique pas uniquement au ventre, elle peut \u00eatre pratiqu\u00e9e sur d\u2019autres partis du corps: (Image N\u00b01)<\/span><\/p>\n<ul>\n<li style=\"font-weight: 400;\" aria-level=\"1\"><span style=\"font-weight: 400;\">les cuisses.<\/span><\/li>\n<li style=\"font-weight: 400;\" aria-level=\"1\"><span style=\"font-weight: 400;\">le dos.<\/span><\/li>\n<li style=\"font-weight: 400;\" aria-level=\"1\"><span style=\"font-weight: 400;\">Face interne des genoux.<\/span><\/li>\n<li style=\"font-weight: 400;\" aria-level=\"1\"><span style=\"font-weight: 400;\">mollet.<\/span><\/li>\n<li style=\"font-weight: 400;\" aria-level=\"1\"><span style=\"font-weight: 400;\">Hanches \u201c poign\u00e9es d\u2019amour\u201d<\/span><\/li>\n<li style=\"font-weight: 400;\" aria-level=\"1\"><span style=\"font-weight: 400;\">Bras.<\/span><\/li>\n<li style=\"font-weight: 400;\" aria-level=\"1\"><span style=\"font-weight: 400;\">Visage, notamment pour enlever l\u2019effet double menton<\/span><\/li>\n<\/ul>\n<p><span style=\"font-weight: 400;\">Chaque intervention de lipoaspiration d\u00e9bute par une consultation pr\u00e9alable et obligatoire.<\/span><\/p>\n<p><span style=\"font-weight: 400;\">c\u2019est durant ce moment que votre chirurgien peut s\u2019entretenir avec sa patiente ou patient sur tout les d\u00e9tails de l\u2019intervention.<\/span><\/p>\n<p><span style=\"font-weight: 400;\">ils pourront alors ensemble faire le point sur les zones \u00e0 traiter, se mettre d\u2019accords sur les r\u00e9sultats attendus, les risques et la proc\u00e9dure op\u00e9ratoire.<\/span><\/p>\n<p><span style=\"font-weight: 400;\">Le chirurgien doit s\u2019assurer que la peau a une \u00e9lasticit\u00e9 et une qualit\u00e9 suffisante pour pouvoir supporte une liposuccion et se retendre apr\u00e8s.<\/span><\/p>\n<p><span style=\"font-weight: 400;\">chez les patientes d\u00e9sireuses de r\u00e9utiliser leur graisse pour la r\u00e9injecter dans les seins ou les fesses, la technique de lipofilling leur sera expliquer.<\/span><\/p>\n<p><span style=\"font-weight: 400;\">A la fin, un bilan est demand\u00e9 comportant une prise de sang et une \u00e9chographie abdominale \u00e0 la recherche d\u2019une hernie.<\/span>[\/vc_column_text][\/vc_column][vc_column width=&#8221;1\/3&#8243;][vc_single_image image=&#8221;885&#8243; img_size=&#8221;full&#8221; alignment=&#8221;center&#8221;][vc_column_text]<\/p>\n<h6 style=\"text-align: center;\"><em>Image N\u00b01<\/em><\/h6>\n<p>[\/vc_column_text][\/vc_column][\/vc_row]<\/p>\n","protected":false},"excerpt":{"rendered":"<p>[vc_row css=&#8221;.vc_custom_1616018300598{padding-top: 90px !important;padding-bottom: 90px !important;}&#8221;][vc_column width=&#8221;2\/3&#8243;][vc_column_text] Liposuccion &nbsp; les d\u00e9p\u00f4ts graisseux localis\u00e9s sont difficiles \u00e0 enlever malgr\u00e9 un r\u00e9gime alimentaire bien suivi ou des exercices physiques. la liposuccion pr\u00e9sente une solution fiable \u00e0 ce probl\u00e8me , elle permet d\u2019\u00e9liminer d\u00e9finitivement ce surplus graisseux. cette technique ne s\u2019applique pas uniquement au ventre, elle peut \u00eatre [&hellip;]<\/p>\n","protected":false},"author":1,"featured_media":847,"parent":1061,"menu_order":0,"comment_status":"closed","ping_status":"closed","template":"page-templates\/template-fullwidth.php","meta":{"footnotes":""},"class_list":["post-1072","page","type-page","status-publish","has-post-thumbnail","hentry"],"yoast_head":"<!-- This site is optimized with the Yoast SEO plugin v27.1.1 - https:\/\/yoast.com\/product\/yoast-seo-wordpress\/ -->\n<title>Liposuccion - Drs Dhahak<\/title>\n<meta name=\"robots\" content=\"index, follow, max-snippet:-1, max-image-preview:large, max-video-preview:-1\" \/>\n<link rel=\"canonical\" href=\"https:\/\/drsdhahak.com\/index.php\/accueil\/liposuccion-et-chirurgie-de-la-silhouette\/liposuccion\/\" \/>\n<meta property=\"og:locale\" content=\"fr_FR\" \/>\n<meta property=\"og:type\" content=\"article\" \/>\n<meta property=\"og:title\" content=\"Liposuccion - Drs Dhahak\" \/>\n<meta property=\"og:description\" content=\"[vc_row css=&#8221;.vc_custom_1616018300598{padding-top: 90px !important;padding-bottom: 90px !important;}&#8221;][vc_column width=&#8221;2\/3&#8243;][vc_column_text] Liposuccion &nbsp; les d\u00e9p\u00f4ts graisseux localis\u00e9s sont difficiles \u00e0 enlever malgr\u00e9 un r\u00e9gime alimentaire bien suivi ou des exercices physiques. la liposuccion pr\u00e9sente une solution fiable \u00e0 ce probl\u00e8me , elle permet d\u2019\u00e9liminer d\u00e9finitivement ce surplus graisseux. cette technique ne s\u2019applique pas uniquement au ventre, elle peut \u00eatre [&hellip;]\" \/>\n<meta property=\"og:url\" content=\"https:\/\/drsdhahak.com\/index.php\/accueil\/liposuccion-et-chirurgie-de-la-silhouette\/liposuccion\/\" \/>\n<meta property=\"og:site_name\" content=\"Drs Dhahak\" \/>\n<meta property=\"article:modified_time\" content=\"2021-03-17T21:58:22+00:00\" \/>\n<meta property=\"og:image\" content=\"https:\/\/drsdhahak.com\/wp-content\/uploads\/2021\/02\/4.png\" \/>\n\t<meta property=\"og:image:width\" content=\"1920\" \/>\n\t<meta property=\"og:image:height\" content=\"680\" \/>\n\t<meta property=\"og:image:type\" content=\"image\/png\" \/>\n<meta name=\"twitter:card\" content=\"summary_large_image\" \/>\n<meta name=\"twitter:label1\" content=\"Dur\u00e9e de lecture estim\u00e9e\" \/>\n\t<meta name=\"twitter:data1\" content=\"1 minute\" \/>\n<script type=\"application\/ld+json\" class=\"yoast-schema-graph\">{\"@context\":\"https:\/\/schema.org\",\"@graph\":[{\"@type\":\"WebPage\",\"@id\":\"https:\/\/drsdhahak.com\/index.php\/accueil\/liposuccion-et-chirurgie-de-la-silhouette\/liposuccion\/\",\"url\":\"https:\/\/drsdhahak.com\/index.php\/accueil\/liposuccion-et-chirurgie-de-la-silhouette\/liposuccion\/\",\"name\":\"Liposuccion - Drs Dhahak\",\"isPartOf\":{\"@id\":\"https:\/\/drsdhahak.com\/#website\"},\"primaryImageOfPage\":{\"@id\":\"https:\/\/drsdhahak.com\/index.php\/accueil\/liposuccion-et-chirurgie-de-la-silhouette\/liposuccion\/#primaryimage\"},\"image\":{\"@id\":\"https:\/\/drsdhahak.com\/index.php\/accueil\/liposuccion-et-chirurgie-de-la-silhouette\/liposuccion\/#primaryimage\"},\"thumbnailUrl\":\"https:\/\/drsdhahak.com\/wp-content\/uploads\/2021\/02\/4.png\",\"datePublished\":\"2021-02-17T22:28:45+00:00\",\"dateModified\":\"2021-03-17T21:58:22+00:00\",\"breadcrumb\":{\"@id\":\"https:\/\/drsdhahak.com\/index.php\/accueil\/liposuccion-et-chirurgie-de-la-silhouette\/liposuccion\/#breadcrumb\"},\"inLanguage\":\"fr-FR\",\"potentialAction\":[{\"@type\":\"ReadAction\",\"target\":[\"https:\/\/drsdhahak.com\/index.php\/accueil\/liposuccion-et-chirurgie-de-la-silhouette\/liposuccion\/\"]}]},{\"@type\":\"ImageObject\",\"inLanguage\":\"fr-FR\",\"@id\":\"https:\/\/drsdhahak.com\/index.php\/accueil\/liposuccion-et-chirurgie-de-la-silhouette\/liposuccion\/#primaryimage\",\"url\":\"https:\/\/drsdhahak.com\/wp-content\/uploads\/2021\/02\/4.png\",\"contentUrl\":\"https:\/\/drsdhahak.com\/wp-content\/uploads\/2021\/02\/4.png\",\"width\":1920,\"height\":680},{\"@type\":\"BreadcrumbList\",\"@id\":\"https:\/\/drsdhahak.com\/index.php\/accueil\/liposuccion-et-chirurgie-de-la-silhouette\/liposuccion\/#breadcrumb\",\"itemListElement\":[{\"@type\":\"ListItem\",\"position\":1,\"name\":\"Accueil\",\"item\":\"https:\/\/drsdhahak.com\/\"},{\"@type\":\"ListItem\",\"position\":2,\"name\":\"Accueil\",\"item\":\"https:\/\/drsdhahak.com\/\"},{\"@type\":\"ListItem\",\"position\":3,\"name\":\"Liposuccion et chirurgie de la silhouette\",\"item\":\"https:\/\/drsdhahak.com\/index.php\/accueil\/liposuccion-et-chirurgie-de-la-silhouette\/\"},{\"@type\":\"ListItem\",\"position\":4,\"name\":\"Liposuccion\"}]},{\"@type\":\"WebSite\",\"@id\":\"https:\/\/drsdhahak.com\/#website\",\"url\":\"https:\/\/drsdhahak.com\/\",\"name\":\"Drs Dhahak\",\"description\":\"chirurgie plastique, r\u00e9paratrice et esth\u00e9tique et la chirurgie ophtalmologique\",\"potentialAction\":[{\"@type\":\"SearchAction\",\"target\":{\"@type\":\"EntryPoint\",\"urlTemplate\":\"https:\/\/drsdhahak.com\/?s={search_term_string}\"},\"query-input\":{\"@type\":\"PropertyValueSpecification\",\"valueRequired\":true,\"valueName\":\"search_term_string\"}}],\"inLanguage\":\"fr-FR\"}]}<\/script>\n<!-- \/ Yoast SEO plugin. -->","yoast_head_json":{"title":"Liposuccion - Drs Dhahak","robots":{"index":"index","follow":"follow","max-snippet":"max-snippet:-1","max-image-preview":"max-image-preview:large","max-video-preview":"max-video-preview:-1"},"canonical":"https:\/\/drsdhahak.com\/index.php\/accueil\/liposuccion-et-chirurgie-de-la-silhouette\/liposuccion\/","og_locale":"fr_FR","og_type":"article","og_title":"Liposuccion - Drs Dhahak","og_description":"[vc_row css=&#8221;.vc_custom_1616018300598{padding-top: 90px !important;padding-bottom: 90px !important;}&#8221;][vc_column width=&#8221;2\/3&#8243;][vc_column_text] Liposuccion &nbsp; les d\u00e9p\u00f4ts graisseux localis\u00e9s sont difficiles \u00e0 enlever malgr\u00e9 un r\u00e9gime alimentaire bien suivi ou des exercices physiques. la liposuccion pr\u00e9sente une solution fiable \u00e0 ce probl\u00e8me , elle permet d\u2019\u00e9liminer d\u00e9finitivement ce surplus graisseux. cette technique ne s\u2019applique pas uniquement au ventre, elle peut \u00eatre [&hellip;]","og_url":"https:\/\/drsdhahak.com\/index.php\/accueil\/liposuccion-et-chirurgie-de-la-silhouette\/liposuccion\/","og_site_name":"Drs Dhahak","article_modified_time":"2021-03-17T21:58:22+00:00","og_image":[{"width":1920,"height":680,"url":"https:\/\/drsdhahak.com\/wp-content\/uploads\/2021\/02\/4.png","type":"image\/png"}],"twitter_card":"summary_large_image","twitter_misc":{"Dur\u00e9e de lecture estim\u00e9e":"1 minute"},"schema":{"@context":"https:\/\/schema.org","@graph":[{"@type":"WebPage","@id":"https:\/\/drsdhahak.com\/index.php\/accueil\/liposuccion-et-chirurgie-de-la-silhouette\/liposuccion\/","url":"https:\/\/drsdhahak.com\/index.php\/accueil\/liposuccion-et-chirurgie-de-la-silhouette\/liposuccion\/","name":"Liposuccion - Drs Dhahak","isPartOf":{"@id":"https:\/\/drsdhahak.com\/#website"},"primaryImageOfPage":{"@id":"https:\/\/drsdhahak.com\/index.php\/accueil\/liposuccion-et-chirurgie-de-la-silhouette\/liposuccion\/#primaryimage"},"image":{"@id":"https:\/\/drsdhahak.com\/index.php\/accueil\/liposuccion-et-chirurgie-de-la-silhouette\/liposuccion\/#primaryimage"},"thumbnailUrl":"https:\/\/drsdhahak.com\/wp-content\/uploads\/2021\/02\/4.png","datePublished":"2021-02-17T22:28:45+00:00","dateModified":"2021-03-17T21:58:22+00:00","breadcrumb":{"@id":"https:\/\/drsdhahak.com\/index.php\/accueil\/liposuccion-et-chirurgie-de-la-silhouette\/liposuccion\/#breadcrumb"},"inLanguage":"fr-FR","potentialAction":[{"@type":"ReadAction","target":["https:\/\/drsdhahak.com\/index.php\/accueil\/liposuccion-et-chirurgie-de-la-silhouette\/liposuccion\/"]}]},{"@type":"ImageObject","inLanguage":"fr-FR","@id":"https:\/\/drsdhahak.com\/index.php\/accueil\/liposuccion-et-chirurgie-de-la-silhouette\/liposuccion\/#primaryimage","url":"https:\/\/drsdhahak.com\/wp-content\/uploads\/2021\/02\/4.png","contentUrl":"https:\/\/drsdhahak.com\/wp-content\/uploads\/2021\/02\/4.png","width":1920,"height":680},{"@type":"BreadcrumbList","@id":"https:\/\/drsdhahak.com\/index.php\/accueil\/liposuccion-et-chirurgie-de-la-silhouette\/liposuccion\/#breadcrumb","itemListElement":[{"@type":"ListItem","position":1,"name":"Accueil","item":"https:\/\/drsdhahak.com\/"},{"@type":"ListItem","position":2,"name":"Accueil","item":"https:\/\/drsdhahak.com\/"},{"@type":"ListItem","position":3,"name":"Liposuccion et chirurgie de la silhouette","item":"https:\/\/drsdhahak.com\/index.php\/accueil\/liposuccion-et-chirurgie-de-la-silhouette\/"},{"@type":"ListItem","position":4,"name":"Liposuccion"}]},{"@type":"WebSite","@id":"https:\/\/drsdhahak.com\/#website","url":"https:\/\/drsdhahak.com\/","name":"Drs Dhahak","description":"chirurgie plastique, r\u00e9paratrice et esth\u00e9tique et la chirurgie ophtalmologique","potentialAction":[{"@type":"SearchAction","target":{"@type":"EntryPoint","urlTemplate":"https:\/\/drsdhahak.com\/?s={search_term_string}"},"query-input":{"@type":"PropertyValueSpecification","valueRequired":true,"valueName":"search_term_string"}}],"inLanguage":"fr-FR"}]}},"_links":{"self":[{"href":"https:\/\/drsdhahak.com\/index.php\/wp-json\/wp\/v2\/pages\/1072","targetHints":{"allow":["GET"]}}],"collection":[{"href":"https:\/\/drsdhahak.com\/index.php\/wp-json\/wp\/v2\/pages"}],"about":[{"href":"https:\/\/drsdhahak.com\/index.php\/wp-json\/wp\/v2\/types\/page"}],"author":[{"embeddable":true,"href":"https:\/\/drsdhahak.com\/index.php\/wp-json\/wp\/v2\/users\/1"}],"replies":[{"embeddable":true,"href":"https:\/\/drsdhahak.com\/index.php\/wp-json\/wp\/v2\/comments?post=1072"}],"version-history":[{"count":2,"href":"https:\/\/drsdhahak.com\/index.php\/wp-json\/wp\/v2\/pages\/1072\/revisions"}],"predecessor-version":[{"id":1818,"href":"https:\/\/drsdhahak.com\/index.php\/wp-json\/wp\/v2\/pages\/1072\/revisions\/1818"}],"up":[{"embeddable":true,"href":"https:\/\/drsdhahak.com\/index.php\/wp-json\/wp\/v2\/pages\/1061"}],"wp:featuredmedia":[{"embeddable":true,"href":"https:\/\/drsdhahak.com\/index.php\/wp-json\/wp\/v2\/media\/847"}],"wp:attachment":[{"href":"https:\/\/drsdhahak.com\/index.php\/wp-json\/wp\/v2\/media?parent=1072"}],"curies":[{"name":"wp","href":"https:\/\/api.w.org\/{rel}","templated":true}]}}