{"id":1070,"date":"2021-02-17T23:27:00","date_gmt":"2021-02-17T22:27:00","guid":{"rendered":"https:\/\/drsdhahak.com\/?page_id=1070"},"modified":"2021-03-17T22:57:27","modified_gmt":"2021-03-17T21:57:27","slug":"abdominoplastie","status":"publish","type":"page","link":"https:\/\/drsdhahak.com\/index.php\/accueil\/liposuccion-et-chirurgie-de-la-silhouette\/abdominoplastie\/","title":{"rendered":"Abdominoplastie"},"content":{"rendered":"<p>[vc_row css=&#8221;.vc_custom_1616018245629{padding-top: 90px !important;padding-bottom: 90px !important;}&#8221;][vc_column width=&#8221;2\/3&#8243;][vc_column_text]<\/p>\n<h1 style=\"text-align: left;\"><span style=\"font-weight: 400;\">Abdominoplastie<\/span><\/h1>\n<p>&nbsp;<\/p>\n<p><span style=\"font-weight: 400;\">L\u2019abdomen peut \u00eatre particuli\u00e8rement endommag\u00e9 par des variations de poids au cours de la vie, apr\u00e8s une grossesse , un r\u00e9gime alimentaire, une absence d\u2019activit\u00e9 physique, une intervention chirurgicale ou tout simplement avec l\u2019\u00e2ge.<\/span><\/p>\n<p><span style=\"font-weight: 400;\">Selon le cas, votre chirurgien pourra choisir entre une liposuccion du ventre, une mini plastie abdominale ou une abdominoplastie.<\/span><\/p>\n<p><span style=\"font-weight: 400;\">Egalement appel\u00e9e lifting du ventre, l\u2019abdominoplastie, souvent associ\u00e9e \u00e0 une liposuccion agit \u00e0 la fois sur le surplus de graisse au niveau du ventre, l&#8217;exc\u00e8s de peau et sur l\u2019\u00e9cartement des muscles abdominaux.<\/span>[\/vc_column_text][\/vc_column][vc_column width=&#8221;1\/3&#8243;][vc_single_image image=&#8221;886&#8243; img_size=&#8221;full&#8221; alignment=&#8221;center&#8221;][vc_column_text]<\/p>\n<h6 style=\"text-align: center;\"><em>Image N\u00b01<\/em><\/h6>\n<p>[\/vc_column_text][vc_single_image image=&#8221;887&#8243; img_size=&#8221;full&#8221; alignment=&#8221;center&#8221;][vc_column_text]<\/p>\n<h6 style=\"text-align: center;\"><em>Image N\u00b02<\/em><\/h6>\n<p>[\/vc_column_text][vc_single_image image=&#8221;888&#8243; img_size=&#8221;full&#8221; alignment=&#8221;center&#8221;][vc_column_text]<\/p>\n<h6 style=\"text-align: center;\"><em>Image N\u00b03<\/em><\/h6>\n<p>[\/vc_column_text][vc_single_image image=&#8221;889&#8243; img_size=&#8221;full&#8221; alignment=&#8221;center&#8221;][vc_column_text]<\/p>\n<h6 style=\"text-align: center;\"><em>Image N\u00b04<\/em><\/h6>\n<p>[\/vc_column_text][\/vc_column][\/vc_row]<\/p>\n","protected":false},"excerpt":{"rendered":"<p>[vc_row css=&#8221;.vc_custom_1616018245629{padding-top: 90px !important;padding-bottom: 90px !important;}&#8221;][vc_column width=&#8221;2\/3&#8243;][vc_column_text] Abdominoplastie &nbsp; L\u2019abdomen peut \u00eatre particuli\u00e8rement endommag\u00e9 par des variations de poids au cours de la vie, apr\u00e8s une grossesse , un r\u00e9gime alimentaire, une absence d\u2019activit\u00e9 physique, une intervention chirurgicale ou tout simplement avec l\u2019\u00e2ge. Selon le cas, votre chirurgien pourra choisir entre une liposuccion du ventre, [&hellip;]<\/p>\n","protected":false},"author":1,"featured_media":847,"parent":1061,"menu_order":0,"comment_status":"closed","ping_status":"closed","template":"page-templates\/template-fullwidth.php","meta":{"footnotes":""},"class_list":["post-1070","page","type-page","status-publish","has-post-thumbnail","hentry"],"yoast_head":"<!-- This site is optimized with the Yoast SEO plugin v27.1.1 - https:\/\/yoast.com\/product\/yoast-seo-wordpress\/ -->\n<title>Abdominoplastie - Drs Dhahak<\/title>\n<meta name=\"robots\" content=\"index, follow, max-snippet:-1, max-image-preview:large, max-video-preview:-1\" \/>\n<link rel=\"canonical\" href=\"https:\/\/drsdhahak.com\/index.php\/accueil\/liposuccion-et-chirurgie-de-la-silhouette\/abdominoplastie\/\" \/>\n<meta property=\"og:locale\" content=\"fr_FR\" \/>\n<meta property=\"og:type\" content=\"article\" \/>\n<meta property=\"og:title\" content=\"Abdominoplastie - Drs Dhahak\" \/>\n<meta property=\"og:description\" content=\"[vc_row css=&#8221;.vc_custom_1616018245629{padding-top: 90px !important;padding-bottom: 90px !important;}&#8221;][vc_column width=&#8221;2\/3&#8243;][vc_column_text] Abdominoplastie &nbsp; L\u2019abdomen peut \u00eatre particuli\u00e8rement endommag\u00e9 par des variations de poids au cours de la vie, apr\u00e8s une grossesse , un r\u00e9gime alimentaire, une absence d\u2019activit\u00e9 physique, une intervention chirurgicale ou tout simplement avec l\u2019\u00e2ge. Selon le cas, votre chirurgien pourra choisir entre une liposuccion du ventre, [&hellip;]\" \/>\n<meta property=\"og:url\" content=\"https:\/\/drsdhahak.com\/index.php\/accueil\/liposuccion-et-chirurgie-de-la-silhouette\/abdominoplastie\/\" \/>\n<meta property=\"og:site_name\" content=\"Drs Dhahak\" \/>\n<meta property=\"article:modified_time\" content=\"2021-03-17T21:57:27+00:00\" \/>\n<meta property=\"og:image\" content=\"https:\/\/drsdhahak.com\/wp-content\/uploads\/2021\/02\/4.png\" \/>\n\t<meta property=\"og:image:width\" content=\"1920\" \/>\n\t<meta property=\"og:image:height\" content=\"680\" \/>\n\t<meta property=\"og:image:type\" content=\"image\/png\" \/>\n<meta name=\"twitter:card\" content=\"summary_large_image\" \/>\n<meta name=\"twitter:label1\" content=\"Dur\u00e9e de lecture estim\u00e9e\" \/>\n\t<meta name=\"twitter:data1\" content=\"1 minute\" \/>\n<script type=\"application\/ld+json\" class=\"yoast-schema-graph\">{\"@context\":\"https:\/\/schema.org\",\"@graph\":[{\"@type\":\"WebPage\",\"@id\":\"https:\/\/drsdhahak.com\/index.php\/accueil\/liposuccion-et-chirurgie-de-la-silhouette\/abdominoplastie\/\",\"url\":\"https:\/\/drsdhahak.com\/index.php\/accueil\/liposuccion-et-chirurgie-de-la-silhouette\/abdominoplastie\/\",\"name\":\"Abdominoplastie - Drs Dhahak\",\"isPartOf\":{\"@id\":\"https:\/\/drsdhahak.com\/#website\"},\"primaryImageOfPage\":{\"@id\":\"https:\/\/drsdhahak.com\/index.php\/accueil\/liposuccion-et-chirurgie-de-la-silhouette\/abdominoplastie\/#primaryimage\"},\"image\":{\"@id\":\"https:\/\/drsdhahak.com\/index.php\/accueil\/liposuccion-et-chirurgie-de-la-silhouette\/abdominoplastie\/#primaryimage\"},\"thumbnailUrl\":\"https:\/\/drsdhahak.com\/wp-content\/uploads\/2021\/02\/4.png\",\"datePublished\":\"2021-02-17T22:27:00+00:00\",\"dateModified\":\"2021-03-17T21:57:27+00:00\",\"breadcrumb\":{\"@id\":\"https:\/\/drsdhahak.com\/index.php\/accueil\/liposuccion-et-chirurgie-de-la-silhouette\/abdominoplastie\/#breadcrumb\"},\"inLanguage\":\"fr-FR\",\"potentialAction\":[{\"@type\":\"ReadAction\",\"target\":[\"https:\/\/drsdhahak.com\/index.php\/accueil\/liposuccion-et-chirurgie-de-la-silhouette\/abdominoplastie\/\"]}]},{\"@type\":\"ImageObject\",\"inLanguage\":\"fr-FR\",\"@id\":\"https:\/\/drsdhahak.com\/index.php\/accueil\/liposuccion-et-chirurgie-de-la-silhouette\/abdominoplastie\/#primaryimage\",\"url\":\"https:\/\/drsdhahak.com\/wp-content\/uploads\/2021\/02\/4.png\",\"contentUrl\":\"https:\/\/drsdhahak.com\/wp-content\/uploads\/2021\/02\/4.png\",\"width\":1920,\"height\":680},{\"@type\":\"BreadcrumbList\",\"@id\":\"https:\/\/drsdhahak.com\/index.php\/accueil\/liposuccion-et-chirurgie-de-la-silhouette\/abdominoplastie\/#breadcrumb\",\"itemListElement\":[{\"@type\":\"ListItem\",\"position\":1,\"name\":\"Accueil\",\"item\":\"https:\/\/drsdhahak.com\/\"},{\"@type\":\"ListItem\",\"position\":2,\"name\":\"Accueil\",\"item\":\"https:\/\/drsdhahak.com\/\"},{\"@type\":\"ListItem\",\"position\":3,\"name\":\"Liposuccion et chirurgie de la silhouette\",\"item\":\"https:\/\/drsdhahak.com\/index.php\/accueil\/liposuccion-et-chirurgie-de-la-silhouette\/\"},{\"@type\":\"ListItem\",\"position\":4,\"name\":\"Abdominoplastie\"}]},{\"@type\":\"WebSite\",\"@id\":\"https:\/\/drsdhahak.com\/#website\",\"url\":\"https:\/\/drsdhahak.com\/\",\"name\":\"Drs Dhahak\",\"description\":\"chirurgie plastique, r\u00e9paratrice et esth\u00e9tique et la chirurgie ophtalmologique\",\"potentialAction\":[{\"@type\":\"SearchAction\",\"target\":{\"@type\":\"EntryPoint\",\"urlTemplate\":\"https:\/\/drsdhahak.com\/?s={search_term_string}\"},\"query-input\":{\"@type\":\"PropertyValueSpecification\",\"valueRequired\":true,\"valueName\":\"search_term_string\"}}],\"inLanguage\":\"fr-FR\"}]}<\/script>\n<!-- \/ Yoast SEO plugin. -->","yoast_head_json":{"title":"Abdominoplastie - Drs Dhahak","robots":{"index":"index","follow":"follow","max-snippet":"max-snippet:-1","max-image-preview":"max-image-preview:large","max-video-preview":"max-video-preview:-1"},"canonical":"https:\/\/drsdhahak.com\/index.php\/accueil\/liposuccion-et-chirurgie-de-la-silhouette\/abdominoplastie\/","og_locale":"fr_FR","og_type":"article","og_title":"Abdominoplastie - Drs Dhahak","og_description":"[vc_row css=&#8221;.vc_custom_1616018245629{padding-top: 90px !important;padding-bottom: 90px !important;}&#8221;][vc_column width=&#8221;2\/3&#8243;][vc_column_text] Abdominoplastie &nbsp; L\u2019abdomen peut \u00eatre particuli\u00e8rement endommag\u00e9 par des variations de poids au cours de la vie, apr\u00e8s une grossesse , un r\u00e9gime alimentaire, une absence d\u2019activit\u00e9 physique, une intervention chirurgicale ou tout simplement avec l\u2019\u00e2ge. Selon le cas, votre chirurgien pourra choisir entre une liposuccion du ventre, [&hellip;]","og_url":"https:\/\/drsdhahak.com\/index.php\/accueil\/liposuccion-et-chirurgie-de-la-silhouette\/abdominoplastie\/","og_site_name":"Drs Dhahak","article_modified_time":"2021-03-17T21:57:27+00:00","og_image":[{"width":1920,"height":680,"url":"https:\/\/drsdhahak.com\/wp-content\/uploads\/2021\/02\/4.png","type":"image\/png"}],"twitter_card":"summary_large_image","twitter_misc":{"Dur\u00e9e de lecture estim\u00e9e":"1 minute"},"schema":{"@context":"https:\/\/schema.org","@graph":[{"@type":"WebPage","@id":"https:\/\/drsdhahak.com\/index.php\/accueil\/liposuccion-et-chirurgie-de-la-silhouette\/abdominoplastie\/","url":"https:\/\/drsdhahak.com\/index.php\/accueil\/liposuccion-et-chirurgie-de-la-silhouette\/abdominoplastie\/","name":"Abdominoplastie - Drs Dhahak","isPartOf":{"@id":"https:\/\/drsdhahak.com\/#website"},"primaryImageOfPage":{"@id":"https:\/\/drsdhahak.com\/index.php\/accueil\/liposuccion-et-chirurgie-de-la-silhouette\/abdominoplastie\/#primaryimage"},"image":{"@id":"https:\/\/drsdhahak.com\/index.php\/accueil\/liposuccion-et-chirurgie-de-la-silhouette\/abdominoplastie\/#primaryimage"},"thumbnailUrl":"https:\/\/drsdhahak.com\/wp-content\/uploads\/2021\/02\/4.png","datePublished":"2021-02-17T22:27:00+00:00","dateModified":"2021-03-17T21:57:27+00:00","breadcrumb":{"@id":"https:\/\/drsdhahak.com\/index.php\/accueil\/liposuccion-et-chirurgie-de-la-silhouette\/abdominoplastie\/#breadcrumb"},"inLanguage":"fr-FR","potentialAction":[{"@type":"ReadAction","target":["https:\/\/drsdhahak.com\/index.php\/accueil\/liposuccion-et-chirurgie-de-la-silhouette\/abdominoplastie\/"]}]},{"@type":"ImageObject","inLanguage":"fr-FR","@id":"https:\/\/drsdhahak.com\/index.php\/accueil\/liposuccion-et-chirurgie-de-la-silhouette\/abdominoplastie\/#primaryimage","url":"https:\/\/drsdhahak.com\/wp-content\/uploads\/2021\/02\/4.png","contentUrl":"https:\/\/drsdhahak.com\/wp-content\/uploads\/2021\/02\/4.png","width":1920,"height":680},{"@type":"BreadcrumbList","@id":"https:\/\/drsdhahak.com\/index.php\/accueil\/liposuccion-et-chirurgie-de-la-silhouette\/abdominoplastie\/#breadcrumb","itemListElement":[{"@type":"ListItem","position":1,"name":"Accueil","item":"https:\/\/drsdhahak.com\/"},{"@type":"ListItem","position":2,"name":"Accueil","item":"https:\/\/drsdhahak.com\/"},{"@type":"ListItem","position":3,"name":"Liposuccion et chirurgie de la silhouette","item":"https:\/\/drsdhahak.com\/index.php\/accueil\/liposuccion-et-chirurgie-de-la-silhouette\/"},{"@type":"ListItem","position":4,"name":"Abdominoplastie"}]},{"@type":"WebSite","@id":"https:\/\/drsdhahak.com\/#website","url":"https:\/\/drsdhahak.com\/","name":"Drs Dhahak","description":"chirurgie plastique, r\u00e9paratrice et esth\u00e9tique et la chirurgie ophtalmologique","potentialAction":[{"@type":"SearchAction","target":{"@type":"EntryPoint","urlTemplate":"https:\/\/drsdhahak.com\/?s={search_term_string}"},"query-input":{"@type":"PropertyValueSpecification","valueRequired":true,"valueName":"search_term_string"}}],"inLanguage":"fr-FR"}]}},"_links":{"self":[{"href":"https:\/\/drsdhahak.com\/index.php\/wp-json\/wp\/v2\/pages\/1070","targetHints":{"allow":["GET"]}}],"collection":[{"href":"https:\/\/drsdhahak.com\/index.php\/wp-json\/wp\/v2\/pages"}],"about":[{"href":"https:\/\/drsdhahak.com\/index.php\/wp-json\/wp\/v2\/types\/page"}],"author":[{"embeddable":true,"href":"https:\/\/drsdhahak.com\/index.php\/wp-json\/wp\/v2\/users\/1"}],"replies":[{"embeddable":true,"href":"https:\/\/drsdhahak.com\/index.php\/wp-json\/wp\/v2\/comments?post=1070"}],"version-history":[{"count":2,"href":"https:\/\/drsdhahak.com\/index.php\/wp-json\/wp\/v2\/pages\/1070\/revisions"}],"predecessor-version":[{"id":1814,"href":"https:\/\/drsdhahak.com\/index.php\/wp-json\/wp\/v2\/pages\/1070\/revisions\/1814"}],"up":[{"embeddable":true,"href":"https:\/\/drsdhahak.com\/index.php\/wp-json\/wp\/v2\/pages\/1061"}],"wp:featuredmedia":[{"embeddable":true,"href":"https:\/\/drsdhahak.com\/index.php\/wp-json\/wp\/v2\/media\/847"}],"wp:attachment":[{"href":"https:\/\/drsdhahak.com\/index.php\/wp-json\/wp\/v2\/media?parent=1070"}],"curies":[{"name":"wp","href":"https:\/\/api.w.org\/{rel}","templated":true}]}}