{"id":1066,"date":"2021-02-17T23:23:28","date_gmt":"2021-02-17T22:23:28","guid":{"rendered":"https:\/\/drsdhahak.com\/?page_id=1066"},"modified":"2021-03-17T22:58:08","modified_gmt":"2021-03-17T21:58:08","slug":"lifting-des-cuisses","status":"publish","type":"page","link":"https:\/\/drsdhahak.com\/index.php\/accueil\/liposuccion-et-chirurgie-de-la-silhouette\/lifting-des-cuisses\/","title":{"rendered":"Lifting des Cuisses"},"content":{"rendered":"<p>[vc_row css=&#8221;.vc_custom_1616018287119{padding-top: 90px !important;padding-bottom: 90px !important;}&#8221;][vc_column width=&#8221;2\/3&#8243;][vc_column_text]<\/p>\n<h1 style=\"text-align: left;\"><span style=\"font-weight: 400;\">Lifting des Cuisses<\/span><\/h1>\n<p>&nbsp;<\/p>\n<p><span style=\"font-weight: 400;\">le lifting des cuisses \u00e9galement appel\u00e9 cruroplastie est une chirurgie pratiqu\u00e9e sur la face interne des cuisses.<\/span><\/p>\n<p><span style=\"font-weight: 400;\">il permet de corriger les probl\u00e8mes de rel\u00e2chement de peau au niveau des cuisses d\u00fbs \u00e0 l\u2019\u00e2ge ou \u00e0 une importante perte de poids.<\/span><\/p>\n<p><span style=\"font-weight: 400;\">cette chirurgie rentrant dans le cadre de la chirurgie post-bariatrique est devenue tr\u00e8s populaires en raison de complexes engendr\u00e9s par la peau affaiss\u00e9s.<\/span><\/p>\n<p><span style=\"font-weight: 400;\">Souvent associ\u00e9 \u00e0 une liposuccion , elle consiste \u00e0 enlever l&#8217;exc\u00e9dent cutan\u00e9 et retendre le reste de la peau pour renfermer ensuite l\u2019incision, en veillant \u00e0 ce que la cicatrice soit la plus fine possible.<\/span><\/p>\n<p><span style=\"font-weight: 400;\">Il existe diff\u00e9rentes techniques:<\/span><\/p>\n<ul>\n<li style=\"font-weight: 400;\" aria-level=\"1\"><span style=\"font-weight: 400;\">Le lifting \u00e0 cicatrice verticale tout au long de la face interne des cuisses.<\/span><\/li>\n<li style=\"font-weight: 400;\" aria-level=\"1\"><span style=\"font-weight: 400;\">Le lifting \u00e0 cicatrice horizontal au niveau du pli de l\u2019aine.<\/span><\/li>\n<li style=\"font-weight: 400;\" aria-level=\"1\"><span style=\"font-weight: 400;\">Le lifting en T, est l\u2019association des 2 techniques pr\u00e9c\u00e9dentes.<\/span><\/li>\n<\/ul>\n<p>[\/vc_column_text][\/vc_column][vc_column width=&#8221;1\/3&#8243;][vc_single_image image=&#8221;896&#8243; img_size=&#8221;full&#8221; alignment=&#8221;center&#8221;][vc_column_text]<\/p>\n<h6 style=\"text-align: center;\"><em>Image N\u00b01<\/em><\/h6>\n<p>[\/vc_column_text][vc_single_image image=&#8221;897&#8243; img_size=&#8221;full&#8221; alignment=&#8221;center&#8221;][vc_column_text]<\/p>\n<h6 style=\"text-align: center;\"><em>Image N\u00b02<\/em><\/h6>\n<p>[\/vc_column_text][vc_single_image image=&#8221;898&#8243; img_size=&#8221;full&#8221; alignment=&#8221;center&#8221;][vc_column_text]<\/p>\n<h6 style=\"text-align: center;\"><em>Image N\u00b03<\/em><\/h6>\n<p>[\/vc_column_text][\/vc_column][\/vc_row]<\/p>\n","protected":false},"excerpt":{"rendered":"<p>[vc_row css=&#8221;.vc_custom_1616018287119{padding-top: 90px !important;padding-bottom: 90px !important;}&#8221;][vc_column width=&#8221;2\/3&#8243;][vc_column_text] Lifting des Cuisses &nbsp; le lifting des cuisses \u00e9galement appel\u00e9 cruroplastie est une chirurgie pratiqu\u00e9e sur la face interne des cuisses. il permet de corriger les probl\u00e8mes de rel\u00e2chement de peau au niveau des cuisses d\u00fbs \u00e0 l\u2019\u00e2ge ou \u00e0 une importante perte de poids. cette chirurgie rentrant [&hellip;]<\/p>\n","protected":false},"author":1,"featured_media":847,"parent":1061,"menu_order":0,"comment_status":"closed","ping_status":"closed","template":"page-templates\/template-fullwidth.php","meta":{"footnotes":""},"class_list":["post-1066","page","type-page","status-publish","has-post-thumbnail","hentry"],"yoast_head":"<!-- This site is optimized with the Yoast SEO plugin v27.1.1 - https:\/\/yoast.com\/product\/yoast-seo-wordpress\/ -->\n<title>Lifting des Cuisses - Drs Dhahak<\/title>\n<meta name=\"robots\" content=\"index, follow, max-snippet:-1, max-image-preview:large, max-video-preview:-1\" \/>\n<link rel=\"canonical\" href=\"https:\/\/drsdhahak.com\/index.php\/accueil\/liposuccion-et-chirurgie-de-la-silhouette\/lifting-des-cuisses\/\" \/>\n<meta property=\"og:locale\" content=\"fr_FR\" \/>\n<meta property=\"og:type\" content=\"article\" \/>\n<meta property=\"og:title\" content=\"Lifting des Cuisses - Drs Dhahak\" \/>\n<meta property=\"og:description\" content=\"[vc_row css=&#8221;.vc_custom_1616018287119{padding-top: 90px !important;padding-bottom: 90px !important;}&#8221;][vc_column width=&#8221;2\/3&#8243;][vc_column_text] Lifting des Cuisses &nbsp; le lifting des cuisses \u00e9galement appel\u00e9 cruroplastie est une chirurgie pratiqu\u00e9e sur la face interne des cuisses. il permet de corriger les probl\u00e8mes de rel\u00e2chement de peau au niveau des cuisses d\u00fbs \u00e0 l\u2019\u00e2ge ou \u00e0 une importante perte de poids. cette chirurgie rentrant [&hellip;]\" \/>\n<meta property=\"og:url\" content=\"https:\/\/drsdhahak.com\/index.php\/accueil\/liposuccion-et-chirurgie-de-la-silhouette\/lifting-des-cuisses\/\" \/>\n<meta property=\"og:site_name\" content=\"Drs Dhahak\" \/>\n<meta property=\"article:modified_time\" content=\"2021-03-17T21:58:08+00:00\" \/>\n<meta property=\"og:image\" content=\"https:\/\/drsdhahak.com\/wp-content\/uploads\/2021\/02\/4.png\" \/>\n\t<meta property=\"og:image:width\" content=\"1920\" \/>\n\t<meta property=\"og:image:height\" content=\"680\" \/>\n\t<meta property=\"og:image:type\" content=\"image\/png\" \/>\n<meta name=\"twitter:card\" content=\"summary_large_image\" \/>\n<meta name=\"twitter:label1\" content=\"Dur\u00e9e de lecture estim\u00e9e\" \/>\n\t<meta name=\"twitter:data1\" content=\"1 minute\" \/>\n<script type=\"application\/ld+json\" class=\"yoast-schema-graph\">{\"@context\":\"https:\/\/schema.org\",\"@graph\":[{\"@type\":\"WebPage\",\"@id\":\"https:\/\/drsdhahak.com\/index.php\/accueil\/liposuccion-et-chirurgie-de-la-silhouette\/lifting-des-cuisses\/\",\"url\":\"https:\/\/drsdhahak.com\/index.php\/accueil\/liposuccion-et-chirurgie-de-la-silhouette\/lifting-des-cuisses\/\",\"name\":\"Lifting des Cuisses - Drs Dhahak\",\"isPartOf\":{\"@id\":\"https:\/\/drsdhahak.com\/#website\"},\"primaryImageOfPage\":{\"@id\":\"https:\/\/drsdhahak.com\/index.php\/accueil\/liposuccion-et-chirurgie-de-la-silhouette\/lifting-des-cuisses\/#primaryimage\"},\"image\":{\"@id\":\"https:\/\/drsdhahak.com\/index.php\/accueil\/liposuccion-et-chirurgie-de-la-silhouette\/lifting-des-cuisses\/#primaryimage\"},\"thumbnailUrl\":\"https:\/\/drsdhahak.com\/wp-content\/uploads\/2021\/02\/4.png\",\"datePublished\":\"2021-02-17T22:23:28+00:00\",\"dateModified\":\"2021-03-17T21:58:08+00:00\",\"breadcrumb\":{\"@id\":\"https:\/\/drsdhahak.com\/index.php\/accueil\/liposuccion-et-chirurgie-de-la-silhouette\/lifting-des-cuisses\/#breadcrumb\"},\"inLanguage\":\"fr-FR\",\"potentialAction\":[{\"@type\":\"ReadAction\",\"target\":[\"https:\/\/drsdhahak.com\/index.php\/accueil\/liposuccion-et-chirurgie-de-la-silhouette\/lifting-des-cuisses\/\"]}]},{\"@type\":\"ImageObject\",\"inLanguage\":\"fr-FR\",\"@id\":\"https:\/\/drsdhahak.com\/index.php\/accueil\/liposuccion-et-chirurgie-de-la-silhouette\/lifting-des-cuisses\/#primaryimage\",\"url\":\"https:\/\/drsdhahak.com\/wp-content\/uploads\/2021\/02\/4.png\",\"contentUrl\":\"https:\/\/drsdhahak.com\/wp-content\/uploads\/2021\/02\/4.png\",\"width\":1920,\"height\":680},{\"@type\":\"BreadcrumbList\",\"@id\":\"https:\/\/drsdhahak.com\/index.php\/accueil\/liposuccion-et-chirurgie-de-la-silhouette\/lifting-des-cuisses\/#breadcrumb\",\"itemListElement\":[{\"@type\":\"ListItem\",\"position\":1,\"name\":\"Accueil\",\"item\":\"https:\/\/drsdhahak.com\/\"},{\"@type\":\"ListItem\",\"position\":2,\"name\":\"Accueil\",\"item\":\"https:\/\/drsdhahak.com\/\"},{\"@type\":\"ListItem\",\"position\":3,\"name\":\"Liposuccion et chirurgie de la silhouette\",\"item\":\"https:\/\/drsdhahak.com\/index.php\/accueil\/liposuccion-et-chirurgie-de-la-silhouette\/\"},{\"@type\":\"ListItem\",\"position\":4,\"name\":\"Lifting des Cuisses\"}]},{\"@type\":\"WebSite\",\"@id\":\"https:\/\/drsdhahak.com\/#website\",\"url\":\"https:\/\/drsdhahak.com\/\",\"name\":\"Drs Dhahak\",\"description\":\"chirurgie plastique, r\u00e9paratrice et esth\u00e9tique et la chirurgie ophtalmologique\",\"potentialAction\":[{\"@type\":\"SearchAction\",\"target\":{\"@type\":\"EntryPoint\",\"urlTemplate\":\"https:\/\/drsdhahak.com\/?s={search_term_string}\"},\"query-input\":{\"@type\":\"PropertyValueSpecification\",\"valueRequired\":true,\"valueName\":\"search_term_string\"}}],\"inLanguage\":\"fr-FR\"}]}<\/script>\n<!-- \/ Yoast SEO plugin. -->","yoast_head_json":{"title":"Lifting des Cuisses - Drs Dhahak","robots":{"index":"index","follow":"follow","max-snippet":"max-snippet:-1","max-image-preview":"max-image-preview:large","max-video-preview":"max-video-preview:-1"},"canonical":"https:\/\/drsdhahak.com\/index.php\/accueil\/liposuccion-et-chirurgie-de-la-silhouette\/lifting-des-cuisses\/","og_locale":"fr_FR","og_type":"article","og_title":"Lifting des Cuisses - Drs Dhahak","og_description":"[vc_row css=&#8221;.vc_custom_1616018287119{padding-top: 90px !important;padding-bottom: 90px !important;}&#8221;][vc_column width=&#8221;2\/3&#8243;][vc_column_text] Lifting des Cuisses &nbsp; le lifting des cuisses \u00e9galement appel\u00e9 cruroplastie est une chirurgie pratiqu\u00e9e sur la face interne des cuisses. il permet de corriger les probl\u00e8mes de rel\u00e2chement de peau au niveau des cuisses d\u00fbs \u00e0 l\u2019\u00e2ge ou \u00e0 une importante perte de poids. cette chirurgie rentrant [&hellip;]","og_url":"https:\/\/drsdhahak.com\/index.php\/accueil\/liposuccion-et-chirurgie-de-la-silhouette\/lifting-des-cuisses\/","og_site_name":"Drs Dhahak","article_modified_time":"2021-03-17T21:58:08+00:00","og_image":[{"width":1920,"height":680,"url":"https:\/\/drsdhahak.com\/wp-content\/uploads\/2021\/02\/4.png","type":"image\/png"}],"twitter_card":"summary_large_image","twitter_misc":{"Dur\u00e9e de lecture estim\u00e9e":"1 minute"},"schema":{"@context":"https:\/\/schema.org","@graph":[{"@type":"WebPage","@id":"https:\/\/drsdhahak.com\/index.php\/accueil\/liposuccion-et-chirurgie-de-la-silhouette\/lifting-des-cuisses\/","url":"https:\/\/drsdhahak.com\/index.php\/accueil\/liposuccion-et-chirurgie-de-la-silhouette\/lifting-des-cuisses\/","name":"Lifting des Cuisses - Drs Dhahak","isPartOf":{"@id":"https:\/\/drsdhahak.com\/#website"},"primaryImageOfPage":{"@id":"https:\/\/drsdhahak.com\/index.php\/accueil\/liposuccion-et-chirurgie-de-la-silhouette\/lifting-des-cuisses\/#primaryimage"},"image":{"@id":"https:\/\/drsdhahak.com\/index.php\/accueil\/liposuccion-et-chirurgie-de-la-silhouette\/lifting-des-cuisses\/#primaryimage"},"thumbnailUrl":"https:\/\/drsdhahak.com\/wp-content\/uploads\/2021\/02\/4.png","datePublished":"2021-02-17T22:23:28+00:00","dateModified":"2021-03-17T21:58:08+00:00","breadcrumb":{"@id":"https:\/\/drsdhahak.com\/index.php\/accueil\/liposuccion-et-chirurgie-de-la-silhouette\/lifting-des-cuisses\/#breadcrumb"},"inLanguage":"fr-FR","potentialAction":[{"@type":"ReadAction","target":["https:\/\/drsdhahak.com\/index.php\/accueil\/liposuccion-et-chirurgie-de-la-silhouette\/lifting-des-cuisses\/"]}]},{"@type":"ImageObject","inLanguage":"fr-FR","@id":"https:\/\/drsdhahak.com\/index.php\/accueil\/liposuccion-et-chirurgie-de-la-silhouette\/lifting-des-cuisses\/#primaryimage","url":"https:\/\/drsdhahak.com\/wp-content\/uploads\/2021\/02\/4.png","contentUrl":"https:\/\/drsdhahak.com\/wp-content\/uploads\/2021\/02\/4.png","width":1920,"height":680},{"@type":"BreadcrumbList","@id":"https:\/\/drsdhahak.com\/index.php\/accueil\/liposuccion-et-chirurgie-de-la-silhouette\/lifting-des-cuisses\/#breadcrumb","itemListElement":[{"@type":"ListItem","position":1,"name":"Accueil","item":"https:\/\/drsdhahak.com\/"},{"@type":"ListItem","position":2,"name":"Accueil","item":"https:\/\/drsdhahak.com\/"},{"@type":"ListItem","position":3,"name":"Liposuccion et chirurgie de la silhouette","item":"https:\/\/drsdhahak.com\/index.php\/accueil\/liposuccion-et-chirurgie-de-la-silhouette\/"},{"@type":"ListItem","position":4,"name":"Lifting des Cuisses"}]},{"@type":"WebSite","@id":"https:\/\/drsdhahak.com\/#website","url":"https:\/\/drsdhahak.com\/","name":"Drs Dhahak","description":"chirurgie plastique, r\u00e9paratrice et esth\u00e9tique et la chirurgie ophtalmologique","potentialAction":[{"@type":"SearchAction","target":{"@type":"EntryPoint","urlTemplate":"https:\/\/drsdhahak.com\/?s={search_term_string}"},"query-input":{"@type":"PropertyValueSpecification","valueRequired":true,"valueName":"search_term_string"}}],"inLanguage":"fr-FR"}]}},"_links":{"self":[{"href":"https:\/\/drsdhahak.com\/index.php\/wp-json\/wp\/v2\/pages\/1066","targetHints":{"allow":["GET"]}}],"collection":[{"href":"https:\/\/drsdhahak.com\/index.php\/wp-json\/wp\/v2\/pages"}],"about":[{"href":"https:\/\/drsdhahak.com\/index.php\/wp-json\/wp\/v2\/types\/page"}],"author":[{"embeddable":true,"href":"https:\/\/drsdhahak.com\/index.php\/wp-json\/wp\/v2\/users\/1"}],"replies":[{"embeddable":true,"href":"https:\/\/drsdhahak.com\/index.php\/wp-json\/wp\/v2\/comments?post=1066"}],"version-history":[{"count":3,"href":"https:\/\/drsdhahak.com\/index.php\/wp-json\/wp\/v2\/pages\/1066\/revisions"}],"predecessor-version":[{"id":1817,"href":"https:\/\/drsdhahak.com\/index.php\/wp-json\/wp\/v2\/pages\/1066\/revisions\/1817"}],"up":[{"embeddable":true,"href":"https:\/\/drsdhahak.com\/index.php\/wp-json\/wp\/v2\/pages\/1061"}],"wp:featuredmedia":[{"embeddable":true,"href":"https:\/\/drsdhahak.com\/index.php\/wp-json\/wp\/v2\/media\/847"}],"wp:attachment":[{"href":"https:\/\/drsdhahak.com\/index.php\/wp-json\/wp\/v2\/media?parent=1066"}],"curies":[{"name":"wp","href":"https:\/\/api.w.org\/{rel}","templated":true}]}}