{"id":1063,"date":"2021-02-17T23:21:45","date_gmt":"2021-02-17T22:21:45","guid":{"rendered":"https:\/\/drsdhahak.com\/?page_id=1063"},"modified":"2021-03-17T22:57:41","modified_gmt":"2021-03-17T21:57:41","slug":"des-belles-fesses-cest-possible","status":"publish","type":"page","link":"https:\/\/drsdhahak.com\/index.php\/accueil\/liposuccion-et-chirurgie-de-la-silhouette\/des-belles-fesses-cest-possible\/","title":{"rendered":"Des Belles Fesses, C\u2019est Possible"},"content":{"rendered":"<p>[vc_row css=&#8221;.vc_custom_1616018260429{padding-top: 90px !important;padding-bottom: 90px !important;}&#8221;][vc_column][vc_column_text]<\/p>\n<h1 style=\"text-align: left;\"><span style=\"font-weight: 400;\">Avoir de belles fesses, c\u2019est possible<\/span><\/h1>\n<p>&nbsp;<\/p>\n<p><span style=\"font-weight: 400;\">Les fesses peuvent \u00eatre tombantes, trop grosses, trop petite\u2026.. la encore il n\u2019existe pas de technique unique.<\/span><\/p>\n<p><span style=\"font-weight: 400;\">Le choix de la technique d\u00e9pend de l\u2019examen clinique pr\u00e9op\u00e9ratoire en particulier forme et volume pr\u00e9-existants, musculature et aspect de la peau en regard et surtout de la motivation de la patiente.<\/span><\/p>\n<p>[\/vc_column_text][\/vc_column][vc_column][vc_column_text]<\/p>\n<ul>\n<li style=\"font-weight: 400;\" aria-level=\"1\">\n<h2><span style=\"font-weight: 400;\">Fesses Trop Volumineuses<\/span><\/h2>\n<\/li>\n<li aria-level=\"1\"><\/li>\n<li style=\"font-weight: 400;\" aria-level=\"1\">\n<h2><\/h2>\n<ul>\n<li style=\"font-weight: 400;\" aria-level=\"2\"><span style=\"font-weight: 400;\">Liposuccion des fesses pour les exc\u00e8s graisseux sans pt\u00f4se surtout si la surcharge pr\u00e9domine sur les parties sup\u00e9rieur et moyenne des fesses.<\/span><\/li>\n<li style=\"font-weight: 400;\" aria-level=\"2\"><span style=\"font-weight: 400;\">Lifting des fesses en cas de pt\u00f4se, il permet non seulement de corriger la chute des fesses mais de les galber sans l\u2019utilisation de proth\u00e8ses.<\/span><\/li>\n<\/ul>\n<\/li>\n<\/ul>\n<p>[\/vc_column_text][\/vc_column][vc_column width=&#8221;1\/4&#8243;][vc_single_image image=&#8221;899&#8243; img_size=&#8221;full&#8221; alignment=&#8221;center&#8221;][\/vc_column][vc_column width=&#8221;1\/4&#8243;][vc_single_image image=&#8221;900&#8243; img_size=&#8221;full&#8221; alignment=&#8221;center&#8221;][\/vc_column][vc_column width=&#8221;1\/4&#8243;][\/vc_column][vc_column width=&#8221;1\/4&#8243;][\/vc_column][vc_column][vc_column_text]<\/p>\n<ul>\n<li style=\"font-weight: 400;\" aria-level=\"1\">\n<h2><span style=\"font-weight: 400;\">Manques de Volumes (Le Lipofilling des Fesses Appel\u00e9 Aussi BBL ( Brazilian Butt Lift))<\/span><\/h2>\n<\/li>\n<li aria-level=\"1\"><\/li>\n<\/ul>\n<p><span style=\"font-weight: 400;\">Apr\u00e8s une liposuccion, la graisse pr\u00e9lev\u00e9e est ensuite purifi\u00e9e et inject\u00e9e au niveau des fesses.<\/span><\/p>\n<p><span style=\"font-weight: 400;\">Cela suppose qu\u2019il existe suffisamment de graisse \u00e0 pr\u00e9lever chez la patiente. cette technique permet d\u2019augmenter le volume et de redessiner le contour des fesses pour les rendre plus belle.<\/span>[\/vc_column_text][\/vc_column][vc_column width=&#8221;1\/4&#8243;][vc_single_image image=&#8221;901&#8243; img_size=&#8221;full&#8221; alignment=&#8221;center&#8221;][\/vc_column][vc_column width=&#8221;1\/4&#8243;][vc_single_image image=&#8221;902&#8243; img_size=&#8221;full&#8221; alignment=&#8221;center&#8221;][\/vc_column][vc_column width=&#8221;1\/4&#8243;][vc_single_image image=&#8221;903&#8243; img_size=&#8221;full&#8221; alignment=&#8221;center&#8221;][\/vc_column][vc_column width=&#8221;1\/4&#8243;][vc_single_image image=&#8221;904&#8243; img_size=&#8221;full&#8221; alignment=&#8221;center&#8221;][\/vc_column][vc_column][vc_column_text]<\/p>\n<ul>\n<li style=\"font-weight: 400;\" aria-level=\"1\">\n<h2><span style=\"font-weight: 400;\">Les Proth\u00e8ses Fesses.<\/span><\/h2>\n<\/li>\n<li aria-level=\"1\"><\/li>\n<\/ul>\n<p><span style=\"font-weight: 400;\">elles ressemblent beaucoup aux proth\u00e8ses mammaires , dans leur formes et la conception. elles sont mises par incisions au niveau du sillon interfessier ce qui rend la cicatrice peu visible.<\/span><\/p>\n<p><span style=\"font-weight: 400;\">cette technique est indiqu\u00e9e chez les patiente maigre , n\u2019ayant pas assez de graisse \u00e0 pr\u00e9lever.<\/span>[\/vc_column_text][\/vc_column][vc_column width=&#8221;1\/4&#8243;][vc_single_image image=&#8221;905&#8243; img_size=&#8221;full&#8221; alignment=&#8221;center&#8221;][\/vc_column][vc_column width=&#8221;1\/4&#8243;][vc_single_image image=&#8221;909&#8243; img_size=&#8221;full&#8221; alignment=&#8221;center&#8221;][\/vc_column][vc_column width=&#8221;1\/4&#8243;][\/vc_column][vc_column width=&#8221;1\/4&#8243;][\/vc_column][\/vc_row]<\/p>\n","protected":false},"excerpt":{"rendered":"<p>[vc_row css=&#8221;.vc_custom_1616018260429{padding-top: 90px !important;padding-bottom: 90px !important;}&#8221;][vc_column][vc_column_text] Avoir de belles fesses, c\u2019est possible &nbsp; Les fesses peuvent \u00eatre tombantes, trop grosses, trop petite\u2026.. la encore il n\u2019existe pas de technique unique. Le choix de la technique d\u00e9pend de l\u2019examen clinique pr\u00e9op\u00e9ratoire en particulier forme et volume pr\u00e9-existants, musculature et aspect de la peau en regard et [&hellip;]<\/p>\n","protected":false},"author":1,"featured_media":847,"parent":1061,"menu_order":0,"comment_status":"closed","ping_status":"closed","template":"page-templates\/template-fullwidth.php","meta":{"footnotes":""},"class_list":["post-1063","page","type-page","status-publish","has-post-thumbnail","hentry"],"yoast_head":"<!-- This site is optimized with the Yoast SEO plugin v27.1.1 - https:\/\/yoast.com\/product\/yoast-seo-wordpress\/ -->\n<title>Des Belles Fesses, C\u2019est Possible - Drs Dhahak<\/title>\n<meta name=\"robots\" content=\"index, follow, max-snippet:-1, max-image-preview:large, max-video-preview:-1\" \/>\n<link rel=\"canonical\" href=\"https:\/\/drsdhahak.com\/index.php\/accueil\/liposuccion-et-chirurgie-de-la-silhouette\/des-belles-fesses-cest-possible\/\" \/>\n<meta property=\"og:locale\" content=\"fr_FR\" \/>\n<meta property=\"og:type\" content=\"article\" \/>\n<meta property=\"og:title\" content=\"Des Belles Fesses, C\u2019est Possible - Drs Dhahak\" \/>\n<meta property=\"og:description\" content=\"[vc_row css=&#8221;.vc_custom_1616018260429{padding-top: 90px !important;padding-bottom: 90px !important;}&#8221;][vc_column][vc_column_text] Avoir de belles fesses, c\u2019est possible &nbsp; Les fesses peuvent \u00eatre tombantes, trop grosses, trop petite\u2026.. la encore il n\u2019existe pas de technique unique. Le choix de la technique d\u00e9pend de l\u2019examen clinique pr\u00e9op\u00e9ratoire en particulier forme et volume pr\u00e9-existants, musculature et aspect de la peau en regard et [&hellip;]\" \/>\n<meta property=\"og:url\" content=\"https:\/\/drsdhahak.com\/index.php\/accueil\/liposuccion-et-chirurgie-de-la-silhouette\/des-belles-fesses-cest-possible\/\" \/>\n<meta property=\"og:site_name\" content=\"Drs Dhahak\" \/>\n<meta property=\"article:modified_time\" content=\"2021-03-17T21:57:41+00:00\" \/>\n<meta property=\"og:image\" content=\"https:\/\/drsdhahak.com\/wp-content\/uploads\/2021\/02\/4.png\" \/>\n\t<meta property=\"og:image:width\" content=\"1920\" \/>\n\t<meta property=\"og:image:height\" content=\"680\" \/>\n\t<meta property=\"og:image:type\" content=\"image\/png\" \/>\n<meta name=\"twitter:card\" content=\"summary_large_image\" \/>\n<meta name=\"twitter:label1\" content=\"Dur\u00e9e de lecture estim\u00e9e\" \/>\n\t<meta name=\"twitter:data1\" content=\"2 minutes\" \/>\n<script type=\"application\/ld+json\" class=\"yoast-schema-graph\">{\"@context\":\"https:\/\/schema.org\",\"@graph\":[{\"@type\":\"WebPage\",\"@id\":\"https:\/\/drsdhahak.com\/index.php\/accueil\/liposuccion-et-chirurgie-de-la-silhouette\/des-belles-fesses-cest-possible\/\",\"url\":\"https:\/\/drsdhahak.com\/index.php\/accueil\/liposuccion-et-chirurgie-de-la-silhouette\/des-belles-fesses-cest-possible\/\",\"name\":\"Des Belles Fesses, C\u2019est Possible - Drs Dhahak\",\"isPartOf\":{\"@id\":\"https:\/\/drsdhahak.com\/#website\"},\"primaryImageOfPage\":{\"@id\":\"https:\/\/drsdhahak.com\/index.php\/accueil\/liposuccion-et-chirurgie-de-la-silhouette\/des-belles-fesses-cest-possible\/#primaryimage\"},\"image\":{\"@id\":\"https:\/\/drsdhahak.com\/index.php\/accueil\/liposuccion-et-chirurgie-de-la-silhouette\/des-belles-fesses-cest-possible\/#primaryimage\"},\"thumbnailUrl\":\"https:\/\/drsdhahak.com\/wp-content\/uploads\/2021\/02\/4.png\",\"datePublished\":\"2021-02-17T22:21:45+00:00\",\"dateModified\":\"2021-03-17T21:57:41+00:00\",\"breadcrumb\":{\"@id\":\"https:\/\/drsdhahak.com\/index.php\/accueil\/liposuccion-et-chirurgie-de-la-silhouette\/des-belles-fesses-cest-possible\/#breadcrumb\"},\"inLanguage\":\"fr-FR\",\"potentialAction\":[{\"@type\":\"ReadAction\",\"target\":[\"https:\/\/drsdhahak.com\/index.php\/accueil\/liposuccion-et-chirurgie-de-la-silhouette\/des-belles-fesses-cest-possible\/\"]}]},{\"@type\":\"ImageObject\",\"inLanguage\":\"fr-FR\",\"@id\":\"https:\/\/drsdhahak.com\/index.php\/accueil\/liposuccion-et-chirurgie-de-la-silhouette\/des-belles-fesses-cest-possible\/#primaryimage\",\"url\":\"https:\/\/drsdhahak.com\/wp-content\/uploads\/2021\/02\/4.png\",\"contentUrl\":\"https:\/\/drsdhahak.com\/wp-content\/uploads\/2021\/02\/4.png\",\"width\":1920,\"height\":680},{\"@type\":\"BreadcrumbList\",\"@id\":\"https:\/\/drsdhahak.com\/index.php\/accueil\/liposuccion-et-chirurgie-de-la-silhouette\/des-belles-fesses-cest-possible\/#breadcrumb\",\"itemListElement\":[{\"@type\":\"ListItem\",\"position\":1,\"name\":\"Accueil\",\"item\":\"https:\/\/drsdhahak.com\/\"},{\"@type\":\"ListItem\",\"position\":2,\"name\":\"Accueil\",\"item\":\"https:\/\/drsdhahak.com\/\"},{\"@type\":\"ListItem\",\"position\":3,\"name\":\"Liposuccion et chirurgie de la silhouette\",\"item\":\"https:\/\/drsdhahak.com\/index.php\/accueil\/liposuccion-et-chirurgie-de-la-silhouette\/\"},{\"@type\":\"ListItem\",\"position\":4,\"name\":\"Des Belles Fesses, C\u2019est Possible\"}]},{\"@type\":\"WebSite\",\"@id\":\"https:\/\/drsdhahak.com\/#website\",\"url\":\"https:\/\/drsdhahak.com\/\",\"name\":\"Drs Dhahak\",\"description\":\"chirurgie plastique, r\u00e9paratrice et esth\u00e9tique et la chirurgie ophtalmologique\",\"potentialAction\":[{\"@type\":\"SearchAction\",\"target\":{\"@type\":\"EntryPoint\",\"urlTemplate\":\"https:\/\/drsdhahak.com\/?s={search_term_string}\"},\"query-input\":{\"@type\":\"PropertyValueSpecification\",\"valueRequired\":true,\"valueName\":\"search_term_string\"}}],\"inLanguage\":\"fr-FR\"}]}<\/script>\n<!-- \/ Yoast SEO plugin. -->","yoast_head_json":{"title":"Des Belles Fesses, C\u2019est Possible - Drs Dhahak","robots":{"index":"index","follow":"follow","max-snippet":"max-snippet:-1","max-image-preview":"max-image-preview:large","max-video-preview":"max-video-preview:-1"},"canonical":"https:\/\/drsdhahak.com\/index.php\/accueil\/liposuccion-et-chirurgie-de-la-silhouette\/des-belles-fesses-cest-possible\/","og_locale":"fr_FR","og_type":"article","og_title":"Des Belles Fesses, C\u2019est Possible - Drs Dhahak","og_description":"[vc_row css=&#8221;.vc_custom_1616018260429{padding-top: 90px !important;padding-bottom: 90px !important;}&#8221;][vc_column][vc_column_text] Avoir de belles fesses, c\u2019est possible &nbsp; Les fesses peuvent \u00eatre tombantes, trop grosses, trop petite\u2026.. la encore il n\u2019existe pas de technique unique. Le choix de la technique d\u00e9pend de l\u2019examen clinique pr\u00e9op\u00e9ratoire en particulier forme et volume pr\u00e9-existants, musculature et aspect de la peau en regard et [&hellip;]","og_url":"https:\/\/drsdhahak.com\/index.php\/accueil\/liposuccion-et-chirurgie-de-la-silhouette\/des-belles-fesses-cest-possible\/","og_site_name":"Drs Dhahak","article_modified_time":"2021-03-17T21:57:41+00:00","og_image":[{"width":1920,"height":680,"url":"https:\/\/drsdhahak.com\/wp-content\/uploads\/2021\/02\/4.png","type":"image\/png"}],"twitter_card":"summary_large_image","twitter_misc":{"Dur\u00e9e de lecture estim\u00e9e":"2 minutes"},"schema":{"@context":"https:\/\/schema.org","@graph":[{"@type":"WebPage","@id":"https:\/\/drsdhahak.com\/index.php\/accueil\/liposuccion-et-chirurgie-de-la-silhouette\/des-belles-fesses-cest-possible\/","url":"https:\/\/drsdhahak.com\/index.php\/accueil\/liposuccion-et-chirurgie-de-la-silhouette\/des-belles-fesses-cest-possible\/","name":"Des Belles Fesses, C\u2019est Possible - Drs Dhahak","isPartOf":{"@id":"https:\/\/drsdhahak.com\/#website"},"primaryImageOfPage":{"@id":"https:\/\/drsdhahak.com\/index.php\/accueil\/liposuccion-et-chirurgie-de-la-silhouette\/des-belles-fesses-cest-possible\/#primaryimage"},"image":{"@id":"https:\/\/drsdhahak.com\/index.php\/accueil\/liposuccion-et-chirurgie-de-la-silhouette\/des-belles-fesses-cest-possible\/#primaryimage"},"thumbnailUrl":"https:\/\/drsdhahak.com\/wp-content\/uploads\/2021\/02\/4.png","datePublished":"2021-02-17T22:21:45+00:00","dateModified":"2021-03-17T21:57:41+00:00","breadcrumb":{"@id":"https:\/\/drsdhahak.com\/index.php\/accueil\/liposuccion-et-chirurgie-de-la-silhouette\/des-belles-fesses-cest-possible\/#breadcrumb"},"inLanguage":"fr-FR","potentialAction":[{"@type":"ReadAction","target":["https:\/\/drsdhahak.com\/index.php\/accueil\/liposuccion-et-chirurgie-de-la-silhouette\/des-belles-fesses-cest-possible\/"]}]},{"@type":"ImageObject","inLanguage":"fr-FR","@id":"https:\/\/drsdhahak.com\/index.php\/accueil\/liposuccion-et-chirurgie-de-la-silhouette\/des-belles-fesses-cest-possible\/#primaryimage","url":"https:\/\/drsdhahak.com\/wp-content\/uploads\/2021\/02\/4.png","contentUrl":"https:\/\/drsdhahak.com\/wp-content\/uploads\/2021\/02\/4.png","width":1920,"height":680},{"@type":"BreadcrumbList","@id":"https:\/\/drsdhahak.com\/index.php\/accueil\/liposuccion-et-chirurgie-de-la-silhouette\/des-belles-fesses-cest-possible\/#breadcrumb","itemListElement":[{"@type":"ListItem","position":1,"name":"Accueil","item":"https:\/\/drsdhahak.com\/"},{"@type":"ListItem","position":2,"name":"Accueil","item":"https:\/\/drsdhahak.com\/"},{"@type":"ListItem","position":3,"name":"Liposuccion et chirurgie de la silhouette","item":"https:\/\/drsdhahak.com\/index.php\/accueil\/liposuccion-et-chirurgie-de-la-silhouette\/"},{"@type":"ListItem","position":4,"name":"Des Belles Fesses, C\u2019est Possible"}]},{"@type":"WebSite","@id":"https:\/\/drsdhahak.com\/#website","url":"https:\/\/drsdhahak.com\/","name":"Drs Dhahak","description":"chirurgie plastique, r\u00e9paratrice et esth\u00e9tique et la chirurgie ophtalmologique","potentialAction":[{"@type":"SearchAction","target":{"@type":"EntryPoint","urlTemplate":"https:\/\/drsdhahak.com\/?s={search_term_string}"},"query-input":{"@type":"PropertyValueSpecification","valueRequired":true,"valueName":"search_term_string"}}],"inLanguage":"fr-FR"}]}},"_links":{"self":[{"href":"https:\/\/drsdhahak.com\/index.php\/wp-json\/wp\/v2\/pages\/1063","targetHints":{"allow":["GET"]}}],"collection":[{"href":"https:\/\/drsdhahak.com\/index.php\/wp-json\/wp\/v2\/pages"}],"about":[{"href":"https:\/\/drsdhahak.com\/index.php\/wp-json\/wp\/v2\/types\/page"}],"author":[{"embeddable":true,"href":"https:\/\/drsdhahak.com\/index.php\/wp-json\/wp\/v2\/users\/1"}],"replies":[{"embeddable":true,"href":"https:\/\/drsdhahak.com\/index.php\/wp-json\/wp\/v2\/comments?post=1063"}],"version-history":[{"count":2,"href":"https:\/\/drsdhahak.com\/index.php\/wp-json\/wp\/v2\/pages\/1063\/revisions"}],"predecessor-version":[{"id":1815,"href":"https:\/\/drsdhahak.com\/index.php\/wp-json\/wp\/v2\/pages\/1063\/revisions\/1815"}],"up":[{"embeddable":true,"href":"https:\/\/drsdhahak.com\/index.php\/wp-json\/wp\/v2\/pages\/1061"}],"wp:featuredmedia":[{"embeddable":true,"href":"https:\/\/drsdhahak.com\/index.php\/wp-json\/wp\/v2\/media\/847"}],"wp:attachment":[{"href":"https:\/\/drsdhahak.com\/index.php\/wp-json\/wp\/v2\/media?parent=1063"}],"curies":[{"name":"wp","href":"https:\/\/api.w.org\/{rel}","templated":true}]}}