{"id":1061,"date":"2021-02-17T23:19:28","date_gmt":"2021-02-17T22:19:28","guid":{"rendered":"https:\/\/drsdhahak.com\/?page_id=1061"},"modified":"2021-03-17T23:46:58","modified_gmt":"2021-03-17T22:46:58","slug":"liposuccion-et-chirurgie-de-la-silhouette","status":"publish","type":"page","link":"https:\/\/drsdhahak.com\/index.php\/accueil\/liposuccion-et-chirurgie-de-la-silhouette\/","title":{"rendered":"Liposuccion et chirurgie de la silhouette"},"content":{"rendered":"<p>[vc_row css=&#8221;.vc_custom_1616018229076{padding-top: 90px !important;padding-bottom: 90px !important;}&#8221;][vc_column width=&#8221;1\/3&#8243;][vc_single_image image=&#8221;998&#8243; img_size=&#8221;full&#8221; onclick=&#8221;custom_link&#8221;]\n\t<!-- Element: OT Heading --> \t \n\t<h2 class=\"ot_custom_heading  \" style=\"\" ><a href=\"https:\/\/drsdhahak.com\/index.php\/home\/liposuccion-et-chirurgie-de-la-silhouette\/des-belles-fesses-cest-possible\/\" title=\"Des Belles Fesses, C\u2019est Possible\" target=\"_self\">Des Belles Fesses, C\u2019est Possible<\/a><\/h2>\t\n[vc_column_text]Les fesses peuvent \u00eatre tombantes, trop grosses, trop petite\u2026.. la encore il n\u2019existe pas de technique unique&#8230;Lire Plus[\/vc_column_text][\/vc_column][vc_column width=&#8221;1\/3&#8243;][vc_single_image image=&#8221;997&#8243; img_size=&#8221;full&#8221; onclick=&#8221;custom_link&#8221;]\n\t<!-- Element: OT Heading --> \t \n\t<h2 class=\"ot_custom_heading  \" style=\"\" ><a href=\"https:\/\/drsdhahak.com\/index.php\/home\/liposuccion-et-chirurgie-de-la-silhouette\/lifting-des-cuisses\/\" title=\"Lifting des Cuisses\" target=\"_self\">Lifting des Cuisses<\/a><\/h2>\t\n[vc_column_text]le lifting des cuisses \u00e9galement appel\u00e9 cruroplastie est une chirurgie pratiqu\u00e9e sur la face interne des cuis&#8230;Lire Plus[\/vc_column_text][\/vc_column][vc_column width=&#8221;1\/3&#8243;][vc_single_image image=&#8221;996&#8243; img_size=&#8221;full&#8221; onclick=&#8221;custom_link&#8221;]\n\t<!-- Element: OT Heading --> \t \n\t<h2 class=\"ot_custom_heading  \" style=\"\" ><a href=\"https:\/\/drsdhahak.com\/index.php\/home\/liposuccion-et-chirurgie-de-la-silhouette\/lifting-bras\/\" title=\"Lifting Bras\" target=\"_self\">Lifting Bras<\/a><\/h2>\t\n[vc_column_text]la brachioplastie consiste \u00e0 retirer l&#8217;exc\u00e8s de peau et de graisse du bras.il existe diff\u00e9rents types de brac&#8230;Lire Plus[\/vc_column_text][\/vc_column][\/vc_row][vc_row css=&#8221;.vc_custom_1616021184150{padding-bottom: 90px !important;}&#8221;][vc_column width=&#8221;1\/3&#8243;][vc_single_image image=&#8221;995&#8243; img_size=&#8221;full&#8221; onclick=&#8221;custom_link&#8221;]\n\t<!-- Element: OT Heading --> \t \n\t<h2 class=\"ot_custom_heading  \" style=\"\" ><a href=\"https:\/\/drsdhahak.com\/index.php\/home\/liposuccion-et-chirurgie-de-la-silhouette\/abdominoplastie\/\" title=\"Abdominoplastie\" target=\"_self\">Abdominoplastie<\/a><\/h2>\t\n[vc_column_text]L\u2019abdomen peut \u00eatre particuli\u00e8rement endommag\u00e9 par des variations de poids au cours de la vie, apr\u00e8s une gros&#8230;Lire Plus[\/vc_column_text][\/vc_column][vc_column width=&#8221;1\/3&#8243;][vc_single_image image=&#8221;994&#8243; img_size=&#8221;full&#8221; onclick=&#8221;custom_link&#8221;]\n\t<!-- Element: OT Heading --> \t \n\t<h2 class=\"ot_custom_heading  \" style=\"\" ><a href=\"https:\/\/drsdhahak.com\/index.php\/home\/liposuccion-et-chirurgie-de-la-silhouette\/liposuccion\/\" title=\"Liposuccion\" target=\"_self\">Liposuccion<\/a><\/h2>\t\n[vc_column_text]les d\u00e9p\u00f4ts graisseux localis\u00e9s sont difficiles \u00e0 enlever malgr\u00e9 un r\u00e9gime alimentaire bien suivi ou des exerc&#8230;Lire Plus[\/vc_column_text][\/vc_column][\/vc_row]<\/p>\n","protected":false},"excerpt":{"rendered":"<p>[vc_row css=&#8221;.vc_custom_1616018229076{padding-top: 90px !important;padding-bottom: 90px !important;}&#8221;][vc_column width=&#8221;1\/3&#8243;][vc_single_image image=&#8221;998&#8243; img_size=&#8221;full&#8221; onclick=&#8221;custom_link&#8221;][vc_column_text]Les fesses peuvent \u00eatre tombantes, trop grosses, trop petite\u2026.. la encore il n\u2019existe pas de technique unique&#8230;Lire Plus[\/vc_column_text][\/vc_column][vc_column width=&#8221;1\/3&#8243;][vc_single_image image=&#8221;997&#8243; img_size=&#8221;full&#8221; onclick=&#8221;custom_link&#8221;][vc_column_text]le lifting des cuisses \u00e9galement appel\u00e9 cruroplastie est une chirurgie pratiqu\u00e9e sur la face interne des cuis&#8230;Lire Plus[\/vc_column_text][\/vc_column][vc_column width=&#8221;1\/3&#8243;][vc_single_image image=&#8221;996&#8243; img_size=&#8221;full&#8221; onclick=&#8221;custom_link&#8221;][vc_column_text]la brachioplastie consiste \u00e0 [&hellip;]<\/p>\n","protected":false},"author":1,"featured_media":847,"parent":803,"menu_order":0,"comment_status":"closed","ping_status":"closed","template":"page-templates\/template-fullwidth.php","meta":{"footnotes":""},"class_list":["post-1061","page","type-page","status-publish","has-post-thumbnail","hentry"],"yoast_head":"<!-- This site is optimized with the Yoast SEO plugin v27.1.1 - https:\/\/yoast.com\/product\/yoast-seo-wordpress\/ -->\n<title>Liposuccion et chirurgie de la silhouette - Drs Dhahak<\/title>\n<meta name=\"robots\" content=\"index, follow, max-snippet:-1, max-image-preview:large, max-video-preview:-1\" \/>\n<link rel=\"canonical\" href=\"https:\/\/drsdhahak.com\/index.php\/accueil\/liposuccion-et-chirurgie-de-la-silhouette\/\" \/>\n<meta property=\"og:locale\" content=\"fr_FR\" \/>\n<meta property=\"og:type\" content=\"article\" \/>\n<meta property=\"og:title\" content=\"Liposuccion et chirurgie de la silhouette - Drs Dhahak\" \/>\n<meta property=\"og:description\" content=\"[vc_row css=&#8221;.vc_custom_1616018229076{padding-top: 90px !important;padding-bottom: 90px !important;}&#8221;][vc_column width=&#8221;1\/3&#8243;][vc_single_image image=&#8221;998&#8243; img_size=&#8221;full&#8221; onclick=&#8221;custom_link&#8221;][vc_column_text]Les fesses peuvent \u00eatre tombantes, trop grosses, trop petite\u2026.. la encore il n\u2019existe pas de technique unique&#8230;Lire Plus[\/vc_column_text][\/vc_column][vc_column width=&#8221;1\/3&#8243;][vc_single_image image=&#8221;997&#8243; img_size=&#8221;full&#8221; onclick=&#8221;custom_link&#8221;][vc_column_text]le lifting des cuisses \u00e9galement appel\u00e9 cruroplastie est une chirurgie pratiqu\u00e9e sur la face interne des cuis&#8230;Lire Plus[\/vc_column_text][\/vc_column][vc_column width=&#8221;1\/3&#8243;][vc_single_image image=&#8221;996&#8243; img_size=&#8221;full&#8221; onclick=&#8221;custom_link&#8221;][vc_column_text]la brachioplastie consiste \u00e0 [&hellip;]\" \/>\n<meta property=\"og:url\" content=\"https:\/\/drsdhahak.com\/index.php\/accueil\/liposuccion-et-chirurgie-de-la-silhouette\/\" \/>\n<meta property=\"og:site_name\" content=\"Drs Dhahak\" \/>\n<meta property=\"article:modified_time\" content=\"2021-03-17T22:46:58+00:00\" \/>\n<meta property=\"og:image\" content=\"https:\/\/drsdhahak.com\/wp-content\/uploads\/2021\/02\/4.png\" \/>\n\t<meta property=\"og:image:width\" content=\"1920\" \/>\n\t<meta property=\"og:image:height\" content=\"680\" \/>\n\t<meta property=\"og:image:type\" content=\"image\/png\" \/>\n<meta name=\"twitter:card\" content=\"summary_large_image\" \/>\n<meta name=\"twitter:label1\" content=\"Dur\u00e9e de lecture estim\u00e9e\" \/>\n\t<meta name=\"twitter:data1\" content=\"1 minute\" \/>\n<script type=\"application\/ld+json\" class=\"yoast-schema-graph\">{\"@context\":\"https:\/\/schema.org\",\"@graph\":[{\"@type\":\"WebPage\",\"@id\":\"https:\/\/drsdhahak.com\/index.php\/accueil\/liposuccion-et-chirurgie-de-la-silhouette\/\",\"url\":\"https:\/\/drsdhahak.com\/index.php\/accueil\/liposuccion-et-chirurgie-de-la-silhouette\/\",\"name\":\"Liposuccion et chirurgie de la silhouette - Drs Dhahak\",\"isPartOf\":{\"@id\":\"https:\/\/drsdhahak.com\/#website\"},\"primaryImageOfPage\":{\"@id\":\"https:\/\/drsdhahak.com\/index.php\/accueil\/liposuccion-et-chirurgie-de-la-silhouette\/#primaryimage\"},\"image\":{\"@id\":\"https:\/\/drsdhahak.com\/index.php\/accueil\/liposuccion-et-chirurgie-de-la-silhouette\/#primaryimage\"},\"thumbnailUrl\":\"https:\/\/drsdhahak.com\/wp-content\/uploads\/2021\/02\/4.png\",\"datePublished\":\"2021-02-17T22:19:28+00:00\",\"dateModified\":\"2021-03-17T22:46:58+00:00\",\"breadcrumb\":{\"@id\":\"https:\/\/drsdhahak.com\/index.php\/accueil\/liposuccion-et-chirurgie-de-la-silhouette\/#breadcrumb\"},\"inLanguage\":\"fr-FR\",\"potentialAction\":[{\"@type\":\"ReadAction\",\"target\":[\"https:\/\/drsdhahak.com\/index.php\/accueil\/liposuccion-et-chirurgie-de-la-silhouette\/\"]}]},{\"@type\":\"ImageObject\",\"inLanguage\":\"fr-FR\",\"@id\":\"https:\/\/drsdhahak.com\/index.php\/accueil\/liposuccion-et-chirurgie-de-la-silhouette\/#primaryimage\",\"url\":\"https:\/\/drsdhahak.com\/wp-content\/uploads\/2021\/02\/4.png\",\"contentUrl\":\"https:\/\/drsdhahak.com\/wp-content\/uploads\/2021\/02\/4.png\",\"width\":1920,\"height\":680},{\"@type\":\"BreadcrumbList\",\"@id\":\"https:\/\/drsdhahak.com\/index.php\/accueil\/liposuccion-et-chirurgie-de-la-silhouette\/#breadcrumb\",\"itemListElement\":[{\"@type\":\"ListItem\",\"position\":1,\"name\":\"Accueil\",\"item\":\"https:\/\/drsdhahak.com\/\"},{\"@type\":\"ListItem\",\"position\":2,\"name\":\"Accueil\",\"item\":\"https:\/\/drsdhahak.com\/\"},{\"@type\":\"ListItem\",\"position\":3,\"name\":\"Liposuccion et chirurgie de la silhouette\"}]},{\"@type\":\"WebSite\",\"@id\":\"https:\/\/drsdhahak.com\/#website\",\"url\":\"https:\/\/drsdhahak.com\/\",\"name\":\"Drs Dhahak\",\"description\":\"chirurgie plastique, r\u00e9paratrice et esth\u00e9tique et la chirurgie ophtalmologique\",\"potentialAction\":[{\"@type\":\"SearchAction\",\"target\":{\"@type\":\"EntryPoint\",\"urlTemplate\":\"https:\/\/drsdhahak.com\/?s={search_term_string}\"},\"query-input\":{\"@type\":\"PropertyValueSpecification\",\"valueRequired\":true,\"valueName\":\"search_term_string\"}}],\"inLanguage\":\"fr-FR\"}]}<\/script>\n<!-- \/ Yoast SEO plugin. -->","yoast_head_json":{"title":"Liposuccion et chirurgie de la silhouette - Drs Dhahak","robots":{"index":"index","follow":"follow","max-snippet":"max-snippet:-1","max-image-preview":"max-image-preview:large","max-video-preview":"max-video-preview:-1"},"canonical":"https:\/\/drsdhahak.com\/index.php\/accueil\/liposuccion-et-chirurgie-de-la-silhouette\/","og_locale":"fr_FR","og_type":"article","og_title":"Liposuccion et chirurgie de la silhouette - Drs Dhahak","og_description":"[vc_row css=&#8221;.vc_custom_1616018229076{padding-top: 90px !important;padding-bottom: 90px !important;}&#8221;][vc_column width=&#8221;1\/3&#8243;][vc_single_image image=&#8221;998&#8243; img_size=&#8221;full&#8221; onclick=&#8221;custom_link&#8221;][vc_column_text]Les fesses peuvent \u00eatre tombantes, trop grosses, trop petite\u2026.. la encore il n\u2019existe pas de technique unique&#8230;Lire Plus[\/vc_column_text][\/vc_column][vc_column width=&#8221;1\/3&#8243;][vc_single_image image=&#8221;997&#8243; img_size=&#8221;full&#8221; onclick=&#8221;custom_link&#8221;][vc_column_text]le lifting des cuisses \u00e9galement appel\u00e9 cruroplastie est une chirurgie pratiqu\u00e9e sur la face interne des cuis&#8230;Lire Plus[\/vc_column_text][\/vc_column][vc_column width=&#8221;1\/3&#8243;][vc_single_image image=&#8221;996&#8243; img_size=&#8221;full&#8221; onclick=&#8221;custom_link&#8221;][vc_column_text]la brachioplastie consiste \u00e0 [&hellip;]","og_url":"https:\/\/drsdhahak.com\/index.php\/accueil\/liposuccion-et-chirurgie-de-la-silhouette\/","og_site_name":"Drs Dhahak","article_modified_time":"2021-03-17T22:46:58+00:00","og_image":[{"width":1920,"height":680,"url":"https:\/\/drsdhahak.com\/wp-content\/uploads\/2021\/02\/4.png","type":"image\/png"}],"twitter_card":"summary_large_image","twitter_misc":{"Dur\u00e9e de lecture estim\u00e9e":"1 minute"},"schema":{"@context":"https:\/\/schema.org","@graph":[{"@type":"WebPage","@id":"https:\/\/drsdhahak.com\/index.php\/accueil\/liposuccion-et-chirurgie-de-la-silhouette\/","url":"https:\/\/drsdhahak.com\/index.php\/accueil\/liposuccion-et-chirurgie-de-la-silhouette\/","name":"Liposuccion et chirurgie de la silhouette - Drs Dhahak","isPartOf":{"@id":"https:\/\/drsdhahak.com\/#website"},"primaryImageOfPage":{"@id":"https:\/\/drsdhahak.com\/index.php\/accueil\/liposuccion-et-chirurgie-de-la-silhouette\/#primaryimage"},"image":{"@id":"https:\/\/drsdhahak.com\/index.php\/accueil\/liposuccion-et-chirurgie-de-la-silhouette\/#primaryimage"},"thumbnailUrl":"https:\/\/drsdhahak.com\/wp-content\/uploads\/2021\/02\/4.png","datePublished":"2021-02-17T22:19:28+00:00","dateModified":"2021-03-17T22:46:58+00:00","breadcrumb":{"@id":"https:\/\/drsdhahak.com\/index.php\/accueil\/liposuccion-et-chirurgie-de-la-silhouette\/#breadcrumb"},"inLanguage":"fr-FR","potentialAction":[{"@type":"ReadAction","target":["https:\/\/drsdhahak.com\/index.php\/accueil\/liposuccion-et-chirurgie-de-la-silhouette\/"]}]},{"@type":"ImageObject","inLanguage":"fr-FR","@id":"https:\/\/drsdhahak.com\/index.php\/accueil\/liposuccion-et-chirurgie-de-la-silhouette\/#primaryimage","url":"https:\/\/drsdhahak.com\/wp-content\/uploads\/2021\/02\/4.png","contentUrl":"https:\/\/drsdhahak.com\/wp-content\/uploads\/2021\/02\/4.png","width":1920,"height":680},{"@type":"BreadcrumbList","@id":"https:\/\/drsdhahak.com\/index.php\/accueil\/liposuccion-et-chirurgie-de-la-silhouette\/#breadcrumb","itemListElement":[{"@type":"ListItem","position":1,"name":"Accueil","item":"https:\/\/drsdhahak.com\/"},{"@type":"ListItem","position":2,"name":"Accueil","item":"https:\/\/drsdhahak.com\/"},{"@type":"ListItem","position":3,"name":"Liposuccion et chirurgie de la silhouette"}]},{"@type":"WebSite","@id":"https:\/\/drsdhahak.com\/#website","url":"https:\/\/drsdhahak.com\/","name":"Drs Dhahak","description":"chirurgie plastique, r\u00e9paratrice et esth\u00e9tique et la chirurgie ophtalmologique","potentialAction":[{"@type":"SearchAction","target":{"@type":"EntryPoint","urlTemplate":"https:\/\/drsdhahak.com\/?s={search_term_string}"},"query-input":{"@type":"PropertyValueSpecification","valueRequired":true,"valueName":"search_term_string"}}],"inLanguage":"fr-FR"}]}},"_links":{"self":[{"href":"https:\/\/drsdhahak.com\/index.php\/wp-json\/wp\/v2\/pages\/1061","targetHints":{"allow":["GET"]}}],"collection":[{"href":"https:\/\/drsdhahak.com\/index.php\/wp-json\/wp\/v2\/pages"}],"about":[{"href":"https:\/\/drsdhahak.com\/index.php\/wp-json\/wp\/v2\/types\/page"}],"author":[{"embeddable":true,"href":"https:\/\/drsdhahak.com\/index.php\/wp-json\/wp\/v2\/users\/1"}],"replies":[{"embeddable":true,"href":"https:\/\/drsdhahak.com\/index.php\/wp-json\/wp\/v2\/comments?post=1061"}],"version-history":[{"count":7,"href":"https:\/\/drsdhahak.com\/index.php\/wp-json\/wp\/v2\/pages\/1061\/revisions"}],"predecessor-version":[{"id":1893,"href":"https:\/\/drsdhahak.com\/index.php\/wp-json\/wp\/v2\/pages\/1061\/revisions\/1893"}],"up":[{"embeddable":true,"href":"https:\/\/drsdhahak.com\/index.php\/wp-json\/wp\/v2\/pages\/803"}],"wp:featuredmedia":[{"embeddable":true,"href":"https:\/\/drsdhahak.com\/index.php\/wp-json\/wp\/v2\/media\/847"}],"wp:attachment":[{"href":"https:\/\/drsdhahak.com\/index.php\/wp-json\/wp\/v2\/media?parent=1061"}],"curies":[{"name":"wp","href":"https:\/\/api.w.org\/{rel}","templated":true}]}}