{"id":1059,"date":"2021-02-17T23:12:33","date_gmt":"2021-02-17T22:12:33","guid":{"rendered":"https:\/\/drsdhahak.com\/?page_id=1059"},"modified":"2021-03-17T22:49:17","modified_gmt":"2021-03-17T21:49:17","slug":"gynecomastie","status":"publish","type":"page","link":"https:\/\/drsdhahak.com\/index.php\/accueil\/chirurgie-de-lhomme\/gynecomastie\/","title":{"rendered":"Gyn\u00e9comastie"},"content":{"rendered":"<p>[vc_row css=&#8221;.vc_custom_1616017755368{padding-top: 90px !important;padding-bottom: 90px !important;}&#8221;][vc_column width=&#8221;2\/3&#8243;][vc_column_text]<\/p>\n<h1 style=\"text-align: left;\"><span style=\"font-weight: 400;\">Gyn\u00e9comastie<\/span><\/h1>\n<p>&nbsp;<\/p>\n<p><span style=\"font-weight: 400;\">il n&#8217;est pas rare de constater chez l\u2019homme un volume mammaire exc\u00e9dentaire, on parle de Gyn\u00e9comastie, qui peut \u00eatre invalidante surtout sur le plan psychologique.<\/span><\/p>\n<p><span style=\"font-weight: 400;\">elle peut \u00eatre due par:<\/span><\/p>\n<ul>\n<li style=\"font-weight: 400;\" aria-level=\"1\"><span style=\"font-weight: 400;\">Un dysfonctionnement hormonal<\/span><\/li>\n<li style=\"font-weight: 400;\" aria-level=\"1\"><span style=\"font-weight: 400;\">Un surpoids.<\/span><\/li>\n<li style=\"font-weight: 400;\" aria-level=\"1\"><span style=\"font-weight: 400;\">Prise m\u00e9dicamenteuse au long cours.<\/span><\/li>\n<li style=\"font-weight: 400;\" aria-level=\"1\"><span style=\"font-weight: 400;\">tumeur<\/span><\/li>\n<li style=\"font-weight: 400;\" aria-level=\"1\"><span style=\"font-weight: 400;\">Idiopathique ou g\u00e9n\u00e9tique (forme familiale)<\/span><\/li>\n<\/ul>\n<p><span style=\"font-weight: 400;\">L\u2019approche chirurgicale est d\u00e9termin\u00e9e selon le patient, celle-ci est personnelle afin de parvenir \u00e0 une solution \u00e0 long terme et fixe dans le temps.<\/span><\/p>\n<p><span style=\"font-weight: 400;\">Dans tous les cas, votre chirurgien vous prescrira un bilan sanguin et radiologique avant de vous prendre en charge.<\/span><\/p>\n<p><span style=\"font-weight: 400;\">Selon le degr\u00e9 de Gyn\u00e9comastie, l\u2019intervention chirurgicale d\u00e9bute souvent par une lipoaspiration dont le but est double, diminuer la composante graisseuse de la gyn\u00e9comastie d\u2019une part et d\u2019autre part faciliter la dissection lors de l\u2019op\u00e9ration.<\/span><\/p>\n<p><span style=\"font-weight: 400;\">Si n\u00e9cessaire une incision p\u00e9ri-ar\u00e9olaire est pratiqu\u00e9e et permet d\u2019aborder la glande mammaire et d\u2019en pratiquer l&#8217;ex\u00e9r\u00e8se.<\/span>[\/vc_column_text][\/vc_column][vc_column width=&#8221;1\/3&#8243;][vc_single_image image=&#8221;910&#8243; img_size=&#8221;full&#8221; alignment=&#8221;center&#8221;][vc_column_text]<\/p>\n<h6 style=\"text-align: center;\"><em>Image N\u00b01<\/em><\/h6>\n<p>[\/vc_column_text][vc_single_image image=&#8221;911&#8243; img_size=&#8221;full&#8221; alignment=&#8221;center&#8221;][vc_column_text]<\/p>\n<h6 style=\"text-align: center;\"><em>Image N\u00b02<\/em><\/h6>\n<p>[\/vc_column_text][vc_single_image image=&#8221;912&#8243; img_size=&#8221;full&#8221; alignment=&#8221;center&#8221;][vc_column_text]<\/p>\n<h6 style=\"text-align: center;\"><em>Image N\u00b03<\/em><\/h6>\n<p>[\/vc_column_text][\/vc_column][\/vc_row]<\/p>\n","protected":false},"excerpt":{"rendered":"<p>[vc_row css=&#8221;.vc_custom_1616017755368{padding-top: 90px !important;padding-bottom: 90px !important;}&#8221;][vc_column width=&#8221;2\/3&#8243;][vc_column_text] Gyn\u00e9comastie &nbsp; il n&#8217;est pas rare de constater chez l\u2019homme un volume mammaire exc\u00e9dentaire, on parle de Gyn\u00e9comastie, qui peut \u00eatre invalidante surtout sur le plan psychologique. elle peut \u00eatre due par: Un dysfonctionnement hormonal Un surpoids. Prise m\u00e9dicamenteuse au long cours. tumeur Idiopathique ou g\u00e9n\u00e9tique (forme familiale) [&hellip;]<\/p>\n","protected":false},"author":1,"featured_media":848,"parent":1054,"menu_order":0,"comment_status":"closed","ping_status":"closed","template":"page-templates\/template-fullwidth.php","meta":{"footnotes":""},"class_list":["post-1059","page","type-page","status-publish","has-post-thumbnail","hentry"],"yoast_head":"<!-- This site is optimized with the Yoast SEO plugin v27.1.1 - https:\/\/yoast.com\/product\/yoast-seo-wordpress\/ -->\n<title>Gyn\u00e9comastie - Drs Dhahak<\/title>\n<meta name=\"robots\" content=\"index, follow, max-snippet:-1, max-image-preview:large, max-video-preview:-1\" \/>\n<link rel=\"canonical\" href=\"https:\/\/drsdhahak.com\/index.php\/accueil\/chirurgie-de-lhomme\/gynecomastie\/\" \/>\n<meta property=\"og:locale\" content=\"fr_FR\" \/>\n<meta property=\"og:type\" content=\"article\" \/>\n<meta property=\"og:title\" content=\"Gyn\u00e9comastie - Drs Dhahak\" \/>\n<meta property=\"og:description\" content=\"[vc_row css=&#8221;.vc_custom_1616017755368{padding-top: 90px !important;padding-bottom: 90px !important;}&#8221;][vc_column width=&#8221;2\/3&#8243;][vc_column_text] Gyn\u00e9comastie &nbsp; il n&#8217;est pas rare de constater chez l\u2019homme un volume mammaire exc\u00e9dentaire, on parle de Gyn\u00e9comastie, qui peut \u00eatre invalidante surtout sur le plan psychologique. elle peut \u00eatre due par: Un dysfonctionnement hormonal Un surpoids. Prise m\u00e9dicamenteuse au long cours. tumeur Idiopathique ou g\u00e9n\u00e9tique (forme familiale) [&hellip;]\" \/>\n<meta property=\"og:url\" content=\"https:\/\/drsdhahak.com\/index.php\/accueil\/chirurgie-de-lhomme\/gynecomastie\/\" \/>\n<meta property=\"og:site_name\" content=\"Drs Dhahak\" \/>\n<meta property=\"article:modified_time\" content=\"2021-03-17T21:49:17+00:00\" \/>\n<meta property=\"og:image\" content=\"https:\/\/drsdhahak.com\/wp-content\/uploads\/2021\/02\/5.png\" \/>\n\t<meta property=\"og:image:width\" content=\"1920\" \/>\n\t<meta property=\"og:image:height\" content=\"680\" \/>\n\t<meta property=\"og:image:type\" content=\"image\/png\" \/>\n<meta name=\"twitter:card\" content=\"summary_large_image\" \/>\n<meta name=\"twitter:label1\" content=\"Dur\u00e9e de lecture estim\u00e9e\" \/>\n\t<meta name=\"twitter:data1\" content=\"1 minute\" \/>\n<script type=\"application\/ld+json\" class=\"yoast-schema-graph\">{\"@context\":\"https:\/\/schema.org\",\"@graph\":[{\"@type\":\"WebPage\",\"@id\":\"https:\/\/drsdhahak.com\/index.php\/accueil\/chirurgie-de-lhomme\/gynecomastie\/\",\"url\":\"https:\/\/drsdhahak.com\/index.php\/accueil\/chirurgie-de-lhomme\/gynecomastie\/\",\"name\":\"Gyn\u00e9comastie - Drs Dhahak\",\"isPartOf\":{\"@id\":\"https:\/\/drsdhahak.com\/#website\"},\"primaryImageOfPage\":{\"@id\":\"https:\/\/drsdhahak.com\/index.php\/accueil\/chirurgie-de-lhomme\/gynecomastie\/#primaryimage\"},\"image\":{\"@id\":\"https:\/\/drsdhahak.com\/index.php\/accueil\/chirurgie-de-lhomme\/gynecomastie\/#primaryimage\"},\"thumbnailUrl\":\"https:\/\/drsdhahak.com\/wp-content\/uploads\/2021\/02\/5.png\",\"datePublished\":\"2021-02-17T22:12:33+00:00\",\"dateModified\":\"2021-03-17T21:49:17+00:00\",\"breadcrumb\":{\"@id\":\"https:\/\/drsdhahak.com\/index.php\/accueil\/chirurgie-de-lhomme\/gynecomastie\/#breadcrumb\"},\"inLanguage\":\"fr-FR\",\"potentialAction\":[{\"@type\":\"ReadAction\",\"target\":[\"https:\/\/drsdhahak.com\/index.php\/accueil\/chirurgie-de-lhomme\/gynecomastie\/\"]}]},{\"@type\":\"ImageObject\",\"inLanguage\":\"fr-FR\",\"@id\":\"https:\/\/drsdhahak.com\/index.php\/accueil\/chirurgie-de-lhomme\/gynecomastie\/#primaryimage\",\"url\":\"https:\/\/drsdhahak.com\/wp-content\/uploads\/2021\/02\/5.png\",\"contentUrl\":\"https:\/\/drsdhahak.com\/wp-content\/uploads\/2021\/02\/5.png\",\"width\":1920,\"height\":680},{\"@type\":\"BreadcrumbList\",\"@id\":\"https:\/\/drsdhahak.com\/index.php\/accueil\/chirurgie-de-lhomme\/gynecomastie\/#breadcrumb\",\"itemListElement\":[{\"@type\":\"ListItem\",\"position\":1,\"name\":\"Accueil\",\"item\":\"https:\/\/drsdhahak.com\/\"},{\"@type\":\"ListItem\",\"position\":2,\"name\":\"Accueil\",\"item\":\"https:\/\/drsdhahak.com\/\"},{\"@type\":\"ListItem\",\"position\":3,\"name\":\"Chirurgie de l\u2019homme\",\"item\":\"https:\/\/drsdhahak.com\/index.php\/accueil\/chirurgie-de-lhomme\/\"},{\"@type\":\"ListItem\",\"position\":4,\"name\":\"Gyn\u00e9comastie\"}]},{\"@type\":\"WebSite\",\"@id\":\"https:\/\/drsdhahak.com\/#website\",\"url\":\"https:\/\/drsdhahak.com\/\",\"name\":\"Drs Dhahak\",\"description\":\"chirurgie plastique, r\u00e9paratrice et esth\u00e9tique et la chirurgie ophtalmologique\",\"potentialAction\":[{\"@type\":\"SearchAction\",\"target\":{\"@type\":\"EntryPoint\",\"urlTemplate\":\"https:\/\/drsdhahak.com\/?s={search_term_string}\"},\"query-input\":{\"@type\":\"PropertyValueSpecification\",\"valueRequired\":true,\"valueName\":\"search_term_string\"}}],\"inLanguage\":\"fr-FR\"}]}<\/script>\n<!-- \/ Yoast SEO plugin. -->","yoast_head_json":{"title":"Gyn\u00e9comastie - Drs Dhahak","robots":{"index":"index","follow":"follow","max-snippet":"max-snippet:-1","max-image-preview":"max-image-preview:large","max-video-preview":"max-video-preview:-1"},"canonical":"https:\/\/drsdhahak.com\/index.php\/accueil\/chirurgie-de-lhomme\/gynecomastie\/","og_locale":"fr_FR","og_type":"article","og_title":"Gyn\u00e9comastie - Drs Dhahak","og_description":"[vc_row css=&#8221;.vc_custom_1616017755368{padding-top: 90px !important;padding-bottom: 90px !important;}&#8221;][vc_column width=&#8221;2\/3&#8243;][vc_column_text] Gyn\u00e9comastie &nbsp; il n&#8217;est pas rare de constater chez l\u2019homme un volume mammaire exc\u00e9dentaire, on parle de Gyn\u00e9comastie, qui peut \u00eatre invalidante surtout sur le plan psychologique. elle peut \u00eatre due par: Un dysfonctionnement hormonal Un surpoids. Prise m\u00e9dicamenteuse au long cours. tumeur Idiopathique ou g\u00e9n\u00e9tique (forme familiale) [&hellip;]","og_url":"https:\/\/drsdhahak.com\/index.php\/accueil\/chirurgie-de-lhomme\/gynecomastie\/","og_site_name":"Drs Dhahak","article_modified_time":"2021-03-17T21:49:17+00:00","og_image":[{"width":1920,"height":680,"url":"https:\/\/drsdhahak.com\/wp-content\/uploads\/2021\/02\/5.png","type":"image\/png"}],"twitter_card":"summary_large_image","twitter_misc":{"Dur\u00e9e de lecture estim\u00e9e":"1 minute"},"schema":{"@context":"https:\/\/schema.org","@graph":[{"@type":"WebPage","@id":"https:\/\/drsdhahak.com\/index.php\/accueil\/chirurgie-de-lhomme\/gynecomastie\/","url":"https:\/\/drsdhahak.com\/index.php\/accueil\/chirurgie-de-lhomme\/gynecomastie\/","name":"Gyn\u00e9comastie - Drs Dhahak","isPartOf":{"@id":"https:\/\/drsdhahak.com\/#website"},"primaryImageOfPage":{"@id":"https:\/\/drsdhahak.com\/index.php\/accueil\/chirurgie-de-lhomme\/gynecomastie\/#primaryimage"},"image":{"@id":"https:\/\/drsdhahak.com\/index.php\/accueil\/chirurgie-de-lhomme\/gynecomastie\/#primaryimage"},"thumbnailUrl":"https:\/\/drsdhahak.com\/wp-content\/uploads\/2021\/02\/5.png","datePublished":"2021-02-17T22:12:33+00:00","dateModified":"2021-03-17T21:49:17+00:00","breadcrumb":{"@id":"https:\/\/drsdhahak.com\/index.php\/accueil\/chirurgie-de-lhomme\/gynecomastie\/#breadcrumb"},"inLanguage":"fr-FR","potentialAction":[{"@type":"ReadAction","target":["https:\/\/drsdhahak.com\/index.php\/accueil\/chirurgie-de-lhomme\/gynecomastie\/"]}]},{"@type":"ImageObject","inLanguage":"fr-FR","@id":"https:\/\/drsdhahak.com\/index.php\/accueil\/chirurgie-de-lhomme\/gynecomastie\/#primaryimage","url":"https:\/\/drsdhahak.com\/wp-content\/uploads\/2021\/02\/5.png","contentUrl":"https:\/\/drsdhahak.com\/wp-content\/uploads\/2021\/02\/5.png","width":1920,"height":680},{"@type":"BreadcrumbList","@id":"https:\/\/drsdhahak.com\/index.php\/accueil\/chirurgie-de-lhomme\/gynecomastie\/#breadcrumb","itemListElement":[{"@type":"ListItem","position":1,"name":"Accueil","item":"https:\/\/drsdhahak.com\/"},{"@type":"ListItem","position":2,"name":"Accueil","item":"https:\/\/drsdhahak.com\/"},{"@type":"ListItem","position":3,"name":"Chirurgie de l\u2019homme","item":"https:\/\/drsdhahak.com\/index.php\/accueil\/chirurgie-de-lhomme\/"},{"@type":"ListItem","position":4,"name":"Gyn\u00e9comastie"}]},{"@type":"WebSite","@id":"https:\/\/drsdhahak.com\/#website","url":"https:\/\/drsdhahak.com\/","name":"Drs Dhahak","description":"chirurgie plastique, r\u00e9paratrice et esth\u00e9tique et la chirurgie ophtalmologique","potentialAction":[{"@type":"SearchAction","target":{"@type":"EntryPoint","urlTemplate":"https:\/\/drsdhahak.com\/?s={search_term_string}"},"query-input":{"@type":"PropertyValueSpecification","valueRequired":true,"valueName":"search_term_string"}}],"inLanguage":"fr-FR"}]}},"_links":{"self":[{"href":"https:\/\/drsdhahak.com\/index.php\/wp-json\/wp\/v2\/pages\/1059","targetHints":{"allow":["GET"]}}],"collection":[{"href":"https:\/\/drsdhahak.com\/index.php\/wp-json\/wp\/v2\/pages"}],"about":[{"href":"https:\/\/drsdhahak.com\/index.php\/wp-json\/wp\/v2\/types\/page"}],"author":[{"embeddable":true,"href":"https:\/\/drsdhahak.com\/index.php\/wp-json\/wp\/v2\/users\/1"}],"replies":[{"embeddable":true,"href":"https:\/\/drsdhahak.com\/index.php\/wp-json\/wp\/v2\/comments?post=1059"}],"version-history":[{"count":2,"href":"https:\/\/drsdhahak.com\/index.php\/wp-json\/wp\/v2\/pages\/1059\/revisions"}],"predecessor-version":[{"id":1791,"href":"https:\/\/drsdhahak.com\/index.php\/wp-json\/wp\/v2\/pages\/1059\/revisions\/1791"}],"up":[{"embeddable":true,"href":"https:\/\/drsdhahak.com\/index.php\/wp-json\/wp\/v2\/pages\/1054"}],"wp:featuredmedia":[{"embeddable":true,"href":"https:\/\/drsdhahak.com\/index.php\/wp-json\/wp\/v2\/media\/848"}],"wp:attachment":[{"href":"https:\/\/drsdhahak.com\/index.php\/wp-json\/wp\/v2\/media?parent=1059"}],"curies":[{"name":"wp","href":"https:\/\/api.w.org\/{rel}","templated":true}]}}