{"id":1057,"date":"2021-02-17T23:10:55","date_gmt":"2021-02-17T22:10:55","guid":{"rendered":"https:\/\/drsdhahak.com\/?page_id=1057"},"modified":"2021-03-17T22:49:39","modified_gmt":"2021-03-17T21:49:39","slug":"la-greffe-de-cheveux-f-u-e","status":"publish","type":"page","link":"https:\/\/drsdhahak.com\/index.php\/accueil\/chirurgie-de-lhomme\/la-greffe-de-cheveux-f-u-e\/","title":{"rendered":"La Greffe de Cheveux F.U.E"},"content":{"rendered":"<p>[vc_row css=&#8221;.vc_custom_1616017775419{padding-top: 90px !important;padding-bottom: 90px !important;}&#8221;][vc_column][vc_column_text]<\/p>\n<h1 style=\"text-align: left;\"><span style=\"font-weight: 400;\">La Greffe de Cheveux F.U.E<\/span><\/h1>\n<p>&nbsp;<\/p>\n<p><span style=\"font-weight: 400;\">Chez l\u2019homme comme chez la femme , la calvitie constitue une torture esth\u00e9tique et psychologique.<\/span><\/p>\n<p><span style=\"font-weight: 400;\">Aujourd\u2019hui, les chirurgiens peuvent utiliser diff\u00e9rentes techniques pour extraire et transplanter un grand nombre de follicules capillaires.<\/span><\/p>\n<p><span style=\"font-weight: 400;\">La technique de microgreffe de cheveux que nous utilisons est la FUE ( Follicular Unit Extraction )<\/span><\/p>\n<p><span style=\"font-weight: 400;\">La FUE consiste \u00e0 pr\u00e9lever les cheveux un par un et \u00e0 les r\u00e9implanter dans les zones d\u00e9garnis en veillant \u00e0 ce que le sens des cheveux du patient soit respect\u00e9.<\/span><\/p>\n<p><span style=\"font-weight: 400;\">Sans point de suture requis et aucune cicatrice, les proc\u00e9dures FUE ont un temps de gu\u00e9rison plus rapide et moins d&#8217;inconfort post-proc\u00e9dures par rapport aux autres techniques de transplantations.<\/span><\/p>\n<p><span style=\"font-weight: 400;\">Avant de passer \u00e0 la microgreffe proprement dites, le patient doit r\u00e9aliser un bilan pr\u00e9-op\u00e9ratoire, et sera inform\u00e9 en d\u00e9tails des suites op\u00e9ratoires possibles ainsi que de ses risques.<\/span>[\/vc_column_text][\/vc_column][\/vc_row]<\/p>\n","protected":false},"excerpt":{"rendered":"<p>[vc_row css=&#8221;.vc_custom_1616017775419{padding-top: 90px !important;padding-bottom: 90px !important;}&#8221;][vc_column][vc_column_text] La Greffe de Cheveux F.U.E &nbsp; Chez l\u2019homme comme chez la femme , la calvitie constitue une torture esth\u00e9tique et psychologique. Aujourd\u2019hui, les chirurgiens peuvent utiliser diff\u00e9rentes techniques pour extraire et transplanter un grand nombre de follicules capillaires. La technique de microgreffe de cheveux que nous utilisons est la [&hellip;]<\/p>\n","protected":false},"author":1,"featured_media":848,"parent":1054,"menu_order":0,"comment_status":"closed","ping_status":"closed","template":"page-templates\/template-fullwidth.php","meta":{"footnotes":""},"class_list":["post-1057","page","type-page","status-publish","has-post-thumbnail","hentry"],"yoast_head":"<!-- This site is optimized with the Yoast SEO plugin v27.1.1 - https:\/\/yoast.com\/product\/yoast-seo-wordpress\/ -->\n<title>La Greffe de Cheveux F.U.E - Drs Dhahak<\/title>\n<meta name=\"robots\" content=\"index, follow, max-snippet:-1, max-image-preview:large, max-video-preview:-1\" \/>\n<link rel=\"canonical\" href=\"https:\/\/drsdhahak.com\/index.php\/accueil\/chirurgie-de-lhomme\/la-greffe-de-cheveux-f-u-e\/\" \/>\n<meta property=\"og:locale\" content=\"fr_FR\" \/>\n<meta property=\"og:type\" content=\"article\" \/>\n<meta property=\"og:title\" content=\"La Greffe de Cheveux F.U.E - Drs Dhahak\" \/>\n<meta property=\"og:description\" content=\"[vc_row css=&#8221;.vc_custom_1616017775419{padding-top: 90px !important;padding-bottom: 90px !important;}&#8221;][vc_column][vc_column_text] La Greffe de Cheveux F.U.E &nbsp; Chez l\u2019homme comme chez la femme , la calvitie constitue une torture esth\u00e9tique et psychologique. Aujourd\u2019hui, les chirurgiens peuvent utiliser diff\u00e9rentes techniques pour extraire et transplanter un grand nombre de follicules capillaires. La technique de microgreffe de cheveux que nous utilisons est la [&hellip;]\" \/>\n<meta property=\"og:url\" content=\"https:\/\/drsdhahak.com\/index.php\/accueil\/chirurgie-de-lhomme\/la-greffe-de-cheveux-f-u-e\/\" \/>\n<meta property=\"og:site_name\" content=\"Drs Dhahak\" \/>\n<meta property=\"article:modified_time\" content=\"2021-03-17T21:49:39+00:00\" \/>\n<meta property=\"og:image\" content=\"https:\/\/drsdhahak.com\/wp-content\/uploads\/2021\/02\/5.png\" \/>\n\t<meta property=\"og:image:width\" content=\"1920\" \/>\n\t<meta property=\"og:image:height\" content=\"680\" \/>\n\t<meta property=\"og:image:type\" content=\"image\/png\" \/>\n<meta name=\"twitter:card\" content=\"summary_large_image\" \/>\n<meta name=\"twitter:label1\" content=\"Dur\u00e9e de lecture estim\u00e9e\" \/>\n\t<meta name=\"twitter:data1\" content=\"1 minute\" \/>\n<script type=\"application\/ld+json\" class=\"yoast-schema-graph\">{\"@context\":\"https:\/\/schema.org\",\"@graph\":[{\"@type\":\"WebPage\",\"@id\":\"https:\/\/drsdhahak.com\/index.php\/accueil\/chirurgie-de-lhomme\/la-greffe-de-cheveux-f-u-e\/\",\"url\":\"https:\/\/drsdhahak.com\/index.php\/accueil\/chirurgie-de-lhomme\/la-greffe-de-cheveux-f-u-e\/\",\"name\":\"La Greffe de Cheveux F.U.E - Drs Dhahak\",\"isPartOf\":{\"@id\":\"https:\/\/drsdhahak.com\/#website\"},\"primaryImageOfPage\":{\"@id\":\"https:\/\/drsdhahak.com\/index.php\/accueil\/chirurgie-de-lhomme\/la-greffe-de-cheveux-f-u-e\/#primaryimage\"},\"image\":{\"@id\":\"https:\/\/drsdhahak.com\/index.php\/accueil\/chirurgie-de-lhomme\/la-greffe-de-cheveux-f-u-e\/#primaryimage\"},\"thumbnailUrl\":\"https:\/\/drsdhahak.com\/wp-content\/uploads\/2021\/02\/5.png\",\"datePublished\":\"2021-02-17T22:10:55+00:00\",\"dateModified\":\"2021-03-17T21:49:39+00:00\",\"breadcrumb\":{\"@id\":\"https:\/\/drsdhahak.com\/index.php\/accueil\/chirurgie-de-lhomme\/la-greffe-de-cheveux-f-u-e\/#breadcrumb\"},\"inLanguage\":\"fr-FR\",\"potentialAction\":[{\"@type\":\"ReadAction\",\"target\":[\"https:\/\/drsdhahak.com\/index.php\/accueil\/chirurgie-de-lhomme\/la-greffe-de-cheveux-f-u-e\/\"]}]},{\"@type\":\"ImageObject\",\"inLanguage\":\"fr-FR\",\"@id\":\"https:\/\/drsdhahak.com\/index.php\/accueil\/chirurgie-de-lhomme\/la-greffe-de-cheveux-f-u-e\/#primaryimage\",\"url\":\"https:\/\/drsdhahak.com\/wp-content\/uploads\/2021\/02\/5.png\",\"contentUrl\":\"https:\/\/drsdhahak.com\/wp-content\/uploads\/2021\/02\/5.png\",\"width\":1920,\"height\":680},{\"@type\":\"BreadcrumbList\",\"@id\":\"https:\/\/drsdhahak.com\/index.php\/accueil\/chirurgie-de-lhomme\/la-greffe-de-cheveux-f-u-e\/#breadcrumb\",\"itemListElement\":[{\"@type\":\"ListItem\",\"position\":1,\"name\":\"Accueil\",\"item\":\"https:\/\/drsdhahak.com\/\"},{\"@type\":\"ListItem\",\"position\":2,\"name\":\"Accueil\",\"item\":\"https:\/\/drsdhahak.com\/\"},{\"@type\":\"ListItem\",\"position\":3,\"name\":\"Chirurgie de l\u2019homme\",\"item\":\"https:\/\/drsdhahak.com\/index.php\/accueil\/chirurgie-de-lhomme\/\"},{\"@type\":\"ListItem\",\"position\":4,\"name\":\"La Greffe de Cheveux F.U.E\"}]},{\"@type\":\"WebSite\",\"@id\":\"https:\/\/drsdhahak.com\/#website\",\"url\":\"https:\/\/drsdhahak.com\/\",\"name\":\"Drs Dhahak\",\"description\":\"chirurgie plastique, r\u00e9paratrice et esth\u00e9tique et la chirurgie ophtalmologique\",\"potentialAction\":[{\"@type\":\"SearchAction\",\"target\":{\"@type\":\"EntryPoint\",\"urlTemplate\":\"https:\/\/drsdhahak.com\/?s={search_term_string}\"},\"query-input\":{\"@type\":\"PropertyValueSpecification\",\"valueRequired\":true,\"valueName\":\"search_term_string\"}}],\"inLanguage\":\"fr-FR\"}]}<\/script>\n<!-- \/ Yoast SEO plugin. -->","yoast_head_json":{"title":"La Greffe de Cheveux F.U.E - Drs Dhahak","robots":{"index":"index","follow":"follow","max-snippet":"max-snippet:-1","max-image-preview":"max-image-preview:large","max-video-preview":"max-video-preview:-1"},"canonical":"https:\/\/drsdhahak.com\/index.php\/accueil\/chirurgie-de-lhomme\/la-greffe-de-cheveux-f-u-e\/","og_locale":"fr_FR","og_type":"article","og_title":"La Greffe de Cheveux F.U.E - Drs Dhahak","og_description":"[vc_row css=&#8221;.vc_custom_1616017775419{padding-top: 90px !important;padding-bottom: 90px !important;}&#8221;][vc_column][vc_column_text] La Greffe de Cheveux F.U.E &nbsp; Chez l\u2019homme comme chez la femme , la calvitie constitue une torture esth\u00e9tique et psychologique. Aujourd\u2019hui, les chirurgiens peuvent utiliser diff\u00e9rentes techniques pour extraire et transplanter un grand nombre de follicules capillaires. La technique de microgreffe de cheveux que nous utilisons est la [&hellip;]","og_url":"https:\/\/drsdhahak.com\/index.php\/accueil\/chirurgie-de-lhomme\/la-greffe-de-cheveux-f-u-e\/","og_site_name":"Drs Dhahak","article_modified_time":"2021-03-17T21:49:39+00:00","og_image":[{"width":1920,"height":680,"url":"https:\/\/drsdhahak.com\/wp-content\/uploads\/2021\/02\/5.png","type":"image\/png"}],"twitter_card":"summary_large_image","twitter_misc":{"Dur\u00e9e de lecture estim\u00e9e":"1 minute"},"schema":{"@context":"https:\/\/schema.org","@graph":[{"@type":"WebPage","@id":"https:\/\/drsdhahak.com\/index.php\/accueil\/chirurgie-de-lhomme\/la-greffe-de-cheveux-f-u-e\/","url":"https:\/\/drsdhahak.com\/index.php\/accueil\/chirurgie-de-lhomme\/la-greffe-de-cheveux-f-u-e\/","name":"La Greffe de Cheveux F.U.E - Drs Dhahak","isPartOf":{"@id":"https:\/\/drsdhahak.com\/#website"},"primaryImageOfPage":{"@id":"https:\/\/drsdhahak.com\/index.php\/accueil\/chirurgie-de-lhomme\/la-greffe-de-cheveux-f-u-e\/#primaryimage"},"image":{"@id":"https:\/\/drsdhahak.com\/index.php\/accueil\/chirurgie-de-lhomme\/la-greffe-de-cheveux-f-u-e\/#primaryimage"},"thumbnailUrl":"https:\/\/drsdhahak.com\/wp-content\/uploads\/2021\/02\/5.png","datePublished":"2021-02-17T22:10:55+00:00","dateModified":"2021-03-17T21:49:39+00:00","breadcrumb":{"@id":"https:\/\/drsdhahak.com\/index.php\/accueil\/chirurgie-de-lhomme\/la-greffe-de-cheveux-f-u-e\/#breadcrumb"},"inLanguage":"fr-FR","potentialAction":[{"@type":"ReadAction","target":["https:\/\/drsdhahak.com\/index.php\/accueil\/chirurgie-de-lhomme\/la-greffe-de-cheveux-f-u-e\/"]}]},{"@type":"ImageObject","inLanguage":"fr-FR","@id":"https:\/\/drsdhahak.com\/index.php\/accueil\/chirurgie-de-lhomme\/la-greffe-de-cheveux-f-u-e\/#primaryimage","url":"https:\/\/drsdhahak.com\/wp-content\/uploads\/2021\/02\/5.png","contentUrl":"https:\/\/drsdhahak.com\/wp-content\/uploads\/2021\/02\/5.png","width":1920,"height":680},{"@type":"BreadcrumbList","@id":"https:\/\/drsdhahak.com\/index.php\/accueil\/chirurgie-de-lhomme\/la-greffe-de-cheveux-f-u-e\/#breadcrumb","itemListElement":[{"@type":"ListItem","position":1,"name":"Accueil","item":"https:\/\/drsdhahak.com\/"},{"@type":"ListItem","position":2,"name":"Accueil","item":"https:\/\/drsdhahak.com\/"},{"@type":"ListItem","position":3,"name":"Chirurgie de l\u2019homme","item":"https:\/\/drsdhahak.com\/index.php\/accueil\/chirurgie-de-lhomme\/"},{"@type":"ListItem","position":4,"name":"La Greffe de Cheveux F.U.E"}]},{"@type":"WebSite","@id":"https:\/\/drsdhahak.com\/#website","url":"https:\/\/drsdhahak.com\/","name":"Drs Dhahak","description":"chirurgie plastique, r\u00e9paratrice et esth\u00e9tique et la chirurgie ophtalmologique","potentialAction":[{"@type":"SearchAction","target":{"@type":"EntryPoint","urlTemplate":"https:\/\/drsdhahak.com\/?s={search_term_string}"},"query-input":{"@type":"PropertyValueSpecification","valueRequired":true,"valueName":"search_term_string"}}],"inLanguage":"fr-FR"}]}},"_links":{"self":[{"href":"https:\/\/drsdhahak.com\/index.php\/wp-json\/wp\/v2\/pages\/1057","targetHints":{"allow":["GET"]}}],"collection":[{"href":"https:\/\/drsdhahak.com\/index.php\/wp-json\/wp\/v2\/pages"}],"about":[{"href":"https:\/\/drsdhahak.com\/index.php\/wp-json\/wp\/v2\/types\/page"}],"author":[{"embeddable":true,"href":"https:\/\/drsdhahak.com\/index.php\/wp-json\/wp\/v2\/users\/1"}],"replies":[{"embeddable":true,"href":"https:\/\/drsdhahak.com\/index.php\/wp-json\/wp\/v2\/comments?post=1057"}],"version-history":[{"count":2,"href":"https:\/\/drsdhahak.com\/index.php\/wp-json\/wp\/v2\/pages\/1057\/revisions"}],"predecessor-version":[{"id":1792,"href":"https:\/\/drsdhahak.com\/index.php\/wp-json\/wp\/v2\/pages\/1057\/revisions\/1792"}],"up":[{"embeddable":true,"href":"https:\/\/drsdhahak.com\/index.php\/wp-json\/wp\/v2\/pages\/1054"}],"wp:featuredmedia":[{"embeddable":true,"href":"https:\/\/drsdhahak.com\/index.php\/wp-json\/wp\/v2\/media\/848"}],"wp:attachment":[{"href":"https:\/\/drsdhahak.com\/index.php\/wp-json\/wp\/v2\/media?parent=1057"}],"curies":[{"name":"wp","href":"https:\/\/api.w.org\/{rel}","templated":true}]}}