{"id":1052,"date":"2021-02-17T23:01:44","date_gmt":"2021-02-17T22:01:44","guid":{"rendered":"https:\/\/drsdhahak.com\/?page_id=1052"},"modified":"2021-03-17T22:58:59","modified_gmt":"2021-03-17T21:58:59","slug":"botox","status":"publish","type":"page","link":"https:\/\/drsdhahak.com\/index.php\/accueil\/medecine-esthetique\/botox\/","title":{"rendered":"Botox"},"content":{"rendered":"<p>[vc_row css=&#8221;.vc_custom_1616018338576{padding-top: 90px !important;padding-bottom: 90px !important;}&#8221;][vc_column width=&#8221;2\/3&#8243;][vc_column_text]<\/p>\n<h1 style=\"text-align: left;\"><span style=\"font-weight: 400;\">Botox<\/span><\/h1>\n<p>&nbsp;<\/p>\n<p><span style=\"font-weight: 400;\">Le Botox ou toxine botulique agit en bloquant uniquement l\u2019action des muscles responsables des rides d\u2019expression.<\/span><\/p>\n<p><span style=\"font-weight: 400;\">L\u2019injection du Botox en des points pr\u00e9cis permet d\u2019obtenir une correction temporaire des rides d\u2019expression dues \u00e0 des muscles.<\/span><\/p>\n<p><span style=\"font-weight: 400;\">L\u2019objectif de ce traitement est de diminuer les rides et ridules au repos en diminuant la force de la contraction musculaire, mais pas de bloquer compl\u00e8tement cette contraction , permettant au visage de conserver les expressions de la mimique et donc d\u2019obtenir un r\u00e9sultat naturel<\/span><\/p>\n<p><span style=\"font-weight: 400;\">La s\u00e9ance d\u2019injection se fait au cabinet du chirurgien. Elle n\u2019est pas douloureuse.<\/span><\/p>\n<p><span style=\"font-weight: 400;\">Il peut subsister quelques rougeurs apr\u00e8s l\u2019injection pendant une demie heure.<\/span><\/p>\n<p><span style=\"font-weight: 400;\">Les zones les plus fr\u00e9quemment inject\u00e9es sont les rides du front, des l\u00e8vres et de la patte d\u2019oie.<\/span><\/p>\n<p><span style=\"font-weight: 400;\">Le Botox peut \u00e9galement \u00eatre tr\u00e8s efficace sur les zones d\u2019hypersudation comme les mains et les aisselles.<\/span>[\/vc_column_text][\/vc_column][vc_column width=&#8221;1\/3&#8243;][vc_single_image image=&#8221;913&#8243; img_size=&#8221;full&#8221; alignment=&#8221;center&#8221;][vc_column_text]<\/p>\n<h6 style=\"text-align: center;\"><em>Image N\u00b01<\/em><\/h6>\n<p>[\/vc_column_text][\/vc_column][\/vc_row]<\/p>\n","protected":false},"excerpt":{"rendered":"<p>[vc_row css=&#8221;.vc_custom_1616018338576{padding-top: 90px !important;padding-bottom: 90px !important;}&#8221;][vc_column width=&#8221;2\/3&#8243;][vc_column_text] Botox &nbsp; Le Botox ou toxine botulique agit en bloquant uniquement l\u2019action des muscles responsables des rides d\u2019expression. L\u2019injection du Botox en des points pr\u00e9cis permet d\u2019obtenir une correction temporaire des rides d\u2019expression dues \u00e0 des muscles. L\u2019objectif de ce traitement est de diminuer les rides et ridules [&hellip;]<\/p>\n","protected":false},"author":1,"featured_media":849,"parent":1044,"menu_order":0,"comment_status":"closed","ping_status":"closed","template":"page-templates\/template-fullwidth.php","meta":{"footnotes":""},"class_list":["post-1052","page","type-page","status-publish","has-post-thumbnail","hentry"],"yoast_head":"<!-- This site is optimized with the Yoast SEO plugin v27.1.1 - https:\/\/yoast.com\/product\/yoast-seo-wordpress\/ -->\n<title>Botox - Drs Dhahak<\/title>\n<meta name=\"robots\" content=\"index, follow, max-snippet:-1, max-image-preview:large, max-video-preview:-1\" \/>\n<link rel=\"canonical\" href=\"https:\/\/drsdhahak.com\/index.php\/accueil\/medecine-esthetique\/botox\/\" \/>\n<meta property=\"og:locale\" content=\"fr_FR\" \/>\n<meta property=\"og:type\" content=\"article\" \/>\n<meta property=\"og:title\" content=\"Botox - Drs Dhahak\" \/>\n<meta property=\"og:description\" content=\"[vc_row css=&#8221;.vc_custom_1616018338576{padding-top: 90px !important;padding-bottom: 90px !important;}&#8221;][vc_column width=&#8221;2\/3&#8243;][vc_column_text] Botox &nbsp; Le Botox ou toxine botulique agit en bloquant uniquement l\u2019action des muscles responsables des rides d\u2019expression. L\u2019injection du Botox en des points pr\u00e9cis permet d\u2019obtenir une correction temporaire des rides d\u2019expression dues \u00e0 des muscles. L\u2019objectif de ce traitement est de diminuer les rides et ridules [&hellip;]\" \/>\n<meta property=\"og:url\" content=\"https:\/\/drsdhahak.com\/index.php\/accueil\/medecine-esthetique\/botox\/\" \/>\n<meta property=\"og:site_name\" content=\"Drs Dhahak\" \/>\n<meta property=\"article:modified_time\" content=\"2021-03-17T21:58:59+00:00\" \/>\n<meta property=\"og:image\" content=\"https:\/\/drsdhahak.com\/wp-content\/uploads\/2021\/02\/6.png\" \/>\n\t<meta property=\"og:image:width\" content=\"1920\" \/>\n\t<meta property=\"og:image:height\" content=\"680\" \/>\n\t<meta property=\"og:image:type\" content=\"image\/png\" \/>\n<meta name=\"twitter:card\" content=\"summary_large_image\" \/>\n<meta name=\"twitter:label1\" content=\"Dur\u00e9e de lecture estim\u00e9e\" \/>\n\t<meta name=\"twitter:data1\" content=\"1 minute\" \/>\n<script type=\"application\/ld+json\" class=\"yoast-schema-graph\">{\"@context\":\"https:\/\/schema.org\",\"@graph\":[{\"@type\":\"WebPage\",\"@id\":\"https:\/\/drsdhahak.com\/index.php\/accueil\/medecine-esthetique\/botox\/\",\"url\":\"https:\/\/drsdhahak.com\/index.php\/accueil\/medecine-esthetique\/botox\/\",\"name\":\"Botox - Drs Dhahak\",\"isPartOf\":{\"@id\":\"https:\/\/drsdhahak.com\/#website\"},\"primaryImageOfPage\":{\"@id\":\"https:\/\/drsdhahak.com\/index.php\/accueil\/medecine-esthetique\/botox\/#primaryimage\"},\"image\":{\"@id\":\"https:\/\/drsdhahak.com\/index.php\/accueil\/medecine-esthetique\/botox\/#primaryimage\"},\"thumbnailUrl\":\"https:\/\/drsdhahak.com\/wp-content\/uploads\/2021\/02\/6.png\",\"datePublished\":\"2021-02-17T22:01:44+00:00\",\"dateModified\":\"2021-03-17T21:58:59+00:00\",\"breadcrumb\":{\"@id\":\"https:\/\/drsdhahak.com\/index.php\/accueil\/medecine-esthetique\/botox\/#breadcrumb\"},\"inLanguage\":\"fr-FR\",\"potentialAction\":[{\"@type\":\"ReadAction\",\"target\":[\"https:\/\/drsdhahak.com\/index.php\/accueil\/medecine-esthetique\/botox\/\"]}]},{\"@type\":\"ImageObject\",\"inLanguage\":\"fr-FR\",\"@id\":\"https:\/\/drsdhahak.com\/index.php\/accueil\/medecine-esthetique\/botox\/#primaryimage\",\"url\":\"https:\/\/drsdhahak.com\/wp-content\/uploads\/2021\/02\/6.png\",\"contentUrl\":\"https:\/\/drsdhahak.com\/wp-content\/uploads\/2021\/02\/6.png\",\"width\":1920,\"height\":680},{\"@type\":\"BreadcrumbList\",\"@id\":\"https:\/\/drsdhahak.com\/index.php\/accueil\/medecine-esthetique\/botox\/#breadcrumb\",\"itemListElement\":[{\"@type\":\"ListItem\",\"position\":1,\"name\":\"Accueil\",\"item\":\"https:\/\/drsdhahak.com\/\"},{\"@type\":\"ListItem\",\"position\":2,\"name\":\"Accueil\",\"item\":\"https:\/\/drsdhahak.com\/\"},{\"@type\":\"ListItem\",\"position\":3,\"name\":\"M\u00e9decine esth\u00e9tique\",\"item\":\"https:\/\/drsdhahak.com\/index.php\/accueil\/medecine-esthetique\/\"},{\"@type\":\"ListItem\",\"position\":4,\"name\":\"Botox\"}]},{\"@type\":\"WebSite\",\"@id\":\"https:\/\/drsdhahak.com\/#website\",\"url\":\"https:\/\/drsdhahak.com\/\",\"name\":\"Drs Dhahak\",\"description\":\"chirurgie plastique, r\u00e9paratrice et esth\u00e9tique et la chirurgie ophtalmologique\",\"potentialAction\":[{\"@type\":\"SearchAction\",\"target\":{\"@type\":\"EntryPoint\",\"urlTemplate\":\"https:\/\/drsdhahak.com\/?s={search_term_string}\"},\"query-input\":{\"@type\":\"PropertyValueSpecification\",\"valueRequired\":true,\"valueName\":\"search_term_string\"}}],\"inLanguage\":\"fr-FR\"}]}<\/script>\n<!-- \/ Yoast SEO plugin. -->","yoast_head_json":{"title":"Botox - Drs Dhahak","robots":{"index":"index","follow":"follow","max-snippet":"max-snippet:-1","max-image-preview":"max-image-preview:large","max-video-preview":"max-video-preview:-1"},"canonical":"https:\/\/drsdhahak.com\/index.php\/accueil\/medecine-esthetique\/botox\/","og_locale":"fr_FR","og_type":"article","og_title":"Botox - Drs Dhahak","og_description":"[vc_row css=&#8221;.vc_custom_1616018338576{padding-top: 90px !important;padding-bottom: 90px !important;}&#8221;][vc_column width=&#8221;2\/3&#8243;][vc_column_text] Botox &nbsp; Le Botox ou toxine botulique agit en bloquant uniquement l\u2019action des muscles responsables des rides d\u2019expression. L\u2019injection du Botox en des points pr\u00e9cis permet d\u2019obtenir une correction temporaire des rides d\u2019expression dues \u00e0 des muscles. L\u2019objectif de ce traitement est de diminuer les rides et ridules [&hellip;]","og_url":"https:\/\/drsdhahak.com\/index.php\/accueil\/medecine-esthetique\/botox\/","og_site_name":"Drs Dhahak","article_modified_time":"2021-03-17T21:58:59+00:00","og_image":[{"width":1920,"height":680,"url":"https:\/\/drsdhahak.com\/wp-content\/uploads\/2021\/02\/6.png","type":"image\/png"}],"twitter_card":"summary_large_image","twitter_misc":{"Dur\u00e9e de lecture estim\u00e9e":"1 minute"},"schema":{"@context":"https:\/\/schema.org","@graph":[{"@type":"WebPage","@id":"https:\/\/drsdhahak.com\/index.php\/accueil\/medecine-esthetique\/botox\/","url":"https:\/\/drsdhahak.com\/index.php\/accueil\/medecine-esthetique\/botox\/","name":"Botox - Drs Dhahak","isPartOf":{"@id":"https:\/\/drsdhahak.com\/#website"},"primaryImageOfPage":{"@id":"https:\/\/drsdhahak.com\/index.php\/accueil\/medecine-esthetique\/botox\/#primaryimage"},"image":{"@id":"https:\/\/drsdhahak.com\/index.php\/accueil\/medecine-esthetique\/botox\/#primaryimage"},"thumbnailUrl":"https:\/\/drsdhahak.com\/wp-content\/uploads\/2021\/02\/6.png","datePublished":"2021-02-17T22:01:44+00:00","dateModified":"2021-03-17T21:58:59+00:00","breadcrumb":{"@id":"https:\/\/drsdhahak.com\/index.php\/accueil\/medecine-esthetique\/botox\/#breadcrumb"},"inLanguage":"fr-FR","potentialAction":[{"@type":"ReadAction","target":["https:\/\/drsdhahak.com\/index.php\/accueil\/medecine-esthetique\/botox\/"]}]},{"@type":"ImageObject","inLanguage":"fr-FR","@id":"https:\/\/drsdhahak.com\/index.php\/accueil\/medecine-esthetique\/botox\/#primaryimage","url":"https:\/\/drsdhahak.com\/wp-content\/uploads\/2021\/02\/6.png","contentUrl":"https:\/\/drsdhahak.com\/wp-content\/uploads\/2021\/02\/6.png","width":1920,"height":680},{"@type":"BreadcrumbList","@id":"https:\/\/drsdhahak.com\/index.php\/accueil\/medecine-esthetique\/botox\/#breadcrumb","itemListElement":[{"@type":"ListItem","position":1,"name":"Accueil","item":"https:\/\/drsdhahak.com\/"},{"@type":"ListItem","position":2,"name":"Accueil","item":"https:\/\/drsdhahak.com\/"},{"@type":"ListItem","position":3,"name":"M\u00e9decine esth\u00e9tique","item":"https:\/\/drsdhahak.com\/index.php\/accueil\/medecine-esthetique\/"},{"@type":"ListItem","position":4,"name":"Botox"}]},{"@type":"WebSite","@id":"https:\/\/drsdhahak.com\/#website","url":"https:\/\/drsdhahak.com\/","name":"Drs Dhahak","description":"chirurgie plastique, r\u00e9paratrice et esth\u00e9tique et la chirurgie ophtalmologique","potentialAction":[{"@type":"SearchAction","target":{"@type":"EntryPoint","urlTemplate":"https:\/\/drsdhahak.com\/?s={search_term_string}"},"query-input":{"@type":"PropertyValueSpecification","valueRequired":true,"valueName":"search_term_string"}}],"inLanguage":"fr-FR"}]}},"_links":{"self":[{"href":"https:\/\/drsdhahak.com\/index.php\/wp-json\/wp\/v2\/pages\/1052","targetHints":{"allow":["GET"]}}],"collection":[{"href":"https:\/\/drsdhahak.com\/index.php\/wp-json\/wp\/v2\/pages"}],"about":[{"href":"https:\/\/drsdhahak.com\/index.php\/wp-json\/wp\/v2\/types\/page"}],"author":[{"embeddable":true,"href":"https:\/\/drsdhahak.com\/index.php\/wp-json\/wp\/v2\/users\/1"}],"replies":[{"embeddable":true,"href":"https:\/\/drsdhahak.com\/index.php\/wp-json\/wp\/v2\/comments?post=1052"}],"version-history":[{"count":2,"href":"https:\/\/drsdhahak.com\/index.php\/wp-json\/wp\/v2\/pages\/1052\/revisions"}],"predecessor-version":[{"id":1821,"href":"https:\/\/drsdhahak.com\/index.php\/wp-json\/wp\/v2\/pages\/1052\/revisions\/1821"}],"up":[{"embeddable":true,"href":"https:\/\/drsdhahak.com\/index.php\/wp-json\/wp\/v2\/pages\/1044"}],"wp:featuredmedia":[{"embeddable":true,"href":"https:\/\/drsdhahak.com\/index.php\/wp-json\/wp\/v2\/media\/849"}],"wp:attachment":[{"href":"https:\/\/drsdhahak.com\/index.php\/wp-json\/wp\/v2\/media?parent=1052"}],"curies":[{"name":"wp","href":"https:\/\/api.w.org\/{rel}","templated":true}]}}