{"id":1050,"date":"2021-02-17T23:00:08","date_gmt":"2021-02-17T22:00:08","guid":{"rendered":"https:\/\/drsdhahak.com\/?page_id=1050"},"modified":"2021-03-17T22:58:46","modified_gmt":"2021-03-17T21:58:46","slug":"ac-hyaluronique","status":"publish","type":"page","link":"https:\/\/drsdhahak.com\/index.php\/accueil\/medecine-esthetique\/ac-hyaluronique\/","title":{"rendered":"Ac Hyaluronique"},"content":{"rendered":"<p>[vc_row css=&#8221;.vc_custom_1616018325422{padding-top: 90px !important;padding-bottom: 90px !important;}&#8221;][vc_column width=&#8221;2\/3&#8243;][vc_column_text]<\/p>\n<h1 style=\"text-align: left;\"><span style=\"font-weight: 400;\">Ac Hyaluronique<\/span><\/h1>\n<p>&nbsp;<\/p>\n<p><span style=\"font-weight: 400;\">L\u2019acide hyaluronique est un composant naturel de l\u2019organisme qui diminue avec l\u2019\u00e2ge, d&#8217;o\u00f9 le concept de compenser les pertes de volume et les rides en injectant de l\u2019acide hyaluronique fabriqu\u00e9 par biotechnologie.<\/span><\/p>\n<p><span style=\"font-weight: 400;\">D\u2019une grande souplesse d\u2019utilisation l\u2019acide hyaluronique est aujourd\u2019hui disponible avec des degr\u00e9s de viscosit\u00e9 variable. Cette plus grande vari\u00e9t\u00e9 de forme a permis de l\u2019adapter \u00e0 de nombreuses indications pour corriger les manifestations du vieillissement du visage ou encore la correction de certaines cicatrices.<\/span><\/p>\n<p><span style=\"font-weight: 400;\">Toutes les zones du visage sont accessibles \u00e0 cette technique.<\/span><\/p>\n<p><span style=\"font-weight: 400;\">Le comblement des rides, des sillons nasog\u00e9niens, des plis d\u2019amertumes,des cernes mais aussi de repulper et le dessin des l\u00e8vres sont particuli\u00e8rement int\u00e9ressantes.<\/span><\/p>\n<p><span style=\"font-weight: 400;\">Les injections se font au cabinet du docteur Dhahak.<\/span><\/p>\n<p><span style=\"font-weight: 400;\">Les ph\u00e9nom\u00e8nes douloureux sont diminu\u00e9s par l\u2019association d\u2019un anesth\u00e9siant local et l\u2019usage de seringues avec des aiguilles tr\u00e8s fines.<\/span>[\/vc_column_text][\/vc_column][vc_column width=&#8221;1\/3&#8243;][vc_single_image image=&#8221;914&#8243; img_size=&#8221;full&#8221; alignment=&#8221;center&#8221;][vc_column_text]<\/p>\n<h6 style=\"text-align: center;\"><em>Image N\u00b01<\/em><\/h6>\n<p>[\/vc_column_text][\/vc_column][\/vc_row]<\/p>\n","protected":false},"excerpt":{"rendered":"<p>[vc_row css=&#8221;.vc_custom_1616018325422{padding-top: 90px !important;padding-bottom: 90px !important;}&#8221;][vc_column width=&#8221;2\/3&#8243;][vc_column_text] Ac Hyaluronique &nbsp; L\u2019acide hyaluronique est un composant naturel de l\u2019organisme qui diminue avec l\u2019\u00e2ge, d&#8217;o\u00f9 le concept de compenser les pertes de volume et les rides en injectant de l\u2019acide hyaluronique fabriqu\u00e9 par biotechnologie. D\u2019une grande souplesse d\u2019utilisation l\u2019acide hyaluronique est aujourd\u2019hui disponible avec des degr\u00e9s de [&hellip;]<\/p>\n","protected":false},"author":1,"featured_media":849,"parent":1044,"menu_order":0,"comment_status":"closed","ping_status":"closed","template":"page-templates\/template-fullwidth.php","meta":{"footnotes":""},"class_list":["post-1050","page","type-page","status-publish","has-post-thumbnail","hentry"],"yoast_head":"<!-- This site is optimized with the Yoast SEO plugin v27.1.1 - https:\/\/yoast.com\/product\/yoast-seo-wordpress\/ -->\n<title>Ac Hyaluronique - Drs Dhahak<\/title>\n<meta name=\"robots\" content=\"index, follow, max-snippet:-1, max-image-preview:large, max-video-preview:-1\" \/>\n<link rel=\"canonical\" href=\"https:\/\/drsdhahak.com\/index.php\/accueil\/medecine-esthetique\/ac-hyaluronique\/\" \/>\n<meta property=\"og:locale\" content=\"fr_FR\" \/>\n<meta property=\"og:type\" content=\"article\" \/>\n<meta property=\"og:title\" content=\"Ac Hyaluronique - Drs Dhahak\" \/>\n<meta property=\"og:description\" content=\"[vc_row css=&#8221;.vc_custom_1616018325422{padding-top: 90px !important;padding-bottom: 90px !important;}&#8221;][vc_column width=&#8221;2\/3&#8243;][vc_column_text] Ac Hyaluronique &nbsp; L\u2019acide hyaluronique est un composant naturel de l\u2019organisme qui diminue avec l\u2019\u00e2ge, d&#8217;o\u00f9 le concept de compenser les pertes de volume et les rides en injectant de l\u2019acide hyaluronique fabriqu\u00e9 par biotechnologie. D\u2019une grande souplesse d\u2019utilisation l\u2019acide hyaluronique est aujourd\u2019hui disponible avec des degr\u00e9s de [&hellip;]\" \/>\n<meta property=\"og:url\" content=\"https:\/\/drsdhahak.com\/index.php\/accueil\/medecine-esthetique\/ac-hyaluronique\/\" \/>\n<meta property=\"og:site_name\" content=\"Drs Dhahak\" \/>\n<meta property=\"article:modified_time\" content=\"2021-03-17T21:58:46+00:00\" \/>\n<meta property=\"og:image\" content=\"https:\/\/drsdhahak.com\/wp-content\/uploads\/2021\/02\/6.png\" \/>\n\t<meta property=\"og:image:width\" content=\"1920\" \/>\n\t<meta property=\"og:image:height\" content=\"680\" \/>\n\t<meta property=\"og:image:type\" content=\"image\/png\" \/>\n<meta name=\"twitter:card\" content=\"summary_large_image\" \/>\n<meta name=\"twitter:label1\" content=\"Dur\u00e9e de lecture estim\u00e9e\" \/>\n\t<meta name=\"twitter:data1\" content=\"1 minute\" \/>\n<script type=\"application\/ld+json\" class=\"yoast-schema-graph\">{\"@context\":\"https:\/\/schema.org\",\"@graph\":[{\"@type\":\"WebPage\",\"@id\":\"https:\/\/drsdhahak.com\/index.php\/accueil\/medecine-esthetique\/ac-hyaluronique\/\",\"url\":\"https:\/\/drsdhahak.com\/index.php\/accueil\/medecine-esthetique\/ac-hyaluronique\/\",\"name\":\"Ac Hyaluronique - Drs Dhahak\",\"isPartOf\":{\"@id\":\"https:\/\/drsdhahak.com\/#website\"},\"primaryImageOfPage\":{\"@id\":\"https:\/\/drsdhahak.com\/index.php\/accueil\/medecine-esthetique\/ac-hyaluronique\/#primaryimage\"},\"image\":{\"@id\":\"https:\/\/drsdhahak.com\/index.php\/accueil\/medecine-esthetique\/ac-hyaluronique\/#primaryimage\"},\"thumbnailUrl\":\"https:\/\/drsdhahak.com\/wp-content\/uploads\/2021\/02\/6.png\",\"datePublished\":\"2021-02-17T22:00:08+00:00\",\"dateModified\":\"2021-03-17T21:58:46+00:00\",\"breadcrumb\":{\"@id\":\"https:\/\/drsdhahak.com\/index.php\/accueil\/medecine-esthetique\/ac-hyaluronique\/#breadcrumb\"},\"inLanguage\":\"fr-FR\",\"potentialAction\":[{\"@type\":\"ReadAction\",\"target\":[\"https:\/\/drsdhahak.com\/index.php\/accueil\/medecine-esthetique\/ac-hyaluronique\/\"]}]},{\"@type\":\"ImageObject\",\"inLanguage\":\"fr-FR\",\"@id\":\"https:\/\/drsdhahak.com\/index.php\/accueil\/medecine-esthetique\/ac-hyaluronique\/#primaryimage\",\"url\":\"https:\/\/drsdhahak.com\/wp-content\/uploads\/2021\/02\/6.png\",\"contentUrl\":\"https:\/\/drsdhahak.com\/wp-content\/uploads\/2021\/02\/6.png\",\"width\":1920,\"height\":680},{\"@type\":\"BreadcrumbList\",\"@id\":\"https:\/\/drsdhahak.com\/index.php\/accueil\/medecine-esthetique\/ac-hyaluronique\/#breadcrumb\",\"itemListElement\":[{\"@type\":\"ListItem\",\"position\":1,\"name\":\"Accueil\",\"item\":\"https:\/\/drsdhahak.com\/\"},{\"@type\":\"ListItem\",\"position\":2,\"name\":\"Accueil\",\"item\":\"https:\/\/drsdhahak.com\/\"},{\"@type\":\"ListItem\",\"position\":3,\"name\":\"M\u00e9decine esth\u00e9tique\",\"item\":\"https:\/\/drsdhahak.com\/index.php\/accueil\/medecine-esthetique\/\"},{\"@type\":\"ListItem\",\"position\":4,\"name\":\"Ac Hyaluronique\"}]},{\"@type\":\"WebSite\",\"@id\":\"https:\/\/drsdhahak.com\/#website\",\"url\":\"https:\/\/drsdhahak.com\/\",\"name\":\"Drs Dhahak\",\"description\":\"chirurgie plastique, r\u00e9paratrice et esth\u00e9tique et la chirurgie ophtalmologique\",\"potentialAction\":[{\"@type\":\"SearchAction\",\"target\":{\"@type\":\"EntryPoint\",\"urlTemplate\":\"https:\/\/drsdhahak.com\/?s={search_term_string}\"},\"query-input\":{\"@type\":\"PropertyValueSpecification\",\"valueRequired\":true,\"valueName\":\"search_term_string\"}}],\"inLanguage\":\"fr-FR\"}]}<\/script>\n<!-- \/ Yoast SEO plugin. -->","yoast_head_json":{"title":"Ac Hyaluronique - Drs Dhahak","robots":{"index":"index","follow":"follow","max-snippet":"max-snippet:-1","max-image-preview":"max-image-preview:large","max-video-preview":"max-video-preview:-1"},"canonical":"https:\/\/drsdhahak.com\/index.php\/accueil\/medecine-esthetique\/ac-hyaluronique\/","og_locale":"fr_FR","og_type":"article","og_title":"Ac Hyaluronique - Drs Dhahak","og_description":"[vc_row css=&#8221;.vc_custom_1616018325422{padding-top: 90px !important;padding-bottom: 90px !important;}&#8221;][vc_column width=&#8221;2\/3&#8243;][vc_column_text] Ac Hyaluronique &nbsp; L\u2019acide hyaluronique est un composant naturel de l\u2019organisme qui diminue avec l\u2019\u00e2ge, d&#8217;o\u00f9 le concept de compenser les pertes de volume et les rides en injectant de l\u2019acide hyaluronique fabriqu\u00e9 par biotechnologie. D\u2019une grande souplesse d\u2019utilisation l\u2019acide hyaluronique est aujourd\u2019hui disponible avec des degr\u00e9s de [&hellip;]","og_url":"https:\/\/drsdhahak.com\/index.php\/accueil\/medecine-esthetique\/ac-hyaluronique\/","og_site_name":"Drs Dhahak","article_modified_time":"2021-03-17T21:58:46+00:00","og_image":[{"width":1920,"height":680,"url":"https:\/\/drsdhahak.com\/wp-content\/uploads\/2021\/02\/6.png","type":"image\/png"}],"twitter_card":"summary_large_image","twitter_misc":{"Dur\u00e9e de lecture estim\u00e9e":"1 minute"},"schema":{"@context":"https:\/\/schema.org","@graph":[{"@type":"WebPage","@id":"https:\/\/drsdhahak.com\/index.php\/accueil\/medecine-esthetique\/ac-hyaluronique\/","url":"https:\/\/drsdhahak.com\/index.php\/accueil\/medecine-esthetique\/ac-hyaluronique\/","name":"Ac Hyaluronique - Drs Dhahak","isPartOf":{"@id":"https:\/\/drsdhahak.com\/#website"},"primaryImageOfPage":{"@id":"https:\/\/drsdhahak.com\/index.php\/accueil\/medecine-esthetique\/ac-hyaluronique\/#primaryimage"},"image":{"@id":"https:\/\/drsdhahak.com\/index.php\/accueil\/medecine-esthetique\/ac-hyaluronique\/#primaryimage"},"thumbnailUrl":"https:\/\/drsdhahak.com\/wp-content\/uploads\/2021\/02\/6.png","datePublished":"2021-02-17T22:00:08+00:00","dateModified":"2021-03-17T21:58:46+00:00","breadcrumb":{"@id":"https:\/\/drsdhahak.com\/index.php\/accueil\/medecine-esthetique\/ac-hyaluronique\/#breadcrumb"},"inLanguage":"fr-FR","potentialAction":[{"@type":"ReadAction","target":["https:\/\/drsdhahak.com\/index.php\/accueil\/medecine-esthetique\/ac-hyaluronique\/"]}]},{"@type":"ImageObject","inLanguage":"fr-FR","@id":"https:\/\/drsdhahak.com\/index.php\/accueil\/medecine-esthetique\/ac-hyaluronique\/#primaryimage","url":"https:\/\/drsdhahak.com\/wp-content\/uploads\/2021\/02\/6.png","contentUrl":"https:\/\/drsdhahak.com\/wp-content\/uploads\/2021\/02\/6.png","width":1920,"height":680},{"@type":"BreadcrumbList","@id":"https:\/\/drsdhahak.com\/index.php\/accueil\/medecine-esthetique\/ac-hyaluronique\/#breadcrumb","itemListElement":[{"@type":"ListItem","position":1,"name":"Accueil","item":"https:\/\/drsdhahak.com\/"},{"@type":"ListItem","position":2,"name":"Accueil","item":"https:\/\/drsdhahak.com\/"},{"@type":"ListItem","position":3,"name":"M\u00e9decine esth\u00e9tique","item":"https:\/\/drsdhahak.com\/index.php\/accueil\/medecine-esthetique\/"},{"@type":"ListItem","position":4,"name":"Ac Hyaluronique"}]},{"@type":"WebSite","@id":"https:\/\/drsdhahak.com\/#website","url":"https:\/\/drsdhahak.com\/","name":"Drs Dhahak","description":"chirurgie plastique, r\u00e9paratrice et esth\u00e9tique et la chirurgie ophtalmologique","potentialAction":[{"@type":"SearchAction","target":{"@type":"EntryPoint","urlTemplate":"https:\/\/drsdhahak.com\/?s={search_term_string}"},"query-input":{"@type":"PropertyValueSpecification","valueRequired":true,"valueName":"search_term_string"}}],"inLanguage":"fr-FR"}]}},"_links":{"self":[{"href":"https:\/\/drsdhahak.com\/index.php\/wp-json\/wp\/v2\/pages\/1050","targetHints":{"allow":["GET"]}}],"collection":[{"href":"https:\/\/drsdhahak.com\/index.php\/wp-json\/wp\/v2\/pages"}],"about":[{"href":"https:\/\/drsdhahak.com\/index.php\/wp-json\/wp\/v2\/types\/page"}],"author":[{"embeddable":true,"href":"https:\/\/drsdhahak.com\/index.php\/wp-json\/wp\/v2\/users\/1"}],"replies":[{"embeddable":true,"href":"https:\/\/drsdhahak.com\/index.php\/wp-json\/wp\/v2\/comments?post=1050"}],"version-history":[{"count":2,"href":"https:\/\/drsdhahak.com\/index.php\/wp-json\/wp\/v2\/pages\/1050\/revisions"}],"predecessor-version":[{"id":1820,"href":"https:\/\/drsdhahak.com\/index.php\/wp-json\/wp\/v2\/pages\/1050\/revisions\/1820"}],"up":[{"embeddable":true,"href":"https:\/\/drsdhahak.com\/index.php\/wp-json\/wp\/v2\/pages\/1044"}],"wp:featuredmedia":[{"embeddable":true,"href":"https:\/\/drsdhahak.com\/index.php\/wp-json\/wp\/v2\/media\/849"}],"wp:attachment":[{"href":"https:\/\/drsdhahak.com\/index.php\/wp-json\/wp\/v2\/media?parent=1050"}],"curies":[{"name":"wp","href":"https:\/\/api.w.org\/{rel}","templated":true}]}}