{"id":1048,"date":"2021-02-17T22:58:41","date_gmt":"2021-02-17T21:58:41","guid":{"rendered":"https:\/\/drsdhahak.com\/?page_id=1048"},"modified":"2021-03-17T22:59:10","modified_gmt":"2021-03-17T21:59:10","slug":"carboxytherapie","status":"publish","type":"page","link":"https:\/\/drsdhahak.com\/index.php\/accueil\/medecine-esthetique\/carboxytherapie\/","title":{"rendered":"Carboxyth\u00e9rapie"},"content":{"rendered":"<p>[vc_row css=&#8221;.vc_custom_1616018349984{padding-top: 90px !important;padding-bottom: 90px !important;}&#8221;][vc_column][vc_column_text]<\/p>\n<h1 style=\"text-align: left;\"><span style=\"font-weight: 400;\">Carboxyth\u00e9rapie<\/span><\/h1>\n<p>&nbsp;<\/p>\n<p><span style=\"font-weight: 400;\">La carboxyth\u00e9rapie consiste \u00e0 injecter sous la peau, \u00e0 l\u2019aide d\u2019une tr\u00e8s fine aiguille, du gaz carbonique m\u00e9dical st\u00e9rile<\/span><\/p>\n<p><span style=\"font-weight: 400;\">elle agit en augmentant le d\u00e9bit sanguin, ce qui signifie une meilleure oxyg\u00e9nation. Cet apport d\u2019oxyg\u00e8ne, am\u00e9liore consid\u00e9rablement l\u2019hydratation de la peau.<\/span><\/p>\n<p><span style=\"font-weight: 400;\">Cette injection provoque un gonflement indolore pendant quelques minutes. L\u2019action du gaz provoque une am\u00e9lioration de la vascularisation des tissus qui permettra une r\u00e9duction de l\u2019importance des cernes.<\/span><\/p>\n<p><span style=\"font-weight: 400;\">Il est indiqu\u00e9 g\u00e9n\u00e9ralement pour les cernes, la cellulite et les vergetures anciennes.<\/span>[\/vc_column_text][\/vc_column][\/vc_row]<\/p>\n","protected":false},"excerpt":{"rendered":"<p>[vc_row css=&#8221;.vc_custom_1616018349984{padding-top: 90px !important;padding-bottom: 90px !important;}&#8221;][vc_column][vc_column_text] Carboxyth\u00e9rapie &nbsp; La carboxyth\u00e9rapie consiste \u00e0 injecter sous la peau, \u00e0 l\u2019aide d\u2019une tr\u00e8s fine aiguille, du gaz carbonique m\u00e9dical st\u00e9rile elle agit en augmentant le d\u00e9bit sanguin, ce qui signifie une meilleure oxyg\u00e9nation. Cet apport d\u2019oxyg\u00e8ne, am\u00e9liore consid\u00e9rablement l\u2019hydratation de la peau. Cette injection provoque un gonflement indolore [&hellip;]<\/p>\n","protected":false},"author":1,"featured_media":849,"parent":1044,"menu_order":0,"comment_status":"closed","ping_status":"closed","template":"page-templates\/template-fullwidth.php","meta":{"footnotes":""},"class_list":["post-1048","page","type-page","status-publish","has-post-thumbnail","hentry"],"yoast_head":"<!-- This site is optimized with the Yoast SEO plugin v27.1.1 - https:\/\/yoast.com\/product\/yoast-seo-wordpress\/ -->\n<title>Carboxyth\u00e9rapie - Drs Dhahak<\/title>\n<meta name=\"robots\" content=\"index, follow, max-snippet:-1, max-image-preview:large, max-video-preview:-1\" \/>\n<link rel=\"canonical\" href=\"https:\/\/drsdhahak.com\/index.php\/accueil\/medecine-esthetique\/carboxytherapie\/\" \/>\n<meta property=\"og:locale\" content=\"fr_FR\" \/>\n<meta property=\"og:type\" content=\"article\" \/>\n<meta property=\"og:title\" content=\"Carboxyth\u00e9rapie - Drs Dhahak\" \/>\n<meta property=\"og:description\" content=\"[vc_row css=&#8221;.vc_custom_1616018349984{padding-top: 90px !important;padding-bottom: 90px !important;}&#8221;][vc_column][vc_column_text] Carboxyth\u00e9rapie &nbsp; La carboxyth\u00e9rapie consiste \u00e0 injecter sous la peau, \u00e0 l\u2019aide d\u2019une tr\u00e8s fine aiguille, du gaz carbonique m\u00e9dical st\u00e9rile elle agit en augmentant le d\u00e9bit sanguin, ce qui signifie une meilleure oxyg\u00e9nation. Cet apport d\u2019oxyg\u00e8ne, am\u00e9liore consid\u00e9rablement l\u2019hydratation de la peau. Cette injection provoque un gonflement indolore [&hellip;]\" \/>\n<meta property=\"og:url\" content=\"https:\/\/drsdhahak.com\/index.php\/accueil\/medecine-esthetique\/carboxytherapie\/\" \/>\n<meta property=\"og:site_name\" content=\"Drs Dhahak\" \/>\n<meta property=\"article:modified_time\" content=\"2021-03-17T21:59:10+00:00\" \/>\n<meta property=\"og:image\" content=\"https:\/\/drsdhahak.com\/wp-content\/uploads\/2021\/02\/6.png\" \/>\n\t<meta property=\"og:image:width\" content=\"1920\" \/>\n\t<meta property=\"og:image:height\" content=\"680\" \/>\n\t<meta property=\"og:image:type\" content=\"image\/png\" \/>\n<meta name=\"twitter:card\" content=\"summary_large_image\" \/>\n<meta name=\"twitter:label1\" content=\"Dur\u00e9e de lecture estim\u00e9e\" \/>\n\t<meta name=\"twitter:data1\" content=\"1 minute\" \/>\n<script type=\"application\/ld+json\" class=\"yoast-schema-graph\">{\"@context\":\"https:\/\/schema.org\",\"@graph\":[{\"@type\":\"WebPage\",\"@id\":\"https:\/\/drsdhahak.com\/index.php\/accueil\/medecine-esthetique\/carboxytherapie\/\",\"url\":\"https:\/\/drsdhahak.com\/index.php\/accueil\/medecine-esthetique\/carboxytherapie\/\",\"name\":\"Carboxyth\u00e9rapie - Drs Dhahak\",\"isPartOf\":{\"@id\":\"https:\/\/drsdhahak.com\/#website\"},\"primaryImageOfPage\":{\"@id\":\"https:\/\/drsdhahak.com\/index.php\/accueil\/medecine-esthetique\/carboxytherapie\/#primaryimage\"},\"image\":{\"@id\":\"https:\/\/drsdhahak.com\/index.php\/accueil\/medecine-esthetique\/carboxytherapie\/#primaryimage\"},\"thumbnailUrl\":\"https:\/\/drsdhahak.com\/wp-content\/uploads\/2021\/02\/6.png\",\"datePublished\":\"2021-02-17T21:58:41+00:00\",\"dateModified\":\"2021-03-17T21:59:10+00:00\",\"breadcrumb\":{\"@id\":\"https:\/\/drsdhahak.com\/index.php\/accueil\/medecine-esthetique\/carboxytherapie\/#breadcrumb\"},\"inLanguage\":\"fr-FR\",\"potentialAction\":[{\"@type\":\"ReadAction\",\"target\":[\"https:\/\/drsdhahak.com\/index.php\/accueil\/medecine-esthetique\/carboxytherapie\/\"]}]},{\"@type\":\"ImageObject\",\"inLanguage\":\"fr-FR\",\"@id\":\"https:\/\/drsdhahak.com\/index.php\/accueil\/medecine-esthetique\/carboxytherapie\/#primaryimage\",\"url\":\"https:\/\/drsdhahak.com\/wp-content\/uploads\/2021\/02\/6.png\",\"contentUrl\":\"https:\/\/drsdhahak.com\/wp-content\/uploads\/2021\/02\/6.png\",\"width\":1920,\"height\":680},{\"@type\":\"BreadcrumbList\",\"@id\":\"https:\/\/drsdhahak.com\/index.php\/accueil\/medecine-esthetique\/carboxytherapie\/#breadcrumb\",\"itemListElement\":[{\"@type\":\"ListItem\",\"position\":1,\"name\":\"Accueil\",\"item\":\"https:\/\/drsdhahak.com\/\"},{\"@type\":\"ListItem\",\"position\":2,\"name\":\"Accueil\",\"item\":\"https:\/\/drsdhahak.com\/\"},{\"@type\":\"ListItem\",\"position\":3,\"name\":\"M\u00e9decine esth\u00e9tique\",\"item\":\"https:\/\/drsdhahak.com\/index.php\/accueil\/medecine-esthetique\/\"},{\"@type\":\"ListItem\",\"position\":4,\"name\":\"Carboxyth\u00e9rapie\"}]},{\"@type\":\"WebSite\",\"@id\":\"https:\/\/drsdhahak.com\/#website\",\"url\":\"https:\/\/drsdhahak.com\/\",\"name\":\"Drs Dhahak\",\"description\":\"chirurgie plastique, r\u00e9paratrice et esth\u00e9tique et la chirurgie ophtalmologique\",\"potentialAction\":[{\"@type\":\"SearchAction\",\"target\":{\"@type\":\"EntryPoint\",\"urlTemplate\":\"https:\/\/drsdhahak.com\/?s={search_term_string}\"},\"query-input\":{\"@type\":\"PropertyValueSpecification\",\"valueRequired\":true,\"valueName\":\"search_term_string\"}}],\"inLanguage\":\"fr-FR\"}]}<\/script>\n<!-- \/ Yoast SEO plugin. -->","yoast_head_json":{"title":"Carboxyth\u00e9rapie - Drs Dhahak","robots":{"index":"index","follow":"follow","max-snippet":"max-snippet:-1","max-image-preview":"max-image-preview:large","max-video-preview":"max-video-preview:-1"},"canonical":"https:\/\/drsdhahak.com\/index.php\/accueil\/medecine-esthetique\/carboxytherapie\/","og_locale":"fr_FR","og_type":"article","og_title":"Carboxyth\u00e9rapie - Drs Dhahak","og_description":"[vc_row css=&#8221;.vc_custom_1616018349984{padding-top: 90px !important;padding-bottom: 90px !important;}&#8221;][vc_column][vc_column_text] Carboxyth\u00e9rapie &nbsp; La carboxyth\u00e9rapie consiste \u00e0 injecter sous la peau, \u00e0 l\u2019aide d\u2019une tr\u00e8s fine aiguille, du gaz carbonique m\u00e9dical st\u00e9rile elle agit en augmentant le d\u00e9bit sanguin, ce qui signifie une meilleure oxyg\u00e9nation. Cet apport d\u2019oxyg\u00e8ne, am\u00e9liore consid\u00e9rablement l\u2019hydratation de la peau. Cette injection provoque un gonflement indolore [&hellip;]","og_url":"https:\/\/drsdhahak.com\/index.php\/accueil\/medecine-esthetique\/carboxytherapie\/","og_site_name":"Drs Dhahak","article_modified_time":"2021-03-17T21:59:10+00:00","og_image":[{"width":1920,"height":680,"url":"https:\/\/drsdhahak.com\/wp-content\/uploads\/2021\/02\/6.png","type":"image\/png"}],"twitter_card":"summary_large_image","twitter_misc":{"Dur\u00e9e de lecture estim\u00e9e":"1 minute"},"schema":{"@context":"https:\/\/schema.org","@graph":[{"@type":"WebPage","@id":"https:\/\/drsdhahak.com\/index.php\/accueil\/medecine-esthetique\/carboxytherapie\/","url":"https:\/\/drsdhahak.com\/index.php\/accueil\/medecine-esthetique\/carboxytherapie\/","name":"Carboxyth\u00e9rapie - Drs Dhahak","isPartOf":{"@id":"https:\/\/drsdhahak.com\/#website"},"primaryImageOfPage":{"@id":"https:\/\/drsdhahak.com\/index.php\/accueil\/medecine-esthetique\/carboxytherapie\/#primaryimage"},"image":{"@id":"https:\/\/drsdhahak.com\/index.php\/accueil\/medecine-esthetique\/carboxytherapie\/#primaryimage"},"thumbnailUrl":"https:\/\/drsdhahak.com\/wp-content\/uploads\/2021\/02\/6.png","datePublished":"2021-02-17T21:58:41+00:00","dateModified":"2021-03-17T21:59:10+00:00","breadcrumb":{"@id":"https:\/\/drsdhahak.com\/index.php\/accueil\/medecine-esthetique\/carboxytherapie\/#breadcrumb"},"inLanguage":"fr-FR","potentialAction":[{"@type":"ReadAction","target":["https:\/\/drsdhahak.com\/index.php\/accueil\/medecine-esthetique\/carboxytherapie\/"]}]},{"@type":"ImageObject","inLanguage":"fr-FR","@id":"https:\/\/drsdhahak.com\/index.php\/accueil\/medecine-esthetique\/carboxytherapie\/#primaryimage","url":"https:\/\/drsdhahak.com\/wp-content\/uploads\/2021\/02\/6.png","contentUrl":"https:\/\/drsdhahak.com\/wp-content\/uploads\/2021\/02\/6.png","width":1920,"height":680},{"@type":"BreadcrumbList","@id":"https:\/\/drsdhahak.com\/index.php\/accueil\/medecine-esthetique\/carboxytherapie\/#breadcrumb","itemListElement":[{"@type":"ListItem","position":1,"name":"Accueil","item":"https:\/\/drsdhahak.com\/"},{"@type":"ListItem","position":2,"name":"Accueil","item":"https:\/\/drsdhahak.com\/"},{"@type":"ListItem","position":3,"name":"M\u00e9decine esth\u00e9tique","item":"https:\/\/drsdhahak.com\/index.php\/accueil\/medecine-esthetique\/"},{"@type":"ListItem","position":4,"name":"Carboxyth\u00e9rapie"}]},{"@type":"WebSite","@id":"https:\/\/drsdhahak.com\/#website","url":"https:\/\/drsdhahak.com\/","name":"Drs Dhahak","description":"chirurgie plastique, r\u00e9paratrice et esth\u00e9tique et la chirurgie ophtalmologique","potentialAction":[{"@type":"SearchAction","target":{"@type":"EntryPoint","urlTemplate":"https:\/\/drsdhahak.com\/?s={search_term_string}"},"query-input":{"@type":"PropertyValueSpecification","valueRequired":true,"valueName":"search_term_string"}}],"inLanguage":"fr-FR"}]}},"_links":{"self":[{"href":"https:\/\/drsdhahak.com\/index.php\/wp-json\/wp\/v2\/pages\/1048","targetHints":{"allow":["GET"]}}],"collection":[{"href":"https:\/\/drsdhahak.com\/index.php\/wp-json\/wp\/v2\/pages"}],"about":[{"href":"https:\/\/drsdhahak.com\/index.php\/wp-json\/wp\/v2\/types\/page"}],"author":[{"embeddable":true,"href":"https:\/\/drsdhahak.com\/index.php\/wp-json\/wp\/v2\/users\/1"}],"replies":[{"embeddable":true,"href":"https:\/\/drsdhahak.com\/index.php\/wp-json\/wp\/v2\/comments?post=1048"}],"version-history":[{"count":2,"href":"https:\/\/drsdhahak.com\/index.php\/wp-json\/wp\/v2\/pages\/1048\/revisions"}],"predecessor-version":[{"id":1822,"href":"https:\/\/drsdhahak.com\/index.php\/wp-json\/wp\/v2\/pages\/1048\/revisions\/1822"}],"up":[{"embeddable":true,"href":"https:\/\/drsdhahak.com\/index.php\/wp-json\/wp\/v2\/pages\/1044"}],"wp:featuredmedia":[{"embeddable":true,"href":"https:\/\/drsdhahak.com\/index.php\/wp-json\/wp\/v2\/media\/849"}],"wp:attachment":[{"href":"https:\/\/drsdhahak.com\/index.php\/wp-json\/wp\/v2\/media?parent=1048"}],"curies":[{"name":"wp","href":"https:\/\/api.w.org\/{rel}","templated":true}]}}