{"id":1044,"date":"2021-02-17T22:44:11","date_gmt":"2021-02-17T21:44:11","guid":{"rendered":"https:\/\/drsdhahak.com\/?page_id=1044"},"modified":"2021-03-17T22:58:34","modified_gmt":"2021-03-17T21:58:34","slug":"medecine-esthetique","status":"publish","type":"page","link":"https:\/\/drsdhahak.com\/index.php\/accueil\/medecine-esthetique\/","title":{"rendered":"M\u00e9decine esth\u00e9tique"},"content":{"rendered":"<p>[vc_row css=&#8221;.vc_custom_1616018313582{padding-top: 90px !important;padding-bottom: 90px !important;}&#8221;][vc_column width=&#8221;1\/3&#8243;][vc_single_image image=&#8221;1003&#8243; img_size=&#8221;full&#8221; onclick=&#8221;custom_link&#8221;]\n\t<!-- Element: OT Heading --> \t \n\t<h2 class=\"ot_custom_heading  \" style=\"\" ><a href=\"https:\/\/drsdhahak.com\/index.php\/home\/medecine-esthetique\/carboxytherapie\/\" title=\"Carboxyth\u00e9rapie\" target=\"_self\">Carboxyth\u00e9rapie<\/a><\/h2>\t\n[vc_column_text]La carboxyth\u00e9rapie consiste \u00e0 injecter sous la peau, \u00e0 l\u2019aide d\u2019une tr\u00e8s fine aiguille, du gaz carbonique m\u00e9d&#8230;Lire Plus[\/vc_column_text][\/vc_column][vc_column width=&#8221;1\/3&#8243;][vc_single_image image=&#8221;1002&#8243; img_size=&#8221;full&#8221; onclick=&#8221;custom_link&#8221;]\n\t<!-- Element: OT Heading --> \t \n\t<h2 class=\"ot_custom_heading  \" style=\"\" ><a href=\"https:\/\/drsdhahak.com\/index.php\/home\/medecine-esthetique\/ac-hyaluronique\/\" title=\"Ac Hyaluronique\" target=\"_self\">Ac Hyaluronique<\/a><\/h2>\t\n[vc_column_text]L\u2019acide hyaluronique est un composant naturel de l\u2019organisme qui diminue avec l\u2019\u00e2ge, d&#8217;o\u00f9 le concept de compe&#8230;Lire Plus[\/vc_column_text][\/vc_column][vc_column width=&#8221;1\/3&#8243;][vc_single_image image=&#8221;1001&#8243; img_size=&#8221;full&#8221; onclick=&#8221;custom_link&#8221;]\n\t<!-- Element: OT Heading --> \t \n\t<h2 class=\"ot_custom_heading  \" style=\"\" ><a href=\"https:\/\/drsdhahak.com\/index.php\/home\/medecine-esthetique\/botox\/\" title=\"Botox\" target=\"_self\">Botox<\/a><\/h2>\t\n[vc_column_text]Le Botox ou toxine botulique agit en bloquant uniquement l\u2019action des muscles responsables des rides d\u2019expres&#8230;Lire Plus[\/vc_column_text][\/vc_column][\/vc_row]<\/p>\n","protected":false},"excerpt":{"rendered":"<p>[vc_row css=&#8221;.vc_custom_1616018313582{padding-top: 90px !important;padding-bottom: 90px !important;}&#8221;][vc_column width=&#8221;1\/3&#8243;][vc_single_image image=&#8221;1003&#8243; img_size=&#8221;full&#8221; onclick=&#8221;custom_link&#8221;][vc_column_text]La carboxyth\u00e9rapie consiste \u00e0 injecter sous la peau, \u00e0 l\u2019aide d\u2019une tr\u00e8s fine aiguille, du gaz carbonique m\u00e9d&#8230;Lire Plus[\/vc_column_text][\/vc_column][vc_column width=&#8221;1\/3&#8243;][vc_single_image image=&#8221;1002&#8243; img_size=&#8221;full&#8221; onclick=&#8221;custom_link&#8221;][vc_column_text]L\u2019acide hyaluronique est un composant naturel de l\u2019organisme qui diminue avec l\u2019\u00e2ge, d&#8217;o\u00f9 le concept de compe&#8230;Lire Plus[\/vc_column_text][\/vc_column][vc_column width=&#8221;1\/3&#8243;][vc_single_image image=&#8221;1001&#8243; img_size=&#8221;full&#8221; onclick=&#8221;custom_link&#8221;][vc_column_text]Le Botox ou [&hellip;]<\/p>\n","protected":false},"author":1,"featured_media":849,"parent":803,"menu_order":0,"comment_status":"closed","ping_status":"closed","template":"page-templates\/template-fullwidth.php","meta":{"footnotes":""},"class_list":["post-1044","page","type-page","status-publish","has-post-thumbnail","hentry"],"yoast_head":"<!-- This site is optimized with the Yoast SEO plugin v27.1.1 - https:\/\/yoast.com\/product\/yoast-seo-wordpress\/ -->\n<title>M\u00e9decine esth\u00e9tique - Drs Dhahak<\/title>\n<meta name=\"robots\" content=\"index, follow, max-snippet:-1, max-image-preview:large, max-video-preview:-1\" \/>\n<link rel=\"canonical\" href=\"https:\/\/drsdhahak.com\/index.php\/accueil\/medecine-esthetique\/\" \/>\n<meta property=\"og:locale\" content=\"fr_FR\" \/>\n<meta property=\"og:type\" content=\"article\" \/>\n<meta property=\"og:title\" content=\"M\u00e9decine esth\u00e9tique - Drs Dhahak\" \/>\n<meta property=\"og:description\" content=\"[vc_row css=&#8221;.vc_custom_1616018313582{padding-top: 90px !important;padding-bottom: 90px !important;}&#8221;][vc_column width=&#8221;1\/3&#8243;][vc_single_image image=&#8221;1003&#8243; img_size=&#8221;full&#8221; onclick=&#8221;custom_link&#8221;][vc_column_text]La carboxyth\u00e9rapie consiste \u00e0 injecter sous la peau, \u00e0 l\u2019aide d\u2019une tr\u00e8s fine aiguille, du gaz carbonique m\u00e9d&#8230;Lire Plus[\/vc_column_text][\/vc_column][vc_column width=&#8221;1\/3&#8243;][vc_single_image image=&#8221;1002&#8243; img_size=&#8221;full&#8221; onclick=&#8221;custom_link&#8221;][vc_column_text]L\u2019acide hyaluronique est un composant naturel de l\u2019organisme qui diminue avec l\u2019\u00e2ge, d&#8217;o\u00f9 le concept de compe&#8230;Lire Plus[\/vc_column_text][\/vc_column][vc_column width=&#8221;1\/3&#8243;][vc_single_image image=&#8221;1001&#8243; img_size=&#8221;full&#8221; onclick=&#8221;custom_link&#8221;][vc_column_text]Le Botox ou [&hellip;]\" \/>\n<meta property=\"og:url\" content=\"https:\/\/drsdhahak.com\/index.php\/accueil\/medecine-esthetique\/\" \/>\n<meta property=\"og:site_name\" content=\"Drs Dhahak\" \/>\n<meta property=\"article:modified_time\" content=\"2021-03-17T21:58:34+00:00\" \/>\n<meta property=\"og:image\" content=\"https:\/\/drsdhahak.com\/wp-content\/uploads\/2021\/02\/6.png\" \/>\n\t<meta property=\"og:image:width\" content=\"1920\" \/>\n\t<meta property=\"og:image:height\" content=\"680\" \/>\n\t<meta property=\"og:image:type\" content=\"image\/png\" \/>\n<meta name=\"twitter:card\" content=\"summary_large_image\" \/>\n<meta name=\"twitter:label1\" content=\"Dur\u00e9e de lecture estim\u00e9e\" \/>\n\t<meta name=\"twitter:data1\" content=\"1 minute\" \/>\n<script type=\"application\/ld+json\" class=\"yoast-schema-graph\">{\"@context\":\"https:\/\/schema.org\",\"@graph\":[{\"@type\":\"WebPage\",\"@id\":\"https:\/\/drsdhahak.com\/index.php\/accueil\/medecine-esthetique\/\",\"url\":\"https:\/\/drsdhahak.com\/index.php\/accueil\/medecine-esthetique\/\",\"name\":\"M\u00e9decine esth\u00e9tique - Drs Dhahak\",\"isPartOf\":{\"@id\":\"https:\/\/drsdhahak.com\/#website\"},\"primaryImageOfPage\":{\"@id\":\"https:\/\/drsdhahak.com\/index.php\/accueil\/medecine-esthetique\/#primaryimage\"},\"image\":{\"@id\":\"https:\/\/drsdhahak.com\/index.php\/accueil\/medecine-esthetique\/#primaryimage\"},\"thumbnailUrl\":\"https:\/\/drsdhahak.com\/wp-content\/uploads\/2021\/02\/6.png\",\"datePublished\":\"2021-02-17T21:44:11+00:00\",\"dateModified\":\"2021-03-17T21:58:34+00:00\",\"breadcrumb\":{\"@id\":\"https:\/\/drsdhahak.com\/index.php\/accueil\/medecine-esthetique\/#breadcrumb\"},\"inLanguage\":\"fr-FR\",\"potentialAction\":[{\"@type\":\"ReadAction\",\"target\":[\"https:\/\/drsdhahak.com\/index.php\/accueil\/medecine-esthetique\/\"]}]},{\"@type\":\"ImageObject\",\"inLanguage\":\"fr-FR\",\"@id\":\"https:\/\/drsdhahak.com\/index.php\/accueil\/medecine-esthetique\/#primaryimage\",\"url\":\"https:\/\/drsdhahak.com\/wp-content\/uploads\/2021\/02\/6.png\",\"contentUrl\":\"https:\/\/drsdhahak.com\/wp-content\/uploads\/2021\/02\/6.png\",\"width\":1920,\"height\":680},{\"@type\":\"BreadcrumbList\",\"@id\":\"https:\/\/drsdhahak.com\/index.php\/accueil\/medecine-esthetique\/#breadcrumb\",\"itemListElement\":[{\"@type\":\"ListItem\",\"position\":1,\"name\":\"Accueil\",\"item\":\"https:\/\/drsdhahak.com\/\"},{\"@type\":\"ListItem\",\"position\":2,\"name\":\"Accueil\",\"item\":\"https:\/\/drsdhahak.com\/\"},{\"@type\":\"ListItem\",\"position\":3,\"name\":\"M\u00e9decine esth\u00e9tique\"}]},{\"@type\":\"WebSite\",\"@id\":\"https:\/\/drsdhahak.com\/#website\",\"url\":\"https:\/\/drsdhahak.com\/\",\"name\":\"Drs Dhahak\",\"description\":\"chirurgie plastique, r\u00e9paratrice et esth\u00e9tique et la chirurgie ophtalmologique\",\"potentialAction\":[{\"@type\":\"SearchAction\",\"target\":{\"@type\":\"EntryPoint\",\"urlTemplate\":\"https:\/\/drsdhahak.com\/?s={search_term_string}\"},\"query-input\":{\"@type\":\"PropertyValueSpecification\",\"valueRequired\":true,\"valueName\":\"search_term_string\"}}],\"inLanguage\":\"fr-FR\"}]}<\/script>\n<!-- \/ Yoast SEO plugin. -->","yoast_head_json":{"title":"M\u00e9decine esth\u00e9tique - Drs Dhahak","robots":{"index":"index","follow":"follow","max-snippet":"max-snippet:-1","max-image-preview":"max-image-preview:large","max-video-preview":"max-video-preview:-1"},"canonical":"https:\/\/drsdhahak.com\/index.php\/accueil\/medecine-esthetique\/","og_locale":"fr_FR","og_type":"article","og_title":"M\u00e9decine esth\u00e9tique - Drs Dhahak","og_description":"[vc_row css=&#8221;.vc_custom_1616018313582{padding-top: 90px !important;padding-bottom: 90px !important;}&#8221;][vc_column width=&#8221;1\/3&#8243;][vc_single_image image=&#8221;1003&#8243; img_size=&#8221;full&#8221; onclick=&#8221;custom_link&#8221;][vc_column_text]La carboxyth\u00e9rapie consiste \u00e0 injecter sous la peau, \u00e0 l\u2019aide d\u2019une tr\u00e8s fine aiguille, du gaz carbonique m\u00e9d&#8230;Lire Plus[\/vc_column_text][\/vc_column][vc_column width=&#8221;1\/3&#8243;][vc_single_image image=&#8221;1002&#8243; img_size=&#8221;full&#8221; onclick=&#8221;custom_link&#8221;][vc_column_text]L\u2019acide hyaluronique est un composant naturel de l\u2019organisme qui diminue avec l\u2019\u00e2ge, d&#8217;o\u00f9 le concept de compe&#8230;Lire Plus[\/vc_column_text][\/vc_column][vc_column width=&#8221;1\/3&#8243;][vc_single_image image=&#8221;1001&#8243; img_size=&#8221;full&#8221; onclick=&#8221;custom_link&#8221;][vc_column_text]Le Botox ou [&hellip;]","og_url":"https:\/\/drsdhahak.com\/index.php\/accueil\/medecine-esthetique\/","og_site_name":"Drs Dhahak","article_modified_time":"2021-03-17T21:58:34+00:00","og_image":[{"width":1920,"height":680,"url":"https:\/\/drsdhahak.com\/wp-content\/uploads\/2021\/02\/6.png","type":"image\/png"}],"twitter_card":"summary_large_image","twitter_misc":{"Dur\u00e9e de lecture estim\u00e9e":"1 minute"},"schema":{"@context":"https:\/\/schema.org","@graph":[{"@type":"WebPage","@id":"https:\/\/drsdhahak.com\/index.php\/accueil\/medecine-esthetique\/","url":"https:\/\/drsdhahak.com\/index.php\/accueil\/medecine-esthetique\/","name":"M\u00e9decine esth\u00e9tique - Drs Dhahak","isPartOf":{"@id":"https:\/\/drsdhahak.com\/#website"},"primaryImageOfPage":{"@id":"https:\/\/drsdhahak.com\/index.php\/accueil\/medecine-esthetique\/#primaryimage"},"image":{"@id":"https:\/\/drsdhahak.com\/index.php\/accueil\/medecine-esthetique\/#primaryimage"},"thumbnailUrl":"https:\/\/drsdhahak.com\/wp-content\/uploads\/2021\/02\/6.png","datePublished":"2021-02-17T21:44:11+00:00","dateModified":"2021-03-17T21:58:34+00:00","breadcrumb":{"@id":"https:\/\/drsdhahak.com\/index.php\/accueil\/medecine-esthetique\/#breadcrumb"},"inLanguage":"fr-FR","potentialAction":[{"@type":"ReadAction","target":["https:\/\/drsdhahak.com\/index.php\/accueil\/medecine-esthetique\/"]}]},{"@type":"ImageObject","inLanguage":"fr-FR","@id":"https:\/\/drsdhahak.com\/index.php\/accueil\/medecine-esthetique\/#primaryimage","url":"https:\/\/drsdhahak.com\/wp-content\/uploads\/2021\/02\/6.png","contentUrl":"https:\/\/drsdhahak.com\/wp-content\/uploads\/2021\/02\/6.png","width":1920,"height":680},{"@type":"BreadcrumbList","@id":"https:\/\/drsdhahak.com\/index.php\/accueil\/medecine-esthetique\/#breadcrumb","itemListElement":[{"@type":"ListItem","position":1,"name":"Accueil","item":"https:\/\/drsdhahak.com\/"},{"@type":"ListItem","position":2,"name":"Accueil","item":"https:\/\/drsdhahak.com\/"},{"@type":"ListItem","position":3,"name":"M\u00e9decine esth\u00e9tique"}]},{"@type":"WebSite","@id":"https:\/\/drsdhahak.com\/#website","url":"https:\/\/drsdhahak.com\/","name":"Drs Dhahak","description":"chirurgie plastique, r\u00e9paratrice et esth\u00e9tique et la chirurgie ophtalmologique","potentialAction":[{"@type":"SearchAction","target":{"@type":"EntryPoint","urlTemplate":"https:\/\/drsdhahak.com\/?s={search_term_string}"},"query-input":{"@type":"PropertyValueSpecification","valueRequired":true,"valueName":"search_term_string"}}],"inLanguage":"fr-FR"}]}},"_links":{"self":[{"href":"https:\/\/drsdhahak.com\/index.php\/wp-json\/wp\/v2\/pages\/1044","targetHints":{"allow":["GET"]}}],"collection":[{"href":"https:\/\/drsdhahak.com\/index.php\/wp-json\/wp\/v2\/pages"}],"about":[{"href":"https:\/\/drsdhahak.com\/index.php\/wp-json\/wp\/v2\/types\/page"}],"author":[{"embeddable":true,"href":"https:\/\/drsdhahak.com\/index.php\/wp-json\/wp\/v2\/users\/1"}],"replies":[{"embeddable":true,"href":"https:\/\/drsdhahak.com\/index.php\/wp-json\/wp\/v2\/comments?post=1044"}],"version-history":[{"count":7,"href":"https:\/\/drsdhahak.com\/index.php\/wp-json\/wp\/v2\/pages\/1044\/revisions"}],"predecessor-version":[{"id":1819,"href":"https:\/\/drsdhahak.com\/index.php\/wp-json\/wp\/v2\/pages\/1044\/revisions\/1819"}],"up":[{"embeddable":true,"href":"https:\/\/drsdhahak.com\/index.php\/wp-json\/wp\/v2\/pages\/803"}],"wp:featuredmedia":[{"embeddable":true,"href":"https:\/\/drsdhahak.com\/index.php\/wp-json\/wp\/v2\/media\/849"}],"wp:attachment":[{"href":"https:\/\/drsdhahak.com\/index.php\/wp-json\/wp\/v2\/media?parent=1044"}],"curies":[{"name":"wp","href":"https:\/\/api.w.org\/{rel}","templated":true}]}}