{"id":1042,"date":"2021-02-17T22:40:55","date_gmt":"2021-02-17T21:40:55","guid":{"rendered":"https:\/\/drsdhahak.com\/?page_id=1042"},"modified":"2021-03-17T22:50:08","modified_gmt":"2021-03-17T21:50:08","slug":"lart-de-la-chirurgie-de-la-main","status":"publish","type":"page","link":"https:\/\/drsdhahak.com\/index.php\/accueil\/chirurgie-de-la-main\/lart-de-la-chirurgie-de-la-main\/","title":{"rendered":"L\u2019art de la Chirurgie de la Main"},"content":{"rendered":"<p>[vc_row css=&#8221;.vc_custom_1616017807617{padding-top: 90px !important;padding-bottom: 90px !important;}&#8221;][vc_column][vc_column_text]<\/p>\n<h1 style=\"text-align: left;\"><span style=\"font-weight: 400;\">L\u2019art de la Chirurgie de la Main<\/span><\/h1>\n<p>&nbsp;<\/p>\n<p><span style=\"font-weight: 400;\">La main est une m\u00e9canique de tr\u00e8s haute pr\u00e9cision .Sa prise en charge , n\u00e9cessite un savoir faire particulier et tr\u00e8s sp\u00e9cialis\u00e9.<\/span><\/p>\n<p><span style=\"font-weight: 400;\">Chaque structure peut \u00eatre atteinte par la maladie, touch\u00e9e par le vieillissement, frapp\u00e9e d\u2019une pathologie cong\u00e9nitale ou m\u00eame un traumatisme.<\/span><\/p>\n<p><span style=\"font-weight: 400;\">Elle est dans la vie quotidienne la seule partie du corps avec le visage expos\u00e9e au regard d\u2019autrui.<\/span><\/p>\n<p><span style=\"font-weight: 400;\">Le d\u00e9veloppement des techniques microchirurgicales et l\u2019apport de nouvelles technologies pour la r\u00e9paration de ces diff\u00e9rentes structures a permis ces derni\u00e8res ann\u00e9es, de nombreux progr\u00e8s dans la compr\u00e9hension le traitement et la prise en charge des diff\u00e9rentes l\u00e9sions de la main.<\/span>[\/vc_column_text][\/vc_column][\/vc_row]<\/p>\n","protected":false},"excerpt":{"rendered":"<p>[vc_row css=&#8221;.vc_custom_1616017807617{padding-top: 90px !important;padding-bottom: 90px !important;}&#8221;][vc_column][vc_column_text] L\u2019art de la Chirurgie de la Main &nbsp; La main est une m\u00e9canique de tr\u00e8s haute pr\u00e9cision .Sa prise en charge , n\u00e9cessite un savoir faire particulier et tr\u00e8s sp\u00e9cialis\u00e9. Chaque structure peut \u00eatre atteinte par la maladie, touch\u00e9e par le vieillissement, frapp\u00e9e d\u2019une pathologie cong\u00e9nitale ou m\u00eame un [&hellip;]<\/p>\n","protected":false},"author":1,"featured_media":845,"parent":1038,"menu_order":0,"comment_status":"closed","ping_status":"closed","template":"page-templates\/template-fullwidth.php","meta":{"footnotes":""},"class_list":["post-1042","page","type-page","status-publish","has-post-thumbnail","hentry"],"yoast_head":"<!-- This site is optimized with the Yoast SEO plugin v27.1.1 - https:\/\/yoast.com\/product\/yoast-seo-wordpress\/ -->\n<title>L\u2019art de la Chirurgie de la Main - Drs Dhahak<\/title>\n<meta name=\"robots\" content=\"index, follow, max-snippet:-1, max-image-preview:large, max-video-preview:-1\" \/>\n<link rel=\"canonical\" href=\"https:\/\/drsdhahak.com\/index.php\/accueil\/chirurgie-de-la-main\/lart-de-la-chirurgie-de-la-main\/\" \/>\n<meta property=\"og:locale\" content=\"fr_FR\" \/>\n<meta property=\"og:type\" content=\"article\" \/>\n<meta property=\"og:title\" content=\"L\u2019art de la Chirurgie de la Main - Drs Dhahak\" \/>\n<meta property=\"og:description\" content=\"[vc_row css=&#8221;.vc_custom_1616017807617{padding-top: 90px !important;padding-bottom: 90px !important;}&#8221;][vc_column][vc_column_text] L\u2019art de la Chirurgie de la Main &nbsp; La main est une m\u00e9canique de tr\u00e8s haute pr\u00e9cision .Sa prise en charge , n\u00e9cessite un savoir faire particulier et tr\u00e8s sp\u00e9cialis\u00e9. Chaque structure peut \u00eatre atteinte par la maladie, touch\u00e9e par le vieillissement, frapp\u00e9e d\u2019une pathologie cong\u00e9nitale ou m\u00eame un [&hellip;]\" \/>\n<meta property=\"og:url\" content=\"https:\/\/drsdhahak.com\/index.php\/accueil\/chirurgie-de-la-main\/lart-de-la-chirurgie-de-la-main\/\" \/>\n<meta property=\"og:site_name\" content=\"Drs Dhahak\" \/>\n<meta property=\"article:modified_time\" content=\"2021-03-17T21:50:08+00:00\" \/>\n<meta property=\"og:image\" content=\"https:\/\/drsdhahak.com\/wp-content\/uploads\/2021\/02\/2.png\" \/>\n\t<meta property=\"og:image:width\" content=\"1920\" \/>\n\t<meta property=\"og:image:height\" content=\"680\" \/>\n\t<meta property=\"og:image:type\" content=\"image\/png\" \/>\n<meta name=\"twitter:card\" content=\"summary_large_image\" \/>\n<meta name=\"twitter:label1\" content=\"Dur\u00e9e de lecture estim\u00e9e\" \/>\n\t<meta name=\"twitter:data1\" content=\"1 minute\" \/>\n<script type=\"application\/ld+json\" class=\"yoast-schema-graph\">{\"@context\":\"https:\/\/schema.org\",\"@graph\":[{\"@type\":\"WebPage\",\"@id\":\"https:\/\/drsdhahak.com\/index.php\/accueil\/chirurgie-de-la-main\/lart-de-la-chirurgie-de-la-main\/\",\"url\":\"https:\/\/drsdhahak.com\/index.php\/accueil\/chirurgie-de-la-main\/lart-de-la-chirurgie-de-la-main\/\",\"name\":\"L\u2019art de la Chirurgie de la Main - Drs Dhahak\",\"isPartOf\":{\"@id\":\"https:\/\/drsdhahak.com\/#website\"},\"primaryImageOfPage\":{\"@id\":\"https:\/\/drsdhahak.com\/index.php\/accueil\/chirurgie-de-la-main\/lart-de-la-chirurgie-de-la-main\/#primaryimage\"},\"image\":{\"@id\":\"https:\/\/drsdhahak.com\/index.php\/accueil\/chirurgie-de-la-main\/lart-de-la-chirurgie-de-la-main\/#primaryimage\"},\"thumbnailUrl\":\"https:\/\/drsdhahak.com\/wp-content\/uploads\/2021\/02\/2.png\",\"datePublished\":\"2021-02-17T21:40:55+00:00\",\"dateModified\":\"2021-03-17T21:50:08+00:00\",\"breadcrumb\":{\"@id\":\"https:\/\/drsdhahak.com\/index.php\/accueil\/chirurgie-de-la-main\/lart-de-la-chirurgie-de-la-main\/#breadcrumb\"},\"inLanguage\":\"fr-FR\",\"potentialAction\":[{\"@type\":\"ReadAction\",\"target\":[\"https:\/\/drsdhahak.com\/index.php\/accueil\/chirurgie-de-la-main\/lart-de-la-chirurgie-de-la-main\/\"]}]},{\"@type\":\"ImageObject\",\"inLanguage\":\"fr-FR\",\"@id\":\"https:\/\/drsdhahak.com\/index.php\/accueil\/chirurgie-de-la-main\/lart-de-la-chirurgie-de-la-main\/#primaryimage\",\"url\":\"https:\/\/drsdhahak.com\/wp-content\/uploads\/2021\/02\/2.png\",\"contentUrl\":\"https:\/\/drsdhahak.com\/wp-content\/uploads\/2021\/02\/2.png\",\"width\":1920,\"height\":680},{\"@type\":\"BreadcrumbList\",\"@id\":\"https:\/\/drsdhahak.com\/index.php\/accueil\/chirurgie-de-la-main\/lart-de-la-chirurgie-de-la-main\/#breadcrumb\",\"itemListElement\":[{\"@type\":\"ListItem\",\"position\":1,\"name\":\"Accueil\",\"item\":\"https:\/\/drsdhahak.com\/\"},{\"@type\":\"ListItem\",\"position\":2,\"name\":\"Accueil\",\"item\":\"https:\/\/drsdhahak.com\/\"},{\"@type\":\"ListItem\",\"position\":3,\"name\":\"Chirurgie de la main\",\"item\":\"https:\/\/drsdhahak.com\/index.php\/accueil\/chirurgie-de-la-main\/\"},{\"@type\":\"ListItem\",\"position\":4,\"name\":\"L\u2019art de la Chirurgie de la Main\"}]},{\"@type\":\"WebSite\",\"@id\":\"https:\/\/drsdhahak.com\/#website\",\"url\":\"https:\/\/drsdhahak.com\/\",\"name\":\"Drs Dhahak\",\"description\":\"chirurgie plastique, r\u00e9paratrice et esth\u00e9tique et la chirurgie ophtalmologique\",\"potentialAction\":[{\"@type\":\"SearchAction\",\"target\":{\"@type\":\"EntryPoint\",\"urlTemplate\":\"https:\/\/drsdhahak.com\/?s={search_term_string}\"},\"query-input\":{\"@type\":\"PropertyValueSpecification\",\"valueRequired\":true,\"valueName\":\"search_term_string\"}}],\"inLanguage\":\"fr-FR\"}]}<\/script>\n<!-- \/ Yoast SEO plugin. -->","yoast_head_json":{"title":"L\u2019art de la Chirurgie de la Main - Drs Dhahak","robots":{"index":"index","follow":"follow","max-snippet":"max-snippet:-1","max-image-preview":"max-image-preview:large","max-video-preview":"max-video-preview:-1"},"canonical":"https:\/\/drsdhahak.com\/index.php\/accueil\/chirurgie-de-la-main\/lart-de-la-chirurgie-de-la-main\/","og_locale":"fr_FR","og_type":"article","og_title":"L\u2019art de la Chirurgie de la Main - Drs Dhahak","og_description":"[vc_row css=&#8221;.vc_custom_1616017807617{padding-top: 90px !important;padding-bottom: 90px !important;}&#8221;][vc_column][vc_column_text] L\u2019art de la Chirurgie de la Main &nbsp; La main est une m\u00e9canique de tr\u00e8s haute pr\u00e9cision .Sa prise en charge , n\u00e9cessite un savoir faire particulier et tr\u00e8s sp\u00e9cialis\u00e9. Chaque structure peut \u00eatre atteinte par la maladie, touch\u00e9e par le vieillissement, frapp\u00e9e d\u2019une pathologie cong\u00e9nitale ou m\u00eame un [&hellip;]","og_url":"https:\/\/drsdhahak.com\/index.php\/accueil\/chirurgie-de-la-main\/lart-de-la-chirurgie-de-la-main\/","og_site_name":"Drs Dhahak","article_modified_time":"2021-03-17T21:50:08+00:00","og_image":[{"width":1920,"height":680,"url":"https:\/\/drsdhahak.com\/wp-content\/uploads\/2021\/02\/2.png","type":"image\/png"}],"twitter_card":"summary_large_image","twitter_misc":{"Dur\u00e9e de lecture estim\u00e9e":"1 minute"},"schema":{"@context":"https:\/\/schema.org","@graph":[{"@type":"WebPage","@id":"https:\/\/drsdhahak.com\/index.php\/accueil\/chirurgie-de-la-main\/lart-de-la-chirurgie-de-la-main\/","url":"https:\/\/drsdhahak.com\/index.php\/accueil\/chirurgie-de-la-main\/lart-de-la-chirurgie-de-la-main\/","name":"L\u2019art de la Chirurgie de la Main - Drs Dhahak","isPartOf":{"@id":"https:\/\/drsdhahak.com\/#website"},"primaryImageOfPage":{"@id":"https:\/\/drsdhahak.com\/index.php\/accueil\/chirurgie-de-la-main\/lart-de-la-chirurgie-de-la-main\/#primaryimage"},"image":{"@id":"https:\/\/drsdhahak.com\/index.php\/accueil\/chirurgie-de-la-main\/lart-de-la-chirurgie-de-la-main\/#primaryimage"},"thumbnailUrl":"https:\/\/drsdhahak.com\/wp-content\/uploads\/2021\/02\/2.png","datePublished":"2021-02-17T21:40:55+00:00","dateModified":"2021-03-17T21:50:08+00:00","breadcrumb":{"@id":"https:\/\/drsdhahak.com\/index.php\/accueil\/chirurgie-de-la-main\/lart-de-la-chirurgie-de-la-main\/#breadcrumb"},"inLanguage":"fr-FR","potentialAction":[{"@type":"ReadAction","target":["https:\/\/drsdhahak.com\/index.php\/accueil\/chirurgie-de-la-main\/lart-de-la-chirurgie-de-la-main\/"]}]},{"@type":"ImageObject","inLanguage":"fr-FR","@id":"https:\/\/drsdhahak.com\/index.php\/accueil\/chirurgie-de-la-main\/lart-de-la-chirurgie-de-la-main\/#primaryimage","url":"https:\/\/drsdhahak.com\/wp-content\/uploads\/2021\/02\/2.png","contentUrl":"https:\/\/drsdhahak.com\/wp-content\/uploads\/2021\/02\/2.png","width":1920,"height":680},{"@type":"BreadcrumbList","@id":"https:\/\/drsdhahak.com\/index.php\/accueil\/chirurgie-de-la-main\/lart-de-la-chirurgie-de-la-main\/#breadcrumb","itemListElement":[{"@type":"ListItem","position":1,"name":"Accueil","item":"https:\/\/drsdhahak.com\/"},{"@type":"ListItem","position":2,"name":"Accueil","item":"https:\/\/drsdhahak.com\/"},{"@type":"ListItem","position":3,"name":"Chirurgie de la main","item":"https:\/\/drsdhahak.com\/index.php\/accueil\/chirurgie-de-la-main\/"},{"@type":"ListItem","position":4,"name":"L\u2019art de la Chirurgie de la Main"}]},{"@type":"WebSite","@id":"https:\/\/drsdhahak.com\/#website","url":"https:\/\/drsdhahak.com\/","name":"Drs Dhahak","description":"chirurgie plastique, r\u00e9paratrice et esth\u00e9tique et la chirurgie ophtalmologique","potentialAction":[{"@type":"SearchAction","target":{"@type":"EntryPoint","urlTemplate":"https:\/\/drsdhahak.com\/?s={search_term_string}"},"query-input":{"@type":"PropertyValueSpecification","valueRequired":true,"valueName":"search_term_string"}}],"inLanguage":"fr-FR"}]}},"_links":{"self":[{"href":"https:\/\/drsdhahak.com\/index.php\/wp-json\/wp\/v2\/pages\/1042","targetHints":{"allow":["GET"]}}],"collection":[{"href":"https:\/\/drsdhahak.com\/index.php\/wp-json\/wp\/v2\/pages"}],"about":[{"href":"https:\/\/drsdhahak.com\/index.php\/wp-json\/wp\/v2\/types\/page"}],"author":[{"embeddable":true,"href":"https:\/\/drsdhahak.com\/index.php\/wp-json\/wp\/v2\/users\/1"}],"replies":[{"embeddable":true,"href":"https:\/\/drsdhahak.com\/index.php\/wp-json\/wp\/v2\/comments?post=1042"}],"version-history":[{"count":2,"href":"https:\/\/drsdhahak.com\/index.php\/wp-json\/wp\/v2\/pages\/1042\/revisions"}],"predecessor-version":[{"id":1794,"href":"https:\/\/drsdhahak.com\/index.php\/wp-json\/wp\/v2\/pages\/1042\/revisions\/1794"}],"up":[{"embeddable":true,"href":"https:\/\/drsdhahak.com\/index.php\/wp-json\/wp\/v2\/pages\/1038"}],"wp:featuredmedia":[{"embeddable":true,"href":"https:\/\/drsdhahak.com\/index.php\/wp-json\/wp\/v2\/media\/845"}],"wp:attachment":[{"href":"https:\/\/drsdhahak.com\/index.php\/wp-json\/wp\/v2\/media?parent=1042"}],"curies":[{"name":"wp","href":"https:\/\/api.w.org\/{rel}","templated":true}]}}