{"id":1033,"date":"2021-02-17T22:25:39","date_gmt":"2021-02-17T21:25:39","guid":{"rendered":"https:\/\/drsdhahak.com\/?page_id=1033"},"modified":"2021-03-17T22:55:43","modified_gmt":"2021-03-17T21:55:43","slug":"la-cataracte","status":"publish","type":"page","link":"https:\/\/drsdhahak.com\/index.php\/accueil\/lophtalmologie\/la-cataracte\/","title":{"rendered":"La Cataracte"},"content":{"rendered":"<p>[vc_row css=&#8221;.vc_custom_1616018142189{padding-top: 90px !important;padding-bottom: 90px !important;}&#8221;][vc_column width=&#8221;2\/3&#8243;][vc_column_text]<\/p>\n<h1 style=\"text-align: left;\"><span style=\"font-weight: 400;\">La Cataracte<\/span><\/h1>\n<p>&nbsp;<\/p>\n<p><span style=\"font-weight: 400;\">La cataracte est une opacification du cristallin qui g\u00eane la focalisation des rayons lumineux sur la r\u00e9tine .L\u2019image vue est floue, quelle que soit l&#8217;\u00e9ventuelle correction oculaire de la personne.<\/span><\/p>\n<p><span style=\"font-weight: 400;\">L\u2019op\u00e9ration de la cataracte est un acte chirurgical qui dure 10 minutes environ.<\/span><\/p>\n<p><span style=\"font-weight: 400;\">Votre chirurgien H. Nasri Dhahak pratique la technique de phaco\u00e9mulsification, qui repr\u00e9sente actuellement la technique de r\u00e9f\u00e9rence.<\/span><\/p>\n<p><span style=\"font-weight: 400;\">Le but de l\u2019intervention est d\u2019effectuer le retrait du cristallin opacifi\u00e9 et de le remplacer par un implant artificiel et cela \u00e0 travers une micro incision<\/span><\/p>\n<p><span style=\"font-weight: 400;\">Lors de votre consultation pr\u00e9-op\u00e9ratoire, votre chirurgien vous expliquera les d\u00e9tails de l\u2019intervention,les suites et le choix de l\u2019implant.<\/span>[\/vc_column_text][\/vc_column][vc_column width=&#8221;1\/3&#8243;][vc_single_image image=&#8221;917&#8243; img_size=&#8221;full&#8221; alignment=&#8221;center&#8221;][vc_column_text]<\/p>\n<h6 style=\"text-align: center;\"><em>Image N\u00b01<\/em><\/h6>\n<p>[\/vc_column_text][\/vc_column][\/vc_row]<\/p>\n","protected":false},"excerpt":{"rendered":"<p>[vc_row css=&#8221;.vc_custom_1616018142189{padding-top: 90px !important;padding-bottom: 90px !important;}&#8221;][vc_column width=&#8221;2\/3&#8243;][vc_column_text] La Cataracte &nbsp; La cataracte est une opacification du cristallin qui g\u00eane la focalisation des rayons lumineux sur la r\u00e9tine .L\u2019image vue est floue, quelle que soit l&#8217;\u00e9ventuelle correction oculaire de la personne. L\u2019op\u00e9ration de la cataracte est un acte chirurgical qui dure 10 minutes environ. Votre chirurgien [&hellip;]<\/p>\n","protected":false},"author":1,"featured_media":844,"parent":1023,"menu_order":0,"comment_status":"closed","ping_status":"closed","template":"page-templates\/template-fullwidth.php","meta":{"footnotes":""},"class_list":["post-1033","page","type-page","status-publish","has-post-thumbnail","hentry"],"yoast_head":"<!-- This site is optimized with the Yoast SEO plugin v27.1.1 - https:\/\/yoast.com\/product\/yoast-seo-wordpress\/ -->\n<title>La Cataracte - Drs Dhahak<\/title>\n<meta name=\"robots\" content=\"index, follow, max-snippet:-1, max-image-preview:large, max-video-preview:-1\" \/>\n<link rel=\"canonical\" href=\"https:\/\/drsdhahak.com\/index.php\/accueil\/lophtalmologie\/la-cataracte\/\" \/>\n<meta property=\"og:locale\" content=\"fr_FR\" \/>\n<meta property=\"og:type\" content=\"article\" \/>\n<meta property=\"og:title\" content=\"La Cataracte - Drs Dhahak\" \/>\n<meta property=\"og:description\" content=\"[vc_row css=&#8221;.vc_custom_1616018142189{padding-top: 90px !important;padding-bottom: 90px !important;}&#8221;][vc_column width=&#8221;2\/3&#8243;][vc_column_text] La Cataracte &nbsp; La cataracte est une opacification du cristallin qui g\u00eane la focalisation des rayons lumineux sur la r\u00e9tine .L\u2019image vue est floue, quelle que soit l&#8217;\u00e9ventuelle correction oculaire de la personne. L\u2019op\u00e9ration de la cataracte est un acte chirurgical qui dure 10 minutes environ. Votre chirurgien [&hellip;]\" \/>\n<meta property=\"og:url\" content=\"https:\/\/drsdhahak.com\/index.php\/accueil\/lophtalmologie\/la-cataracte\/\" \/>\n<meta property=\"og:site_name\" content=\"Drs Dhahak\" \/>\n<meta property=\"article:modified_time\" content=\"2021-03-17T21:55:43+00:00\" \/>\n<meta property=\"og:image\" content=\"https:\/\/drsdhahak.com\/wp-content\/uploads\/2021\/02\/1.png\" \/>\n\t<meta property=\"og:image:width\" content=\"1920\" \/>\n\t<meta property=\"og:image:height\" content=\"680\" \/>\n\t<meta property=\"og:image:type\" content=\"image\/png\" \/>\n<meta name=\"twitter:card\" content=\"summary_large_image\" \/>\n<meta name=\"twitter:label1\" content=\"Dur\u00e9e de lecture estim\u00e9e\" \/>\n\t<meta name=\"twitter:data1\" content=\"1 minute\" \/>\n<script type=\"application\/ld+json\" class=\"yoast-schema-graph\">{\"@context\":\"https:\/\/schema.org\",\"@graph\":[{\"@type\":\"WebPage\",\"@id\":\"https:\/\/drsdhahak.com\/index.php\/accueil\/lophtalmologie\/la-cataracte\/\",\"url\":\"https:\/\/drsdhahak.com\/index.php\/accueil\/lophtalmologie\/la-cataracte\/\",\"name\":\"La Cataracte - Drs Dhahak\",\"isPartOf\":{\"@id\":\"https:\/\/drsdhahak.com\/#website\"},\"primaryImageOfPage\":{\"@id\":\"https:\/\/drsdhahak.com\/index.php\/accueil\/lophtalmologie\/la-cataracte\/#primaryimage\"},\"image\":{\"@id\":\"https:\/\/drsdhahak.com\/index.php\/accueil\/lophtalmologie\/la-cataracte\/#primaryimage\"},\"thumbnailUrl\":\"https:\/\/drsdhahak.com\/wp-content\/uploads\/2021\/02\/1.png\",\"datePublished\":\"2021-02-17T21:25:39+00:00\",\"dateModified\":\"2021-03-17T21:55:43+00:00\",\"breadcrumb\":{\"@id\":\"https:\/\/drsdhahak.com\/index.php\/accueil\/lophtalmologie\/la-cataracte\/#breadcrumb\"},\"inLanguage\":\"fr-FR\",\"potentialAction\":[{\"@type\":\"ReadAction\",\"target\":[\"https:\/\/drsdhahak.com\/index.php\/accueil\/lophtalmologie\/la-cataracte\/\"]}]},{\"@type\":\"ImageObject\",\"inLanguage\":\"fr-FR\",\"@id\":\"https:\/\/drsdhahak.com\/index.php\/accueil\/lophtalmologie\/la-cataracte\/#primaryimage\",\"url\":\"https:\/\/drsdhahak.com\/wp-content\/uploads\/2021\/02\/1.png\",\"contentUrl\":\"https:\/\/drsdhahak.com\/wp-content\/uploads\/2021\/02\/1.png\",\"width\":1920,\"height\":680},{\"@type\":\"BreadcrumbList\",\"@id\":\"https:\/\/drsdhahak.com\/index.php\/accueil\/lophtalmologie\/la-cataracte\/#breadcrumb\",\"itemListElement\":[{\"@type\":\"ListItem\",\"position\":1,\"name\":\"Accueil\",\"item\":\"https:\/\/drsdhahak.com\/\"},{\"@type\":\"ListItem\",\"position\":2,\"name\":\"Accueil\",\"item\":\"https:\/\/drsdhahak.com\/\"},{\"@type\":\"ListItem\",\"position\":3,\"name\":\"L\u2019ophtalmologie\",\"item\":\"https:\/\/drsdhahak.com\/index.php\/accueil\/lophtalmologie\/\"},{\"@type\":\"ListItem\",\"position\":4,\"name\":\"La Cataracte\"}]},{\"@type\":\"WebSite\",\"@id\":\"https:\/\/drsdhahak.com\/#website\",\"url\":\"https:\/\/drsdhahak.com\/\",\"name\":\"Drs Dhahak\",\"description\":\"chirurgie plastique, r\u00e9paratrice et esth\u00e9tique et la chirurgie ophtalmologique\",\"potentialAction\":[{\"@type\":\"SearchAction\",\"target\":{\"@type\":\"EntryPoint\",\"urlTemplate\":\"https:\/\/drsdhahak.com\/?s={search_term_string}\"},\"query-input\":{\"@type\":\"PropertyValueSpecification\",\"valueRequired\":true,\"valueName\":\"search_term_string\"}}],\"inLanguage\":\"fr-FR\"}]}<\/script>\n<!-- \/ Yoast SEO plugin. -->","yoast_head_json":{"title":"La Cataracte - Drs Dhahak","robots":{"index":"index","follow":"follow","max-snippet":"max-snippet:-1","max-image-preview":"max-image-preview:large","max-video-preview":"max-video-preview:-1"},"canonical":"https:\/\/drsdhahak.com\/index.php\/accueil\/lophtalmologie\/la-cataracte\/","og_locale":"fr_FR","og_type":"article","og_title":"La Cataracte - Drs Dhahak","og_description":"[vc_row css=&#8221;.vc_custom_1616018142189{padding-top: 90px !important;padding-bottom: 90px !important;}&#8221;][vc_column width=&#8221;2\/3&#8243;][vc_column_text] La Cataracte &nbsp; La cataracte est une opacification du cristallin qui g\u00eane la focalisation des rayons lumineux sur la r\u00e9tine .L\u2019image vue est floue, quelle que soit l&#8217;\u00e9ventuelle correction oculaire de la personne. L\u2019op\u00e9ration de la cataracte est un acte chirurgical qui dure 10 minutes environ. Votre chirurgien [&hellip;]","og_url":"https:\/\/drsdhahak.com\/index.php\/accueil\/lophtalmologie\/la-cataracte\/","og_site_name":"Drs Dhahak","article_modified_time":"2021-03-17T21:55:43+00:00","og_image":[{"width":1920,"height":680,"url":"https:\/\/drsdhahak.com\/wp-content\/uploads\/2021\/02\/1.png","type":"image\/png"}],"twitter_card":"summary_large_image","twitter_misc":{"Dur\u00e9e de lecture estim\u00e9e":"1 minute"},"schema":{"@context":"https:\/\/schema.org","@graph":[{"@type":"WebPage","@id":"https:\/\/drsdhahak.com\/index.php\/accueil\/lophtalmologie\/la-cataracte\/","url":"https:\/\/drsdhahak.com\/index.php\/accueil\/lophtalmologie\/la-cataracte\/","name":"La Cataracte - Drs Dhahak","isPartOf":{"@id":"https:\/\/drsdhahak.com\/#website"},"primaryImageOfPage":{"@id":"https:\/\/drsdhahak.com\/index.php\/accueil\/lophtalmologie\/la-cataracte\/#primaryimage"},"image":{"@id":"https:\/\/drsdhahak.com\/index.php\/accueil\/lophtalmologie\/la-cataracte\/#primaryimage"},"thumbnailUrl":"https:\/\/drsdhahak.com\/wp-content\/uploads\/2021\/02\/1.png","datePublished":"2021-02-17T21:25:39+00:00","dateModified":"2021-03-17T21:55:43+00:00","breadcrumb":{"@id":"https:\/\/drsdhahak.com\/index.php\/accueil\/lophtalmologie\/la-cataracte\/#breadcrumb"},"inLanguage":"fr-FR","potentialAction":[{"@type":"ReadAction","target":["https:\/\/drsdhahak.com\/index.php\/accueil\/lophtalmologie\/la-cataracte\/"]}]},{"@type":"ImageObject","inLanguage":"fr-FR","@id":"https:\/\/drsdhahak.com\/index.php\/accueil\/lophtalmologie\/la-cataracte\/#primaryimage","url":"https:\/\/drsdhahak.com\/wp-content\/uploads\/2021\/02\/1.png","contentUrl":"https:\/\/drsdhahak.com\/wp-content\/uploads\/2021\/02\/1.png","width":1920,"height":680},{"@type":"BreadcrumbList","@id":"https:\/\/drsdhahak.com\/index.php\/accueil\/lophtalmologie\/la-cataracte\/#breadcrumb","itemListElement":[{"@type":"ListItem","position":1,"name":"Accueil","item":"https:\/\/drsdhahak.com\/"},{"@type":"ListItem","position":2,"name":"Accueil","item":"https:\/\/drsdhahak.com\/"},{"@type":"ListItem","position":3,"name":"L\u2019ophtalmologie","item":"https:\/\/drsdhahak.com\/index.php\/accueil\/lophtalmologie\/"},{"@type":"ListItem","position":4,"name":"La Cataracte"}]},{"@type":"WebSite","@id":"https:\/\/drsdhahak.com\/#website","url":"https:\/\/drsdhahak.com\/","name":"Drs Dhahak","description":"chirurgie plastique, r\u00e9paratrice et esth\u00e9tique et la chirurgie ophtalmologique","potentialAction":[{"@type":"SearchAction","target":{"@type":"EntryPoint","urlTemplate":"https:\/\/drsdhahak.com\/?s={search_term_string}"},"query-input":{"@type":"PropertyValueSpecification","valueRequired":true,"valueName":"search_term_string"}}],"inLanguage":"fr-FR"}]}},"_links":{"self":[{"href":"https:\/\/drsdhahak.com\/index.php\/wp-json\/wp\/v2\/pages\/1033","targetHints":{"allow":["GET"]}}],"collection":[{"href":"https:\/\/drsdhahak.com\/index.php\/wp-json\/wp\/v2\/pages"}],"about":[{"href":"https:\/\/drsdhahak.com\/index.php\/wp-json\/wp\/v2\/types\/page"}],"author":[{"embeddable":true,"href":"https:\/\/drsdhahak.com\/index.php\/wp-json\/wp\/v2\/users\/1"}],"replies":[{"embeddable":true,"href":"https:\/\/drsdhahak.com\/index.php\/wp-json\/wp\/v2\/comments?post=1033"}],"version-history":[{"count":3,"href":"https:\/\/drsdhahak.com\/index.php\/wp-json\/wp\/v2\/pages\/1033\/revisions"}],"predecessor-version":[{"id":1810,"href":"https:\/\/drsdhahak.com\/index.php\/wp-json\/wp\/v2\/pages\/1033\/revisions\/1810"}],"up":[{"embeddable":true,"href":"https:\/\/drsdhahak.com\/index.php\/wp-json\/wp\/v2\/pages\/1023"}],"wp:featuredmedia":[{"embeddable":true,"href":"https:\/\/drsdhahak.com\/index.php\/wp-json\/wp\/v2\/media\/844"}],"wp:attachment":[{"href":"https:\/\/drsdhahak.com\/index.php\/wp-json\/wp\/v2\/media?parent=1033"}],"curies":[{"name":"wp","href":"https:\/\/api.w.org\/{rel}","templated":true}]}}