{"id":1030,"date":"2021-02-17T22:18:43","date_gmt":"2021-02-17T21:18:43","guid":{"rendered":"https:\/\/drsdhahak.com\/?page_id=1030"},"modified":"2021-03-17T22:56:10","modified_gmt":"2021-03-17T21:56:10","slug":"strabisme","status":"publish","type":"page","link":"https:\/\/drsdhahak.com\/index.php\/accueil\/lophtalmologie\/strabisme\/","title":{"rendered":"Strabisme"},"content":{"rendered":"<p>[vc_row css=&#8221;.vc_custom_1616018169349{padding-top: 90px !important;padding-bottom: 90px !important;}&#8221;][vc_column][vc_column_text]<\/p>\n<h1 style=\"text-align: left;\"><span style=\"font-weight: 400;\">Strabisme<\/span><\/h1>\n<p>&nbsp;<\/p>\n<p><span style=\"font-weight: 400;\">Le strabisme est une affection visuelle qui se caract\u00e9rise par une anomalie de l\u2019alignement des yeux avec un regard qui se dirige dans des directions diff\u00e9rentes. Ce d\u00e9salignement peut \u00eatre intermittent ou constant.<\/span><\/p>\n<p><span style=\"font-weight: 400;\">Le strabisme est class\u00e9 en fonction de la direction du d\u00e9salignement. Lorsqu\u2019un oeil regarde droit devant, l\u2019autre oeil peut d\u00e9vier vers l\u2019int\u00e9rieur ( \u00e9sotropie ), vers l\u2019ext\u00e9rieur (exotropie), vers le bas (hypotropie) ou vers le haut (hypertropie).<\/span>[\/vc_column_text][\/vc_column][\/vc_row]<\/p>\n","protected":false},"excerpt":{"rendered":"<p>[vc_row css=&#8221;.vc_custom_1616018169349{padding-top: 90px !important;padding-bottom: 90px !important;}&#8221;][vc_column][vc_column_text] Strabisme &nbsp; Le strabisme est une affection visuelle qui se caract\u00e9rise par une anomalie de l\u2019alignement des yeux avec un regard qui se dirige dans des directions diff\u00e9rentes. Ce d\u00e9salignement peut \u00eatre intermittent ou constant. Le strabisme est class\u00e9 en fonction de la direction du d\u00e9salignement. Lorsqu\u2019un oeil regarde [&hellip;]<\/p>\n","protected":false},"author":1,"featured_media":844,"parent":1023,"menu_order":0,"comment_status":"closed","ping_status":"closed","template":"page-templates\/template-fullwidth.php","meta":{"footnotes":""},"class_list":["post-1030","page","type-page","status-publish","has-post-thumbnail","hentry"],"yoast_head":"<!-- This site is optimized with the Yoast SEO plugin v27.1.1 - https:\/\/yoast.com\/product\/yoast-seo-wordpress\/ -->\n<title>Strabisme - Drs Dhahak<\/title>\n<meta name=\"robots\" content=\"index, follow, max-snippet:-1, max-image-preview:large, max-video-preview:-1\" \/>\n<link rel=\"canonical\" href=\"https:\/\/drsdhahak.com\/index.php\/accueil\/lophtalmologie\/strabisme\/\" \/>\n<meta property=\"og:locale\" content=\"fr_FR\" \/>\n<meta property=\"og:type\" content=\"article\" \/>\n<meta property=\"og:title\" content=\"Strabisme - Drs Dhahak\" \/>\n<meta property=\"og:description\" content=\"[vc_row css=&#8221;.vc_custom_1616018169349{padding-top: 90px !important;padding-bottom: 90px !important;}&#8221;][vc_column][vc_column_text] Strabisme &nbsp; Le strabisme est une affection visuelle qui se caract\u00e9rise par une anomalie de l\u2019alignement des yeux avec un regard qui se dirige dans des directions diff\u00e9rentes. Ce d\u00e9salignement peut \u00eatre intermittent ou constant. Le strabisme est class\u00e9 en fonction de la direction du d\u00e9salignement. Lorsqu\u2019un oeil regarde [&hellip;]\" \/>\n<meta property=\"og:url\" content=\"https:\/\/drsdhahak.com\/index.php\/accueil\/lophtalmologie\/strabisme\/\" \/>\n<meta property=\"og:site_name\" content=\"Drs Dhahak\" \/>\n<meta property=\"article:modified_time\" content=\"2021-03-17T21:56:10+00:00\" \/>\n<meta property=\"og:image\" content=\"https:\/\/drsdhahak.com\/wp-content\/uploads\/2021\/02\/1.png\" \/>\n\t<meta property=\"og:image:width\" content=\"1920\" \/>\n\t<meta property=\"og:image:height\" content=\"680\" \/>\n\t<meta property=\"og:image:type\" content=\"image\/png\" \/>\n<meta name=\"twitter:card\" content=\"summary_large_image\" \/>\n<meta name=\"twitter:label1\" content=\"Dur\u00e9e de lecture estim\u00e9e\" \/>\n\t<meta name=\"twitter:data1\" content=\"1 minute\" \/>\n<script type=\"application\/ld+json\" class=\"yoast-schema-graph\">{\"@context\":\"https:\/\/schema.org\",\"@graph\":[{\"@type\":\"WebPage\",\"@id\":\"https:\/\/drsdhahak.com\/index.php\/accueil\/lophtalmologie\/strabisme\/\",\"url\":\"https:\/\/drsdhahak.com\/index.php\/accueil\/lophtalmologie\/strabisme\/\",\"name\":\"Strabisme - Drs Dhahak\",\"isPartOf\":{\"@id\":\"https:\/\/drsdhahak.com\/#website\"},\"primaryImageOfPage\":{\"@id\":\"https:\/\/drsdhahak.com\/index.php\/accueil\/lophtalmologie\/strabisme\/#primaryimage\"},\"image\":{\"@id\":\"https:\/\/drsdhahak.com\/index.php\/accueil\/lophtalmologie\/strabisme\/#primaryimage\"},\"thumbnailUrl\":\"https:\/\/drsdhahak.com\/wp-content\/uploads\/2021\/02\/1.png\",\"datePublished\":\"2021-02-17T21:18:43+00:00\",\"dateModified\":\"2021-03-17T21:56:10+00:00\",\"breadcrumb\":{\"@id\":\"https:\/\/drsdhahak.com\/index.php\/accueil\/lophtalmologie\/strabisme\/#breadcrumb\"},\"inLanguage\":\"fr-FR\",\"potentialAction\":[{\"@type\":\"ReadAction\",\"target\":[\"https:\/\/drsdhahak.com\/index.php\/accueil\/lophtalmologie\/strabisme\/\"]}]},{\"@type\":\"ImageObject\",\"inLanguage\":\"fr-FR\",\"@id\":\"https:\/\/drsdhahak.com\/index.php\/accueil\/lophtalmologie\/strabisme\/#primaryimage\",\"url\":\"https:\/\/drsdhahak.com\/wp-content\/uploads\/2021\/02\/1.png\",\"contentUrl\":\"https:\/\/drsdhahak.com\/wp-content\/uploads\/2021\/02\/1.png\",\"width\":1920,\"height\":680},{\"@type\":\"BreadcrumbList\",\"@id\":\"https:\/\/drsdhahak.com\/index.php\/accueil\/lophtalmologie\/strabisme\/#breadcrumb\",\"itemListElement\":[{\"@type\":\"ListItem\",\"position\":1,\"name\":\"Accueil\",\"item\":\"https:\/\/drsdhahak.com\/\"},{\"@type\":\"ListItem\",\"position\":2,\"name\":\"Accueil\",\"item\":\"https:\/\/drsdhahak.com\/\"},{\"@type\":\"ListItem\",\"position\":3,\"name\":\"L\u2019ophtalmologie\",\"item\":\"https:\/\/drsdhahak.com\/index.php\/accueil\/lophtalmologie\/\"},{\"@type\":\"ListItem\",\"position\":4,\"name\":\"Strabisme\"}]},{\"@type\":\"WebSite\",\"@id\":\"https:\/\/drsdhahak.com\/#website\",\"url\":\"https:\/\/drsdhahak.com\/\",\"name\":\"Drs Dhahak\",\"description\":\"chirurgie plastique, r\u00e9paratrice et esth\u00e9tique et la chirurgie ophtalmologique\",\"potentialAction\":[{\"@type\":\"SearchAction\",\"target\":{\"@type\":\"EntryPoint\",\"urlTemplate\":\"https:\/\/drsdhahak.com\/?s={search_term_string}\"},\"query-input\":{\"@type\":\"PropertyValueSpecification\",\"valueRequired\":true,\"valueName\":\"search_term_string\"}}],\"inLanguage\":\"fr-FR\"}]}<\/script>\n<!-- \/ Yoast SEO plugin. -->","yoast_head_json":{"title":"Strabisme - Drs Dhahak","robots":{"index":"index","follow":"follow","max-snippet":"max-snippet:-1","max-image-preview":"max-image-preview:large","max-video-preview":"max-video-preview:-1"},"canonical":"https:\/\/drsdhahak.com\/index.php\/accueil\/lophtalmologie\/strabisme\/","og_locale":"fr_FR","og_type":"article","og_title":"Strabisme - Drs Dhahak","og_description":"[vc_row css=&#8221;.vc_custom_1616018169349{padding-top: 90px !important;padding-bottom: 90px !important;}&#8221;][vc_column][vc_column_text] Strabisme &nbsp; Le strabisme est une affection visuelle qui se caract\u00e9rise par une anomalie de l\u2019alignement des yeux avec un regard qui se dirige dans des directions diff\u00e9rentes. Ce d\u00e9salignement peut \u00eatre intermittent ou constant. Le strabisme est class\u00e9 en fonction de la direction du d\u00e9salignement. Lorsqu\u2019un oeil regarde [&hellip;]","og_url":"https:\/\/drsdhahak.com\/index.php\/accueil\/lophtalmologie\/strabisme\/","og_site_name":"Drs Dhahak","article_modified_time":"2021-03-17T21:56:10+00:00","og_image":[{"width":1920,"height":680,"url":"https:\/\/drsdhahak.com\/wp-content\/uploads\/2021\/02\/1.png","type":"image\/png"}],"twitter_card":"summary_large_image","twitter_misc":{"Dur\u00e9e de lecture estim\u00e9e":"1 minute"},"schema":{"@context":"https:\/\/schema.org","@graph":[{"@type":"WebPage","@id":"https:\/\/drsdhahak.com\/index.php\/accueil\/lophtalmologie\/strabisme\/","url":"https:\/\/drsdhahak.com\/index.php\/accueil\/lophtalmologie\/strabisme\/","name":"Strabisme - Drs Dhahak","isPartOf":{"@id":"https:\/\/drsdhahak.com\/#website"},"primaryImageOfPage":{"@id":"https:\/\/drsdhahak.com\/index.php\/accueil\/lophtalmologie\/strabisme\/#primaryimage"},"image":{"@id":"https:\/\/drsdhahak.com\/index.php\/accueil\/lophtalmologie\/strabisme\/#primaryimage"},"thumbnailUrl":"https:\/\/drsdhahak.com\/wp-content\/uploads\/2021\/02\/1.png","datePublished":"2021-02-17T21:18:43+00:00","dateModified":"2021-03-17T21:56:10+00:00","breadcrumb":{"@id":"https:\/\/drsdhahak.com\/index.php\/accueil\/lophtalmologie\/strabisme\/#breadcrumb"},"inLanguage":"fr-FR","potentialAction":[{"@type":"ReadAction","target":["https:\/\/drsdhahak.com\/index.php\/accueil\/lophtalmologie\/strabisme\/"]}]},{"@type":"ImageObject","inLanguage":"fr-FR","@id":"https:\/\/drsdhahak.com\/index.php\/accueil\/lophtalmologie\/strabisme\/#primaryimage","url":"https:\/\/drsdhahak.com\/wp-content\/uploads\/2021\/02\/1.png","contentUrl":"https:\/\/drsdhahak.com\/wp-content\/uploads\/2021\/02\/1.png","width":1920,"height":680},{"@type":"BreadcrumbList","@id":"https:\/\/drsdhahak.com\/index.php\/accueil\/lophtalmologie\/strabisme\/#breadcrumb","itemListElement":[{"@type":"ListItem","position":1,"name":"Accueil","item":"https:\/\/drsdhahak.com\/"},{"@type":"ListItem","position":2,"name":"Accueil","item":"https:\/\/drsdhahak.com\/"},{"@type":"ListItem","position":3,"name":"L\u2019ophtalmologie","item":"https:\/\/drsdhahak.com\/index.php\/accueil\/lophtalmologie\/"},{"@type":"ListItem","position":4,"name":"Strabisme"}]},{"@type":"WebSite","@id":"https:\/\/drsdhahak.com\/#website","url":"https:\/\/drsdhahak.com\/","name":"Drs Dhahak","description":"chirurgie plastique, r\u00e9paratrice et esth\u00e9tique et la chirurgie ophtalmologique","potentialAction":[{"@type":"SearchAction","target":{"@type":"EntryPoint","urlTemplate":"https:\/\/drsdhahak.com\/?s={search_term_string}"},"query-input":{"@type":"PropertyValueSpecification","valueRequired":true,"valueName":"search_term_string"}}],"inLanguage":"fr-FR"}]}},"_links":{"self":[{"href":"https:\/\/drsdhahak.com\/index.php\/wp-json\/wp\/v2\/pages\/1030","targetHints":{"allow":["GET"]}}],"collection":[{"href":"https:\/\/drsdhahak.com\/index.php\/wp-json\/wp\/v2\/pages"}],"about":[{"href":"https:\/\/drsdhahak.com\/index.php\/wp-json\/wp\/v2\/types\/page"}],"author":[{"embeddable":true,"href":"https:\/\/drsdhahak.com\/index.php\/wp-json\/wp\/v2\/users\/1"}],"replies":[{"embeddable":true,"href":"https:\/\/drsdhahak.com\/index.php\/wp-json\/wp\/v2\/comments?post=1030"}],"version-history":[{"count":2,"href":"https:\/\/drsdhahak.com\/index.php\/wp-json\/wp\/v2\/pages\/1030\/revisions"}],"predecessor-version":[{"id":1812,"href":"https:\/\/drsdhahak.com\/index.php\/wp-json\/wp\/v2\/pages\/1030\/revisions\/1812"}],"up":[{"embeddable":true,"href":"https:\/\/drsdhahak.com\/index.php\/wp-json\/wp\/v2\/pages\/1023"}],"wp:featuredmedia":[{"embeddable":true,"href":"https:\/\/drsdhahak.com\/index.php\/wp-json\/wp\/v2\/media\/844"}],"wp:attachment":[{"href":"https:\/\/drsdhahak.com\/index.php\/wp-json\/wp\/v2\/media?parent=1030"}],"curies":[{"name":"wp","href":"https:\/\/api.w.org\/{rel}","templated":true}]}}